{"id":4650,"date":"2025-07-18T17:55:14","date_gmt":"2025-07-18T09:55:14","guid":{"rendered":"https:\/\/theperfumebottles.com\/?post_type=product&#038;p=4650"},"modified":"2025-08-01T10:05:03","modified_gmt":"2025-08-01T02:05:03","slug":"5g-15g0-5oz-30g1oz-50g-100g-wholesale-cosmetic-jars-with-lids-glass-makeup-jars-for-skincare-packaging","status":"publish","type":"product","link":"https:\/\/theperfumebottles.com\/tr\/urun\/5g-15g0-5oz-30g1oz-50g-100g-wholesale-cosmetic-jars-with-lids-glass-makeup-jars-for-skincare-packaging\/","title":{"rendered":"5g 15g (0,5oz) 30g (1oz) 50g 100g Kapakl\u0131 Toptan Kozmetik Kavanozlar\u0131 - Cilt Bak\u0131m\u0131 Ambalaj\u0131 i\u00e7in Cam Makyaj Kavanozlar\u0131"},"content":{"rendered":"<p><span class=\"highlights\" data-v-df95d256=\"\">S\u00fcrd\u00fcr\u00fclebilirli\u011fi ihti\u015faml\u0131 ambalajlarla birle\u015ftiren cam makyaj kavanozlar\u0131 m\u0131 ar\u0131yorsunuz? Kapakl\u0131 bu g\u00fczellik kavanozlar\u0131, y\u00fcz kremleri, v\u00fccut kremleri veya g\u00f6z bak\u0131m \u00fcr\u00fcnleri gibi cilt bak\u0131m \u00fcr\u00fcnleri \u00fcreten markalar i\u00e7in tasarlanm\u0131\u015ft\u0131r. Kozmetik ambalaj malzemeleri sa\u011flay\u0131c\u0131s\u0131 olarak, bambu kapakl\u0131 ve ince p\u00fcsk\u00fcrtmeli cam kaplar sunuyoruz. \u0130ster toplu kozmetik ambalaj\u0131 sat\u0131n al\u0131n, ister kargoya haz\u0131r \u00e7\u00f6z\u00fcmlere ihtiya\u00e7 duyun, bu \u00fcr\u00fcn ambalaj tasar\u0131m\u0131n\u0131za g\u00fcven verecektir.<\/span><\/p>\n<h2><strong>Temel \u00d6zellikler<\/strong><\/h2>\n<table style=\"border-collapse: collapse;width: 80%pt;margin-left: auto;margin-right: auto\" border=\"0\" width=\"432\" cellspacing=\"0\" cellpadding=\"0\">\n<tbody>\n<tr style=\"height: 13.50pt\">\n<td style=\"height: 13.50pt;width: 54.00pt\" width=\"72\" height=\"18\">Kapasite<\/td>\n<td style=\"width: 54.00pt\" width=\"72\">\u015eekil<\/td>\n<td style=\"width: 54.00pt\" width=\"72\">S\u0131zd\u0131rmazl\u0131k Y\u00f6ntemleri<\/td>\n<td style=\"width: 54.00pt\" width=\"72\">Malzeme<\/td>\n<td style=\"width: 54.00pt\" width=\"72\">Renk se\u00e7enekleri<\/td>\n<td style=\"width: 54.00pt\" width=\"72\">Kullan\u0131m<\/td>\n<\/tr>\n<tr style=\"height: 13.50pt\">\n<td style=\"height: 13.50pt\" height=\"18\">5g<\/td>\n<td class=\"et2\" rowspan=\"5\">D\u00fcz kenar<\/td>\n<td class=\"et2\" rowspan=\"5\">Bambu kapakl\u0131 di\u015fli<\/td>\n<td class=\"et2\" rowspan=\"5\">Kristal cam<\/td>\n<td class=\"et2\" rowspan=\"5\">\u015eeffaf\/Buzlu<\/td>\n<td class=\"et2\" rowspan=\"5\">Y\u00fcz kremi, V\u00fccut losyonu, G\u00f6z kremi, Dudak\u2026<\/td>\n<\/tr>\n<tr style=\"height: 13.50pt\">\n<td style=\"height: 13.50pt\" height=\"18\">15g (0,5oz)<\/td>\n<\/tr>\n<tr style=\"height: 13.50pt\">\n<td style=\"height: 13.50pt\" height=\"18\">30g (1oz)<\/td>\n<\/tr>\n<tr style=\"height: 13.50pt\">\n<td style=\"height: 13.50pt\" height=\"18\">50 gr<\/td>\n<\/tr>\n<tr style=\"height: 13.50pt\">\n<td style=\"height: 13.50pt\" height=\"18\">100 gr<\/td>\n<\/tr>\n<\/tbody>\n<\/table>\n<h2><span class=\"highlights\" data-v-df95d256=\"\">Ba\u015far\u0131 \u00d6rne\u011fi: Do\u011fal Bir Cilt Bak\u0131m Markas\u0131n\u0131n Ambalaj Yenilemesi <\/span><\/h2>\n<p><span class=\"highlights\" data-v-df95d256=\"\">Bir cilt bak\u0131m markas\u0131, yeni organik serisi i\u00e7in kapakl\u0131 toptan kozmetik kavanozlar\u0131na ihtiya\u00e7 duyuyordu. \u00c7evre dostu havalar\u0131na uyum sa\u011flamas\u0131 i\u00e7in bambu kapakl\u0131 ve buzlu y\u00fczeyli 30 gr&#039;l\u0131k cam makyaj kavanozlar\u0131n\u0131 \u00f6zelle\u015ftirdik. Sonu\u00e7? Kozmetik ambalaj sat\u0131\u015flar\u0131nda 0 art\u0131\u015f ve ince yap\u0131l\u0131 dokusuna \u00f6vg\u00fcler ya\u011fd\u0131ran 4,8 y\u0131ld\u0131zl\u0131 yorumlar.\u00a0<\/span><\/p>","protected":false},"excerpt":{"rendered":"<p>Dayan\u0131kl\u0131, \u00f6zelle\u015ftirilebilir ve \u00e7evre dostu kapakl\u0131 toptan kozmetik kavanozlar\u0131. Cilt bak\u0131m \u00fcr\u00fcnleri ambalaj\u0131 ve toplu sipari\u015fler i\u00e7in idealdir. Kargoya haz\u0131r.<\/p>","protected":false},"featured_media":4651,"comment_status":"open","ping_status":"closed","template":"","meta":{"_acf_changed":false,"site-sidebar-layout":"default","site-content-layout":"","ast-site-content-layout":"default","site-content-style":"default","site-sidebar-style":"default","ast-global-header-display":"","ast-banner-title-visibility":"","ast-main-header-display":"","ast-hfb-above-header-display":"","ast-hfb-below-header-display":"","ast-hfb-mobile-header-display":"","site-post-title":"","ast-breadcrumbs-content":"","ast-featured-img":"","footer-sml-layout":"","ast-disable-related-posts":"","theme-transparent-header-meta":"default","adv-header-id-meta":"","stick-header-meta":"","header-above-stick-meta":"","header-main-stick-meta":"","header-below-stick-meta":"","astra-migrate-meta-layouts":"set","ast-page-background-enabled":"default","ast-page-background-meta":{"desktop":{"background-color":"var(--ast-global-color-5)","background-image":"","background-repeat":"repeat","background-position":"center center","background-size":"auto","background-attachment":"scroll","background-type":"","background-media":"","overlay-type":"","overlay-color":"","overlay-opacity":"","overlay-gradient":""},"tablet":{"background-color":"","background-image":"","background-repeat":"repeat","background-position":"center center","background-size":"auto","background-attachment":"scroll","background-type":"","background-media":"","overlay-type":"","overlay-color":"","overlay-opacity":"","overlay-gradient":""},"mobile":{"background-color":"","background-image":"","background-repeat":"repeat","background-position":"center center","background-size":"auto","background-attachment":"scroll","background-type":"","background-media":"","overlay-type":"","overlay-color":"","overlay-opacity":"","overlay-gradient":""}},"ast-content-background-meta":{"desktop":{"background-color":"var(--ast-global-color-4)","background-image":"","background-repeat":"repeat","background-position":"center center","background-size":"auto","background-attachment":"scroll","background-type":"","background-media":"","overlay-type":"","overlay-color":"","overlay-opacity":"","overlay-gradient":""},"tablet":{"background-color":"var(--ast-global-color-4)","background-image":"","background-repeat":"repeat","background-position":"center center","background-size":"auto","background-attachment":"scroll","background-type":"","background-media":"","overlay-type":"","overlay-color":"","overlay-opacity":"","overlay-gradient":""},"mobile":{"background-color":"var(--ast-global-color-4)","background-image":"","background-repeat":"repeat","background-position":"center center","background-size":"auto","background-attachment":"scroll","background-type":"","background-media":"","overlay-type":"","overlay-color":"","overlay-opacity":"","overlay-gradient":""}}},"product_brand":[],"product_cat":[72,62,56],"product_tag":[137,136],"class_list":{"0":"post-4650","1":"product","2":"type-product","3":"status-publish","4":"has-post-thumbnail","6":"product_cat-cosmetic-packaging","7":"product_cat-cosmetic-containers","8":"product_cat-cosmetic-jars","9":"product_tag-glass-makeup-jars","10":"product_tag-wholesale-cosmetic-jars-with-lids","11":"desktop-align-left","12":"tablet-align-left","13":"mobile-align-left","15":"first","16":"instock","17":"shipping-taxable","18":"product-type-simple"},"acf":[],"jetpack_sharing_enabled":true,"_links":{"self":[{"href":"https:\/\/theperfumebottles.com\/tr\/wp-json\/wp\/v2\/product\/4650","targetHints":{"allow":["GET"]}}],"collection":[{"href":"https:\/\/theperfumebottles.com\/tr\/wp-json\/wp\/v2\/product"}],"about":[{"href":"https:\/\/theperfumebottles.com\/tr\/wp-json\/wp\/v2\/types\/product"}],"replies":[{"embeddable":true,"href":"https:\/\/theperfumebottles.com\/tr\/wp-json\/wp\/v2\/comments?post=4650"}],"wp:featuredmedia":[{"embeddable":true,"href":"https:\/\/theperfumebottles.com\/tr\/wp-json\/wp\/v2\/media\/4651"}],"wp:attachment":[{"href":"https:\/\/theperfumebottles.com\/tr\/wp-json\/wp\/v2\/media?parent=4650"}],"wp:term":[{"taxonomy":"product_brand","embeddable":true,"href":"https:\/\/theperfumebottles.com\/tr\/wp-json\/wp\/v2\/product_brand?post=4650"},{"taxonomy":"product_cat","embeddable":true,"href":"https:\/\/theperfumebottles.com\/tr\/wp-json\/wp\/v2\/product_cat?post=4650"},{"taxonomy":"product_tag","embeddable":true,"href":"https:\/\/theperfumebottles.com\/tr\/wp-json\/wp\/v2\/product_tag?post=4650"}],"curies":[{"name":"wp","href":"https:\/\/api.w.org\/{rel}","templated":true}]}}