{"id":4655,"date":"2025-07-18T17:51:02","date_gmt":"2025-07-18T09:51:02","guid":{"rendered":"https:\/\/theperfumebottles.com\/?post_type=product&#038;p=4655"},"modified":"2025-08-01T09:51:27","modified_gmt":"2025-08-01T01:51:27","slug":"lotion-glass-jars-cosmetic-makeup-jars-wholesale","status":"publish","type":"product","link":"https:\/\/theperfumebottles.com\/tr\/urun\/lotion-glass-jars-cosmetic-makeup-jars-wholesale\/","title":{"rendered":"5g 10g 15g 30g 50g 60g 100g 120g 250g Losyon Cam Kavanozlar - Toptan Kozmetik Makyaj Kavanozlar\u0131"},"content":{"rendered":"<p><span class=\"highlights\" data-v-df95d256=\"\">S\u00fcrd\u00fcr\u00fclebilirli\u011fi g\u00fczellik ambalajlar\u0131yla harmanlayan cam makyaj kavanozlar\u0131na m\u0131 ihtiyac\u0131n\u0131z var? Bu losyon cam kavanozlar\u0131, y\u00fcz kremleri, v\u00fccut losyonlar\u0131 veya g\u00f6z bak\u0131m \u00fcr\u00fcnleri \u00fcreten cilt bak\u0131m markalar\u0131 i\u00e7in tasarlanm\u0131\u015ft\u0131r. Kozmetik ambalaj malzemeleri tedarik\u00e7isi olarak, ince p\u00fcsk\u00fcrtmeli ve toplu g\u00f6nderime haz\u0131r cam kaplar sunuyoruz. \u0130ster ambalaj tasar\u0131m\u0131 i\u00e7in kozmetik kaplar\u0131 tedarik ediyor olun, ister toptan \u00e7\u00f6z\u00fcmlere ihtiyac\u0131n\u0131z olsun, bu \u00fcr\u00fcn kozmetik ambalajlar\u0131n\u0131za g\u00fcven duyman\u0131z\u0131 sa\u011flar.<\/span><\/p>\n<h2 data-spm-anchor-id=\"5176.28103460.0.i21.29ab1db8HEnSHX\"><strong data-spm-anchor-id=\"5176.28103460.0.i22.29ab1db8HEnSHX\">Temel \u00d6zellikler<\/strong><\/h2>\n<table style=\"margin-left: auto;margin-right: auto;border-collapse: collapse;width: 80%\" border=\"0\" width=\"432\" cellspacing=\"0\" cellpadding=\"0\">\n<tbody>\n<tr style=\"height: 13.50pt\">\n<td style=\"height: 13.50pt;width: 54.00pt\" width=\"72\" height=\"18\">Kapasite<\/td>\n<td style=\"width: 54.00pt\" width=\"72\">\u015eekil<\/td>\n<td style=\"width: 54.00pt\" width=\"72\">S\u0131zd\u0131rmazl\u0131k Y\u00f6ntemi<\/td>\n<td style=\"width: 54.00pt\" width=\"72\">Malzeme<\/td>\n<td style=\"width: 54.00pt\" width=\"72\">Renk<\/td>\n<td style=\"width: 54.00pt\" width=\"72\">Kullan\u0131m \u00d6rne\u011fi<\/td>\n<\/tr>\n<tr style=\"height: 13.50pt\">\n<td style=\"height: 13.50pt\" height=\"18\">5g 10g 15g 30g 50g 60g 100g 120g 250g<\/td>\n<td>D\u00fcz Kenarl\u0131<\/td>\n<td>Di\u015fli (Plastik\/Metal), ihtiyac\u0131n\u0131za g\u00f6re<\/td>\n<td>Kristal cam<\/td>\n<td>Buzlu,\u00f6zel..<\/td>\n<td>G\u00f6z kremi, Losyon\u2026<\/td>\n<\/tr>\n<\/tbody>\n<\/table>\n<h2><span class=\"highlights\" data-v-df95d256=\"\">Ba\u015far\u0131 \u00d6rne\u011fi: Do\u011fal Bir Cilt Bak\u0131m Markas\u0131n\u0131n Ambalaj Yenilemesi <\/span><\/h2>\n<p><span class=\"highlights\" data-v-df95d256=\"\">Bir cilt bak\u0131m markas\u0131, yeni organik serisi i\u00e7in losyonlu cam kavanozlara ihtiya\u00e7 duyuyordu. \u00c7evre dostu havalar\u0131na uyum sa\u011flamas\u0131 i\u00e7in 100 gr&#039;l\u0131k cam makyaj kavanozlar\u0131n\u0131 siyah plastik kapakl\u0131 ve buzlu y\u00fczeyli olarak \u00f6zelle\u015ftirdik. Sonu\u00e7? Kozmetik ambalaj sat\u0131\u015flar\u0131nda 0 art\u0131\u015f ve ince yap\u0131l\u0131 \u00fcr\u00fcne \u00f6vg\u00fcler ya\u011fd\u0131ran 5 y\u0131ld\u0131zl\u0131 yorumlar.<\/span><\/p>","protected":false},"excerpt":{"rendered":"<p>Kozmetik ambalajlar\u0131 i\u00e7in dayan\u0131kl\u0131, \u00f6zelle\u015ftirilebilir ve \u00e7evre dostu losyon cam kavanozlar\u0131. Cilt bak\u0131m \u00fcr\u00fcnleri i\u00e7in idealdir ve toplu g\u00f6nderime haz\u0131rd\u0131r.<\/p>","protected":false},"featured_media":4659,"comment_status":"open","ping_status":"closed","template":"","meta":{"_acf_changed":false,"site-sidebar-layout":"default","site-content-layout":"","ast-site-content-layout":"default","site-content-style":"default","site-sidebar-style":"default","ast-global-header-display":"","ast-banner-title-visibility":"","ast-main-header-display":"","ast-hfb-above-header-display":"","ast-hfb-below-header-display":"","ast-hfb-mobile-header-display":"","site-post-title":"","ast-breadcrumbs-content":"","ast-featured-img":"","footer-sml-layout":"","ast-disable-related-posts":"","theme-transparent-header-meta":"default","adv-header-id-meta":"","stick-header-meta":"","header-above-stick-meta":"","header-main-stick-meta":"","header-below-stick-meta":"","astra-migrate-meta-layouts":"set","ast-page-background-enabled":"default","ast-page-background-meta":{"desktop":{"background-color":"var(--ast-global-color-5)","background-image":"","background-repeat":"repeat","background-position":"center center","background-size":"auto","background-attachment":"scroll","background-type":"","background-media":"","overlay-type":"","overlay-color":"","overlay-opacity":"","overlay-gradient":""},"tablet":{"background-color":"","background-image":"","background-repeat":"repeat","background-position":"center center","background-size":"auto","background-attachment":"scroll","background-type":"","background-media":"","overlay-type":"","overlay-color":"","overlay-opacity":"","overlay-gradient":""},"mobile":{"background-color":"","background-image":"","background-repeat":"repeat","background-position":"center center","background-size":"auto","background-attachment":"scroll","background-type":"","background-media":"","overlay-type":"","overlay-color":"","overlay-opacity":"","overlay-gradient":""}},"ast-content-background-meta":{"desktop":{"background-color":"var(--ast-global-color-4)","background-image":"","background-repeat":"repeat","background-position":"center center","background-size":"auto","background-attachment":"scroll","background-type":"","background-media":"","overlay-type":"","overlay-color":"","overlay-opacity":"","overlay-gradient":""},"tablet":{"background-color":"var(--ast-global-color-4)","background-image":"","background-repeat":"repeat","background-position":"center center","background-size":"auto","background-attachment":"scroll","background-type":"","background-media":"","overlay-type":"","overlay-color":"","overlay-opacity":"","overlay-gradient":""},"mobile":{"background-color":"var(--ast-global-color-4)","background-image":"","background-repeat":"repeat","background-position":"center center","background-size":"auto","background-attachment":"scroll","background-type":"","background-media":"","overlay-type":"","overlay-color":"","overlay-opacity":"","overlay-gradient":""}}},"product_brand":[],"product_cat":[72,62,56],"product_tag":[137,120],"class_list":{"0":"post-4655","1":"product","2":"type-product","3":"status-publish","4":"has-post-thumbnail","6":"product_cat-cosmetic-packaging","7":"product_cat-cosmetic-containers","8":"product_cat-cosmetic-jars","9":"product_tag-glass-makeup-jars","10":"product_tag-lotion-glass-jar","11":"desktop-align-left","12":"tablet-align-left","13":"mobile-align-left","15":"first","16":"instock","17":"shipping-taxable","18":"product-type-simple"},"acf":[],"jetpack_sharing_enabled":true,"_links":{"self":[{"href":"https:\/\/theperfumebottles.com\/tr\/wp-json\/wp\/v2\/product\/4655","targetHints":{"allow":["GET"]}}],"collection":[{"href":"https:\/\/theperfumebottles.com\/tr\/wp-json\/wp\/v2\/product"}],"about":[{"href":"https:\/\/theperfumebottles.com\/tr\/wp-json\/wp\/v2\/types\/product"}],"replies":[{"embeddable":true,"href":"https:\/\/theperfumebottles.com\/tr\/wp-json\/wp\/v2\/comments?post=4655"}],"wp:featuredmedia":[{"embeddable":true,"href":"https:\/\/theperfumebottles.com\/tr\/wp-json\/wp\/v2\/media\/4659"}],"wp:attachment":[{"href":"https:\/\/theperfumebottles.com\/tr\/wp-json\/wp\/v2\/media?parent=4655"}],"wp:term":[{"taxonomy":"product_brand","embeddable":true,"href":"https:\/\/theperfumebottles.com\/tr\/wp-json\/wp\/v2\/product_brand?post=4655"},{"taxonomy":"product_cat","embeddable":true,"href":"https:\/\/theperfumebottles.com\/tr\/wp-json\/wp\/v2\/product_cat?post=4655"},{"taxonomy":"product_tag","embeddable":true,"href":"https:\/\/theperfumebottles.com\/tr\/wp-json\/wp\/v2\/product_tag?post=4655"}],"curies":[{"name":"wp","href":"https:\/\/api.w.org\/{rel}","templated":true}]}}