{"id":4660,"date":"2025-07-18T17:50:16","date_gmt":"2025-07-18T09:50:16","guid":{"rendered":"https:\/\/theperfumebottles.com\/?post_type=product&#038;p=4660"},"modified":"2025-08-01T09:48:21","modified_gmt":"2025-08-01T01:48:21","slug":"1-oz-makeup-containers-wholesale-skincare-packaging","status":"publish","type":"product","link":"https:\/\/theperfumebottles.com\/tr\/urun\/1-oz-makeup-containers-wholesale-skincare-packaging\/","title":{"rendered":"1 oz Makyaj Kaplar\u0131 \u2013 Toptan Cilt Bak\u0131m Ambalaj\u0131"},"content":{"rendered":"<p><span class=\"highlights\" data-v-df95d256=\"\">G\u00fczellik ambalajlar\u0131n\u0131 \u00e7evre dostu tasar\u0131mla birle\u015ftiren toptan cilt bak\u0131m ambalajlar\u0131 m\u0131 ar\u0131yorsunuz? Bu 30 ml&#039;lik makyaj kaplar\u0131, \u00f6ne \u00e7\u0131kan kozmetik ambalaj malzemeleri arayan cilt bak\u0131m markalar\u0131 i\u00e7in tasarland\u0131. \u0130ster losyon, ister y\u00fcz kremi veya g\u00f6z serumu paketliyor olun, bu cam kavanozlar ince, sis benzeri bir biti\u015fi, g\u00f6nderime haz\u0131r verimlilikle birle\u015ftiriyor. Toplu ambalajlar i\u00e7in m\u00fckemmel olan bu \u00fcr\u00fcnler, m\u00fc\u015fteri sadakatini art\u0131rmak ve ana sayfa \u00fcr\u00fcnlerinizi geli\u015ftirmek i\u00e7in gizli silah\u0131n\u0131z.<\/span><\/p>\n<h2><span class=\"highlights\" data-v-df95d256=\"\">Temel \u00d6zellikler<\/span><\/h2>\n<table style=\"border-collapse: collapse;width: 80%;height: 21px;margin-left: auto;margin-right: auto\" border=\"0\" width=\"432\" cellspacing=\"0\" cellpadding=\"0\">\n<tbody>\n<tr style=\"height: 13.50pt\">\n<td style=\"height: 13.50pt;width: 54.00pt\" width=\"72\" height=\"18\">Kapasite<\/td>\n<td style=\"width: 54.00pt\" width=\"72\">\u015eekil<\/td>\n<td style=\"width: 54.00pt\" width=\"72\">S\u0131zd\u0131rmazl\u0131k Y\u00f6ntemleri<\/td>\n<td style=\"width: 54.00pt\" width=\"72\">Malzeme<\/td>\n<td style=\"width: 54.00pt\" width=\"72\">Renk se\u00e7enekleri<\/td>\n<td style=\"width: 54.00pt\" width=\"72\">Kullan\u0131m<\/td>\n<\/tr>\n<tr style=\"height: 13.50pt\">\n<td style=\"height: 13.50pt\" height=\"18\">30g (1oz)<\/td>\n<td>D\u00fcz kenar<\/td>\n<td>Bambu kapakl\u0131 di\u015fli<\/td>\n<td>Kristal cam<\/td>\n<td>Buzlu<\/td>\n<td>Y\u00fcz kremi, V\u00fccut kremi, G\u00f6z kremi, Dudak\u2026<\/td>\n<\/tr>\n<\/tbody>\n<\/table>\n<h2><span class=\"highlights\" data-v-df95d256=\"\">Ba\u015far\u0131 \u00d6rne\u011fi: Temiz Bir G\u00fczellik Markas\u0131n\u0131n Ambalaj Yenilemesi <\/span><\/h2>\n<p><span class=\"highlights\" data-v-df95d256=\"\">Bir cilt bak\u0131m giri\u015fimi, yeni organik kozmetik \u00fcr\u00fcnleri serisi i\u00e7in 28 graml\u0131k makyaj kaplar\u0131na ihtiya\u00e7 duyuyordu. \u00c7evre dostu yakla\u015f\u0131mlar\u0131na uygun olarak bambu kapakl\u0131 ve buzlu cam kavanozlar\u0131 \u00f6zelle\u015ftirdik. Sonu\u00e7? Toptan cilt bak\u0131m ambalaj\u0131 sat\u0131\u015flar\u0131nda 0&#039;l\u00fck bir art\u0131\u015f ve ince sis dokusunu \u00f6ven \u00f6vg\u00fc dolu yorumlar.\u00a0<\/span><\/p>","protected":false},"excerpt":{"rendered":"<p>Toptan cilt bak\u0131m ambalajlar\u0131 i\u00e7in s\u00fcrd\u00fcr\u00fclebilir 1 onsluk makyaj kaplar\u0131. Bambu kapakl\u0131 mat cam kavanozlar, g\u00f6nderime haz\u0131r ve tamamen \u00f6zelle\u015ftirilebilir.<\/p>","protected":false},"featured_media":4661,"comment_status":"open","ping_status":"closed","template":"","meta":{"_acf_changed":false,"site-sidebar-layout":"default","site-content-layout":"","ast-site-content-layout":"default","site-content-style":"default","site-sidebar-style":"default","ast-global-header-display":"","ast-banner-title-visibility":"","ast-main-header-display":"","ast-hfb-above-header-display":"","ast-hfb-below-header-display":"","ast-hfb-mobile-header-display":"","site-post-title":"","ast-breadcrumbs-content":"","ast-featured-img":"","footer-sml-layout":"","ast-disable-related-posts":"","theme-transparent-header-meta":"default","adv-header-id-meta":"","stick-header-meta":"","header-above-stick-meta":"","header-main-stick-meta":"","header-below-stick-meta":"","astra-migrate-meta-layouts":"set","ast-page-background-enabled":"default","ast-page-background-meta":{"desktop":{"background-color":"var(--ast-global-color-5)","background-image":"","background-repeat":"repeat","background-position":"center center","background-size":"auto","background-attachment":"scroll","background-type":"","background-media":"","overlay-type":"","overlay-color":"","overlay-opacity":"","overlay-gradient":""},"tablet":{"background-color":"","background-image":"","background-repeat":"repeat","background-position":"center center","background-size":"auto","background-attachment":"scroll","background-type":"","background-media":"","overlay-type":"","overlay-color":"","overlay-opacity":"","overlay-gradient":""},"mobile":{"background-color":"","background-image":"","background-repeat":"repeat","background-position":"center center","background-size":"auto","background-attachment":"scroll","background-type":"","background-media":"","overlay-type":"","overlay-color":"","overlay-opacity":"","overlay-gradient":""}},"ast-content-background-meta":{"desktop":{"background-color":"var(--ast-global-color-4)","background-image":"","background-repeat":"repeat","background-position":"center center","background-size":"auto","background-attachment":"scroll","background-type":"","background-media":"","overlay-type":"","overlay-color":"","overlay-opacity":"","overlay-gradient":""},"tablet":{"background-color":"var(--ast-global-color-4)","background-image":"","background-repeat":"repeat","background-position":"center center","background-size":"auto","background-attachment":"scroll","background-type":"","background-media":"","overlay-type":"","overlay-color":"","overlay-opacity":"","overlay-gradient":""},"mobile":{"background-color":"var(--ast-global-color-4)","background-image":"","background-repeat":"repeat","background-position":"center center","background-size":"auto","background-attachment":"scroll","background-type":"","background-media":"","overlay-type":"","overlay-color":"","overlay-opacity":"","overlay-gradient":""}}},"product_brand":[],"product_cat":[72,62,56],"product_tag":[139,138],"class_list":{"0":"post-4660","1":"product","2":"type-product","3":"status-publish","4":"has-post-thumbnail","6":"product_cat-cosmetic-packaging","7":"product_cat-cosmetic-containers","8":"product_cat-cosmetic-jars","9":"product_tag-1-oz-makeup-containers","10":"product_tag-wholesale-skincare-packaging","11":"desktop-align-left","12":"tablet-align-left","13":"mobile-align-left","15":"first","16":"instock","17":"shipping-taxable","18":"product-type-simple"},"acf":[],"jetpack_sharing_enabled":true,"_links":{"self":[{"href":"https:\/\/theperfumebottles.com\/tr\/wp-json\/wp\/v2\/product\/4660","targetHints":{"allow":["GET"]}}],"collection":[{"href":"https:\/\/theperfumebottles.com\/tr\/wp-json\/wp\/v2\/product"}],"about":[{"href":"https:\/\/theperfumebottles.com\/tr\/wp-json\/wp\/v2\/types\/product"}],"replies":[{"embeddable":true,"href":"https:\/\/theperfumebottles.com\/tr\/wp-json\/wp\/v2\/comments?post=4660"}],"wp:featuredmedia":[{"embeddable":true,"href":"https:\/\/theperfumebottles.com\/tr\/wp-json\/wp\/v2\/media\/4661"}],"wp:attachment":[{"href":"https:\/\/theperfumebottles.com\/tr\/wp-json\/wp\/v2\/media?parent=4660"}],"wp:term":[{"taxonomy":"product_brand","embeddable":true,"href":"https:\/\/theperfumebottles.com\/tr\/wp-json\/wp\/v2\/product_brand?post=4660"},{"taxonomy":"product_cat","embeddable":true,"href":"https:\/\/theperfumebottles.com\/tr\/wp-json\/wp\/v2\/product_cat?post=4660"},{"taxonomy":"product_tag","embeddable":true,"href":"https:\/\/theperfumebottles.com\/tr\/wp-json\/wp\/v2\/product_tag?post=4660"}],"curies":[{"name":"wp","href":"https:\/\/api.w.org\/{rel}","templated":true}]}}