{"id":4670,"date":"2025-07-18T17:54:50","date_gmt":"2025-07-18T09:54:50","guid":{"rendered":"https:\/\/theperfumebottles.com\/?post_type=product&#038;p=4670"},"modified":"2025-07-18T17:54:51","modified_gmt":"2025-07-18T09:54:51","slug":"wholesale-beauty-containers-cosmetic-glass-jar-lotion","status":"publish","type":"product","link":"https:\/\/theperfumebottles.com\/tr\/urun\/wholesale-beauty-containers-cosmetic-glass-jar-lotion\/","title":{"rendered":"5g 10g 15g 30g 50g 60g Toptan G\u00fczellik Kaplar\u0131 - Kozmetik Cam Kavanoz Losyonu"},"content":{"rendered":"<p><span class=\"highlights\" data-v-df95d256=\"\">Kozmetik ambalaj \u015f\u0131kl\u0131\u011f\u0131n\u0131 pratiklikle birle\u015ftiren toptan g\u00fczellik kaplar\u0131 m\u0131 ar\u0131yorsunuz? Bu kavanoz losyon \u015fi\u015feleri, hassas i\u00e7erikleri koruyan ve g\u00fczellik ambalajlar\u0131n\u0131 bir \u00fcst seviyeye ta\u015f\u0131yan kozmetik kaplar\u0131na ihtiya\u00e7 duyan cilt bak\u0131m markalar\u0131 i\u00e7in tasarland\u0131. 5 g-60 g kapasite se\u00e7enekleri, UV korumas\u0131 i\u00e7in kehribar cam ve plastik\/metalden yap\u0131lm\u0131\u015f di\u015fli kapaklar\u0131yla, m\u00fc\u015fteri sadakatini art\u0131rmak i\u00e7in gizli silah\u0131n\u0131z olacaklar.<\/span><\/p>\n<h2><span class=\"highlights\" data-v-df95d256=\"\">Temel \u00d6zellikler<\/span><\/h2>\n<table style=\"border-collapse: collapse;width: 1086px;height: 218px;margin-left: 120px\" border=\"0\" width=\"432\" cellspacing=\"0\" cellpadding=\"0\">\n<tbody>\n<tr style=\"height: 13.50pt\">\n<td style=\"height: 13.50pt;width: 54.00pt\" width=\"72\" height=\"18\">Kapasite<\/td>\n<td style=\"width: 54.00pt\" width=\"72\">\u015eekil<\/td>\n<td style=\"width: 54.00pt\" width=\"72\">S\u0131zd\u0131rmazl\u0131k Y\u00f6ntemi<\/td>\n<td style=\"width: 54.00pt\" width=\"72\">Malzeme<\/td>\n<td style=\"width: 54.00pt\" width=\"72\">Renk<\/td>\n<td style=\"width: 54.00pt\" width=\"72\">Kullan\u0131m \u00d6rne\u011fi<\/td>\n<\/tr>\n<tr style=\"height: 13.50pt\">\n<td style=\"height: 13.50pt\" height=\"18\">5g<\/td>\n<td>D\u00fcz Kenar<\/td>\n<td>Di\u015fli (Plastik\/Metal)<\/td>\n<td>Bardak<\/td>\n<td>Kehribar<\/td>\n<td>\u00d6rnek Y\u00fcz Kremi<\/td>\n<\/tr>\n<tr style=\"height: 13.50pt\">\n<td style=\"height: 13.50pt\" height=\"18\">10g<\/td>\n<td>D\u00fcz Kenar<\/td>\n<td>Di\u015fli (Plastik\/Metal)<\/td>\n<td>Bardak<\/td>\n<td>Kehribar<\/td>\n<td>Mini V\u00fccut Losyonu<\/td>\n<\/tr>\n<tr style=\"height: 13.50pt\">\n<td style=\"height: 13.50pt\" height=\"18\">15g (0,5oz)<\/td>\n<td>D\u00fcz Kenar<\/td>\n<td>Di\u015fli (Plastik\/Metal)<\/td>\n<td>Bardak<\/td>\n<td>Kehribar<\/td>\n<td>Seyahat Boyu G\u00f6z Serumu<\/td>\n<\/tr>\n<tr style=\"height: 13.50pt\">\n<td style=\"height: 13.50pt\" height=\"18\">30g (1oz)<\/td>\n<td>D\u00fcz Kenar<\/td>\n<td>Di\u015fli (Plastik\/Metal)<\/td>\n<td>Bardak<\/td>\n<td>Kehribar<\/td>\n<td>Standart Y\u00fcz Kremi<\/td>\n<\/tr>\n<tr style=\"height: 13.50pt\">\n<td style=\"height: 13.50pt\" height=\"18\">50 gr<\/td>\n<td>D\u00fcz Kenar<\/td>\n<td>Di\u015fli (Plastik\/Metal)<\/td>\n<td>Bardak<\/td>\n<td>Kehribar<\/td>\n<td>Tam Boy V\u00fccut Losyonu<\/td>\n<\/tr>\n<tr style=\"height: 13.50pt\">\n<td style=\"height: 13.50pt\" height=\"18\">60g (2oz)<\/td>\n<td>D\u00fcz Kenar<\/td>\n<td>Di\u015fli (Plastik\/Metal)<\/td>\n<td>Bardak<\/td>\n<td>Amber (\u00d6zel)<\/td>\n<td>L\u00fcks Serum veya T\u0131bbi Krem<\/td>\n<\/tr>\n<\/tbody>\n<\/table>\n<p>&nbsp;<\/p>\n<h2><span class=\"highlights\" data-v-df95d256=\"\">Ba\u015far\u0131 \u00d6rne\u011fi: Bir Cilt Bak\u0131m Markas\u0131n\u0131n L\u00fcks Ambalaj D\u00f6n\u00fc\u015f\u00fcm\u00fc <\/span><\/h2>\n<p><span class=\"highlights\" data-v-df95d256=\"\">Bir cilt bak\u0131m giri\u015fimi, yeni ince dokulu kozmetik serumlar\u0131 serisi i\u00e7in kavanoz losyon \u015fi\u015felerine ihtiya\u00e7 duyuyordu. 30 gr&#039;l\u0131k kehribar kavanozlar\u0131 metal kapakl\u0131 ve mat etiketli olarak \u00f6zelle\u015ftirdik. Sonu\u00e7? Toptan g\u00fczellik kaplar\u0131 sat\u0131\u015flar\u0131nda 0&#039;l\u00fck bir art\u0131\u015f ve l\u00fcks hissiyat\u0131 hakk\u0131nda \u00f6vg\u00fc dolu yorumlar. Profesyonel ipucu: Kaplar\u0131n\u0131z bir spa hat\u0131ras\u0131 gibi g\u00f6r\u00fcnd\u00fc\u011f\u00fcnde, m\u00fc\u015fteriler ayr\u0131lmak istemez.<\/span><\/p>\n<h2><span class=\"highlights\" data-v-df95d256=\"\">Markan\u0131z \u0130\u00e7in \u00d6zelle\u015ftirme \u0130pu\u00e7lar\u0131 <\/span><\/h2>\n<ul>\n<li><span class=\"highlights\" data-v-df95d256=\"\"><strong>Renk ve Biti\u015f:<\/strong> UV korumas\u0131 i\u00e7in kehribar rengini tercih edebilir veya ince bir sis dokusu i\u00e7in buzlu cam kullanabilirsiniz. <\/span><\/li>\n<li><span class=\"highlights\" data-v-df95d256=\"\"><strong>Kapak Se\u00e7enekleri:<\/strong> Birinci s\u0131n\u0131f g\u00fczellik ambalaj\u0131 havas\u0131 i\u00e7in metali, toplu al\u0131mlarda uygun maliyetli ambalaj i\u00e7inse plasti\u011fi tercih edin.<\/span><\/li>\n<li><span class=\"highlights\" data-v-df95d256=\"\"><strong>Etiket Tasar\u0131m\u0131:<\/strong> Kozmetik ambalaj malzemeleri i\u00e7in zarafeti f\u0131s\u0131ldayan minimalist yaz\u0131 tiplerini veya iddial\u0131 kavanozlar i\u00e7in cesur yaz\u0131 tiplerini kullan\u0131n.<\/span><\/li>\n<\/ul>","protected":false},"excerpt":{"rendered":"<p>Toptan kavanoz losyonlar i\u00e7in dayan\u0131kl\u0131 kehribar cam kavanozlar. \u00c7evre dostu, \u00f6zelle\u015ftirilebilir toptan g\u00fczellik kaplar\u0131 arayan cilt bak\u0131m markalar\u0131 i\u00e7in m\u00fckemmel.<\/p>","protected":false},"featured_media":4671,"comment_status":"open","ping_status":"closed","template":"","meta":{"_acf_changed":false,"site-sidebar-layout":"default","site-content-layout":"","ast-site-content-layout":"default","site-content-style":"default","site-sidebar-style":"default","ast-global-header-display":"","ast-banner-title-visibility":"","ast-main-header-display":"","ast-hfb-above-header-display":"","ast-hfb-below-header-display":"","ast-hfb-mobile-header-display":"","site-post-title":"","ast-breadcrumbs-content":"","ast-featured-img":"","footer-sml-layout":"","ast-disable-related-posts":"","theme-transparent-header-meta":"default","adv-header-id-meta":"","stick-header-meta":"","header-above-stick-meta":"","header-main-stick-meta":"","header-below-stick-meta":"","astra-migrate-meta-layouts":"set","ast-page-background-enabled":"default","ast-page-background-meta":{"desktop":{"background-color":"var(--ast-global-color-5)","background-image":"","background-repeat":"repeat","background-position":"center center","background-size":"auto","background-attachment":"scroll","background-type":"","background-media":"","overlay-type":"","overlay-color":"","overlay-opacity":"","overlay-gradient":""},"tablet":{"background-color":"","background-image":"","background-repeat":"repeat","background-position":"center center","background-size":"auto","background-attachment":"scroll","background-type":"","background-media":"","overlay-type":"","overlay-color":"","overlay-opacity":"","overlay-gradient":""},"mobile":{"background-color":"","background-image":"","background-repeat":"repeat","background-position":"center center","background-size":"auto","background-attachment":"scroll","background-type":"","background-media":"","overlay-type":"","overlay-color":"","overlay-opacity":"","overlay-gradient":""}},"ast-content-background-meta":{"desktop":{"background-color":"var(--ast-global-color-4)","background-image":"","background-repeat":"repeat","background-position":"center center","background-size":"auto","background-attachment":"scroll","background-type":"","background-media":"","overlay-type":"","overlay-color":"","overlay-opacity":"","overlay-gradient":""},"tablet":{"background-color":"var(--ast-global-color-4)","background-image":"","background-repeat":"repeat","background-position":"center center","background-size":"auto","background-attachment":"scroll","background-type":"","background-media":"","overlay-type":"","overlay-color":"","overlay-opacity":"","overlay-gradient":""},"mobile":{"background-color":"var(--ast-global-color-4)","background-image":"","background-repeat":"repeat","background-position":"center center","background-size":"auto","background-attachment":"scroll","background-type":"","background-media":"","overlay-type":"","overlay-color":"","overlay-opacity":"","overlay-gradient":""}}},"product_brand":[],"product_cat":[56,72,62],"product_tag":[145,142],"class_list":{"0":"post-4670","1":"product","2":"type-product","3":"status-publish","4":"has-post-thumbnail","6":"product_cat-cosmetic-jars","7":"product_cat-cosmetic-packaging","8":"product_cat-cosmetic-containers","9":"product_tag-cosmetic-cream-containers","10":"product_tag-wholesale-beauty-containers","11":"desktop-align-left","12":"tablet-align-left","13":"mobile-align-left","15":"first","16":"instock","17":"shipping-taxable","18":"product-type-simple"},"acf":[],"jetpack_sharing_enabled":true,"_links":{"self":[{"href":"https:\/\/theperfumebottles.com\/tr\/wp-json\/wp\/v2\/product\/4670","targetHints":{"allow":["GET"]}}],"collection":[{"href":"https:\/\/theperfumebottles.com\/tr\/wp-json\/wp\/v2\/product"}],"about":[{"href":"https:\/\/theperfumebottles.com\/tr\/wp-json\/wp\/v2\/types\/product"}],"replies":[{"embeddable":true,"href":"https:\/\/theperfumebottles.com\/tr\/wp-json\/wp\/v2\/comments?post=4670"}],"wp:featuredmedia":[{"embeddable":true,"href":"https:\/\/theperfumebottles.com\/tr\/wp-json\/wp\/v2\/media\/4671"}],"wp:attachment":[{"href":"https:\/\/theperfumebottles.com\/tr\/wp-json\/wp\/v2\/media?parent=4670"}],"wp:term":[{"taxonomy":"product_brand","embeddable":true,"href":"https:\/\/theperfumebottles.com\/tr\/wp-json\/wp\/v2\/product_brand?post=4670"},{"taxonomy":"product_cat","embeddable":true,"href":"https:\/\/theperfumebottles.com\/tr\/wp-json\/wp\/v2\/product_cat?post=4670"},{"taxonomy":"product_tag","embeddable":true,"href":"https:\/\/theperfumebottles.com\/tr\/wp-json\/wp\/v2\/product_tag?post=4670"}],"curies":[{"name":"wp","href":"https:\/\/api.w.org\/{rel}","templated":true}]}}