{"id":4702,"date":"2025-07-21T17:51:13","date_gmt":"2025-07-21T09:51:13","guid":{"rendered":"https:\/\/theperfumebottles.com\/?post_type=product&#038;p=4702"},"modified":"2025-08-01T10:23:11","modified_gmt":"2025-08-01T02:23:11","slug":"empty-makeup-containers-wholesale-skincare-jars","status":"publish","type":"product","link":"https:\/\/theperfumebottles.com\/tr\/urun\/empty-makeup-containers-wholesale-skincare-jars\/","title":{"rendered":"1oz, 2oz, 4oz, 8oz Bo\u015f Makyaj Kaplar\u0131 \u2013 Toptan Cilt Bak\u0131m Kavanozlar\u0131"},"content":{"rendered":"<p><span class=\"highlights\" data-v-df95d256=\"\">Elegans ve \u0130\u015flevsellik Birle\u015ftiren Bo\u015f Kozmetik Kaplar Ar\u0131yorsan\u0131z? Bu toptan cilt bak\u0131m kaplar\u0131, g\u00fczellik paketlemenizi etkile\u015ftirmek i\u00e7in tasarlanm\u0131\u015ft\u0131r. Kozmetik paketleme malzemesi sa\u011flay\u0131c\u0131s\u0131 olarak, cilt bak\u0131m markalar\u0131 i\u00e7in par\u0131ldayan kozmetik kaplar i\u00e7in cam kavanozlarla g\u00fcm\u00fc\u015f tahta kapaklar\u0131 i\u015fliyoruz. Y\u00fczey kremleri, v\u00fccut losyonlar\u0131 veya g\u00f6z ser\u00fcmleri i\u00e7in m\u00fckemmel \u2013 evet, \u00e7ok say\u0131da g\u00f6nderilmeye haz\u0131r.<\/span><\/p>\n<h2><span class=\"highlights\" data-v-df95d256=\"\">Temel \u00d6zellikler<\/span><\/h2>\n<table style=\"border-collapse: collapse;width: 80%;margin-left: auto;margin-right: auto\" border=\"0\" width=\"432\" cellspacing=\"0\" cellpadding=\"0\">\n<tbody>\n<tr style=\"height: 13.50pt\">\n<td style=\"height: 13.50pt;width: 54.00pt\" width=\"72\" height=\"18\">Kapasite<\/td>\n<td style=\"width: 54.00pt\" width=\"72\">\u015eekil<\/td>\n<td style=\"width: 54.00pt\" width=\"72\">S\u0131zd\u0131rmazl\u0131k Y\u00f6ntemleri<\/td>\n<td style=\"width: 54.00pt\" width=\"72\">Malzeme<\/td>\n<td style=\"width: 54.00pt\" width=\"72\">Renk se\u00e7enekleri<\/td>\n<td style=\"width: 54.00pt\" width=\"72\">Kullan\u0131m<\/td>\n<\/tr>\n<tr style=\"height: 13.50pt\">\n<td style=\"height: 13.50pt\" height=\"18\">5g<\/td>\n<td class=\"et2\" rowspan=\"8\">Silindirik<\/td>\n<td class=\"et2\" rowspan=\"8\">6. Vida kapa\u011f\u0131(plastik\/metal)<\/td>\n<td class=\"et2\" rowspan=\"8\">Kristal cam<\/td>\n<td class=\"et2\" rowspan=\"8\">7. Beyaz, Sar\u0131, Koyu Sar\u0131, Ye\u015fil, Mavi, Matt<\/td>\n<td class=\"et2\" rowspan=\"8\">Y\u00fcz kremi, V\u00fccut kremi, G\u00f6z kremi, Dudak\u2026<\/td>\n<\/tr>\n<tr style=\"height: 13.50pt\">\n<td style=\"height: 13.50pt\" height=\"18\">15g (0,5oz)<\/td>\n<\/tr>\n<tr style=\"height: 13.50pt\">\n<td style=\"height: 13.50pt\" height=\"18\">30g (1oz)<\/td>\n<\/tr>\n<tr style=\"height: 13.50pt\">\n<td style=\"height: 13.50pt\" height=\"18\">50 gr<\/td>\n<\/tr>\n<tr style=\"height: 13.50pt\">\n<td style=\"height: 13.50pt\" height=\"18\">60g (2oz)<\/td>\n<\/tr>\n<tr style=\"height: 13.50pt\">\n<td style=\"height: 13.50pt\" height=\"18\">100 gr<\/td>\n<\/tr>\n<tr style=\"height: 13.50pt\">\n<td style=\"height: 13.50pt\" height=\"18\">8. 120g<\/td>\n<\/tr>\n<tr style=\"height: 13.50pt\">\n<td style=\"height: 13.50pt\" height=\"18\">9. 250g<\/td>\n<\/tr>\n<\/tbody>\n<\/table>\n<h2><span class=\"highlights\" data-v-df95d256=\"\">Ba\u015far\u0131 \u00d6rne\u011fi: L\u00fcks Bir Cilt Bak\u0131m Markas\u0131n\u0131n Ambalaj Yenilemesi <\/span><\/h2>\n<p><span class=\"highlights\" data-v-df95d256=\"\">3. Bir l\u00fcks cilt bak\u0131m serisi i\u00e7in \"temiz l\u00fcks\" esteti\u011fine uygun bo\u015f makyaj kaplar\u0131 ihtiyac\u0131 vard\u0131. Biz 100g turuncu cam kaplar ve mat siyah etiketler ve g\u00fcm\u00fc\u015f kapaklar sa\u011flad\u0131k. Sonu\u00e7? Toptan cilt bak\u0131m kaplar\u0131 sat\u0131\u015f\u0131nda 250% art\u0131\u015f ve kozmetik paketinin minimalizmi tasar\u0131m\u0131 hakk\u0131nda parlak yorumlar.<\/span><\/p>\n<h2>Markan\u0131z \u0130\u00e7in \u00d6zelle\u015ftirme \u0130pu\u00e7lar\u0131<\/h2>\n<ul>\n<li><strong>10. Renk psikolojisi:<\/strong> 11. Mavi rahatlat\u0131c\u0131 bir etki verir, bu y\u00fczden rahatlat\u0131c\u0131 serumlara uygund\u0131r; sar\u0131 anti-aging losyonlar i\u00e7in idealdir, \u0131s\u0131 ve iyile\u015fme hissi verir.<\/li>\n<li><strong>12. Etiket tasar\u0131m\u0131:<\/strong> 13. Minimalist yaz\u0131 tipleri veya alt\u0131n folyo se\u00e7in, \u015f\u0131k bir g\u00f6rsel etki i\u00e7in.<\/li>\n<li><strong>14. y\u00fczey bitimi:<\/strong> 15. Matt bir bitim veya d\u00f6\u011fmeli bir damga, genel paketin \u00fcst s\u0131n\u0131f deneyimini art\u0131r\u0131r.<\/li>\n<\/ul>","protected":false},"excerpt":{"rendered":"<p>Dayan\u0131kl\u0131 Bo\u015f Kozmetik Kaplar \u0130\u00e7in Toptan Cilt Bak\u0131m Kaplar \u2013 \u00c7ok Say\u0131da \u0130stekli Kozmetik Paketleme.<\/p>","protected":false},"featured_media":4703,"comment_status":"open","ping_status":"closed","template":"","meta":{"_acf_changed":false,"site-sidebar-layout":"default","site-content-layout":"","ast-site-content-layout":"default","site-content-style":"default","site-sidebar-style":"default","ast-global-header-display":"","ast-banner-title-visibility":"","ast-main-header-display":"","ast-hfb-above-header-display":"","ast-hfb-below-header-display":"","ast-hfb-mobile-header-display":"","site-post-title":"","ast-breadcrumbs-content":"","ast-featured-img":"","footer-sml-layout":"","ast-disable-related-posts":"","theme-transparent-header-meta":"default","adv-header-id-meta":"","stick-header-meta":"","header-above-stick-meta":"","header-main-stick-meta":"","header-below-stick-meta":"","astra-migrate-meta-layouts":"set","ast-page-background-enabled":"default","ast-page-background-meta":{"desktop":{"background-color":"var(--ast-global-color-5)","background-image":"","background-repeat":"repeat","background-position":"center center","background-size":"auto","background-attachment":"scroll","background-type":"","background-media":"","overlay-type":"","overlay-color":"","overlay-opacity":"","overlay-gradient":""},"tablet":{"background-color":"","background-image":"","background-repeat":"repeat","background-position":"center center","background-size":"auto","background-attachment":"scroll","background-type":"","background-media":"","overlay-type":"","overlay-color":"","overlay-opacity":"","overlay-gradient":""},"mobile":{"background-color":"","background-image":"","background-repeat":"repeat","background-position":"center center","background-size":"auto","background-attachment":"scroll","background-type":"","background-media":"","overlay-type":"","overlay-color":"","overlay-opacity":"","overlay-gradient":""}},"ast-content-background-meta":{"desktop":{"background-color":"var(--ast-global-color-4)","background-image":"","background-repeat":"repeat","background-position":"center center","background-size":"auto","background-attachment":"scroll","background-type":"","background-media":"","overlay-type":"","overlay-color":"","overlay-opacity":"","overlay-gradient":""},"tablet":{"background-color":"var(--ast-global-color-4)","background-image":"","background-repeat":"repeat","background-position":"center center","background-size":"auto","background-attachment":"scroll","background-type":"","background-media":"","overlay-type":"","overlay-color":"","overlay-opacity":"","overlay-gradient":""},"mobile":{"background-color":"var(--ast-global-color-4)","background-image":"","background-repeat":"repeat","background-position":"center center","background-size":"auto","background-attachment":"scroll","background-type":"","background-media":"","overlay-type":"","overlay-color":"","overlay-opacity":"","overlay-gradient":""}}},"product_brand":[],"product_cat":[72,62,56],"product_tag":[146,147],"class_list":{"0":"post-4702","1":"product","2":"type-product","3":"status-publish","4":"has-post-thumbnail","6":"product_cat-cosmetic-packaging","7":"product_cat-cosmetic-containers","8":"product_cat-cosmetic-jars","9":"product_tag-empty-makeup-containers","10":"product_tag-wholesale-skincare-containers","11":"desktop-align-left","12":"tablet-align-left","13":"mobile-align-left","15":"first","16":"instock","17":"shipping-taxable","18":"product-type-simple"},"acf":[],"jetpack_sharing_enabled":true,"_links":{"self":[{"href":"https:\/\/theperfumebottles.com\/tr\/wp-json\/wp\/v2\/product\/4702","targetHints":{"allow":["GET"]}}],"collection":[{"href":"https:\/\/theperfumebottles.com\/tr\/wp-json\/wp\/v2\/product"}],"about":[{"href":"https:\/\/theperfumebottles.com\/tr\/wp-json\/wp\/v2\/types\/product"}],"replies":[{"embeddable":true,"href":"https:\/\/theperfumebottles.com\/tr\/wp-json\/wp\/v2\/comments?post=4702"}],"wp:featuredmedia":[{"embeddable":true,"href":"https:\/\/theperfumebottles.com\/tr\/wp-json\/wp\/v2\/media\/4703"}],"wp:attachment":[{"href":"https:\/\/theperfumebottles.com\/tr\/wp-json\/wp\/v2\/media?parent=4702"}],"wp:term":[{"taxonomy":"product_brand","embeddable":true,"href":"https:\/\/theperfumebottles.com\/tr\/wp-json\/wp\/v2\/product_brand?post=4702"},{"taxonomy":"product_cat","embeddable":true,"href":"https:\/\/theperfumebottles.com\/tr\/wp-json\/wp\/v2\/product_cat?post=4702"},{"taxonomy":"product_tag","embeddable":true,"href":"https:\/\/theperfumebottles.com\/tr\/wp-json\/wp\/v2\/product_tag?post=4702"}],"curies":[{"name":"wp","href":"https:\/\/api.w.org\/{rel}","templated":true}]}}