{"id":4707,"date":"2025-07-21T17:54:25","date_gmt":"2025-07-21T09:54:25","guid":{"rendered":"https:\/\/theperfumebottles.com\/?post_type=product&#038;p=4707"},"modified":"2026-04-02T17:19:07","modified_gmt":"2026-04-02T09:19:07","slug":"skincare-set-50g-40ml-100ml-120ml-cosmetic-pump-bottles-wholesale","status":"publish","type":"product","link":"https:\/\/theperfumebottles.com\/tr\/urun\/skincare-set-50g-40ml-100ml-120ml-cosmetic-pump-bottles-wholesale\/","title":{"rendered":"Cilt Bak\u0131m Seti 50g 40ml 100ml 120ml Kozmetik Pompal\u0131 \u015ei\u015feler Toptan"},"content":{"rendered":"<p><span class=\"highlights\" data-v-df95d256=\"\">10. Stil ve i\u015flevsellik bir arada olan kozmetik pump \u015fi\u015feleri ar\u0131yorsan\u0131z? Bu toptan cilt bak\u0131m \u015fi\u015feleri, g\u00fczellik paketlemenizi ilhamland\u0131racak \u015fekilde tasarlanm\u0131\u015ft\u0131r. Kozmetik paketleme malzemesi sa\u011flay\u0131c\u0131s\u0131 olarak, screw kapakl\u0131 ve pump headli cam \u015fi\u015felerle cilt bak\u0131m markalar\u0131na par\u0131lt\u0131l\u0131 kozmetik kaplar ihtiyac\u0131 olanlar\u0131 haz\u0131rlar\u0131z. Y\u00fcz ya\u011f\u0131, serum veya nemlendiriciler i\u00e7in m\u00fckemmel \u2013 evet, b\u00fcy\u00fck \u00f6l\u00e7\u00fcde sevk edilmeye haz\u0131r.<\/span><\/p>\n<h2><strong>Temel \u00d6zellikler<\/strong><\/h2>\n<table style=\"border-collapse: collapse; width: 80%; margin-left: auto; margin-right: auto;\" border=\"0\" width=\"360\" cellspacing=\"0\" cellpadding=\"0\">\n<tbody>\n<tr style=\"height: 13.50pt;\">\n<td style=\"height: 13.50pt; width: 54.00pt;\" width=\"72\" height=\"18\">Kapasite<\/td>\n<td style=\"width: 54.00pt;\" width=\"72\">\u015eekil<\/td>\n<td style=\"width: 54.00pt;\" width=\"72\">S\u0131zd\u0131rmazl\u0131k Y\u00f6ntemleri<\/td>\n<td style=\"width: 54.00pt;\" width=\"72\">Malzeme<\/td>\n<td style=\"width: 54.00pt;\" width=\"72\">Kullan\u0131m<\/td>\n<\/tr>\n<tr style=\"height: 13.50pt;\">\n<td style=\"height: 13.50pt;\" height=\"18\">50 gr<\/td>\n<td class=\"et2\" rowspan=\"4\">Silindirik<\/td>\n<td class=\"et2\" rowspan=\"4\">7. Pompa ba\u015fl\u0131\u011f\u0131\/kapak<\/td>\n<td class=\"et2\" rowspan=\"4\">Kristal cam<\/td>\n<td class=\"et2\" rowspan=\"4\">Y\u00fcz losyonu, kozmetik ya\u011f\u0131\u2026<\/td>\n<\/tr>\n<tr style=\"height: 13.50pt;\">\n<td style=\"height: 13.50pt;\" height=\"18\">40 ml<\/td>\n<\/tr>\n<tr style=\"height: 13.50pt;\">\n<td style=\"height: 13.50pt;\" height=\"18\">100 ml<\/td>\n<\/tr>\n<tr style=\"height: 13.50pt;\">\n<td style=\"height: 13.50pt;\" height=\"18\">120 ml<\/td>\n<\/tr>\n<\/tbody>\n<\/table>\n<h2><span class=\"highlights\" data-v-df95d256=\"\">Ba\u015far\u0131 \u00d6rne\u011fi: L\u00fcks Bir Cilt Bak\u0131m Markas\u0131n\u0131n Ambalaj Yenilemesi <\/span><\/h2>\n<p><span class=\"highlights\" data-v-df95d256=\"\">21. Bir l\u00fcks cilt bak\u0131m \u00fcr\u00fcn\u00fc ihtiyac\u0131 olan kozmetik pump \u015fi\u015feleriyle \"temiz l\u00fcks\" esteti\u011fine uygun bir marka vard\u0131. Biz 100ml amonyakl\u0131 cam \u015fi\u015felerle mat siyah etiketler ve alt\u0131n pump headler sa\u011flad\u0131k. Sonu\u00e7? Toptan cilt bak\u0131m \u015fi\u015feleri sat\u0131\u015flar\u0131nda 250% art\u0131\u015f ve kozmetik paketlemenin minimalist tasar\u0131m\u0131na dair par\u0131lt\u0131l\u0131 yorumlar.<\/span><\/p>\n<p>&nbsp;<\/p>","protected":false},"excerpt":{"rendered":"<p>9. Toptan cilt bak\u0131m \u015fi\u015feleri i\u00e7in \u015f\u0131k kozmetik pump \u015fi\u015feleri \u2013 b\u00fcy\u00fck \u00f6l\u00e7\u00fcde \u00f6zelle\u015ftirilebilir g\u00fczellik paketlemesi.<\/p>","protected":false},"featured_media":4710,"comment_status":"open","ping_status":"closed","template":"","meta":{"_acf_changed":false,"site-sidebar-layout":"default","site-content-layout":"","ast-site-content-layout":"default","site-content-style":"default","site-sidebar-style":"default","ast-global-header-display":"","ast-banner-title-visibility":"","ast-main-header-display":"","ast-hfb-above-header-display":"","ast-hfb-below-header-display":"","ast-hfb-mobile-header-display":"","site-post-title":"","ast-breadcrumbs-content":"","ast-featured-img":"","footer-sml-layout":"","ast-disable-related-posts":"","theme-transparent-header-meta":"default","adv-header-id-meta":"","stick-header-meta":"","header-above-stick-meta":"","header-main-stick-meta":"","header-below-stick-meta":"","astra-migrate-meta-layouts":"set","ast-page-background-enabled":"default","ast-page-background-meta":{"desktop":{"background-color":"var(--ast-global-color-5)","background-image":"","background-repeat":"repeat","background-position":"center center","background-size":"auto","background-attachment":"scroll","background-type":"","background-media":"","overlay-type":"","overlay-color":"","overlay-opacity":"","overlay-gradient":""},"tablet":{"background-color":"","background-image":"","background-repeat":"repeat","background-position":"center center","background-size":"auto","background-attachment":"scroll","background-type":"","background-media":"","overlay-type":"","overlay-color":"","overlay-opacity":"","overlay-gradient":""},"mobile":{"background-color":"","background-image":"","background-repeat":"repeat","background-position":"center center","background-size":"auto","background-attachment":"scroll","background-type":"","background-media":"","overlay-type":"","overlay-color":"","overlay-opacity":"","overlay-gradient":""}},"ast-content-background-meta":{"desktop":{"background-color":"var(--ast-global-color-4)","background-image":"","background-repeat":"repeat","background-position":"center center","background-size":"auto","background-attachment":"scroll","background-type":"","background-media":"","overlay-type":"","overlay-color":"","overlay-opacity":"","overlay-gradient":""},"tablet":{"background-color":"var(--ast-global-color-4)","background-image":"","background-repeat":"repeat","background-position":"center center","background-size":"auto","background-attachment":"scroll","background-type":"","background-media":"","overlay-type":"","overlay-color":"","overlay-opacity":"","overlay-gradient":""},"mobile":{"background-color":"var(--ast-global-color-4)","background-image":"","background-repeat":"repeat","background-position":"center center","background-size":"auto","background-attachment":"scroll","background-type":"","background-media":"","overlay-type":"","overlay-color":"","overlay-opacity":"","overlay-gradient":""}}},"product_brand":[],"product_cat":[236,62,72],"product_tag":[148,149],"class_list":{"0":"post-4707","1":"product","2":"type-product","3":"status-publish","4":"has-post-thumbnail","6":"product_cat-cosmetic-container-set","7":"product_cat-cosmetic-containers","8":"product_cat-cosmetic-packaging","9":"product_tag-cosmetic-pump-bottles","10":"product_tag-wholesale-skincare-bottles","11":"desktop-align-left","12":"tablet-align-left","13":"mobile-align-left","15":"first","16":"instock","17":"shipping-taxable","18":"product-type-simple"},"acf":[],"jetpack_sharing_enabled":true,"_links":{"self":[{"href":"https:\/\/theperfumebottles.com\/tr\/wp-json\/wp\/v2\/product\/4707","targetHints":{"allow":["GET"]}}],"collection":[{"href":"https:\/\/theperfumebottles.com\/tr\/wp-json\/wp\/v2\/product"}],"about":[{"href":"https:\/\/theperfumebottles.com\/tr\/wp-json\/wp\/v2\/types\/product"}],"replies":[{"embeddable":true,"href":"https:\/\/theperfumebottles.com\/tr\/wp-json\/wp\/v2\/comments?post=4707"}],"wp:featuredmedia":[{"embeddable":true,"href":"https:\/\/theperfumebottles.com\/tr\/wp-json\/wp\/v2\/media\/4710"}],"wp:attachment":[{"href":"https:\/\/theperfumebottles.com\/tr\/wp-json\/wp\/v2\/media?parent=4707"}],"wp:term":[{"taxonomy":"product_brand","embeddable":true,"href":"https:\/\/theperfumebottles.com\/tr\/wp-json\/wp\/v2\/product_brand?post=4707"},{"taxonomy":"product_cat","embeddable":true,"href":"https:\/\/theperfumebottles.com\/tr\/wp-json\/wp\/v2\/product_cat?post=4707"},{"taxonomy":"product_tag","embeddable":true,"href":"https:\/\/theperfumebottles.com\/tr\/wp-json\/wp\/v2\/product_tag?post=4707"}],"curies":[{"name":"wp","href":"https:\/\/api.w.org\/{rel}","templated":true}]}}