{"id":4712,"date":"2025-07-21T18:02:54","date_gmt":"2025-07-21T10:02:54","guid":{"rendered":"https:\/\/theperfumebottles.com\/?post_type=product&#038;p=4712"},"modified":"2026-04-02T17:20:50","modified_gmt":"2026-04-02T09:20:50","slug":"skincare-set-50g-40ml-120ml-glass-airless-pump-bottles-small-lotion-jars-wholesale","status":"publish","type":"product","link":"https:\/\/theperfumebottles.com\/tr\/urun\/skincare-set-50g-40ml-120ml-glass-airless-pump-bottles-small-lotion-jars-wholesale\/","title":{"rendered":"Cilt Bak\u0131m Seti 50g 40ml 120ml Cam Hava Ge\u00e7irmeyen Pompal\u0131 \u015ei\u015feler \u2013 K\u00fc\u00e7\u00fck Losyon Kavanozlar\u0131 Toptan Sat\u0131\u015f"},"content":{"rendered":"<p><span class=\"highlights\" data-v-df95d256=\"\">Zarafeti verimlilikle harmanlayan cam havas\u0131z pompal\u0131 \u015fi\u015felere mi ihtiyac\u0131n\u0131z var? K\u00fc\u00e7\u00fck losyon kavanozlar\u0131m\u0131z, kozmetik ambalajlar\u0131n\u0131za ilham vermek i\u00e7in tasarland\u0131. Bir g\u00fczellik ambalaj\u0131 uzman\u0131 olarak, \u0131\u015f\u0131lt\u0131l\u0131 kozmetik ambalaj malzemelerine ihtiya\u00e7 duyan cilt bak\u0131m markalar\u0131 i\u00e7in vidal\u0131 kapakl\u0131 ve pompa ba\u015fl\u0131kl\u0131 cam kaplar \u00fcretiyoruz. Y\u00fcz ya\u011flar\u0131, serumlar veya nemlendiriciler i\u00e7in m\u00fckemmel ve evet, toplu g\u00f6nderime haz\u0131rlar.<\/span><\/p>\n<h2><strong>Temel \u00d6zellikler<\/strong><\/h2>\n<table style=\"border-collapse: collapse; width: 1003px; height: 283px; margin-left: 160px;\" border=\"0\" width=\"432\" cellspacing=\"0\" cellpadding=\"0\">\n<tbody>\n<tr style=\"height: 13.50pt;\">\n<td style=\"height: 13.50pt; width: 54.00pt;\" width=\"72\" height=\"18\">Kapasite<\/td>\n<td style=\"width: 54.00pt;\" width=\"72\">\u015eekil<\/td>\n<td style=\"width: 54.00pt;\" width=\"72\">S\u0131zd\u0131rmazl\u0131k<\/td>\n<td style=\"width: 54.00pt;\" width=\"72\">Malzeme<\/td>\n<td style=\"width: 54.00pt;\" width=\"72\">Renk Se\u00e7enekleri<\/td>\n<td style=\"width: 54.00pt;\" width=\"72\">Kullan\u0131m Amac\u0131<\/td>\n<\/tr>\n<tr style=\"height: 13.50pt;\">\n<td style=\"height: 13.50pt;\" height=\"18\">50 gr<\/td>\n<td>Silindirik<\/td>\n<td>Pompa ba\u015fl\u0131\u011f\u0131 + vidal\u0131 kapak<\/td>\n<td>Bardak<\/td>\n<td>Mat siyah, \u015feffaf, kehribar<\/td>\n<td>Y\u00fcz ya\u011f\u0131, serum<\/td>\n<\/tr>\n<tr style=\"height: 13.50pt;\">\n<td style=\"height: 13.50pt;\" height=\"18\">40 ml<\/td>\n<td>Silindirik<\/td>\n<td>Pompa ba\u015fl\u0131\u011f\u0131 + vidal\u0131 kapak<\/td>\n<td>Bardak<\/td>\n<td>Mat siyah, \u015feffaf, kehribar<\/td>\n<td>Seyahat boyu nemlendirici<\/td>\n<\/tr>\n<tr style=\"height: 13.50pt;\">\n<td style=\"height: 13.50pt;\" height=\"18\">120 ml<\/td>\n<td>Silindirik<\/td>\n<td>Pompa ba\u015fl\u0131\u011f\u0131 + vidal\u0131 kapak<\/td>\n<td>Bardak<\/td>\n<td>Mat siyah, \u015feffaf, kehribar<\/td>\n<td>Tam boy y\u00fcz ya\u011f\u0131<\/td>\n<\/tr>\n<\/tbody>\n<\/table>\n<h2><span class=\"highlights\" data-v-df95d256=\"\">Ba\u015far\u0131 \u00d6rne\u011fi: L\u00fcks Bir Cilt Bak\u0131m Markas\u0131n\u0131n Ambalaj Yenilemesi <\/span><\/h2>\n<p><span class=\"highlights\" data-v-df95d256=\"\">L\u00fcks bir cilt bak\u0131m serisinin, &#034;temiz l\u00fcks&#034; esteti\u011fine uygun cam havas\u0131z pompal\u0131 \u015fi\u015felere ihtiyac\u0131 vard\u0131. Mat siyah etiketli ve alt\u0131n pompa ba\u015fl\u0131kl\u0131 120 ml&#039;lik kehribar \u015fi\u015feler tedarik ettik. Sonu\u00e7? K\u00fc\u00e7\u00fck losyon kavanozlar\u0131n\u0131n sat\u0131\u015flar\u0131nda 0 art\u0131\u015f ve kozmetik ambalajlar\u0131n\u0131n minimalist tasar\u0131m\u0131na dair \u00f6vg\u00fc dolu yorumlar.<\/span><\/p>\n<h2><span class=\"highlights\" data-v-df95d256=\"\">Markan\u0131z \u0130\u00e7in \u00d6zelle\u015ftirme \u0130pu\u00e7lar\u0131 <\/span><\/h2>\n<ul>\n<li><span class=\"highlights\" data-v-df95d256=\"\"><strong>Renk Psikolojisi:<\/strong> Premium serumlar i\u00e7in mat siyah\u0131, ya\u015flanma kar\u015f\u0131t\u0131 ya\u011flar i\u00e7inse kehribar\u0131 tercih edebilirsiniz. <\/span><\/li>\n<li><span class=\"highlights\" data-v-df95d256=\"\"><strong>Etiket Tasar\u0131m\u0131:<\/strong> Minimalist yaz\u0131 tiplerini veya zarif alt\u0131n varak kaplamalar\u0131 tercih edin. <\/span><\/li>\n<li><span class=\"highlights\" data-v-df95d256=\"\"><strong>Biti\u015f Se\u00e7enekleri:<\/strong> Daha kaliteli bir dokunu\u015f i\u00e7in buzlu dokular veya kaz\u0131nm\u0131\u015f logolar ekleyin.<\/span><\/li>\n<\/ul>","protected":false},"excerpt":{"rendered":"<p>G\u00fczellik ambalajlar\u0131 i\u00e7in birinci s\u0131n\u0131f cam havas\u0131z pompal\u0131 \u015fi\u015feler ve k\u00fc\u00e7\u00fck losyon kavanozlar\u0131. Renkleri, etiketleri ve toplu sipari\u015fleri \u00f6zelle\u015ftirin.<\/p>","protected":false},"featured_media":4714,"comment_status":"open","ping_status":"closed","template":"","meta":{"_acf_changed":false,"site-sidebar-layout":"default","site-content-layout":"","ast-site-content-layout":"default","site-content-style":"default","site-sidebar-style":"default","ast-global-header-display":"","ast-banner-title-visibility":"","ast-main-header-display":"","ast-hfb-above-header-display":"","ast-hfb-below-header-display":"","ast-hfb-mobile-header-display":"","site-post-title":"","ast-breadcrumbs-content":"","ast-featured-img":"","footer-sml-layout":"","ast-disable-related-posts":"","theme-transparent-header-meta":"default","adv-header-id-meta":"","stick-header-meta":"","header-above-stick-meta":"","header-main-stick-meta":"","header-below-stick-meta":"","astra-migrate-meta-layouts":"set","ast-page-background-enabled":"default","ast-page-background-meta":{"desktop":{"background-color":"var(--ast-global-color-5)","background-image":"","background-repeat":"repeat","background-position":"center center","background-size":"auto","background-attachment":"scroll","background-type":"","background-media":"","overlay-type":"","overlay-color":"","overlay-opacity":"","overlay-gradient":""},"tablet":{"background-color":"","background-image":"","background-repeat":"repeat","background-position":"center center","background-size":"auto","background-attachment":"scroll","background-type":"","background-media":"","overlay-type":"","overlay-color":"","overlay-opacity":"","overlay-gradient":""},"mobile":{"background-color":"","background-image":"","background-repeat":"repeat","background-position":"center center","background-size":"auto","background-attachment":"scroll","background-type":"","background-media":"","overlay-type":"","overlay-color":"","overlay-opacity":"","overlay-gradient":""}},"ast-content-background-meta":{"desktop":{"background-color":"var(--ast-global-color-4)","background-image":"","background-repeat":"repeat","background-position":"center center","background-size":"auto","background-attachment":"scroll","background-type":"","background-media":"","overlay-type":"","overlay-color":"","overlay-opacity":"","overlay-gradient":""},"tablet":{"background-color":"var(--ast-global-color-4)","background-image":"","background-repeat":"repeat","background-position":"center center","background-size":"auto","background-attachment":"scroll","background-type":"","background-media":"","overlay-type":"","overlay-color":"","overlay-opacity":"","overlay-gradient":""},"mobile":{"background-color":"var(--ast-global-color-4)","background-image":"","background-repeat":"repeat","background-position":"center center","background-size":"auto","background-attachment":"scroll","background-type":"","background-media":"","overlay-type":"","overlay-color":"","overlay-opacity":"","overlay-gradient":""}}},"product_brand":[],"product_cat":[71,62,72],"product_tag":[150,151],"class_list":{"0":"post-4712","1":"product","2":"type-product","3":"status-publish","4":"has-post-thumbnail","6":"product_cat-glass-lotion-bottles","7":"product_cat-cosmetic-containers","8":"product_cat-cosmetic-packaging","9":"product_tag-glass-airless-pump-bottles","10":"product_tag-small-lotion-jars","11":"desktop-align-left","12":"tablet-align-left","13":"mobile-align-left","15":"first","16":"instock","17":"shipping-taxable","18":"product-type-simple"},"acf":[],"jetpack_sharing_enabled":true,"_links":{"self":[{"href":"https:\/\/theperfumebottles.com\/tr\/wp-json\/wp\/v2\/product\/4712","targetHints":{"allow":["GET"]}}],"collection":[{"href":"https:\/\/theperfumebottles.com\/tr\/wp-json\/wp\/v2\/product"}],"about":[{"href":"https:\/\/theperfumebottles.com\/tr\/wp-json\/wp\/v2\/types\/product"}],"replies":[{"embeddable":true,"href":"https:\/\/theperfumebottles.com\/tr\/wp-json\/wp\/v2\/comments?post=4712"}],"wp:featuredmedia":[{"embeddable":true,"href":"https:\/\/theperfumebottles.com\/tr\/wp-json\/wp\/v2\/media\/4714"}],"wp:attachment":[{"href":"https:\/\/theperfumebottles.com\/tr\/wp-json\/wp\/v2\/media?parent=4712"}],"wp:term":[{"taxonomy":"product_brand","embeddable":true,"href":"https:\/\/theperfumebottles.com\/tr\/wp-json\/wp\/v2\/product_brand?post=4712"},{"taxonomy":"product_cat","embeddable":true,"href":"https:\/\/theperfumebottles.com\/tr\/wp-json\/wp\/v2\/product_cat?post=4712"},{"taxonomy":"product_tag","embeddable":true,"href":"https:\/\/theperfumebottles.com\/tr\/wp-json\/wp\/v2\/product_tag?post=4712"}],"curies":[{"name":"wp","href":"https:\/\/api.w.org\/{rel}","templated":true}]}}