{"id":4727,"date":"2025-07-21T18:01:50","date_gmt":"2025-07-21T10:01:50","guid":{"rendered":"https:\/\/theperfumebottles.com\/?post_type=product&#038;p=4727"},"modified":"2026-03-26T17:11:04","modified_gmt":"2026-03-26T09:11:04","slug":"bulk-cosmetic-containers-for-skincare-packaging","status":"publish","type":"product","link":"https:\/\/theperfumebottles.com\/tr\/urun\/bulk-cosmetic-containers-for-skincare-packaging\/","title":{"rendered":"Cilt Bak\u0131m \u00dcr\u00fcnleri Ambalaj\u0131 i\u00e7in 20 g&#039;l\u0131k Toplu Kozmetik Kaplar\u0131"},"content":{"rendered":"<p>Bu sofistike ve \u00f6zg\u00fcn kozmetik kab\u0131, l\u00fcks ve kristal berrakl\u0131\u011f\u0131nda cam taban\u0131 ve ince k\u00fcresel bir topuzla ta\u00e7land\u0131r\u0131lm\u0131\u015f, zengin dokulu mat alt\u0131n kapa\u011f\u0131yla k\u00fcresel bir tasar\u0131ma sahiptir.<\/p>\n<h2><span class=\"highlights\" data-v-df95d256=\"\">Temel \u00d6zellikler<\/span><\/h2>\n<table style=\"border-collapse: collapse; width: 80%; height: 24px; margin-left: auto; margin-right: auto;\" border=\"0\" width=\"432\" cellspacing=\"0\" cellpadding=\"0\">\n<tbody>\n<tr style=\"height: 13.50pt;\">\n<td style=\"height: 13.50pt; width: 54.00pt;\" width=\"72\" height=\"18\">Kapasite<\/td>\n<td style=\"width: 54.00pt;\" width=\"72\">\u015eekil<\/td>\n<td style=\"width: 54.00pt;\" width=\"72\">S\u0131zd\u0131rmazl\u0131k<\/td>\n<td style=\"width: 54.00pt;\" width=\"72\">Malzeme<\/td>\n<td style=\"width: 54.00pt;\" width=\"72\">Renk Se\u00e7enekleri<\/td>\n<td style=\"width: 54.00pt;\" width=\"72\">Kullan\u0131m Amac\u0131<\/td>\n<\/tr>\n<tr style=\"height: 13.50pt;\">\n<td style=\"height: 13.50pt;\" height=\"18\">20g<\/td>\n<td>Yuvarlak<\/td>\n<td>Vidal\u0131 kapak + metal\/plastik<\/td>\n<td>Bardak<\/td>\n<td>Net, \u00f6zel renkler<\/td>\n<td>G\u00f6z kremi, y\u00fcz serumu<\/td>\n<\/tr>\n<\/tbody>\n<\/table>\n<h2><span class=\"highlights\" data-v-df95d256=\"\">Ba\u015far\u0131 \u00d6rne\u011fi<\/span><\/h2>\n<p>Merkezi Orta Do\u011fu&#039;da bulunan l\u00fcks bir cilt bak\u0131m \u015firketi, ki\u015fiselle\u015ftirilmi\u015f mat g\u00fcl alt\u0131n rengi metal kapa\u011f\u0131 ve topuzunda \u00f6zenle oyulmu\u015f deseniyle \u00f6zel 50 ml&#039;lik benzersiz kozmetik ambalaj\u0131m\u0131z\u0131 benimsedi. Pazarlamalar\u0131 bu \u015fi\u015fe etraf\u0131nda \u015fekillendi ve sosyal medyada 0 etkile\u015fim ve l\u00fcks ma\u011fazalarda sat\u0131\u015f oran\u0131 elde ettiler. Bu b\u00fcy\u00fck marka ba\u015far\u0131s\u0131, bir sonraki \u00fc\u00e7 y\u0131ll\u0131k koleksiyonlar\u0131 olan Icon i\u00e7in \u00f6zel ambalaj olarak 250.000 \u015fi\u015felik ba\u015fka bir sipari\u015fi de beraberinde getirdi.<\/p>\n<h2><span class=\"highlights\" data-v-df95d256=\"\">Toplu Kozmetik Kaplar\u0131 \u0130\u00e7in \u00d6zelle\u015ftirme \u0130pu\u00e7lar\u0131<\/span><\/h2>\n<ul>\n<li><span class=\"highlights\" data-v-df95d256=\"\"><strong>Logo Tasar\u0131m\u0131:<\/strong> Temiz bir estetik i\u00e7in minimalist yaz\u0131 tiplerini veya iddial\u0131 bir marka bilinci olu\u015fturmak i\u00e7in canl\u0131 anl\u0131k g\u00f6r\u00fcnt\u00fcleri kullan\u0131n. <\/span><\/li>\n<li><span class=\"highlights\" data-v-df95d256=\"\"><strong>Biti\u015f Se\u00e7enekleri:<\/strong> Kutunuzun d\u00fczenini vurgulamak i\u00e7in kaz\u0131nm\u0131\u015f ticari markalar veya renkli camlar ekleyin.<\/span><\/li>\n<\/ul>","protected":false},"excerpt":{"rendered":"<p>Alt\u0131n kapakl\u0131, l\u00fcks k\u00fcresel \u015fekilli, b\u00fcy\u00fck boy kozmetik ambalajlar\u0131. Premium markalar i\u00e7in benzersiz kozmetik ambalaj\u0131. Markalama i\u00e7in \u00f6zel se\u00e7enekler mevcuttur.<\/p>","protected":false},"featured_media":4728,"comment_status":"open","ping_status":"closed","template":"","meta":{"_acf_changed":false,"site-sidebar-layout":"default","site-content-layout":"","ast-site-content-layout":"default","site-content-style":"default","site-sidebar-style":"default","ast-global-header-display":"","ast-banner-title-visibility":"","ast-main-header-display":"","ast-hfb-above-header-display":"","ast-hfb-below-header-display":"","ast-hfb-mobile-header-display":"","site-post-title":"","ast-breadcrumbs-content":"","ast-featured-img":"","footer-sml-layout":"","ast-disable-related-posts":"","theme-transparent-header-meta":"default","adv-header-id-meta":"","stick-header-meta":"","header-above-stick-meta":"","header-main-stick-meta":"","header-below-stick-meta":"","astra-migrate-meta-layouts":"set","ast-page-background-enabled":"default","ast-page-background-meta":{"desktop":{"background-color":"var(--ast-global-color-5)","background-image":"","background-repeat":"repeat","background-position":"center center","background-size":"auto","background-attachment":"scroll","background-type":"","background-media":"","overlay-type":"","overlay-color":"","overlay-opacity":"","overlay-gradient":""},"tablet":{"background-color":"","background-image":"","background-repeat":"repeat","background-position":"center center","background-size":"auto","background-attachment":"scroll","background-type":"","background-media":"","overlay-type":"","overlay-color":"","overlay-opacity":"","overlay-gradient":""},"mobile":{"background-color":"","background-image":"","background-repeat":"repeat","background-position":"center center","background-size":"auto","background-attachment":"scroll","background-type":"","background-media":"","overlay-type":"","overlay-color":"","overlay-opacity":"","overlay-gradient":""}},"ast-content-background-meta":{"desktop":{"background-color":"var(--ast-global-color-4)","background-image":"","background-repeat":"repeat","background-position":"center center","background-size":"auto","background-attachment":"scroll","background-type":"","background-media":"","overlay-type":"","overlay-color":"","overlay-opacity":"","overlay-gradient":""},"tablet":{"background-color":"var(--ast-global-color-4)","background-image":"","background-repeat":"repeat","background-position":"center center","background-size":"auto","background-attachment":"scroll","background-type":"","background-media":"","overlay-type":"","overlay-color":"","overlay-opacity":"","overlay-gradient":""},"mobile":{"background-color":"var(--ast-global-color-4)","background-image":"","background-repeat":"repeat","background-position":"center center","background-size":"auto","background-attachment":"scroll","background-type":"","background-media":"","overlay-type":"","overlay-color":"","overlay-opacity":"","overlay-gradient":""}}},"product_brand":[],"product_cat":[56,62,72],"product_tag":[155,156],"class_list":{"0":"post-4727","1":"product","2":"type-product","3":"status-publish","4":"has-post-thumbnail","6":"product_cat-cosmetic-jars","7":"product_cat-cosmetic-containers","8":"product_cat-cosmetic-packaging","9":"product_tag-bulk-cosmetic-containers","10":"product_tag-unique-cosmetic-packaging","11":"desktop-align-left","12":"tablet-align-left","13":"mobile-align-left","15":"first","16":"instock","17":"shipping-taxable","18":"product-type-simple"},"acf":[],"jetpack_sharing_enabled":true,"_links":{"self":[{"href":"https:\/\/theperfumebottles.com\/tr\/wp-json\/wp\/v2\/product\/4727","targetHints":{"allow":["GET"]}}],"collection":[{"href":"https:\/\/theperfumebottles.com\/tr\/wp-json\/wp\/v2\/product"}],"about":[{"href":"https:\/\/theperfumebottles.com\/tr\/wp-json\/wp\/v2\/types\/product"}],"replies":[{"embeddable":true,"href":"https:\/\/theperfumebottles.com\/tr\/wp-json\/wp\/v2\/comments?post=4727"}],"wp:featuredmedia":[{"embeddable":true,"href":"https:\/\/theperfumebottles.com\/tr\/wp-json\/wp\/v2\/media\/4728"}],"wp:attachment":[{"href":"https:\/\/theperfumebottles.com\/tr\/wp-json\/wp\/v2\/media?parent=4727"}],"wp:term":[{"taxonomy":"product_brand","embeddable":true,"href":"https:\/\/theperfumebottles.com\/tr\/wp-json\/wp\/v2\/product_brand?post=4727"},{"taxonomy":"product_cat","embeddable":true,"href":"https:\/\/theperfumebottles.com\/tr\/wp-json\/wp\/v2\/product_cat?post=4727"},{"taxonomy":"product_tag","embeddable":true,"href":"https:\/\/theperfumebottles.com\/tr\/wp-json\/wp\/v2\/product_tag?post=4727"}],"curies":[{"name":"wp","href":"https:\/\/api.w.org\/{rel}","templated":true}]}}