{"id":4757,"date":"2025-07-22T18:02:44","date_gmt":"2025-07-22T10:02:44","guid":{"rendered":"https:\/\/theperfumebottles.com\/?post_type=product&#038;p=4757"},"modified":"2026-04-08T12:01:37","modified_gmt":"2026-04-08T04:01:37","slug":"30g-50g-30ml-35ml-100ml-120ml-green-glass-pump-cosmetic-bottles-jar-cosmetics-containers-set","status":"publish","type":"product","link":"https:\/\/theperfumebottles.com\/tr\/urun\/30g-50g-30ml-35ml-100ml-120ml-green-glass-pump-cosmetic-bottles-jar-cosmetics-containers-set\/","title":{"rendered":"30g 50g 30ml 35ml 100ml 120ml Ye\u015fil Cam Pompal\u0131 Kozmetik \u015ei\u015feleri ve Kavanoz Kozmetik Kaplar\u0131 Seti"},"content":{"rendered":"<p><span class=\"highlights\" data-v-df95d256=\"\">Ye\u015fil cam kozmetik kaplar\u0131m\u0131z, hem esteti\u011fi hem de performans\u0131 \u00f6n planda tutan markalar i\u00e7in stil ve i\u015flevselli\u011fi bir araya getiriyor.<\/span><\/p>\n<h2><span class=\"highlights\" data-v-df95d256=\"\">Temel \u00d6zellikler<\/span><\/h2>\n<table style=\"border-collapse: collapse; width: 1000px; height: 421px; margin-left: 160px;\" border=\"0\" width=\"144\" cellspacing=\"0\" cellpadding=\"0\">\n<tbody>\n<tr style=\"height: 13.50pt;\">\n<td style=\"height: 13.50pt; width: 54.00pt;\" width=\"72\" height=\"18\">\u00d6zellik<\/td>\n<td style=\"width: 54.00pt;\" width=\"72\">Detaylar<\/td>\n<\/tr>\n<tr style=\"height: 13.50pt;\">\n<td style=\"height: 13.50pt;\" height=\"18\">Kapasite<\/td>\n<td>30g, 50g, 30ml, 35ml, 100ml, 120ml<\/td>\n<\/tr>\n<tr style=\"height: 13.50pt;\">\n<td style=\"height: 13.50pt;\" height=\"18\">\u015eekil<\/td>\n<td>Modern estetik i\u00e7in d\u00fcz kenarl\u0131 tasar\u0131m<\/td>\n<\/tr>\n<tr style=\"height: 13.50pt;\">\n<td style=\"height: 13.50pt;\" height=\"18\">S\u0131zd\u0131rmazl\u0131k Y\u00f6ntemi<\/td>\n<td>Vidal\u0131 kapak + plastik\/metal kapak (pompa ba\u015fl\u0131\u011f\u0131 mevcuttur)<\/td>\n<\/tr>\n<tr style=\"height: 13.50pt;\">\n<td style=\"height: 13.50pt;\" height=\"18\">Malzeme<\/td>\n<td>\u00c7evre dostu, y\u00fcksek \u015feffafl\u0131\u011fa sahip ye\u015fil cam<\/td>\n<\/tr>\n<tr style=\"height: 13.50pt;\">\n<td style=\"height: 13.50pt;\" height=\"18\">Renk<\/td>\n<td>Mat siyah kapak; canl\u0131 ye\u015fil cam g\u00f6vde<\/td>\n<\/tr>\n<tr style=\"height: 13.50pt;\">\n<td style=\"height: 13.50pt;\" height=\"18\">Kullan\u0131m \u00d6rne\u011fi<\/td>\n<td>Ambalaj inovasyonu i\u00e7in y\u00fcz kremi, v\u00fccut losyonu, serum ve kozmetik kaplar\u0131<\/td>\n<\/tr>\n<\/tbody>\n<\/table>\n<h2><span class=\"highlights\" data-v-df95d256=\"\">Ba\u015far\u0131 Hikayesi: Bir Cilt Bak\u0131m Markas\u0131n\u0131 Y\u00fckseltmek <\/span><\/h2>\n<p><span class=\"highlights\" data-v-df95d256=\"\">Do\u011fal cilt bak\u0131m\u0131 alan\u0131nda faaliyet g\u00f6steren bir giri\u015fim, kozmetik ambalajlar\u0131n\u0131 yeniden markalamak i\u00e7in pompal\u0131 kozmetik \u015fi\u015felerimizi ve kavanoz kozmetiklerimizi kulland\u0131. Minimalist siyah kapakl\u0131 ye\u015fil cama ge\u00e7erek m\u00fc\u015fteri sadakatinde art\u0131\u015f sa\u011flad\u0131lar. Ana sayfalar\u0131nda art\u0131k cilt bak\u0131m \u00fcr\u00fcnleri i\u00e7in \u00f6nemli bir fark yaratan ince p\u00fcsk\u00fcrtmeli pompa sistemi vurgulan\u0131yor.<\/span><\/p>\n<h2><span class=\"highlights\" data-v-df95d256=\"\">\u00d6zelle\u015ftirme \u0130pu\u00e7lar\u0131: <\/span><\/h2>\n<ul>\n<li><span class=\"highlights\" data-v-df95d256=\"\"><strong>Kar\u0131\u015f\u0131k formatlar:<\/strong> Tutarl\u0131 bir g\u00fczellik ambalaj\u0131 serisi i\u00e7in \u015fi\u015fe ve kavanoz stillerini birle\u015ftirin. <\/span><\/li>\n<li><span class=\"highlights\" data-v-df95d256=\"\"><strong>S\u00fcrd\u00fcr\u00fclebilirlik tutumu:<\/strong> Ye\u015fil s\u00f6z\u00fcn\u00fcz\u00fcn bir par\u00e7as\u0131 olarak geri d\u00f6n\u00fc\u015ft\u00fcr\u00fclebilir camlar\u0131 pazarlay\u0131n. <\/span><\/li>\n<li><span class=\"highlights\" data-v-df95d256=\"\"><strong>Marka i\u00e7in Etiketleme\uff1a<\/strong>Temel bile\u015fenlere veya s\u00fcrd\u00fcr\u00fclebilirlik kimlik bilgilerine odaklanmak i\u00e7in ikincil bir etiket ekleyin. <\/span><\/li>\n<li><span class=\"highlights\" data-v-df95d256=\"\"><strong>Kar\u0131\u015ft\u0131r ve E\u015fle\u015ftir \u015eapka Kaplamalar\u0131:<\/strong>Cesur bir g\u00f6r\u00fcn\u00fcm i\u00e7in mat siyah kapaklar\u0131 \u015f\u0131k cam g\u00f6vdelerle e\u015fle\u015ftirin veya minimalist bir hava i\u00e7in tamamen mat bir g\u00f6r\u00fcn\u00fcm tercih edin.<\/span><\/li>\n<\/ul>","protected":false},"excerpt":{"rendered":"<p>Cilt bak\u0131m\u0131 ambalajlar\u0131 i\u00e7in \u00e7evre dostu pompal\u0131 kozmetik \u015fi\u015felerini ve kavanoz kozmetik kaplar\u0131n\u0131 ke\u015ffedin. Toplu olarak g\u00f6nderilmeye haz\u0131r, ince p\u00fcsk\u00fcrtmeli, \u00f6zelle\u015ftirilebilir g\u00fczellik ambalajlar\u0131 - markan\u0131z\u0131n g\u00f6r\u00fcn\u00fcm\u00fcne ilham verin!<\/p>","protected":false},"featured_media":7609,"comment_status":"open","ping_status":"closed","template":"","meta":{"_acf_changed":false,"site-sidebar-layout":"default","site-content-layout":"","ast-site-content-layout":"default","site-content-style":"default","site-sidebar-style":"default","ast-global-header-display":"","ast-banner-title-visibility":"","ast-main-header-display":"","ast-hfb-above-header-display":"","ast-hfb-below-header-display":"","ast-hfb-mobile-header-display":"","site-post-title":"","ast-breadcrumbs-content":"","ast-featured-img":"","footer-sml-layout":"","ast-disable-related-posts":"","theme-transparent-header-meta":"default","adv-header-id-meta":"","stick-header-meta":"","header-above-stick-meta":"","header-main-stick-meta":"","header-below-stick-meta":"","astra-migrate-meta-layouts":"set","ast-page-background-enabled":"default","ast-page-background-meta":{"desktop":{"background-color":"var(--ast-global-color-5)","background-image":"","background-repeat":"repeat","background-position":"center center","background-size":"auto","background-attachment":"scroll","background-type":"","background-media":"","overlay-type":"","overlay-color":"","overlay-opacity":"","overlay-gradient":""},"tablet":{"background-color":"","background-image":"","background-repeat":"repeat","background-position":"center center","background-size":"auto","background-attachment":"scroll","background-type":"","background-media":"","overlay-type":"","overlay-color":"","overlay-opacity":"","overlay-gradient":""},"mobile":{"background-color":"","background-image":"","background-repeat":"repeat","background-position":"center center","background-size":"auto","background-attachment":"scroll","background-type":"","background-media":"","overlay-type":"","overlay-color":"","overlay-opacity":"","overlay-gradient":""}},"ast-content-background-meta":{"desktop":{"background-color":"var(--ast-global-color-4)","background-image":"","background-repeat":"repeat","background-position":"center center","background-size":"auto","background-attachment":"scroll","background-type":"","background-media":"","overlay-type":"","overlay-color":"","overlay-opacity":"","overlay-gradient":""},"tablet":{"background-color":"var(--ast-global-color-4)","background-image":"","background-repeat":"repeat","background-position":"center center","background-size":"auto","background-attachment":"scroll","background-type":"","background-media":"","overlay-type":"","overlay-color":"","overlay-opacity":"","overlay-gradient":""},"mobile":{"background-color":"var(--ast-global-color-4)","background-image":"","background-repeat":"repeat","background-position":"center center","background-size":"auto","background-attachment":"scroll","background-type":"","background-media":"","overlay-type":"","overlay-color":"","overlay-opacity":"","overlay-gradient":""}}},"product_brand":[],"product_cat":[236,62,72],"product_tag":[158,157],"class_list":{"0":"post-4757","1":"product","2":"type-product","3":"status-publish","4":"has-post-thumbnail","6":"product_cat-cosmetic-container-set","7":"product_cat-cosmetic-containers","8":"product_cat-cosmetic-packaging","9":"product_tag-jar-cosmetics","10":"product_tag-pump-cosmetic-bottles","11":"desktop-align-left","12":"tablet-align-left","13":"mobile-align-left","15":"first","16":"instock","17":"shipping-taxable","18":"product-type-simple"},"acf":[],"jetpack_sharing_enabled":true,"_links":{"self":[{"href":"https:\/\/theperfumebottles.com\/tr\/wp-json\/wp\/v2\/product\/4757","targetHints":{"allow":["GET"]}}],"collection":[{"href":"https:\/\/theperfumebottles.com\/tr\/wp-json\/wp\/v2\/product"}],"about":[{"href":"https:\/\/theperfumebottles.com\/tr\/wp-json\/wp\/v2\/types\/product"}],"replies":[{"embeddable":true,"href":"https:\/\/theperfumebottles.com\/tr\/wp-json\/wp\/v2\/comments?post=4757"}],"wp:featuredmedia":[{"embeddable":true,"href":"https:\/\/theperfumebottles.com\/tr\/wp-json\/wp\/v2\/media\/7609"}],"wp:attachment":[{"href":"https:\/\/theperfumebottles.com\/tr\/wp-json\/wp\/v2\/media?parent=4757"}],"wp:term":[{"taxonomy":"product_brand","embeddable":true,"href":"https:\/\/theperfumebottles.com\/tr\/wp-json\/wp\/v2\/product_brand?post=4757"},{"taxonomy":"product_cat","embeddable":true,"href":"https:\/\/theperfumebottles.com\/tr\/wp-json\/wp\/v2\/product_cat?post=4757"},{"taxonomy":"product_tag","embeddable":true,"href":"https:\/\/theperfumebottles.com\/tr\/wp-json\/wp\/v2\/product_tag?post=4757"}],"curies":[{"name":"wp","href":"https:\/\/api.w.org\/{rel}","templated":true}]}}