{"id":4762,"date":"2025-07-22T17:44:55","date_gmt":"2025-07-22T09:44:55","guid":{"rendered":"https:\/\/theperfumebottles.com\/?post_type=product&#038;p=4762"},"modified":"2026-04-01T15:02:00","modified_gmt":"2026-04-01T07:02:00","slug":"custom-cosmetic-jars-makeup-pump-bottles-wholesale","status":"publish","type":"product","link":"https:\/\/theperfumebottles.com\/tr\/urun\/custom-cosmetic-jars-makeup-pump-bottles-wholesale\/","title":{"rendered":"50g, 30ml, 40ml, 100ml, 120ml \u00d6zel Kozmetik Kavanozlar\u0131 - Toptan Makyaj Pompas\u0131 \u015ei\u015feleri"},"content":{"rendered":"<p>\u015e\u0131kl\u0131\u011f\u0131 pratiklikle harmanlayan \u00f6zel kozmetik kavanozlar\u0131 m\u0131 ar\u0131yorsunuz? Bu cam ihti\u015faml\u0131 kutu koleksiyonu, mat beyaz veya saf cam g\u00f6vdeleri \u015f\u0131k g\u00fcm\u00fc\u015f kaplama kapaklarla tamaml\u0131yor. Cilt bak\u0131m \u00fcr\u00fcnleri \u00fcreticileri i\u00e7in \u00f6zel olarak tasarlanan koleksiyonda, y\u00fcz kremi kavanozlar\u0131, serum \u015fi\u015feleri ve makyaj pompas\u0131 \u015fi\u015feleri yer al\u0131yor; g\u00f6z al\u0131c\u0131 ve etkili g\u00fczellik ambalajlar\u0131 i\u00e7in ideal.<\/p>\n<h2><span class=\"highlights\" data-v-df95d256=\"\">Temel \u00d6zellikler<\/span><\/h2>\n<table style=\"margin-left: auto; margin-right: auto; border-collapse: collapse; width: 80%; height: 290px;\" border=\"0\" width=\"360\" cellspacing=\"0\" cellpadding=\"0\">\n<tbody>\n<tr style=\"height: 13.50pt;\">\n<td style=\"height: 13.50pt; width: 54.00pt;\" width=\"72\" height=\"18\">Kapasite<\/td>\n<td style=\"width: 54.00pt;\" width=\"72\">S\u0131zd\u0131rmazl\u0131k<\/td>\n<td style=\"width: 54.00pt;\" width=\"72\">Malzeme<\/td>\n<td style=\"width: 54.00pt;\" width=\"72\">Renk se\u00e7enekleri<\/td>\n<td style=\"width: 54.00pt;\" width=\"72\">Kullan\u0131m<\/td>\n<\/tr>\n<tr style=\"height: 13.50pt;\">\n<td style=\"height: 13.50pt;\" height=\"18\">30 ml<\/td>\n<td class=\"et2\" rowspan=\"4\">Pompa ba\u015fl\u0131\u011f\u0131 veya vidal\u0131 kapak<\/td>\n<td class=\"et2\" rowspan=\"5\">Soda-kire\u00e7 cam\u0131<\/td>\n<td class=\"et2\" rowspan=\"5\">White, clear, black, amber, as you requir<\/td>\n<td class=\"et2\" rowspan=\"5\">Y\u00fcz losyonu, kozmetik ya\u011f\u0131\u2026<\/td>\n<\/tr>\n<tr style=\"height: 13.50pt;\">\n<td style=\"height: 13.50pt;\" height=\"18\">40 ml<\/td>\n<\/tr>\n<tr style=\"height: 13.50pt;\">\n<td style=\"height: 13.50pt;\" height=\"18\">100 ml<\/td>\n<\/tr>\n<tr style=\"height: 13.50pt;\">\n<td style=\"height: 13.50pt;\" height=\"18\">120 ml<\/td>\n<\/tr>\n<tr style=\"height: 13.50pt;\">\n<td style=\"height: 13.50pt;\" height=\"18\">50 gr<\/td>\n<td>Vidal\u0131 kapak + plastik\/metal kapak<\/td>\n<\/tr>\n<\/tbody>\n<\/table>\n<h2><span class=\"highlights\" data-v-df95d256=\"\">Ba\u015far\u0131 \u00d6rne\u011fi: L\u00fcks Bir Cilt Bak\u0131m Markas\u0131n\u0131n Ambalaj Yenilemesi <\/span><\/h2>\n<p><span class=\"highlights\" data-v-df95d256=\"\">L\u00fcks bir cilt bak\u0131m serisinin, &#034;temiz zarafet&#034; temas\u0131na uygun \u00f6zel kozmetik kavanozlar\u0131na ihtiyac\u0131 vard\u0131. G\u00fcm\u00fc\u015f kaplama vidal\u0131 kapakl\u0131 ve \u00f6zel alt\u0131n etiketli 100 ml&#039;lik mat beyaz kavanozlar tedarik ettik. Sonu\u00e7? Makyaj pompas\u0131 \u015fi\u015fesi sat\u0131\u015flar\u0131nda 0 art\u0131\u015f ve \u00f6nde gelen bir g\u00fczellik ambalaj dergisinde yer alma.<\/span><\/p>\n<h2><span class=\"highlights\" data-v-df95d256=\"\">Markan\u0131z \u0130\u00e7in \u00d6zelle\u015ftirme \u0130pu\u00e7lar\u0131 <\/span><\/h2>\n<ul>\n<li><span class=\"highlights\" data-v-df95d256=\"\"><strong>Renk Se\u00e7enekleri:<\/strong> Sadelik i\u00e7in mat beyazla ba\u015flay\u0131n veya ince bir sis serumu g\u00f6r\u00fcn\u00fcm\u00fc i\u00e7in kehribar cam\u0131na ge\u00e7in. <\/span><\/li>\n<li><span class=\"highlights\" data-v-df95d256=\"\"><strong>Logo Tasar\u0131m\u0131:<\/strong> Birinci s\u0131n\u0131f bir his i\u00e7in minimalist yaz\u0131 tipleri veya cesur bir markalama i\u00e7in canl\u0131 grafikler kullan\u0131n. <\/span><\/li>\n<li><span aria-hidden=\"true\"><strong>Ki\u015fiselle\u015ftirme \u00d6zellikleri:<\/strong> Kaplar\u0131n\u0131z\u0131 lazerle kaz\u0131nm\u0131\u015f logolar veya renkli cam gibi y\u00f6ntemlerle \u00f6zelle\u015ftirebilirsiniz.<\/span><\/li>\n<\/ul>","protected":false},"excerpt":{"rendered":"<p>Cilt bak\u0131m \u00fcr\u00fcnleri i\u00e7in birinci s\u0131n\u0131f \u00f6zel kozmetik kavanozlar\u0131 ve makyaj pompas\u0131 \u015fi\u015feleri. \u00c7evre dostu, \u00f6zel etiketlerle toplu g\u00f6nderime haz\u0131r. Ana sayfam\u0131z\u0131 ziyaret edin!<\/p>","protected":false},"featured_media":4763,"comment_status":"open","ping_status":"closed","template":"","meta":{"_acf_changed":false,"site-sidebar-layout":"default","site-content-layout":"","ast-site-content-layout":"default","site-content-style":"default","site-sidebar-style":"default","ast-global-header-display":"","ast-banner-title-visibility":"","ast-main-header-display":"","ast-hfb-above-header-display":"","ast-hfb-below-header-display":"","ast-hfb-mobile-header-display":"","site-post-title":"","ast-breadcrumbs-content":"","ast-featured-img":"","footer-sml-layout":"","ast-disable-related-posts":"","theme-transparent-header-meta":"default","adv-header-id-meta":"","stick-header-meta":"","header-above-stick-meta":"","header-main-stick-meta":"","header-below-stick-meta":"","astra-migrate-meta-layouts":"set","ast-page-background-enabled":"default","ast-page-background-meta":{"desktop":{"background-color":"var(--ast-global-color-5)","background-image":"","background-repeat":"repeat","background-position":"center center","background-size":"auto","background-attachment":"scroll","background-type":"","background-media":"","overlay-type":"","overlay-color":"","overlay-opacity":"","overlay-gradient":""},"tablet":{"background-color":"","background-image":"","background-repeat":"repeat","background-position":"center center","background-size":"auto","background-attachment":"scroll","background-type":"","background-media":"","overlay-type":"","overlay-color":"","overlay-opacity":"","overlay-gradient":""},"mobile":{"background-color":"","background-image":"","background-repeat":"repeat","background-position":"center center","background-size":"auto","background-attachment":"scroll","background-type":"","background-media":"","overlay-type":"","overlay-color":"","overlay-opacity":"","overlay-gradient":""}},"ast-content-background-meta":{"desktop":{"background-color":"var(--ast-global-color-4)","background-image":"","background-repeat":"repeat","background-position":"center center","background-size":"auto","background-attachment":"scroll","background-type":"","background-media":"","overlay-type":"","overlay-color":"","overlay-opacity":"","overlay-gradient":""},"tablet":{"background-color":"var(--ast-global-color-4)","background-image":"","background-repeat":"repeat","background-position":"center center","background-size":"auto","background-attachment":"scroll","background-type":"","background-media":"","overlay-type":"","overlay-color":"","overlay-opacity":"","overlay-gradient":""},"mobile":{"background-color":"var(--ast-global-color-4)","background-image":"","background-repeat":"repeat","background-position":"center center","background-size":"auto","background-attachment":"scroll","background-type":"","background-media":"","overlay-type":"","overlay-color":"","overlay-opacity":"","overlay-gradient":""}}},"product_brand":[],"product_cat":[236,62,72],"product_tag":[159,160],"class_list":{"0":"post-4762","1":"product","2":"type-product","3":"status-publish","4":"has-post-thumbnail","6":"product_cat-cosmetic-container-set","7":"product_cat-cosmetic-containers","8":"product_cat-cosmetic-packaging","9":"product_tag-custom-cosmetic-jars","10":"product_tag-makeup-pump-bottle","11":"desktop-align-left","12":"tablet-align-left","13":"mobile-align-left","15":"first","16":"instock","17":"shipping-taxable","18":"product-type-simple"},"acf":[],"jetpack_sharing_enabled":true,"_links":{"self":[{"href":"https:\/\/theperfumebottles.com\/tr\/wp-json\/wp\/v2\/product\/4762","targetHints":{"allow":["GET"]}}],"collection":[{"href":"https:\/\/theperfumebottles.com\/tr\/wp-json\/wp\/v2\/product"}],"about":[{"href":"https:\/\/theperfumebottles.com\/tr\/wp-json\/wp\/v2\/types\/product"}],"replies":[{"embeddable":true,"href":"https:\/\/theperfumebottles.com\/tr\/wp-json\/wp\/v2\/comments?post=4762"}],"wp:featuredmedia":[{"embeddable":true,"href":"https:\/\/theperfumebottles.com\/tr\/wp-json\/wp\/v2\/media\/4763"}],"wp:attachment":[{"href":"https:\/\/theperfumebottles.com\/tr\/wp-json\/wp\/v2\/media?parent=4762"}],"wp:term":[{"taxonomy":"product_brand","embeddable":true,"href":"https:\/\/theperfumebottles.com\/tr\/wp-json\/wp\/v2\/product_brand?post=4762"},{"taxonomy":"product_cat","embeddable":true,"href":"https:\/\/theperfumebottles.com\/tr\/wp-json\/wp\/v2\/product_cat?post=4762"},{"taxonomy":"product_tag","embeddable":true,"href":"https:\/\/theperfumebottles.com\/tr\/wp-json\/wp\/v2\/product_tag?post=4762"}],"curies":[{"name":"wp","href":"https:\/\/api.w.org\/{rel}","templated":true}]}}