{"id":4779,"date":"2025-07-22T17:54:09","date_gmt":"2025-07-22T09:54:09","guid":{"rendered":"https:\/\/theperfumebottles.com\/?post_type=product&#038;p=4779"},"modified":"2026-03-27T16:41:05","modified_gmt":"2026-03-27T08:41:05","slug":"amber-tincture-bottles-with-dropper-glass-bottles-supplier","status":"publish","type":"product","link":"https:\/\/theperfumebottles.com\/tr\/urun\/amber-tincture-bottles-with-dropper-glass-bottles-supplier\/","title":{"rendered":"Damlal\u0131kl\u0131 Amber Renkli Tent\u00fcr \u015ei\u015feleri | 15ml\u2013120ml Cam \u015ei\u015feler"},"content":{"rendered":"<p>Klasik yuvarlak \u015fekle sahip, d\u00fcz g\u00f6vdeli ve e\u011fimli omuzlu kehribar renkli tent\u00fcr \u015fi\u015feleri serisi, g\u00f6vde ve boyun aras\u0131nda p\u00fcr\u00fczs\u00fcz bir kontur olu\u015fturarak temiz ve profesyonel bir g\u00f6r\u00fcn\u00fcm sunar. Bu kehribar renkli cam \u015fi\u015feler, \u0131\u015f\u0131\u011fa duyarl\u0131 \u00fcr\u00fcnler i\u00e7in iyi UV korumas\u0131 sa\u011flayan \u00fcst\u00fcn kaliteli kehribar camdan \u00fcretilmi\u015ftir. Vidal\u0131 boyun standartt\u0131r ve al\u00fcminyum, plastik veya bambu kaplamal\u0131 damlal\u0131klar, sprey ba\u015fl\u0131klar\u0131 ve pompa da\u011f\u0131t\u0131c\u0131lar\u0131 gibi \u00e7e\u015fitli kapaklarla uyumludur. Bu seri ayr\u0131ca 15 ml, 30 ml, 60 ml, 100 ml ve 120 ml kapasitelerde de mevcuttur, bu da esnek \u00fcr\u00fcn hatlar\u0131 ve marka olu\u015fturmaya yard\u0131mc\u0131 olur.<\/p>\n<h2><span class=\"highlights\" data-v-df95d256=\"\">Temel \u00d6zellikler<\/span><\/h2>\n<table style=\"border-collapse: collapse; width: 879px; height: 272px; margin-left: 200px;\" border=\"0\" width=\"144\" cellspacing=\"0\" cellpadding=\"0\">\n<tbody>\n<tr style=\"height: 13.50pt;\">\n<td style=\"height: 13.50pt; width: 30%;\" width=\"72\" height=\"18\">\u00dcr\u00fcn<\/td>\n<td style=\"width: 54.00pt;\" width=\"72\">Damlal\u0131k i\u00e7eren kehribar renkli cam \u015fi\u015fe<\/td>\n<\/tr>\n<tr style=\"height: 13.50pt;\">\n<td style=\"height: 13.50pt;\" height=\"18\">Kapasite<\/td>\n<td>15ml, 30ml, 60ml, 100ml, 120ml<\/td>\n<\/tr>\n<tr style=\"height: 13.50pt;\">\n<td style=\"height: 13.50pt;\" height=\"18\">\u015eekil<\/td>\n<td>Modern estetik i\u00e7in d\u00fcz kenarl\u0131 tasar\u0131m<\/td>\n<\/tr>\n<tr style=\"height: 13.50pt;\">\n<td style=\"height: 13.50pt;\" height=\"18\">Aksesuar Se\u00e7enekleri<\/td>\n<td>Losyon Pompas\u0131, Sis P\u00fcsk\u00fcrt\u00fcc\u00fc, Damlal\u0131k, Vidal\u0131 Kapak<\/td>\n<\/tr>\n<tr style=\"height: 13.50pt;\">\n<td style=\"height: 13.50pt;\" height=\"18\">Malzeme<\/td>\n<td>Soda-kire\u00e7 cam\u0131<\/td>\n<\/tr>\n<tr style=\"height: 13.50pt;\">\n<td style=\"height: 13.50pt;\" height=\"18\">Renk<\/td>\n<td>Amber (UV koruyucu renk tonu)<\/td>\n<\/tr>\n<tr style=\"height: 13.50pt;\">\n<td style=\"height: 13.50pt;\" height=\"18\">Birincil Kullan\u0131m<\/td>\n<td>Y\u00fcz spreyleri, tonikler, v\u00fccut ya\u011flar\u0131 ve kozmetik ambalaj malzemeleri<\/td>\n<\/tr>\n<\/tbody>\n<\/table>\n<h2>Ba\u015fvuru<\/h2>\n<p>Bu kehribar renkli tent\u00fcr \u015fi\u015feleri, ila\u00e7, kozmetik ve sa\u011fl\u0131k sekt\u00f6r\u00fcnde geni\u015f uygulama alan\u0131 bulmaktad\u0131r. Esansiyel ya\u011flar, tent\u00fcrler, serumlar, bitkisel \u00f6zler ve cilt bak\u0131m\u0131nda kullan\u0131lan s\u0131v\u0131lar\u0131n ambalajlanmas\u0131 i\u00e7in m\u00fckemmeldirler. \u00dcr\u00fcn\u00fcn korunmas\u0131n\u0131 ve son kullan\u0131c\u0131n\u0131n kolay eri\u015fimini sa\u011flamak i\u00e7in hassas da\u011f\u0131t\u0131m, p\u00fcsk\u00fcrtme veya pompalama gibi \u00e7e\u015fitli da\u011f\u0131t\u0131m y\u00f6ntemleriyle perakende, \u015firket i\u00e7i etiket ve toplu tedarik uygulamalar\u0131nda kullan\u0131labilirler.<\/p>\n<h2><span class=\"highlights\" data-v-df95d256=\"\">Ba\u015far\u0131 \u00d6yk\u00fcs\u00fc: \u00d6zel Tasar\u0131ml\u0131 Dispenserlere Sahip Bir Marka <\/span><\/h2>\n<p><span class=\"highlights\" data-v-df95d256=\"\">Yeni bir cilt bak\u0131m giri\u015fimi, yeni hyaluronik asit serumlar\u0131 i\u00e7in kozmetik pompa da\u011f\u0131t\u0131c\u0131lar\u0131 tasarlamak \u00fczere bizimle ortakl\u0131k kurdu. Kolay uygulama i\u00e7in ince p\u00fcsk\u00fcrtme \u00f6zelli\u011fine sahip 100 ml&#039;lik kehribar renkli cam \u015fi\u015feleri se\u00e7tiler. Kozmetik sprey \u015fi\u015felerini toptan sipari\u015f ederek maliyetleri oran\u0131nda d\u00fc\u015f\u00fcrd\u00fcler ve Amazon&#039;daki ana sayfa g\u00f6r\u00fcn\u00fcrl\u00fcklerini art\u0131ran, hemen g\u00f6nderime haz\u0131r bir kampanya ba\u015flatt\u0131lar. Sat\u0131\u015flar sadece iki ayda artt\u0131!<\/span><\/p>\n<h2><span class=\"highlights\" data-v-df95d256=\"\">Sizin \u0130\u00e7in \u00d6zelle\u015ftirme \u0130pu\u00e7lar\u0131 <\/span><\/h2>\n<ul>\n<li><span class=\"highlights\" data-v-df95d256=\"\"><strong>Renk Tutarl\u0131l\u0131\u011f\u0131:<\/strong> Kehribar cam sadece \u015f\u0131k olmakla kalmaz, ayn\u0131 zamanda \u0131\u015f\u0131ktan kaynaklanan bozulmalara kar\u015f\u0131 da koruma sa\u011flar. Hassas form\u00fcller i\u00e7in bu cam\u0131 tercih edin. <\/span><\/li>\n<li><span class=\"highlights\" data-v-df95d256=\"\"><strong>Etiket A\u015fk\u0131:<\/strong> Paketinize birinci s\u0131n\u0131f bir dokunu\u015f katmak i\u00e7in kabartmal\u0131 logolar veya QR kodlar\u0131 ekleyin. <\/span><\/li>\n<li><span class=\"highlights\" data-v-df95d256=\"\"><strong>Biti\u015f \u0130nceli\u011fi:<\/strong> Mat m\u0131, \u015e\u0131k m\u0131? Markan\u0131z\u0131n havas\u0131na uygun bir biti\u015f se\u00e7in: Minimalist \u00e7izgiler i\u00e7in mat, l\u00fcks \u00e7izgiler i\u00e7in \u015f\u0131k.<\/span><\/li>\n<\/ul>","protected":false},"excerpt":{"rendered":"<p>Damla, sprey veya pompa se\u00e7enekleriyle sunulan, b\u00fcy\u00fck boy kehribar renkli tent\u00fcr \u015fi\u015feleri. Ya\u011flar, serumlar ve \u00f6z\u00fctlerin \u00f6zel etiketli, toptan ve OEM ambalajlar\u0131 i\u00e7in idealdir.<\/p>","protected":false},"featured_media":7490,"comment_status":"open","ping_status":"closed","template":"","meta":{"_acf_changed":false,"site-sidebar-layout":"default","site-content-layout":"","ast-site-content-layout":"default","site-content-style":"default","site-sidebar-style":"default","ast-global-header-display":"","ast-banner-title-visibility":"","ast-main-header-display":"","ast-hfb-above-header-display":"","ast-hfb-below-header-display":"","ast-hfb-mobile-header-display":"","site-post-title":"","ast-breadcrumbs-content":"","ast-featured-img":"","footer-sml-layout":"","ast-disable-related-posts":"","theme-transparent-header-meta":"default","adv-header-id-meta":"","stick-header-meta":"","header-above-stick-meta":"","header-main-stick-meta":"","header-below-stick-meta":"","astra-migrate-meta-layouts":"set","ast-page-background-enabled":"default","ast-page-background-meta":{"desktop":{"background-color":"var(--ast-global-color-5)","background-image":"","background-repeat":"repeat","background-position":"center center","background-size":"auto","background-attachment":"scroll","background-type":"","background-media":"","overlay-type":"","overlay-color":"","overlay-opacity":"","overlay-gradient":""},"tablet":{"background-color":"","background-image":"","background-repeat":"repeat","background-position":"center center","background-size":"auto","background-attachment":"scroll","background-type":"","background-media":"","overlay-type":"","overlay-color":"","overlay-opacity":"","overlay-gradient":""},"mobile":{"background-color":"","background-image":"","background-repeat":"repeat","background-position":"center center","background-size":"auto","background-attachment":"scroll","background-type":"","background-media":"","overlay-type":"","overlay-color":"","overlay-opacity":"","overlay-gradient":""}},"ast-content-background-meta":{"desktop":{"background-color":"var(--ast-global-color-4)","background-image":"","background-repeat":"repeat","background-position":"center center","background-size":"auto","background-attachment":"scroll","background-type":"","background-media":"","overlay-type":"","overlay-color":"","overlay-opacity":"","overlay-gradient":""},"tablet":{"background-color":"var(--ast-global-color-4)","background-image":"","background-repeat":"repeat","background-position":"center center","background-size":"auto","background-attachment":"scroll","background-type":"","background-media":"","overlay-type":"","overlay-color":"","overlay-opacity":"","overlay-gradient":""},"mobile":{"background-color":"var(--ast-global-color-4)","background-image":"","background-repeat":"repeat","background-position":"center center","background-size":"auto","background-attachment":"scroll","background-type":"","background-media":"","overlay-type":"","overlay-color":"","overlay-opacity":"","overlay-gradient":""}}},"product_brand":[],"product_cat":[59,62,72,57],"product_tag":[165,166],"class_list":{"0":"post-4779","1":"product","2":"type-product","3":"status-publish","4":"has-post-thumbnail","6":"product_cat-glass-dropper-bottles","7":"product_cat-cosmetic-containers","8":"product_cat-cosmetic-packaging","9":"product_cat-essential-oil-bottles","10":"product_tag-cosmetic-pump-dispenser","11":"product_tag-cosmetic-spray-bottles-wholesale","12":"desktop-align-left","13":"tablet-align-left","14":"mobile-align-left","16":"first","17":"instock","18":"shipping-taxable","19":"product-type-simple"},"acf":[],"jetpack_sharing_enabled":true,"_links":{"self":[{"href":"https:\/\/theperfumebottles.com\/tr\/wp-json\/wp\/v2\/product\/4779","targetHints":{"allow":["GET"]}}],"collection":[{"href":"https:\/\/theperfumebottles.com\/tr\/wp-json\/wp\/v2\/product"}],"about":[{"href":"https:\/\/theperfumebottles.com\/tr\/wp-json\/wp\/v2\/types\/product"}],"replies":[{"embeddable":true,"href":"https:\/\/theperfumebottles.com\/tr\/wp-json\/wp\/v2\/comments?post=4779"}],"wp:featuredmedia":[{"embeddable":true,"href":"https:\/\/theperfumebottles.com\/tr\/wp-json\/wp\/v2\/media\/7490"}],"wp:attachment":[{"href":"https:\/\/theperfumebottles.com\/tr\/wp-json\/wp\/v2\/media?parent=4779"}],"wp:term":[{"taxonomy":"product_brand","embeddable":true,"href":"https:\/\/theperfumebottles.com\/tr\/wp-json\/wp\/v2\/product_brand?post=4779"},{"taxonomy":"product_cat","embeddable":true,"href":"https:\/\/theperfumebottles.com\/tr\/wp-json\/wp\/v2\/product_cat?post=4779"},{"taxonomy":"product_tag","embeddable":true,"href":"https:\/\/theperfumebottles.com\/tr\/wp-json\/wp\/v2\/product_tag?post=4779"}],"curies":[{"name":"wp","href":"https:\/\/api.w.org\/{rel}","templated":true}]}}