{"id":4824,"date":"2025-07-23T15:48:46","date_gmt":"2025-07-23T07:48:46","guid":{"rendered":"https:\/\/theperfumebottles.com\/?post_type=product&#038;p=4824"},"modified":"2025-07-23T15:49:28","modified_gmt":"2025-07-23T07:49:28","slug":"1-oz-cosmetic-glass-jars-with-lids-small-cosmetic-containers-for-skincare-bulk","status":"publish","type":"product","link":"https:\/\/theperfumebottles.com\/tr\/urun\/1-oz-cosmetic-glass-jars-with-lids-small-cosmetic-containers-for-skincare-bulk\/","title":{"rendered":"1 ons Kapakl\u0131 Kozmetik Cam Kavanozlar - Cilt Bak\u0131m\u0131 \u0130\u00e7in Toplu K\u00fc\u00e7\u00fck Kozmetik Kaplar\u0131"},"content":{"rendered":"<p><span class=\"highlights\" data-v-df95d256=\"\">Cilt bak\u0131m veya g\u00fczellik \u00fcr\u00fcnleriniz i\u00e7in \u015f\u0131k ve i\u015flevsel bir kaba m\u0131 ihtiyac\u0131n\u0131z var? Kapakl\u0131 bu 28 ml&#039;lik kozmetik cam kavanozlar ilham vermek i\u00e7in tasarland\u0131. <\/span><\/p>\n<h2><span class=\"highlights\" data-v-df95d256=\"\">Temel \u00d6zellikler<\/span><\/h2>\n<table style=\"border-collapse: collapse; width: 588px; height: 159px; margin-left: 360px;\" border=\"0\" width=\"144\" cellspacing=\"0\" cellpadding=\"0\">\n<tbody>\n<tr style=\"height: 13.50pt;\">\n<td style=\"height: 13.50pt; width: 54.00pt;\" width=\"72\" height=\"18\">\u00d6zellik<\/td>\n<td style=\"width: 54.00pt;\" width=\"72\">Detay<\/td>\n<\/tr>\n<tr style=\"height: 13.50pt;\">\n<td style=\"height: 13.50pt;\" height=\"18\">Kapasite<\/td>\n<td>30 ml (1 ons)<\/td>\n<\/tr>\n<tr style=\"height: 13.50pt;\">\n<td style=\"height: 13.50pt;\" height=\"18\">\u015eekil<\/td>\n<td>D\u00fcz kenarl\u0131<\/td>\n<\/tr>\n<tr style=\"height: 13.50pt;\">\n<td style=\"height: 13.50pt;\" height=\"18\">S\u0131zd\u0131rmazl\u0131k<\/td>\n<td>Di\u015fli kapak + plastik kapak (\u00f6zelle\u015ftirilebilir)<\/td>\n<\/tr>\n<tr style=\"height: 13.50pt;\">\n<td style=\"height: 13.50pt;\" height=\"18\">Malzeme<\/td>\n<td>Kal\u0131n, \u015feffaf kristal cam<\/td>\n<\/tr>\n<tr style=\"height: 13.50pt;\">\n<td style=\"height: 13.50pt;\" height=\"18\">Renk Se\u00e7enekleri<\/td>\n<td>\u015eeffaf (\u00f6zel renkler mevcuttur)<\/td>\n<\/tr>\n<tr style=\"height: 13.50pt;\">\n<td style=\"height: 13.50pt;\" height=\"18\">Kullan\u0131m \u00d6rnekleri<\/td>\n<td>Dudak Balzamlar\u0131, Losyonlar, Kremler ambalaj\u0131<\/td>\n<\/tr>\n<\/tbody>\n<\/table>\n<h2>Ba\u015far\u0131 Hikayesi<\/h2>\n<p>Orta \u00f6l\u00e7ekli bir g\u00fczellik \u00fcr\u00fcnleri i\u015fletmesi, \u00e7evre dostu bir dudak balsam\u0131 serisini piyasaya s\u00fcrerken kapakl\u0131 28 ml&#039;lik kozmetik cam kavanozlar\u0131m\u0131z\u0131 se\u00e7ti. Kolay tasar\u0131m\u0131 ve \u00f6zel mat etiketi, rekabet\u00e7i pazarda \u00f6ne \u00e7\u0131kmalar\u0131na yard\u0131mc\u0131 oldu. Kurucular\u0131, &#034;Cam kozmetik ambalaj\u0131na ge\u00e7mek, markam\u0131z\u0131n pop\u00fclerli\u011fini art\u0131rmakla kalmad\u0131, ayn\u0131 zamanda iade oran\u0131m\u0131z\u0131 da oran\u0131nda d\u00fc\u015f\u00fcrd\u00fc,&#034; dedi.<\/p>\n<h2>Sizin \u0130\u00e7in \u00d6zelle\u015ftirme \u0130pu\u00e7lar\u0131<\/h2>\n<ul>\n<li><strong>Renk Patlamas\u0131:<\/strong> Tutarl\u0131 bir g\u00fczellik ambalaj paleti olu\u015fturmak i\u00e7in \u015feffaf cam yerine pastel tonlar kullan\u0131n.<\/li>\n<li><strong>Etiket Sihri:<\/strong> \u00d6nemli i\u00e7erikleri vurgulamak i\u00e7in mat veya temiz biti\u015fler kullan\u0131n.<\/li>\n<li><strong>\u00c7evre Bilin\u00e7li Y\u00fckseltmeler:<\/strong>G\u00fczellik \u00fcr\u00fcnlerinizin ambalajlar\u0131na s\u00fcrd\u00fcr\u00fclebilir bir dokunu\u015f katmak i\u00e7in biyolojik olarak par\u00e7alanabilen etiketler kullan\u0131n.<\/li>\n<\/ul>","protected":false},"excerpt":{"rendered":"<p>Kapakl\u0131 1 onsluk kozmetik cam kavanozlar cilt bak\u0131m \u00fcr\u00fcnleri ambalaj\u0131 i\u00e7in idealdir. \u00d6zel se\u00e7eneklerle toptan premium k\u00fc\u00e7\u00fck kozmetik kaplar\u0131. Kargoya haz\u0131r!<\/p>","protected":false},"featured_media":4828,"comment_status":"open","ping_status":"closed","template":"","meta":{"_acf_changed":false,"site-sidebar-layout":"default","site-content-layout":"","ast-site-content-layout":"default","site-content-style":"default","site-sidebar-style":"default","ast-global-header-display":"","ast-banner-title-visibility":"","ast-main-header-display":"","ast-hfb-above-header-display":"","ast-hfb-below-header-display":"","ast-hfb-mobile-header-display":"","site-post-title":"","ast-breadcrumbs-content":"","ast-featured-img":"","footer-sml-layout":"","ast-disable-related-posts":"","theme-transparent-header-meta":"default","adv-header-id-meta":"","stick-header-meta":"","header-above-stick-meta":"","header-main-stick-meta":"","header-below-stick-meta":"","astra-migrate-meta-layouts":"set","ast-page-background-enabled":"default","ast-page-background-meta":{"desktop":{"background-color":"var(--ast-global-color-5)","background-image":"","background-repeat":"repeat","background-position":"center center","background-size":"auto","background-attachment":"scroll","background-type":"","background-media":"","overlay-type":"","overlay-color":"","overlay-opacity":"","overlay-gradient":""},"tablet":{"background-color":"","background-image":"","background-repeat":"repeat","background-position":"center center","background-size":"auto","background-attachment":"scroll","background-type":"","background-media":"","overlay-type":"","overlay-color":"","overlay-opacity":"","overlay-gradient":""},"mobile":{"background-color":"","background-image":"","background-repeat":"repeat","background-position":"center center","background-size":"auto","background-attachment":"scroll","background-type":"","background-media":"","overlay-type":"","overlay-color":"","overlay-opacity":"","overlay-gradient":""}},"ast-content-background-meta":{"desktop":{"background-color":"var(--ast-global-color-4)","background-image":"","background-repeat":"repeat","background-position":"center center","background-size":"auto","background-attachment":"scroll","background-type":"","background-media":"","overlay-type":"","overlay-color":"","overlay-opacity":"","overlay-gradient":""},"tablet":{"background-color":"var(--ast-global-color-4)","background-image":"","background-repeat":"repeat","background-position":"center center","background-size":"auto","background-attachment":"scroll","background-type":"","background-media":"","overlay-type":"","overlay-color":"","overlay-opacity":"","overlay-gradient":""},"mobile":{"background-color":"var(--ast-global-color-4)","background-image":"","background-repeat":"repeat","background-position":"center center","background-size":"auto","background-attachment":"scroll","background-type":"","background-media":"","overlay-type":"","overlay-color":"","overlay-opacity":"","overlay-gradient":""}}},"product_brand":[],"product_cat":[72,62,56],"product_tag":[175,176],"class_list":{"0":"post-4824","1":"product","2":"type-product","3":"status-publish","4":"has-post-thumbnail","6":"product_cat-cosmetic-packaging","7":"product_cat-cosmetic-containers","8":"product_cat-cosmetic-jars","9":"product_tag-1-oz-cosmetic-glass-jars-with-lids","10":"product_tag-small-cosmetic-containers","11":"desktop-align-left","12":"tablet-align-left","13":"mobile-align-left","15":"first","16":"instock","17":"shipping-taxable","18":"product-type-simple"},"acf":[],"jetpack_sharing_enabled":true,"_links":{"self":[{"href":"https:\/\/theperfumebottles.com\/tr\/wp-json\/wp\/v2\/product\/4824","targetHints":{"allow":["GET"]}}],"collection":[{"href":"https:\/\/theperfumebottles.com\/tr\/wp-json\/wp\/v2\/product"}],"about":[{"href":"https:\/\/theperfumebottles.com\/tr\/wp-json\/wp\/v2\/types\/product"}],"replies":[{"embeddable":true,"href":"https:\/\/theperfumebottles.com\/tr\/wp-json\/wp\/v2\/comments?post=4824"}],"wp:featuredmedia":[{"embeddable":true,"href":"https:\/\/theperfumebottles.com\/tr\/wp-json\/wp\/v2\/media\/4828"}],"wp:attachment":[{"href":"https:\/\/theperfumebottles.com\/tr\/wp-json\/wp\/v2\/media?parent=4824"}],"wp:term":[{"taxonomy":"product_brand","embeddable":true,"href":"https:\/\/theperfumebottles.com\/tr\/wp-json\/wp\/v2\/product_brand?post=4824"},{"taxonomy":"product_cat","embeddable":true,"href":"https:\/\/theperfumebottles.com\/tr\/wp-json\/wp\/v2\/product_cat?post=4824"},{"taxonomy":"product_tag","embeddable":true,"href":"https:\/\/theperfumebottles.com\/tr\/wp-json\/wp\/v2\/product_tag?post=4824"}],"curies":[{"name":"wp","href":"https:\/\/api.w.org\/{rel}","templated":true}]}}