{"id":4829,"date":"2025-07-23T15:52:08","date_gmt":"2025-07-23T07:52:08","guid":{"rendered":"https:\/\/theperfumebottles.com\/?post_type=product&#038;p=4829"},"modified":"2026-03-27T14:56:33","modified_gmt":"2026-03-27T06:56:33","slug":"glass-cosmetic-packaging-containers-50ml-skincare-jars-wholesale","status":"publish","type":"product","link":"https:\/\/theperfumebottles.com\/tr\/urun\/glass-cosmetic-packaging-containers-50ml-skincare-jars-wholesale\/","title":{"rendered":"Cam Kozmetik Ambalaj Kaplar\u0131 - 50 ml Cilt Bak\u0131m Kavanozlar\u0131 Toptan Sat\u0131\u015f"},"content":{"rendered":"<p>Bu kozmetik ambalaj kaplar\u0131, p\u00fcr\u00fczs\u00fcz g\u00fcm\u00fc\u015f metal kapakl\u0131, beyaz renkli buzlu cam kavanozlardan olu\u015fmaktad\u0131r. Kenarlar\u0131 \u00e7ok ince bir \u015fekilde k\u0131vr\u0131lm\u0131\u015ft\u0131r ve bu da onlar\u0131 kremler, dudak balsamlar\u0131 ve l\u00fcks cilt bak\u0131m \u00fcr\u00fcnlerinin sergilenmesi a\u00e7\u0131s\u0131ndan m\u00fckemmel k\u0131lmaktad\u0131r.<\/p>\n<h2>Temel \u00d6zellikler<\/h2>\n<table style=\"border-collapse: collapse; width: 580px; height: 135px; margin-left: 360px;\" border=\"0\" width=\"144\" cellspacing=\"0\" cellpadding=\"0\">\n<tbody>\n<tr style=\"height: 13.50pt;\">\n<td style=\"height: 13.50pt; width: 54.00pt;\" width=\"72\" height=\"18\">\u00d6zellik<\/td>\n<td style=\"width: 54.00pt;\" width=\"72\">Detay<\/td>\n<\/tr>\n<tr style=\"height: 13.50pt;\">\n<td style=\"height: 13.50pt;\" height=\"18\">Kapasite<\/td>\n<td>50 ml<\/td>\n<\/tr>\n<tr style=\"height: 13.50pt;\">\n<td style=\"height: 13.50pt;\" height=\"18\">\u015eekil<\/td>\n<td>Yuvarlak<\/td>\n<\/tr>\n<tr style=\"height: 13.50pt;\">\n<td style=\"height: 13.50pt;\" height=\"18\">S\u0131zd\u0131rmazl\u0131k<\/td>\n<td>Vidal\u0131 + Al\u00fcminyum kapak<\/td>\n<\/tr>\n<tr style=\"height: 13.50pt;\">\n<td style=\"height: 13.50pt;\" height=\"18\">Malzeme<\/td>\n<td>Bardak<\/td>\n<\/tr>\n<tr style=\"height: 13.50pt;\">\n<td style=\"height: 13.50pt;\" height=\"18\">Renkler<\/td>\n<td>Buzlu \u015feffaf (\u00f6zel se\u00e7enekler)<\/td>\n<\/tr>\n<tr style=\"height: 13.50pt;\">\n<td style=\"height: 13.50pt;\" height=\"18\">Kullan\u0131m \u00d6rnekleri<\/td>\n<td>G\u00f6z kremi, numune losyon ambalaj\u0131<\/td>\n<\/tr>\n<\/tbody>\n<\/table>\n<h2>Ba\u015far\u0131 \u00d6yk\u00fcs\u00fc: Avrupa&#039;da Bir Cilt Bak\u0131m Markas\u0131n\u0131n Yeniden Markala\u015ft\u0131r\u0131lmas\u0131<\/h2>\n<p>50 ml&#039;lik buzlu cam kozmetik ambalaj\u0131m\u0131z, Avrupal\u0131 \u200b\u200bbir cilt bak\u0131m markas\u0131 taraf\u0131ndan se\u00e7ildi ve g\u00fcm\u00fc\u015f kapa\u011f\u0131 f\u0131r\u00e7alanarak marka logosuyla kabart\u0131ld\u0131. Kapal\u0131 y\u00fczey, \u0131\u015f\u0131\u011fa maruz kalmay\u0131 oran\u0131nda azaltt\u0131. Ambalaj\u0131n dokunsal hissi, m\u00fc\u015fteri memnuniyetinde (60 puan art\u0131\u015fla) iyile\u015ftirildi. Marka \u00e7ok ba\u015far\u0131l\u0131 oldu ve daha sonra yeni serum ve g\u00f6z kremi serisinden 300.000 adet daha sipari\u015f verdi.<\/p>\n<h2>\u00d6zelle\u015ftirme \u0130pu\u00e7lar\u0131<\/h2>\n<ul>\n<li><strong>Kar\u0131\u015ft\u0131r ve E\u015fle\u015ftir:<\/strong> Bu kavanozlar\u0131 ince sis p\u00fcsk\u00fcrt\u00fcc\u00fclerle birle\u015ftirerek uyumlu bir set olu\u015fturabilirsiniz.<\/li>\n<li><strong>Profesyonel Gibi Etiketleyin:<\/strong> Kabartmal\u0131 metin veya holografik vurgular kullanarak konteynerinizin ana web sayfas\u0131nda dikkat \u00e7ekmesini sa\u011flay\u0131n.<\/li>\n<li><strong>\u00c7evre Dostu Olun:<\/strong>Kavanozlar\u0131n\u0131za tohum ka\u011f\u0131d\u0131 etiketleri ekleyerek \u00e7evre dostu bir dokunu\u015f kat\u0131n; m\u00fc\u015fteriler kullan\u0131m sonras\u0131nda bu etiketleri ekerek yabani \u00e7i\u00e7ekler veya \u015fifal\u0131 bitkiler yeti\u015ftirebilirler.<\/li>\n<\/ul>","protected":false},"excerpt":{"rendered":"<p>50 ml&#039;lik g\u00fcm\u00fc\u015f kapakl\u0131 cam kozmetik ambalaj\u0131, \u00fcst\u00fcn kaliteli g\u00fczellik \u00fcr\u00fcnleri i\u00e7in idealdir. G\u00f6z kremi, numune ambalaj\u0131 ve kozmetik \u00fcr\u00fcn ambalaj kaplar\u0131 i\u00e7in uygundur. G\u00f6nderime haz\u0131r!<\/p>","protected":false},"featured_media":4830,"comment_status":"open","ping_status":"closed","template":"","meta":{"_acf_changed":false,"site-sidebar-layout":"default","site-content-layout":"","ast-site-content-layout":"default","site-content-style":"default","site-sidebar-style":"default","ast-global-header-display":"","ast-banner-title-visibility":"","ast-main-header-display":"","ast-hfb-above-header-display":"","ast-hfb-below-header-display":"","ast-hfb-mobile-header-display":"","site-post-title":"","ast-breadcrumbs-content":"","ast-featured-img":"","footer-sml-layout":"","ast-disable-related-posts":"","theme-transparent-header-meta":"default","adv-header-id-meta":"","stick-header-meta":"","header-above-stick-meta":"","header-main-stick-meta":"","header-below-stick-meta":"","astra-migrate-meta-layouts":"set","ast-page-background-enabled":"default","ast-page-background-meta":{"desktop":{"background-color":"var(--ast-global-color-5)","background-image":"","background-repeat":"repeat","background-position":"center center","background-size":"auto","background-attachment":"scroll","background-type":"","background-media":"","overlay-type":"","overlay-color":"","overlay-opacity":"","overlay-gradient":""},"tablet":{"background-color":"","background-image":"","background-repeat":"repeat","background-position":"center center","background-size":"auto","background-attachment":"scroll","background-type":"","background-media":"","overlay-type":"","overlay-color":"","overlay-opacity":"","overlay-gradient":""},"mobile":{"background-color":"","background-image":"","background-repeat":"repeat","background-position":"center center","background-size":"auto","background-attachment":"scroll","background-type":"","background-media":"","overlay-type":"","overlay-color":"","overlay-opacity":"","overlay-gradient":""}},"ast-content-background-meta":{"desktop":{"background-color":"var(--ast-global-color-4)","background-image":"","background-repeat":"repeat","background-position":"center center","background-size":"auto","background-attachment":"scroll","background-type":"","background-media":"","overlay-type":"","overlay-color":"","overlay-opacity":"","overlay-gradient":""},"tablet":{"background-color":"var(--ast-global-color-4)","background-image":"","background-repeat":"repeat","background-position":"center center","background-size":"auto","background-attachment":"scroll","background-type":"","background-media":"","overlay-type":"","overlay-color":"","overlay-opacity":"","overlay-gradient":""},"mobile":{"background-color":"var(--ast-global-color-4)","background-image":"","background-repeat":"repeat","background-position":"center center","background-size":"auto","background-attachment":"scroll","background-type":"","background-media":"","overlay-type":"","overlay-color":"","overlay-opacity":"","overlay-gradient":""}}},"product_brand":[],"product_cat":[56,62,72],"product_tag":[178,177],"class_list":{"0":"post-4829","1":"product","2":"type-product","3":"status-publish","4":"has-post-thumbnail","6":"product_cat-cosmetic-jars","7":"product_cat-cosmetic-containers","8":"product_cat-cosmetic-packaging","9":"product_tag-cosmetic-packaging-containers","10":"product_tag-glass-cosmetic-packaging","11":"desktop-align-left","12":"tablet-align-left","13":"mobile-align-left","15":"first","16":"instock","17":"shipping-taxable","18":"product-type-simple"},"acf":[],"jetpack_sharing_enabled":true,"_links":{"self":[{"href":"https:\/\/theperfumebottles.com\/tr\/wp-json\/wp\/v2\/product\/4829","targetHints":{"allow":["GET"]}}],"collection":[{"href":"https:\/\/theperfumebottles.com\/tr\/wp-json\/wp\/v2\/product"}],"about":[{"href":"https:\/\/theperfumebottles.com\/tr\/wp-json\/wp\/v2\/types\/product"}],"replies":[{"embeddable":true,"href":"https:\/\/theperfumebottles.com\/tr\/wp-json\/wp\/v2\/comments?post=4829"}],"wp:featuredmedia":[{"embeddable":true,"href":"https:\/\/theperfumebottles.com\/tr\/wp-json\/wp\/v2\/media\/4830"}],"wp:attachment":[{"href":"https:\/\/theperfumebottles.com\/tr\/wp-json\/wp\/v2\/media?parent=4829"}],"wp:term":[{"taxonomy":"product_brand","embeddable":true,"href":"https:\/\/theperfumebottles.com\/tr\/wp-json\/wp\/v2\/product_brand?post=4829"},{"taxonomy":"product_cat","embeddable":true,"href":"https:\/\/theperfumebottles.com\/tr\/wp-json\/wp\/v2\/product_cat?post=4829"},{"taxonomy":"product_tag","embeddable":true,"href":"https:\/\/theperfumebottles.com\/tr\/wp-json\/wp\/v2\/product_tag?post=4829"}],"curies":[{"name":"wp","href":"https:\/\/api.w.org\/{rel}","templated":true}]}}