{"id":4861,"date":"2025-07-24T17:38:18","date_gmt":"2025-07-24T09:38:18","guid":{"rendered":"https:\/\/theperfumebottles.com\/?post_type=product&#038;p=4861"},"modified":"2026-04-01T14:02:53","modified_gmt":"2026-04-01T06:02:53","slug":"cream-storage-jars-empty-skincare-containers-wholesale","status":"publish","type":"product","link":"https:\/\/theperfumebottles.com\/tr\/urun\/cream-storage-jars-empty-skincare-containers-wholesale\/","title":{"rendered":"1 oz Krem Saklama Kavanozlar\u0131 - Bo\u015f Cilt Bak\u0131m Kaplar\u0131 Toptan Sat\u0131\u015f"},"content":{"rendered":"<p>Krem saklama kavanozlar\u0131, yumu\u015fak buzlu cam ve kristal berrakl\u0131\u011f\u0131nda \u015feffaf cam olmak \u00fczere iki cam se\u00e7ene\u011fiyle sunulan kompakt silindirik bir tasar\u0131ma sahiptir. Buzlu caml\u0131 kavanoz g\u00fcm\u00fc\u015f renkli metal vidal\u0131 kapa\u011fa sahipken, \u015feffaf caml\u0131 kavanoz alt\u0131n renkli metal kapa\u011fa sahiptir.<\/p>\n<h2><span class=\"highlights\" data-v-df95d256=\"\">Temel \u00d6zellikler <\/span><\/h2>\n<table style=\"border-collapse: collapse; width: 600px; height: 81px; margin-left: 320px;\" border=\"0\" width=\"144\" cellspacing=\"0\" cellpadding=\"0\">\n<tbody>\n<tr style=\"height: 13.50pt;\">\n<td style=\"height: 13.50pt; width: 54.00pt;\" width=\"72\" height=\"18\">\u00d6zellik<\/td>\n<td style=\"width: 54.00pt;\" width=\"72\">Detay<\/td>\n<\/tr>\n<tr style=\"height: 13.50pt;\">\n<td style=\"height: 13.50pt;\" height=\"18\">Kapasite<\/td>\n<td>30 ml (1 ons)<\/td>\n<\/tr>\n<tr style=\"height: 13.50pt;\">\n<td style=\"height: 13.50pt;\" height=\"18\">\u015eekil<\/td>\n<td>D\u00fcz kenarl\u0131<\/td>\n<\/tr>\n<tr style=\"height: 13.50pt;\">\n<td style=\"height: 13.50pt;\" height=\"18\">S\u0131zd\u0131rmazl\u0131k Mekanizmas\u0131<\/td>\n<td>Vidal\u0131 metal kapak (\u00f6zelle\u015ftirilebilir)<\/td>\n<\/tr>\n<tr style=\"height: 13.50pt;\">\n<td style=\"height: 13.50pt;\" height=\"18\">Malzeme<\/td>\n<td>Kristal cam<\/td>\n<\/tr>\n<tr style=\"height: 13.50pt;\">\n<td style=\"height: 13.50pt;\" height=\"18\">Renk<\/td>\n<td>Buzlu<\/td>\n<\/tr>\n<tr style=\"height: 13.50pt;\">\n<td style=\"height: 13.50pt;\" height=\"18\">Kullan\u0131m \u00d6rnekleri<\/td>\n<td>Y\u00fcz kremi, V\u00fccut kremi, G\u00f6z kremi, Dudak kremi<\/td>\n<\/tr>\n<\/tbody>\n<\/table>\n<h2>Ba\u015far\u0131 \u00d6yk\u00fcs\u00fc: Birle\u015fik Arap Emirlikleri&#039;nin \u00dcst D\u00fczey Cilt Bak\u0131m Markas\u0131ndan \u00d6zel Sipari\u015f<\/h2>\n<p>Dubai merkezli bir cilt bak\u0131m markas\u0131, 50 ml&#039;lik bo\u015f cilt bak\u0131m kaplar\u0131m\u0131z\u0131 se\u00e7ti ve 24 ayar alt\u0131n kaplama ve pembe alt\u0131n kaplama g\u00fcm\u00fc\u015f kapaklar\u0131 \u00f6zelle\u015ftirdi. Sonu\u00e7 \u00e7arp\u0131c\u0131yd\u0131 \u00e7\u00fcnk\u00fc de\u011ferli metal temas\u0131, markan\u0131n \u00fcst d\u00fczey konumland\u0131rmas\u0131yla e\u015fle\u015fti ve bu da tatil sezonu hediye kutusu sat\u0131\u015flar\u0131n\u0131 art\u0131rmaya yard\u0131mc\u0131 oldu. Hava ge\u00e7irmez metal kapaklar, bitki bazl\u0131 kremlerinin raf \u00f6mr\u00fcn\u00fc uzatt\u0131. Markan\u0131n b\u00fcy\u00fck ba\u015far\u0131s\u0131, yeni bir y\u00fcz ya\u011f\u0131 ve serum serisi \u00fcretmek i\u00e7in 300.000 adet daha sipari\u015f verilmesine yol a\u00e7t\u0131.<\/p>\n<h2><span class=\"highlights\" data-v-df95d256=\"\"> \u00d6zelle\u015ftirme i\u00e7in \u0130pucu<\/span><\/h2>\n<ul>\n<li><span class=\"highlights\" data-v-df95d256=\"\"><strong>Renk Se\u00e7enekleri:<\/strong> Mevsimlik koleksiyonlar i\u00e7in buzlu cam yerine \u015feffaf veya kehribar rengi cam kullan\u0131n. <\/span><\/li>\n<li><span class=\"highlights\" data-v-df95d256=\"\"><strong>Kapak Y\u00fckseltmeleri:<\/strong> \u00dcst\u00fcn bir \u015fi\u015fe deneyimi i\u00e7in manyetik kilit ekleyin. <\/span><\/li>\n<li><span class=\"highlights\" data-v-df95d256=\"\"><strong>\u00c7evre Dostu Bir Yakla\u015f\u0131m:<\/strong> Bo\u015f cilt bak\u0131m \u00fcr\u00fcnlerinin ambalajlar\u0131n\u0131, s\u00fcrd\u00fcr\u00fclebilir g\u00fczellik ambalaj\u0131 geli\u015fmelerine uyum sa\u011flamak i\u00e7in biyolojik olarak par\u00e7alanabilir etiketler veya bitki bazl\u0131 m\u00fcrekkeplerle e\u015fle\u015ftirin.<\/span><\/li>\n<\/ul>","protected":false},"excerpt":{"rendered":"<p>Buzlu ve \u015feffaf camdan \u00fcretilmi\u015f birinci s\u0131n\u0131f krem \u200b\u200bsaklama kavanozlar\u0131. Alt\u0131n ve g\u00fcm\u00fc\u015f kapakl\u0131 bo\u015f cilt bak\u0131m kaplar\u0131, \u00fcst d\u00fczey kozmetik ambalajlar\u0131 i\u00e7in m\u00fckemmel. \u00dccretsiz numuneler.<\/p>","protected":false},"featured_media":4862,"comment_status":"open","ping_status":"closed","template":"","meta":{"_acf_changed":false,"site-sidebar-layout":"default","site-content-layout":"","ast-site-content-layout":"default","site-content-style":"default","site-sidebar-style":"default","ast-global-header-display":"","ast-banner-title-visibility":"","ast-main-header-display":"","ast-hfb-above-header-display":"","ast-hfb-below-header-display":"","ast-hfb-mobile-header-display":"","site-post-title":"","ast-breadcrumbs-content":"","ast-featured-img":"","footer-sml-layout":"","ast-disable-related-posts":"","theme-transparent-header-meta":"default","adv-header-id-meta":"","stick-header-meta":"","header-above-stick-meta":"","header-main-stick-meta":"","header-below-stick-meta":"","astra-migrate-meta-layouts":"set","ast-page-background-enabled":"default","ast-page-background-meta":{"desktop":{"background-color":"var(--ast-global-color-5)","background-image":"","background-repeat":"repeat","background-position":"center center","background-size":"auto","background-attachment":"scroll","background-type":"","background-media":"","overlay-type":"","overlay-color":"","overlay-opacity":"","overlay-gradient":""},"tablet":{"background-color":"","background-image":"","background-repeat":"repeat","background-position":"center center","background-size":"auto","background-attachment":"scroll","background-type":"","background-media":"","overlay-type":"","overlay-color":"","overlay-opacity":"","overlay-gradient":""},"mobile":{"background-color":"","background-image":"","background-repeat":"repeat","background-position":"center center","background-size":"auto","background-attachment":"scroll","background-type":"","background-media":"","overlay-type":"","overlay-color":"","overlay-opacity":"","overlay-gradient":""}},"ast-content-background-meta":{"desktop":{"background-color":"var(--ast-global-color-4)","background-image":"","background-repeat":"repeat","background-position":"center center","background-size":"auto","background-attachment":"scroll","background-type":"","background-media":"","overlay-type":"","overlay-color":"","overlay-opacity":"","overlay-gradient":""},"tablet":{"background-color":"var(--ast-global-color-4)","background-image":"","background-repeat":"repeat","background-position":"center center","background-size":"auto","background-attachment":"scroll","background-type":"","background-media":"","overlay-type":"","overlay-color":"","overlay-opacity":"","overlay-gradient":""},"mobile":{"background-color":"var(--ast-global-color-4)","background-image":"","background-repeat":"repeat","background-position":"center center","background-size":"auto","background-attachment":"scroll","background-type":"","background-media":"","overlay-type":"","overlay-color":"","overlay-opacity":"","overlay-gradient":""}}},"product_brand":[],"product_cat":[56,62,72],"product_tag":[181,182],"class_list":{"0":"post-4861","1":"product","2":"type-product","3":"status-publish","4":"has-post-thumbnail","6":"product_cat-cosmetic-jars","7":"product_cat-cosmetic-containers","8":"product_cat-cosmetic-packaging","9":"product_tag-cream-storage-jars","10":"product_tag-empty-skincare-containers","11":"desktop-align-left","12":"tablet-align-left","13":"mobile-align-left","15":"first","16":"instock","17":"shipping-taxable","18":"product-type-simple"},"acf":[],"jetpack_sharing_enabled":true,"_links":{"self":[{"href":"https:\/\/theperfumebottles.com\/tr\/wp-json\/wp\/v2\/product\/4861","targetHints":{"allow":["GET"]}}],"collection":[{"href":"https:\/\/theperfumebottles.com\/tr\/wp-json\/wp\/v2\/product"}],"about":[{"href":"https:\/\/theperfumebottles.com\/tr\/wp-json\/wp\/v2\/types\/product"}],"replies":[{"embeddable":true,"href":"https:\/\/theperfumebottles.com\/tr\/wp-json\/wp\/v2\/comments?post=4861"}],"wp:featuredmedia":[{"embeddable":true,"href":"https:\/\/theperfumebottles.com\/tr\/wp-json\/wp\/v2\/media\/4862"}],"wp:attachment":[{"href":"https:\/\/theperfumebottles.com\/tr\/wp-json\/wp\/v2\/media?parent=4861"}],"wp:term":[{"taxonomy":"product_brand","embeddable":true,"href":"https:\/\/theperfumebottles.com\/tr\/wp-json\/wp\/v2\/product_brand?post=4861"},{"taxonomy":"product_cat","embeddable":true,"href":"https:\/\/theperfumebottles.com\/tr\/wp-json\/wp\/v2\/product_cat?post=4861"},{"taxonomy":"product_tag","embeddable":true,"href":"https:\/\/theperfumebottles.com\/tr\/wp-json\/wp\/v2\/product_tag?post=4861"}],"curies":[{"name":"wp","href":"https:\/\/api.w.org\/{rel}","templated":true}]}}