{"id":4917,"date":"2025-07-25T17:53:13","date_gmt":"2025-07-25T09:53:13","guid":{"rendered":"https:\/\/theperfumebottles.com\/?post_type=product&#038;p=4917"},"modified":"2025-08-01T11:52:21","modified_gmt":"2025-08-01T03:52:21","slug":"empty-cream-container-glass-cosmetic-containers-wholesale","status":"publish","type":"product","link":"https:\/\/theperfumebottles.com\/tr\/urun\/empty-cream-container-glass-cosmetic-containers-wholesale\/","title":{"rendered":"2 oz, 4 oz, 8 oz Bo\u015f Krem Kab\u0131 - Toptan Cam Kozmetik Kaplar\u0131"},"content":{"rendered":"<p><span class=\"highlights\" data-v-df95d256=\"\">\u0130\u015flevselli\u011fi \u015f\u0131kl\u0131kla birle\u015ftiren cam kozmetik kaplar\u0131na m\u0131 ihtiyac\u0131n\u0131z var? Bu bo\u015f krem \u200b\u200bkaplar\u0131, kal\u0131c\u0131 bir izlenim yaratmak isteyen cilt bak\u0131m markalar\u0131 ve kozmetik ambalaj tedarik\u00e7ileri i\u00e7in tasarlanm\u0131\u015ft\u0131r.<\/span><\/p>\n<h2><span class=\"highlights\" data-v-df95d256=\"\">Temel \u00d6zellikler<\/span><\/h2>\n<p>&nbsp;<\/p>\n<table style=\"border-collapse: collapse;width: 80%;height: 5px;margin-left: auto;margin-right: auto\" border=\"0\" width=\"144\" cellspacing=\"0\" cellpadding=\"0\">\n<tbody>\n<tr style=\"height: 13.50pt\">\n<td style=\"height: 13.50pt;width: 54.00pt\" width=\"72\" height=\"18\">Ba\u011flanmak<\/td>\n<td style=\"width: 54.00pt\" width=\"72\">Detaylar<\/td>\n<\/tr>\n<tr style=\"height: 13.50pt\">\n<td style=\"height: 13.50pt\" height=\"18\">Kapasite<\/td>\n<td>2 ons, 4 ons, 8 ons<\/td>\n<\/tr>\n<tr style=\"height: 13.50pt\">\n<td style=\"height: 13.50pt\" height=\"18\">S\u0131zd\u0131rmazl\u0131k Mekanizmas\u0131<\/td>\n<td>Di\u015fli boyun + plastik kapak (\u00f6zelle\u015ftirilebilir)<\/td>\n<\/tr>\n<tr style=\"height: 13.50pt\">\n<td style=\"height: 13.50pt\" height=\"18\">\u015eekil<\/td>\n<td>Silindirik<\/td>\n<\/tr>\n<tr style=\"height: 13.50pt\">\n<td style=\"height: 13.50pt\" height=\"18\">Malzeme<\/td>\n<td>Kristal cam<\/td>\n<\/tr>\n<tr style=\"height: 13.50pt\">\n<td style=\"height: 13.50pt\" height=\"18\">Renk Se\u00e7enekleri<\/td>\n<td>\u00c7akmakta\u015f\u0131, Kehribar, Ye\u015fil, Mavi (\u00f6zelle\u015ftirilebilir)<\/td>\n<\/tr>\n<tr style=\"height: 13.50pt\">\n<td style=\"height: 13.50pt\" height=\"18\">Kullan\u0131m \u00d6rne\u011fi<\/td>\n<td>Krem kavanozlar\u0131, cilt bak\u0131m \u00fcr\u00fcnleri, merhemler<\/td>\n<\/tr>\n<\/tbody>\n<\/table>\n<h2><span class=\"highlights\" data-v-df95d256=\"\">Ba\u015far\u0131 Hikayesi: Bir Cilt Bak\u0131m Markas\u0131n\u0131n Ambalaj Devrimi <\/span><\/h2>\n<p><span class=\"highlights\" data-v-df95d256=\"\">Bir cilt bak\u0131m giri\u015fimi, organik v\u00fccut losyonu serisi piyasaya s\u00fcrmek istiyordu. \u00d6zel mavi caml\u0131 ve minimalist etiketli bu bo\u015f krem \u200b\u200bkaplar\u0131n\u0131 se\u00e7tiler. Sonu\u00e7? Tekrarlayan m\u00fc\u015fteri say\u0131s\u0131nda art\u0131\u015f ve al\u0131c\u0131lar &#034;kavanozda spa bak\u0131m\u0131 hissi veren&#034; \u00fcr\u00fcn\u00fc \u00f6vd\u00fcler.<\/span><\/p>","protected":false},"excerpt":{"rendered":"<p>Cilt bak\u0131m\u0131 i\u00e7in birinci s\u0131n\u0131f bo\u015f krem \u200b\u200bkaplar\u0131. \u00d6zel renklerle toptan cam kozmetik kaplar\u0131, g\u00f6nderime haz\u0131r.<\/p>","protected":false},"featured_media":4918,"comment_status":"open","ping_status":"closed","template":"","meta":{"_acf_changed":false,"site-sidebar-layout":"default","site-content-layout":"","ast-site-content-layout":"default","site-content-style":"default","site-sidebar-style":"default","ast-global-header-display":"","ast-banner-title-visibility":"","ast-main-header-display":"","ast-hfb-above-header-display":"","ast-hfb-below-header-display":"","ast-hfb-mobile-header-display":"","site-post-title":"","ast-breadcrumbs-content":"","ast-featured-img":"","footer-sml-layout":"","ast-disable-related-posts":"","theme-transparent-header-meta":"default","adv-header-id-meta":"","stick-header-meta":"","header-above-stick-meta":"","header-main-stick-meta":"","header-below-stick-meta":"","astra-migrate-meta-layouts":"set","ast-page-background-enabled":"default","ast-page-background-meta":{"desktop":{"background-color":"var(--ast-global-color-5)","background-image":"","background-repeat":"repeat","background-position":"center center","background-size":"auto","background-attachment":"scroll","background-type":"","background-media":"","overlay-type":"","overlay-color":"","overlay-opacity":"","overlay-gradient":""},"tablet":{"background-color":"","background-image":"","background-repeat":"repeat","background-position":"center center","background-size":"auto","background-attachment":"scroll","background-type":"","background-media":"","overlay-type":"","overlay-color":"","overlay-opacity":"","overlay-gradient":""},"mobile":{"background-color":"","background-image":"","background-repeat":"repeat","background-position":"center center","background-size":"auto","background-attachment":"scroll","background-type":"","background-media":"","overlay-type":"","overlay-color":"","overlay-opacity":"","overlay-gradient":""}},"ast-content-background-meta":{"desktop":{"background-color":"var(--ast-global-color-4)","background-image":"","background-repeat":"repeat","background-position":"center center","background-size":"auto","background-attachment":"scroll","background-type":"","background-media":"","overlay-type":"","overlay-color":"","overlay-opacity":"","overlay-gradient":""},"tablet":{"background-color":"var(--ast-global-color-4)","background-image":"","background-repeat":"repeat","background-position":"center center","background-size":"auto","background-attachment":"scroll","background-type":"","background-media":"","overlay-type":"","overlay-color":"","overlay-opacity":"","overlay-gradient":""},"mobile":{"background-color":"var(--ast-global-color-4)","background-image":"","background-repeat":"repeat","background-position":"center center","background-size":"auto","background-attachment":"scroll","background-type":"","background-media":"","overlay-type":"","overlay-color":"","overlay-opacity":"","overlay-gradient":""}}},"product_brand":[],"product_cat":[72,62,56],"product_tag":[191,192],"class_list":{"0":"post-4917","1":"product","2":"type-product","3":"status-publish","4":"has-post-thumbnail","6":"product_cat-cosmetic-packaging","7":"product_cat-cosmetic-containers","8":"product_cat-cosmetic-jars","9":"product_tag-empty-cream-container","10":"product_tag-glass-cosmetic-containers-wholesale","11":"desktop-align-left","12":"tablet-align-left","13":"mobile-align-left","15":"first","16":"instock","17":"shipping-taxable","18":"product-type-simple"},"acf":[],"jetpack_sharing_enabled":true,"_links":{"self":[{"href":"https:\/\/theperfumebottles.com\/tr\/wp-json\/wp\/v2\/product\/4917","targetHints":{"allow":["GET"]}}],"collection":[{"href":"https:\/\/theperfumebottles.com\/tr\/wp-json\/wp\/v2\/product"}],"about":[{"href":"https:\/\/theperfumebottles.com\/tr\/wp-json\/wp\/v2\/types\/product"}],"replies":[{"embeddable":true,"href":"https:\/\/theperfumebottles.com\/tr\/wp-json\/wp\/v2\/comments?post=4917"}],"wp:featuredmedia":[{"embeddable":true,"href":"https:\/\/theperfumebottles.com\/tr\/wp-json\/wp\/v2\/media\/4918"}],"wp:attachment":[{"href":"https:\/\/theperfumebottles.com\/tr\/wp-json\/wp\/v2\/media?parent=4917"}],"wp:term":[{"taxonomy":"product_brand","embeddable":true,"href":"https:\/\/theperfumebottles.com\/tr\/wp-json\/wp\/v2\/product_brand?post=4917"},{"taxonomy":"product_cat","embeddable":true,"href":"https:\/\/theperfumebottles.com\/tr\/wp-json\/wp\/v2\/product_cat?post=4917"},{"taxonomy":"product_tag","embeddable":true,"href":"https:\/\/theperfumebottles.com\/tr\/wp-json\/wp\/v2\/product_tag?post=4917"}],"curies":[{"name":"wp","href":"https:\/\/api.w.org\/{rel}","templated":true}]}}