{"id":4922,"date":"2025-07-25T17:56:06","date_gmt":"2025-07-25T09:56:06","guid":{"rendered":"https:\/\/theperfumebottles.com\/?post_type=product&#038;p=4922"},"modified":"2025-08-01T11:45:48","modified_gmt":"2025-08-01T03:45:48","slug":"empty-cosmetic-pots-custom-jar-packaging-for-skincare","status":"publish","type":"product","link":"https:\/\/theperfumebottles.com\/tr\/urun\/empty-cosmetic-pots-custom-jar-packaging-for-skincare\/","title":{"rendered":"2 oz, 250 ml, 8 oz Bo\u015f Kozmetik Kaplar\u0131 - Cilt Bak\u0131m\u0131 \u0130\u00e7in \u00d6zel Kavanoz Ambalaj\u0131\u00a0"},"content":{"rendered":"<p>Dayan\u0131kl\u0131l\u0131k ve zarafeti bir araya getiren \u00f6zel kavanoz ambalajlara m\u0131 ihtiyac\u0131n\u0131z var? Bu bo\u015f kozmetik kaplar\u0131, uzun s\u00fcreli bir etki yaratmak isteyen cilt bak\u0131m\u0131 \u00fcreticileri ve kozmetik ambalaj sa\u011flay\u0131c\u0131lar\u0131 i\u00e7in tasarlanm\u0131\u015ft\u0131r.<\/p>\n<h2>Temel \u00d6zellikler<\/h2>\n<table style=\"border-collapse: collapse;width: 80%;height: 17px;margin-left: auto;margin-right: auto\" border=\"0\" width=\"144\" cellspacing=\"0\" cellpadding=\"0\">\n<tbody>\n<tr style=\"height: 13.50pt\">\n<td style=\"height: 13.50pt;width: 54.00pt\" width=\"72\" height=\"18\">Ba\u011flanmak<\/td>\n<td style=\"width: 54.00pt\" width=\"72\">Detaylar<\/td>\n<\/tr>\n<tr style=\"height: 13.50pt\">\n<td style=\"height: 13.50pt\" height=\"18\">Kapasite<\/td>\n<td>2oz, 250ml, 8oz<\/td>\n<\/tr>\n<tr style=\"height: 13.50pt\">\n<td style=\"height: 13.50pt\" height=\"18\">S\u0131zd\u0131rmazl\u0131k Mekanizmas\u0131<\/td>\n<td>Di\u015fli boyun + plastik kapak (\u00f6zelle\u015ftirilebilir)<\/td>\n<\/tr>\n<tr style=\"height: 13.50pt\">\n<td style=\"height: 13.50pt\" height=\"18\">\u015eekil<\/td>\n<td>Yuvarlak<\/td>\n<\/tr>\n<tr style=\"height: 13.50pt\">\n<td style=\"height: 13.50pt\" height=\"18\">Malzeme<\/td>\n<td>Kristal cam<\/td>\n<\/tr>\n<tr style=\"height: 13.50pt\">\n<td style=\"height: 13.50pt\" height=\"18\">Renk<\/td>\n<td>Kehribar<\/td>\n<\/tr>\n<tr style=\"height: 13.50pt\">\n<td style=\"height: 13.50pt\" height=\"18\">Kullan\u0131m \u00d6rne\u011fi<\/td>\n<td>Cilt bak\u0131m kremleri<\/td>\n<\/tr>\n<\/tbody>\n<\/table>\n<h2>Ba\u015far\u0131 Hikayesi: Bir Cilt Bak\u0131m Markas\u0131n\u0131n Ambalaj Yenilemesi<\/h2>\n<p>Bir cilt bak\u0131m markas\u0131, C vitamini serumlar\u0131 serisini piyasaya s\u00fcrmek istiyordu. Kehribar caml\u0131 ve \u00f6zel alt\u0131n etiketli bu bo\u015f kozmetik kaplar\u0131n\u0131 se\u00e7tiler. Sonu\u00e7? Sat\u0131\u015flarda &#039;lik bir art\u0131\u015f ve m\u00fc\u015fteriler &#034;kavanozda l\u00fcks bir spa deneyimi hissi veren&#034; bu \u00fcr\u00fcn\u00fc \u00f6vd\u00fcler.<\/p>\n<h2>\u00d6zelle\u015ftirme \u0130pu\u00e7lar\u0131<\/h2>\n<p>Birinci s\u0131n\u0131f bir g\u00f6r\u00fcn\u00fcm i\u00e7in kehribar cam\u0131 beyaz veya metal etiketlerle birle\u015ftirin ve \u00fcr\u00fcn bilgilerini vurgulamak i\u00e7in buzlu veya \u015feffaf etiketler kullanmay\u0131 d\u00fc\u015f\u00fcn\u00fcn. Kavanozu kabartmal\u0131 veya kabartmal\u0131 dokularla zenginle\u015ftirmek, hem g\u00f6rsel \u00e7ekicilik hem de daha iyi bir tutu\u015f sa\u011flar.<\/p>","protected":false},"excerpt":{"rendered":"<p>Kehribar caml\u0131 dayan\u0131kl\u0131 bo\u015f kozmetik kaplar\u0131. Cilt bak\u0131m\u0131 i\u00e7in kozmetik kavanoz ambalaj\u0131, \u00f6zelle\u015ftirilebilir, g\u00f6nderime haz\u0131r ve toplu sipari\u015fler i\u00e7in idealdir.<\/p>","protected":false},"featured_media":4947,"comment_status":"open","ping_status":"closed","template":"","meta":{"_acf_changed":false,"site-sidebar-layout":"default","site-content-layout":"","ast-site-content-layout":"default","site-content-style":"default","site-sidebar-style":"default","ast-global-header-display":"","ast-banner-title-visibility":"","ast-main-header-display":"","ast-hfb-above-header-display":"","ast-hfb-below-header-display":"","ast-hfb-mobile-header-display":"","site-post-title":"","ast-breadcrumbs-content":"","ast-featured-img":"","footer-sml-layout":"","ast-disable-related-posts":"","theme-transparent-header-meta":"default","adv-header-id-meta":"","stick-header-meta":"","header-above-stick-meta":"","header-main-stick-meta":"","header-below-stick-meta":"","astra-migrate-meta-layouts":"set","ast-page-background-enabled":"default","ast-page-background-meta":{"desktop":{"background-color":"var(--ast-global-color-5)","background-image":"","background-repeat":"repeat","background-position":"center center","background-size":"auto","background-attachment":"scroll","background-type":"","background-media":"","overlay-type":"","overlay-color":"","overlay-opacity":"","overlay-gradient":""},"tablet":{"background-color":"","background-image":"","background-repeat":"repeat","background-position":"center center","background-size":"auto","background-attachment":"scroll","background-type":"","background-media":"","overlay-type":"","overlay-color":"","overlay-opacity":"","overlay-gradient":""},"mobile":{"background-color":"","background-image":"","background-repeat":"repeat","background-position":"center center","background-size":"auto","background-attachment":"scroll","background-type":"","background-media":"","overlay-type":"","overlay-color":"","overlay-opacity":"","overlay-gradient":""}},"ast-content-background-meta":{"desktop":{"background-color":"var(--ast-global-color-4)","background-image":"","background-repeat":"repeat","background-position":"center center","background-size":"auto","background-attachment":"scroll","background-type":"","background-media":"","overlay-type":"","overlay-color":"","overlay-opacity":"","overlay-gradient":""},"tablet":{"background-color":"var(--ast-global-color-4)","background-image":"","background-repeat":"repeat","background-position":"center center","background-size":"auto","background-attachment":"scroll","background-type":"","background-media":"","overlay-type":"","overlay-color":"","overlay-opacity":"","overlay-gradient":""},"mobile":{"background-color":"var(--ast-global-color-4)","background-image":"","background-repeat":"repeat","background-position":"center center","background-size":"auto","background-attachment":"scroll","background-type":"","background-media":"","overlay-type":"","overlay-color":"","overlay-opacity":"","overlay-gradient":""}}},"product_brand":[],"product_cat":[72,62,56],"product_tag":[194,193],"class_list":{"0":"post-4922","1":"product","2":"type-product","3":"status-publish","4":"has-post-thumbnail","6":"product_cat-cosmetic-packaging","7":"product_cat-cosmetic-containers","8":"product_cat-cosmetic-jars","9":"product_tag-cosmetic-jar-packaging","10":"product_tag-empty-cosmetic-pots","11":"desktop-align-left","12":"tablet-align-left","13":"mobile-align-left","15":"first","16":"instock","17":"shipping-taxable","18":"product-type-simple"},"acf":[],"jetpack_sharing_enabled":true,"_links":{"self":[{"href":"https:\/\/theperfumebottles.com\/tr\/wp-json\/wp\/v2\/product\/4922","targetHints":{"allow":["GET"]}}],"collection":[{"href":"https:\/\/theperfumebottles.com\/tr\/wp-json\/wp\/v2\/product"}],"about":[{"href":"https:\/\/theperfumebottles.com\/tr\/wp-json\/wp\/v2\/types\/product"}],"replies":[{"embeddable":true,"href":"https:\/\/theperfumebottles.com\/tr\/wp-json\/wp\/v2\/comments?post=4922"}],"wp:featuredmedia":[{"embeddable":true,"href":"https:\/\/theperfumebottles.com\/tr\/wp-json\/wp\/v2\/media\/4947"}],"wp:attachment":[{"href":"https:\/\/theperfumebottles.com\/tr\/wp-json\/wp\/v2\/media?parent=4922"}],"wp:term":[{"taxonomy":"product_brand","embeddable":true,"href":"https:\/\/theperfumebottles.com\/tr\/wp-json\/wp\/v2\/product_brand?post=4922"},{"taxonomy":"product_cat","embeddable":true,"href":"https:\/\/theperfumebottles.com\/tr\/wp-json\/wp\/v2\/product_cat?post=4922"},{"taxonomy":"product_tag","embeddable":true,"href":"https:\/\/theperfumebottles.com\/tr\/wp-json\/wp\/v2\/product_tag?post=4922"}],"curies":[{"name":"wp","href":"https:\/\/api.w.org\/{rel}","templated":true}]}}