{"id":4932,"date":"2025-07-25T17:57:13","date_gmt":"2025-07-25T09:57:13","guid":{"rendered":"https:\/\/theperfumebottles.com\/?post_type=product&#038;p=4932"},"modified":"2026-03-30T15:56:01","modified_gmt":"2026-03-30T07:56:01","slug":"clear-50ml-cosmetic-containers-with-gold-lids-wholesale","status":"publish","type":"product","link":"https:\/\/theperfumebottles.com\/tr\/urun\/clear-50ml-cosmetic-containers-with-gold-lids-wholesale\/","title":{"rendered":"Alt\u0131n Kapakl\u0131 \u015eeffaf 50 ml Kozmetik Kaplar\u0131 Toptan Sat\u0131\u015f"},"content":{"rendered":"<p>Bu 50 ml&#039;lik kozmetik kaplar\u0131, sofistike ve katmanl\u0131 bir tasar\u0131ma sahiptir. \u015ei\u015fe, ortas\u0131nda parlak metalik alt\u0131n bir halka bulunan \u015feffaf silindirik bir cam t\u00fcpten yap\u0131lm\u0131\u015ft\u0131r. Kapak, ince alt\u0131n metalik bir \u00e7er\u00e7eveye sahip \u015feffaf akrilikten \u00fcretilmi\u015ftir.<\/p>\n<h2><span class=\"highlights\" data-v-df95d256=\"\">Temel \u00d6zellikler <\/span><\/h2>\n<table style=\"border-collapse: collapse; width: 80%; height: 5px; margin-left: auto; margin-right: auto;\" border=\"0\" width=\"144\" cellspacing=\"0\" cellpadding=\"0\">\n<tbody>\n<tr style=\"height: 13.50pt;\">\n<td style=\"height: 13.50pt; width: 54.00pt;\" width=\"72\" height=\"18\">Ba\u011flanmak<\/td>\n<td style=\"width: 54.00pt;\" width=\"72\">Detaylar<\/td>\n<\/tr>\n<tr style=\"height: 13.50pt;\">\n<td style=\"height: 13.50pt;\" height=\"18\">Kapasite<\/td>\n<td>50 ml<\/td>\n<\/tr>\n<tr style=\"height: 13.50pt;\">\n<td style=\"height: 13.50pt;\" height=\"18\">S\u0131zd\u0131rmazl\u0131k Mekanizmas\u0131<\/td>\n<td>Di\u015fli boyun + plastik kapak (\u00f6zelle\u015ftirilebilir)<\/td>\n<\/tr>\n<tr style=\"height: 13.50pt;\">\n<td style=\"height: 13.50pt;\" height=\"18\">\u015eekil<\/td>\n<td>Yuvarlak<\/td>\n<\/tr>\n<tr style=\"height: 13.50pt;\">\n<td style=\"height: 13.50pt;\" height=\"18\">Malzeme<\/td>\n<td>Kristal cam<\/td>\n<\/tr>\n<tr style=\"height: 13.50pt;\">\n<td style=\"height: 13.50pt;\" height=\"18\">Renk<\/td>\n<td>Temizle (\u00f6zel)<\/td>\n<\/tr>\n<tr style=\"height: 13.50pt;\">\n<td style=\"height: 13.50pt;\" height=\"18\">Kullan\u0131m \u00d6rne\u011fi<\/td>\n<td>Cilt bak\u0131m kremi, losyon ambalaj\u0131<\/td>\n<\/tr>\n<\/tbody>\n<\/table>\n<h2>Ba\u015far\u0131 \u00d6yk\u00fcs\u00fc: L\u00fcks Orta Do\u011fu Gece Kremi<\/h2>\n<p>50 ml&#039;lik \u015feffaf cam kozmetik kavanozlar\u0131m\u0131z, Orta Do\u011fu merkezli l\u00fcks bir g\u00fczellik \u015firketi taraf\u0131ndan \u00f6zel olarak tasarland\u0131. \u015eirket, kavanozlara g\u00fcl alt\u0131n PVD kaplama ve kabartmal\u0131 y\u00fczey i\u015flemine sahip alt\u0131n halkalar ekledi. \u015eeffaf kavanozlar, alt\u0131n varak kaplaman\u0131n m\u00fckemmel bir g\u00f6stergesiydi ve bu da sosyal medyada payla\u015f\u0131mlarda 0&#039;l\u00fck bir art\u0131\u015fa yol a\u00e7t\u0131. \u0130lk 50.000 adet \u00fcr\u00fcn, g\u00fczel ambalaj sayesinde 72 saat i\u00e7inde sat\u0131ld\u0131. Markan\u0131n b\u00fcy\u00fck ba\u015far\u0131s\u0131, ayd\u0131nlat\u0131c\u0131 bazlar ve y\u00fcz ya\u011flar\u0131ndan olu\u015fan yeni bir \u00fcr\u00fcn serisini piyasaya s\u00fcrmek i\u00e7in 750.000 adet daha sipari\u015f verilmesine neden oldu.<\/p>\n<h2><span class=\"highlights\" data-v-df95d256=\"\">\u00d6zelle\u015ftirme \u0130pu\u00e7lar\u0131 <\/span><\/h2>\n<ul>\n<li><strong>Renk Uyumu:<\/strong> Temiz cam\u0131 yumu\u015fak pastel veya beyaz etiketlerle birle\u015ftirerek taze, modern ve \u015f\u0131k bir g\u00f6r\u00fcn\u00fcm yarat\u0131n.<\/li>\n<li><strong>Etiket Tasar\u0131m\u0131:<\/strong> Ana bile\u015fenlere ve \u00fcr\u00fcn avantajlar\u0131na odaklanmak i\u00e7in belirgin veya \u00e7elik etiketler kullan\u0131n, hem g\u00f6r\u00fcn\u00fcm\u00fc hem de al\u0131c\u0131 ger\u00e7eklerini geli\u015ftirin.<\/li>\n<li><strong>Dokulu \u00d6zellikler:<\/strong> Kavanozlar\u0131n kavramas\u0131n\u0131 kolayla\u015ft\u0131rmak ve g\u00f6rsel ve dokunsal \u00e7ekicilik katmak i\u00e7in cam kavanozlara kabartmal\u0131 stiller veya y\u00fckseltilmi\u015f dokular ekleyin.<\/li>\n<\/ul>","protected":false},"excerpt":{"rendered":"<p>50 ml&#039;lik \u015feffaf cam ve alt\u0131n detayl\u0131 kozmetik kaplar\u0131. \u015eeffaf cam kozmetik kavanozlar\u0131 l\u00fcks bir g\u00f6r\u00fcn\u00fcm ve hava ge\u00e7irmez bir s\u0131zd\u0131rmazl\u0131k sunar. \u00dccretsiz numuneler bug\u00fcn mevcuttur.<\/p>","protected":false},"featured_media":4946,"comment_status":"open","ping_status":"closed","template":"","meta":{"_acf_changed":false,"site-sidebar-layout":"default","site-content-layout":"","ast-site-content-layout":"default","site-content-style":"default","site-sidebar-style":"default","ast-global-header-display":"","ast-banner-title-visibility":"","ast-main-header-display":"","ast-hfb-above-header-display":"","ast-hfb-below-header-display":"","ast-hfb-mobile-header-display":"","site-post-title":"","ast-breadcrumbs-content":"","ast-featured-img":"","footer-sml-layout":"","ast-disable-related-posts":"","theme-transparent-header-meta":"default","adv-header-id-meta":"","stick-header-meta":"","header-above-stick-meta":"","header-main-stick-meta":"","header-below-stick-meta":"","astra-migrate-meta-layouts":"set","ast-page-background-enabled":"default","ast-page-background-meta":{"desktop":{"background-color":"var(--ast-global-color-5)","background-image":"","background-repeat":"repeat","background-position":"center center","background-size":"auto","background-attachment":"scroll","background-type":"","background-media":"","overlay-type":"","overlay-color":"","overlay-opacity":"","overlay-gradient":""},"tablet":{"background-color":"","background-image":"","background-repeat":"repeat","background-position":"center center","background-size":"auto","background-attachment":"scroll","background-type":"","background-media":"","overlay-type":"","overlay-color":"","overlay-opacity":"","overlay-gradient":""},"mobile":{"background-color":"","background-image":"","background-repeat":"repeat","background-position":"center center","background-size":"auto","background-attachment":"scroll","background-type":"","background-media":"","overlay-type":"","overlay-color":"","overlay-opacity":"","overlay-gradient":""}},"ast-content-background-meta":{"desktop":{"background-color":"var(--ast-global-color-4)","background-image":"","background-repeat":"repeat","background-position":"center center","background-size":"auto","background-attachment":"scroll","background-type":"","background-media":"","overlay-type":"","overlay-color":"","overlay-opacity":"","overlay-gradient":""},"tablet":{"background-color":"var(--ast-global-color-4)","background-image":"","background-repeat":"repeat","background-position":"center center","background-size":"auto","background-attachment":"scroll","background-type":"","background-media":"","overlay-type":"","overlay-color":"","overlay-opacity":"","overlay-gradient":""},"mobile":{"background-color":"var(--ast-global-color-4)","background-image":"","background-repeat":"repeat","background-position":"center center","background-size":"auto","background-attachment":"scroll","background-type":"","background-media":"","overlay-type":"","overlay-color":"","overlay-opacity":"","overlay-gradient":""}}},"product_brand":[],"product_cat":[56,62,72],"product_tag":[197,198],"class_list":{"0":"post-4932","1":"product","2":"type-product","3":"status-publish","4":"has-post-thumbnail","6":"product_cat-cosmetic-jars","7":"product_cat-cosmetic-containers","8":"product_cat-cosmetic-packaging","9":"product_tag-50ml-cosmetic-containers","10":"product_tag-clear-glass-cosmetic-jars","11":"desktop-align-left","12":"tablet-align-left","13":"mobile-align-left","15":"first","16":"instock","17":"shipping-taxable","18":"product-type-simple"},"acf":[],"jetpack_sharing_enabled":true,"_links":{"self":[{"href":"https:\/\/theperfumebottles.com\/tr\/wp-json\/wp\/v2\/product\/4932","targetHints":{"allow":["GET"]}}],"collection":[{"href":"https:\/\/theperfumebottles.com\/tr\/wp-json\/wp\/v2\/product"}],"about":[{"href":"https:\/\/theperfumebottles.com\/tr\/wp-json\/wp\/v2\/types\/product"}],"replies":[{"embeddable":true,"href":"https:\/\/theperfumebottles.com\/tr\/wp-json\/wp\/v2\/comments?post=4932"}],"wp:featuredmedia":[{"embeddable":true,"href":"https:\/\/theperfumebottles.com\/tr\/wp-json\/wp\/v2\/media\/4946"}],"wp:attachment":[{"href":"https:\/\/theperfumebottles.com\/tr\/wp-json\/wp\/v2\/media?parent=4932"}],"wp:term":[{"taxonomy":"product_brand","embeddable":true,"href":"https:\/\/theperfumebottles.com\/tr\/wp-json\/wp\/v2\/product_brand?post=4932"},{"taxonomy":"product_cat","embeddable":true,"href":"https:\/\/theperfumebottles.com\/tr\/wp-json\/wp\/v2\/product_cat?post=4932"},{"taxonomy":"product_tag","embeddable":true,"href":"https:\/\/theperfumebottles.com\/tr\/wp-json\/wp\/v2\/product_tag?post=4932"}],"curies":[{"name":"wp","href":"https:\/\/api.w.org\/{rel}","templated":true}]}}