{"id":4990,"date":"2025-07-29T17:27:28","date_gmt":"2025-07-29T09:27:28","guid":{"rendered":"https:\/\/theperfumebottles.com\/?post_type=product&#038;p=4990"},"modified":"2026-03-30T14:38:28","modified_gmt":"2026-03-30T06:38:28","slug":"custom-1-oz-cosmetic-jars-with-lids-wholesale","status":"publish","type":"product","link":"https:\/\/theperfumebottles.com\/tr\/urun\/custom-1-oz-cosmetic-jars-with-lids-wholesale\/","title":{"rendered":"5g \u2013 80g \u00d6zel Tasar\u0131m Kapakl\u0131 Kozmetik Kavanozlar\u0131 Toptan Sat\u0131\u015f"},"content":{"rendered":"<p>Bunlar, yumu\u015fak buzlu cam ve kristal berrakl\u0131\u011f\u0131nda cam olmak \u00fczere iki t\u00fcrde \u00fcretilen ve silindirik cam \u015fi\u015felerde paketlenmi\u015f, yuvarlak 1 onsluk kozmetik kavanozlar\u0131d\u0131r. Kavanozlar\u0131n standart vidal\u0131 bir kapa\u011f\u0131 vard\u0131r ve siyah, g\u00fcm\u00fc\u015f veya alt\u0131n renkli metal vidal\u0131 kapaklar\u0131 olabilir.<\/p>\n<h2><strong data-spm-anchor-id=\"5176.28103460.0.i23.29ab1db81jJxsg\">Temel \u00d6zellikler<\/strong><\/h2>\n<table style=\"border-collapse: collapse; width: 80%; margin-left: auto; margin-right: auto;\" border=\"0\" width=\"360\" cellspacing=\"0\" cellpadding=\"0\">\n<tbody>\n<tr style=\"height: 13.50pt;\">\n<td style=\"height: 13.50pt; width: 54.00pt;\" width=\"72\" height=\"18\">Kapasite<\/td>\n<td style=\"width: 54.00pt;\" width=\"72\">S\u0131zd\u0131rmazl\u0131k Y\u00f6ntemi<\/td>\n<td style=\"width: 54.00pt;\" width=\"72\">Malzeme<\/td>\n<td style=\"width: 54.00pt;\" width=\"72\">Renk se\u00e7enekleri<\/td>\n<td style=\"width: 54.00pt;\" width=\"72\">Kullan\u0131m<\/td>\n<\/tr>\n<tr style=\"height: 13.50pt;\">\n<td style=\"height: 13.50pt;\" height=\"18\">5g<\/td>\n<td class=\"et2\" rowspan=\"7\">Di\u015fli boyun + Plastik\/Metal Kapak<\/td>\n<td class=\"et2\" rowspan=\"7\">Kristal cam<\/td>\n<td class=\"et2\" rowspan=\"7\">Amber, Mat ve alt\u0131n kapak veya iste\u011finize g\u00f6re<\/td>\n<td class=\"et2\" rowspan=\"7\">Y\u00fcz kremi, V\u00fccut kremi, G\u00f6z kremi, Dudak\u2026<\/td>\n<\/tr>\n<tr style=\"height: 13.50pt;\">\n<td style=\"height: 13.50pt;\" height=\"18\">10g<\/td>\n<\/tr>\n<tr style=\"height: 13.50pt;\">\n<td style=\"height: 13.50pt;\" height=\"18\">15g (0,5oz)<\/td>\n<\/tr>\n<tr style=\"height: 13.50pt;\">\n<td style=\"height: 13.50pt;\" height=\"18\">20g<\/td>\n<\/tr>\n<tr style=\"height: 13.50pt;\">\n<td style=\"height: 13.50pt;\" height=\"18\">30g (1oz)<\/td>\n<\/tr>\n<tr style=\"height: 13.50pt;\">\n<td style=\"height: 13.50pt;\" height=\"18\">50 gr<\/td>\n<\/tr>\n<tr style=\"height: 13.50pt;\">\n<td style=\"height: 13.50pt;\" height=\"18\">80 gr<\/td>\n<\/tr>\n<\/tbody>\n<\/table>\n<h2>Ba\u015far\u0131 \u00d6yk\u00fcs\u00fc: ABD Organik Cilt Bak\u0131m Markas\u0131ndan \u00d6zel Sipari\u015f<\/h2>\n<p>Kaliforniya merkezli, \u015feffaf cam \u015fi\u015felerde alt\u0131n kapakl\u0131 organik cilt bak\u0131m \u00fcr\u00fcnleri satan bir marka, \u00f6zel kozmetik ambalaj sistemimizi tercih etti. Ki\u015fiselle\u015ftirilmi\u015f ambalaj \u00e7\u00f6z\u00fcm\u00fc \u00e7arp\u0131c\u0131 sonu\u00e7lar do\u011furdu: \u00e7evrimi\u00e7i d\u00f6n\u00fc\u015f\u00fcm oran\u0131 artt\u0131 ve y\u00fcksek kaliteli metal kapaklar, do\u011fal u\u00e7ucu ya\u011flar\u0131n\u0131n raf \u00f6mr\u00fcn\u00fc 30 g\u00fcn uzatmakla kalmay\u0131p, \u015feffaf \u015fi\u015felerde saklanan serumun dokusunu kusursuz bir \u015fekilde sergilemeye yard\u0131mc\u0131 olan ideal bir s\u0131zd\u0131rmazl\u0131k sa\u011flad\u0131. Ayr\u0131ca, bu ba\u015far\u0131n\u0131n ard\u0131ndan yeni bir odakl\u0131 cilt bak\u0131m serisi ve abonelik kutusu ortakl\u0131\u011f\u0131 anla\u015fmas\u0131 i\u00e7in 420.000 adet daha sipari\u015f verdiler.<\/p>\n<h2>\u00d6zel Kozmetik Ambalaj \u00c7\u00f6z\u00fcmleri<\/h2>\n<ul>\n<li>Kapak malzemesi ve y\u00fczey kaplamas\u0131: Standart metalin yan\u0131 s\u0131ra bambu, mantar veya mat plastik gibi \u00e7ok say\u0131da \u00f6zel renk se\u00e7ene\u011fi de mevcuttur.<\/li>\n<li>\u00d6zel boyutlar: Standart d\u0131\u015f\u0131 \u00f6zel boyutlar olu\u015fturun (\u00f6rne\u011fin 1,7 oz seyahat boyu).<\/li>\n<li>\u0130\u00e7 conta: Daha fazla tazelik sa\u011flamak i\u00e7in kapa\u011f\u0131n alt\u0131na al\u00fcminyum folyo veya sens\u00f6r contas\u0131 ekleyin.<\/li>\n<\/ul>","protected":false},"excerpt":{"rendered":"<p>Cilt bak\u0131m\u0131 ve g\u00fczellik i\u00e7in 1 onsluk kozmetik kavanozlar\u0131. UV koruyucu caml\u0131 \u00f6zel kozmetik ambalaj\u0131, toptan sat\u0131\u015f fiyatlar\u0131 ve g\u00f6nderime haz\u0131r.<\/p>","protected":false},"featured_media":4994,"comment_status":"open","ping_status":"closed","template":"","meta":{"_acf_changed":false,"site-sidebar-layout":"default","site-content-layout":"","ast-site-content-layout":"default","site-content-style":"default","site-sidebar-style":"default","ast-global-header-display":"","ast-banner-title-visibility":"","ast-main-header-display":"","ast-hfb-above-header-display":"","ast-hfb-below-header-display":"","ast-hfb-mobile-header-display":"","site-post-title":"","ast-breadcrumbs-content":"","ast-featured-img":"","footer-sml-layout":"","ast-disable-related-posts":"","theme-transparent-header-meta":"default","adv-header-id-meta":"","stick-header-meta":"","header-above-stick-meta":"","header-main-stick-meta":"","header-below-stick-meta":"","astra-migrate-meta-layouts":"set","ast-page-background-enabled":"default","ast-page-background-meta":{"desktop":{"background-color":"var(--ast-global-color-5)","background-image":"","background-repeat":"repeat","background-position":"center center","background-size":"auto","background-attachment":"scroll","background-type":"","background-media":"","overlay-type":"","overlay-color":"","overlay-opacity":"","overlay-gradient":""},"tablet":{"background-color":"","background-image":"","background-repeat":"repeat","background-position":"center center","background-size":"auto","background-attachment":"scroll","background-type":"","background-media":"","overlay-type":"","overlay-color":"","overlay-opacity":"","overlay-gradient":""},"mobile":{"background-color":"","background-image":"","background-repeat":"repeat","background-position":"center center","background-size":"auto","background-attachment":"scroll","background-type":"","background-media":"","overlay-type":"","overlay-color":"","overlay-opacity":"","overlay-gradient":""}},"ast-content-background-meta":{"desktop":{"background-color":"var(--ast-global-color-4)","background-image":"","background-repeat":"repeat","background-position":"center center","background-size":"auto","background-attachment":"scroll","background-type":"","background-media":"","overlay-type":"","overlay-color":"","overlay-opacity":"","overlay-gradient":""},"tablet":{"background-color":"var(--ast-global-color-4)","background-image":"","background-repeat":"repeat","background-position":"center center","background-size":"auto","background-attachment":"scroll","background-type":"","background-media":"","overlay-type":"","overlay-color":"","overlay-opacity":"","overlay-gradient":""},"mobile":{"background-color":"var(--ast-global-color-4)","background-image":"","background-repeat":"repeat","background-position":"center center","background-size":"auto","background-attachment":"scroll","background-type":"","background-media":"","overlay-type":"","overlay-color":"","overlay-opacity":"","overlay-gradient":""}}},"product_brand":[],"product_cat":[56,62,72],"product_tag":[203,202],"class_list":{"0":"post-4990","1":"product","2":"type-product","3":"status-publish","4":"has-post-thumbnail","6":"product_cat-cosmetic-jars","7":"product_cat-cosmetic-containers","8":"product_cat-cosmetic-packaging","9":"product_tag-1-oz-cosmetic-jars","10":"product_tag-custom-cosmetic-packaging","11":"desktop-align-left","12":"tablet-align-left","13":"mobile-align-left","15":"first","16":"instock","17":"shipping-taxable","18":"product-type-simple"},"acf":[],"jetpack_sharing_enabled":true,"_links":{"self":[{"href":"https:\/\/theperfumebottles.com\/tr\/wp-json\/wp\/v2\/product\/4990","targetHints":{"allow":["GET"]}}],"collection":[{"href":"https:\/\/theperfumebottles.com\/tr\/wp-json\/wp\/v2\/product"}],"about":[{"href":"https:\/\/theperfumebottles.com\/tr\/wp-json\/wp\/v2\/types\/product"}],"replies":[{"embeddable":true,"href":"https:\/\/theperfumebottles.com\/tr\/wp-json\/wp\/v2\/comments?post=4990"}],"wp:featuredmedia":[{"embeddable":true,"href":"https:\/\/theperfumebottles.com\/tr\/wp-json\/wp\/v2\/media\/4994"}],"wp:attachment":[{"href":"https:\/\/theperfumebottles.com\/tr\/wp-json\/wp\/v2\/media?parent=4990"}],"wp:term":[{"taxonomy":"product_brand","embeddable":true,"href":"https:\/\/theperfumebottles.com\/tr\/wp-json\/wp\/v2\/product_brand?post=4990"},{"taxonomy":"product_cat","embeddable":true,"href":"https:\/\/theperfumebottles.com\/tr\/wp-json\/wp\/v2\/product_cat?post=4990"},{"taxonomy":"product_tag","embeddable":true,"href":"https:\/\/theperfumebottles.com\/tr\/wp-json\/wp\/v2\/product_tag?post=4990"}],"curies":[{"name":"wp","href":"https:\/\/api.w.org\/{rel}","templated":true}]}}