{"id":5173,"date":"2025-08-05T16:32:00","date_gmt":"2025-08-05T08:32:00","guid":{"rendered":"https:\/\/theperfumebottles.com\/?post_type=product&#038;p=5173"},"modified":"2025-08-05T09:28:45","modified_gmt":"2025-08-05T01:28:45","slug":"bulk-glass-pump-bottle-cosmetic-glass-bottle-solutions","status":"publish","type":"product","link":"https:\/\/theperfumebottles.com\/tr\/urun\/bulk-glass-pump-bottle-cosmetic-glass-bottle-solutions\/","title":{"rendered":"Toplu Cam Pompa \u015ei\u015fesi \u2013 Kozmetik Cam \u015ei\u015fe \u00c7\u00f6z\u00fcmleri"},"content":{"rendered":"<p>Bu m\u00fckemmel cam pompal\u0131 \u015fi\u015feye g\u00f6z at\u0131n! Sade, sofistike ve sade ama bir o kadar da sofistike. Bu s\u0131radan bir g\u00fczellik \u015fi\u015fesi de\u011fil; g\u00fcnl\u00fck cilt bak\u0131m rutininize bir ad\u0131m daha ileri ta\u015f\u0131yacak. Plastik \u015fi\u015felerin ucuz ve bu\u011fulu hissiyat\u0131ndan uzak, temiz ve yap\u0131\u015fkan olmayan bir yap\u0131ya sahip. Buzlu cam \u00f6zel tasar\u0131m\u0131 her bas\u0131\u015fta a\u00e7\u0131l\u0131yor. Logo mu tasarl\u0131yorsunuz? Sizi anl\u0131yoruz! Cam g\u00fczellik ambalajlar\u0131n\u0131n ihtiya\u00e7lar\u0131 \u00f6zeldir. Her k\u00fc\u00e7\u00fck parti \u00f6zelle\u015ftirmeye ve b\u00fcy\u00fck \u00f6l\u00e7ekli \u00fcretime uyum sa\u011flayan esnek \u00e7\u00f6z\u00fcmler sunarak, \u00fcr\u00fcnlerinizin ambalaj\u0131n kendisinden s\u0131yr\u0131lmas\u0131n\u0131 sa\u011fl\u0131yoruz.<\/p>\n<h2>Temel \u00d6zellikler<\/h2>\n<table style=\"border-collapse: collapse;margin-left: auto;margin-right: auto;width: 80%\" border=\"0\" width=\"555\" cellspacing=\"0\" cellpadding=\"0\">\n<tbody>\n<tr style=\"height: 13.50pt\">\n<td style=\"height: 13.50pt;width: 136.50pt\" width=\"182\" height=\"18\">\u00d6zellik<\/td>\n<td style=\"width: 279.75pt\" width=\"373\">Detaylar<\/td>\n<\/tr>\n<tr style=\"height: 13.50pt\">\n<td style=\"height: 13.50pt\" height=\"18\">Mevcut Boyutlar<\/td>\n<td>20ml, 30ml, 50ml, 100ml, 120ml, 200ml<\/td>\n<\/tr>\n<tr style=\"height: 13.50pt\">\n<td style=\"height: 13.50pt\" height=\"18\">Malzeme<\/td>\n<td>Premium buzlu cam<\/td>\n<\/tr>\n<tr style=\"height: 13.50pt\">\n<td style=\"height: 13.50pt\" height=\"18\">Kapak<\/td>\n<td>Alt\u0131n vidal\u0131 kapak + plastik pompa ba\u015fl\u0131\u011f\u0131<\/td>\n<\/tr>\n<tr style=\"height: 13.50pt\">\n<td style=\"height: 13.50pt\" height=\"18\">Sona ermek<\/td>\n<td>Yumu\u015fak mat, kaymay\u0131 \u00f6nleyici tutu\u015f<\/td>\n<\/tr>\n<tr style=\"height: 13.50pt\">\n<td style=\"height: 13.50pt\" height=\"18\">\u00d6zelle\u015ftirme<\/td>\n<td>Tam renkli, etiketli, kapakl\u0131 kaplama se\u00e7enekleri<\/td>\n<\/tr>\n<tr style=\"height: 13.50pt\">\n<td style=\"height: 13.50pt\" height=\"18\">En \u0130yisi \u0130\u00e7in<\/td>\n<td style=\"text-align: left\">Serumlar, losyonlar, temizleyiciler, y\u00fcz ya\u011flar\u0131, hediyeler<\/td>\n<\/tr>\n<\/tbody>\n<\/table>\n<h2>Ba\u015far\u0131 Hikayesi<\/h2>\n<p>Do\u011fal bir y\u00fcz ya\u011f\u0131 markas\u0131 daha \u00f6nce standart pompal\u0131 \u015feffaf plastik bir \u015fi\u015fe kullan\u0131yordu. \u00dcr\u00fcn\u00fcn kendisi olduk\u00e7a iyiydi, ancak m\u00fc\u015fteriler ambalaj\u0131n &#034;ucuz&#034; ve &#034;bo\u015f, unutulmu\u015f&#034; g\u00f6r\u00fcnd\u00fc\u011f\u00fcnden \u015fikayet etmeye devam ediyordu.<\/p>\n<p>Daha sonra, alt\u0131n kapakl\u0131 ve yumu\u015fak siyah etiketli, buzlu beyaz bir \u015fi\u015fe olan 50 ml&#039;lik cam kozmetik \u015fi\u015femize ge\u00e7tiler. De\u011fi\u015fim an\u0131nda ger\u00e7ekle\u015fti. M\u00fc\u015fteriler, &#034;\u00c7ok daha iyi hissettiriyor&#034; ve &#034;Kulland\u0131ktan sonra atmaya k\u0131yam\u0131yorum&#034; yorumlar\u0131n\u0131 yapt\u0131. Hatta biri, &#034;Sadece kullanmakla kalm\u0131yor, ayn\u0131 zamanda \u015fifonyerimde s\u00fcs olarak da sakl\u0131yorum&#034; dedi. Bu de\u011fi\u015fiklik, tekrar sat\u0131n alma oran\u0131nda &#039;lik bir art\u0131\u015fa yol a\u00e7t\u0131. Cam losyon \u015fi\u015fe ambalajlar\u0131, insanlar\u0131n k\u00f6kl\u00fc markalar yerine kendi \u015fi\u015felerini tercih etmeleri i\u00e7in bir sebep haline geldi.<\/p>\n<h2>\u0130yi bir \u00fcr\u00fcn, harika bir ambalajla m\u00fckemmelle\u015ftirilir<\/h2>\n<p>Cilt bak\u0131m\u0131 sadece \u015fi\u015fenin i\u00e7indekilerle ilgili de\u011fildir; onu kulland\u0131\u011f\u0131n\u0131zda hissetti\u011finiz his de ayn\u0131 derecede \u00f6nemlidir. Cam pompal\u0131 \u015fi\u015felerimiz ve kozmetik \u015fi\u015felerimiz sadece birer kap de\u011fil; g\u00fcnl\u00fck cilt bak\u0131m\u0131n\u0131 bir rit\u00fcele, &#034;\u0130yi muameleyi hak ediyorsunuz&#034; demenin bir yolu haline getiriyorlar. Cam losyon \u015fi\u015felerinden komple cam pompal\u0131 \u015fi\u015fe ambalaj \u00e7\u00f6z\u00fcmlerine kadar, ger\u00e7ekten unutulmaz bir \u00fcr\u00fcn yaratman\u0131za yard\u0131mc\u0131 oluyoruz.<\/p>","protected":false},"excerpt":{"rendered":"<p>Cilt bak\u0131m\u0131 ve g\u00fczellik \u00fcr\u00fcnleri ambalaj\u0131 i\u00e7in ideal, y\u00fcksek kaliteli cam pompa \u015fi\u015fesi ve kozmetik cam \u015fi\u015fesi. Toptan ve toplu sipari\u015fler i\u00e7in m\u00fckemmel.<\/p>","protected":false},"featured_media":5174,"comment_status":"open","ping_status":"closed","template":"","meta":{"_acf_changed":false,"site-sidebar-layout":"default","site-content-layout":"","ast-site-content-layout":"default","site-content-style":"default","site-sidebar-style":"default","ast-global-header-display":"","ast-banner-title-visibility":"","ast-main-header-display":"","ast-hfb-above-header-display":"","ast-hfb-below-header-display":"","ast-hfb-mobile-header-display":"","site-post-title":"","ast-breadcrumbs-content":"","ast-featured-img":"","footer-sml-layout":"","ast-disable-related-posts":"","theme-transparent-header-meta":"default","adv-header-id-meta":"","stick-header-meta":"","header-above-stick-meta":"","header-main-stick-meta":"","header-below-stick-meta":"","astra-migrate-meta-layouts":"set","ast-page-background-enabled":"default","ast-page-background-meta":{"desktop":{"background-color":"var(--ast-global-color-5)","background-image":"","background-repeat":"repeat","background-position":"center center","background-size":"auto","background-attachment":"scroll","background-type":"","background-media":"","overlay-type":"","overlay-color":"","overlay-opacity":"","overlay-gradient":""},"tablet":{"background-color":"","background-image":"","background-repeat":"repeat","background-position":"center center","background-size":"auto","background-attachment":"scroll","background-type":"","background-media":"","overlay-type":"","overlay-color":"","overlay-opacity":"","overlay-gradient":""},"mobile":{"background-color":"","background-image":"","background-repeat":"repeat","background-position":"center center","background-size":"auto","background-attachment":"scroll","background-type":"","background-media":"","overlay-type":"","overlay-color":"","overlay-opacity":"","overlay-gradient":""}},"ast-content-background-meta":{"desktop":{"background-color":"var(--ast-global-color-4)","background-image":"","background-repeat":"repeat","background-position":"center center","background-size":"auto","background-attachment":"scroll","background-type":"","background-media":"","overlay-type":"","overlay-color":"","overlay-opacity":"","overlay-gradient":""},"tablet":{"background-color":"var(--ast-global-color-4)","background-image":"","background-repeat":"repeat","background-position":"center center","background-size":"auto","background-attachment":"scroll","background-type":"","background-media":"","overlay-type":"","overlay-color":"","overlay-opacity":"","overlay-gradient":""},"mobile":{"background-color":"var(--ast-global-color-4)","background-image":"","background-repeat":"repeat","background-position":"center center","background-size":"auto","background-attachment":"scroll","background-type":"","background-media":"","overlay-type":"","overlay-color":"","overlay-opacity":"","overlay-gradient":""}}},"product_brand":[],"product_cat":[62,72,71],"product_tag":[190,204],"class_list":{"0":"post-5173","1":"product","2":"type-product","3":"status-publish","4":"has-post-thumbnail","6":"product_cat-cosmetic-containers","7":"product_cat-cosmetic-packaging","8":"product_cat-glass-lotion-bottles","9":"product_tag-cosmetic-pots-with-lids","10":"product_tag-frosted-cosmetic-jars","11":"desktop-align-left","12":"tablet-align-left","13":"mobile-align-left","15":"first","16":"instock","17":"shipping-taxable","18":"product-type-simple"},"acf":[],"jetpack_sharing_enabled":true,"_links":{"self":[{"href":"https:\/\/theperfumebottles.com\/tr\/wp-json\/wp\/v2\/product\/5173","targetHints":{"allow":["GET"]}}],"collection":[{"href":"https:\/\/theperfumebottles.com\/tr\/wp-json\/wp\/v2\/product"}],"about":[{"href":"https:\/\/theperfumebottles.com\/tr\/wp-json\/wp\/v2\/types\/product"}],"replies":[{"embeddable":true,"href":"https:\/\/theperfumebottles.com\/tr\/wp-json\/wp\/v2\/comments?post=5173"}],"wp:featuredmedia":[{"embeddable":true,"href":"https:\/\/theperfumebottles.com\/tr\/wp-json\/wp\/v2\/media\/5174"}],"wp:attachment":[{"href":"https:\/\/theperfumebottles.com\/tr\/wp-json\/wp\/v2\/media?parent=5173"}],"wp:term":[{"taxonomy":"product_brand","embeddable":true,"href":"https:\/\/theperfumebottles.com\/tr\/wp-json\/wp\/v2\/product_brand?post=5173"},{"taxonomy":"product_cat","embeddable":true,"href":"https:\/\/theperfumebottles.com\/tr\/wp-json\/wp\/v2\/product_cat?post=5173"},{"taxonomy":"product_tag","embeddable":true,"href":"https:\/\/theperfumebottles.com\/tr\/wp-json\/wp\/v2\/product_tag?post=5173"}],"curies":[{"name":"wp","href":"https:\/\/api.w.org\/{rel}","templated":true}]}}