{"id":5185,"date":"2025-08-05T18:48:14","date_gmt":"2025-08-05T10:48:14","guid":{"rendered":"https:\/\/theperfumebottles.com\/?post_type=product&#038;p=5185"},"modified":"2025-08-05T17:03:32","modified_gmt":"2025-08-05T09:03:32","slug":"custom-frosted-glass-bottle-with-pump-wholesale","status":"publish","type":"product","link":"https:\/\/theperfumebottles.com\/tr\/urun\/custom-frosted-glass-bottle-with-pump-wholesale\/","title":{"rendered":"100 ml \u00d6zel Buzlu Cam \u015ei\u015fe Pompal\u0131 Toptan"},"content":{"rendered":"<p>Pompal\u0131 ambalajl\u0131 bo\u015f cam \u015fi\u015fe \u00e7\u00f6z\u00fcmleri ar\u0131yorsan\u0131z, durun. Do\u011fru yerdesiniz. \u0130ster tek ba\u015f\u0131n\u0131za bir \u00fcretici olun, ister k\u00fc\u00e7\u00fck bir cilt bak\u0131m serisi piyasaya s\u00fcr\u00fcyor olun, bu cam havas\u0131z pompal\u0131 \u015fi\u015feler performans ve \u015f\u0131kl\u0131k i\u00e7in tasarland\u0131.<\/p>\n<p>Anl\u0131yoruz; cam ambalaj ihtiya\u00e7lar\u0131n\u0131z benzersiz. Bu y\u00fczden size uygun bir \u015fey \u00fcrettik: zarif, i\u015flevsel ve tamamen size \u00f6zel.<\/p>\n<h2>Temel \u00d6zellikler<\/h2>\n<table style=\"border-collapse: collapse;margin-left: auto;margin-right: auto;width: 80%\" border=\"0\" width=\"489\" cellspacing=\"0\" cellpadding=\"0\">\n<tbody>\n<tr style=\"height: 13.50pt\">\n<td style=\"height: 13.50pt;width: 112.50pt\" width=\"150\" height=\"18\">\u00d6zellik<\/td>\n<td style=\"width: 254.25pt\" width=\"339\">Detaylar<\/td>\n<\/tr>\n<tr style=\"height: 13.50pt\">\n<td style=\"height: 13.50pt\" height=\"18\">Kapasite<\/td>\n<td>100 ml<\/td>\n<\/tr>\n<tr style=\"height: 13.50pt\">\n<td style=\"height: 13.50pt\" height=\"18\">\u015ei\u015fe Malzemesi<\/td>\n<td>Premium buzlu cam<\/td>\n<\/tr>\n<tr style=\"height: 13.50pt\">\n<td style=\"height: 13.50pt\" height=\"18\">Pompa Tipi<\/td>\n<td>Havas\u0131z<\/td>\n<\/tr>\n<tr style=\"height: 13.50pt\">\n<td style=\"height: 13.50pt\" height=\"18\">Kapan\u0131\u015f<\/td>\n<td>Bas\u0131n kapa\u011f\u0131<\/td>\n<\/tr>\n<tr style=\"height: 13.50pt\">\n<td style=\"height: 13.50pt\" height=\"18\">Paketleme Boyutu<\/td>\n<td>100mm \u00d7 100mm \u00d7 150mm (tek \u00fcnite i\u00e7in)<\/td>\n<\/tr>\n<tr style=\"height: 13.50pt\">\n<td style=\"height: 13.50pt\" height=\"18\">Mevcut Renkler<\/td>\n<td>\u00d6zelle\u015ftirilebilir (siyah, beyaz, pembe vb.)<\/td>\n<\/tr>\n<tr style=\"height: 13.50pt\">\n<td style=\"height: 13.50pt\" height=\"18\">\u0130deal \u0130\u00e7in<\/td>\n<td>Esanslar, nemlendiriciler, tonikler vb.<\/td>\n<\/tr>\n<\/tbody>\n<\/table>\n<h2>Ba\u015far\u0131 Hikayesi<\/h2>\n<p>\u015eehrin d\u0131\u015f\u0131nda, k\u00fc\u00e7\u00fck ve rahat bir mutfakta, Lily ev yap\u0131m\u0131 do\u011fal y\u00fcz ya\u011flar\u0131yla giri\u015fimcilik yolculu\u011funa ba\u015flad\u0131. Her damlaya t\u00fcm kalbini ve ruhunu katt\u0131, ancak ger\u00e7ek ambalaj\u0131 bir i\u015fkenceye d\u00f6n\u00fc\u015ft\u00fc; cam \u015fi\u015feler kolayca s\u0131zd\u0131r\u0131yor ve g\u00f6r\u00fcn\u00fcm\u00fc, \u00f6zenle harmanlanm\u0131\u015f ya\u011flara yak\u0131\u015fmayacak kadar tats\u0131zd\u0131.<\/p>\n<p>Lily, sade alt\u0131n rengi pompa ba\u015fl\u0131\u011f\u0131 ve kendi ki\u015fisel tarz\u0131n\u0131n minimalist bir markas\u0131 olan hafif koyu k\u0131rm\u0131z\u0131 cam vakumlu pompal\u0131 \u015fi\u015feye ge\u00e7ti. Yeni ambalaj\u0131 Instagram&#039;da an\u0131nda hit oldu! &#034;Bu \u015fi\u015feyi nereden ald\u0131n? \u00c7ok \u00f6zel!&#034; ve &#034;Bunu kullanmak, cilt bak\u0131m rutinimi daha da bir rit\u00fcele d\u00f6n\u00fc\u015ft\u00fcr\u00fcyor.&#034; gibi mesajlar ya\u011fd\u0131. Birka\u00e7 ay i\u00e7inde gelirleri ikiye katland\u0131 ve hatta ma\u011fazalar bile ona ortakl\u0131k teklifinde bulundu.<\/p>\n<p>Lily&#039;nin ba\u015far\u0131s\u0131n\u0131n s\u0131rr\u0131, art\u0131k sadece u\u00e7ucu ya\u011flar\u0131 tan\u0131tmakla kalmay\u0131p, muhte\u015fem cam pompal\u0131 \u015fi\u015feleriyle y\u00fcksek kaliteli, \u015f\u0131mart\u0131c\u0131 bir cilt bak\u0131m\u0131 deneyimi sunmakta yat\u0131yor. Bu yenilik\u00e7i d\u00f6n\u00fc\u015f\u00fcm, do\u011fru ambalaj\u0131 se\u00e7mekle ba\u015flad\u0131.<\/p>\n<h2>Son S\u00f6z<\/h2>\n<p>Harika bir cilt bak\u0131m\u0131, harika bir ambalaj\u0131 hak eder. Emeklerinizi unutulabilir bir \u015fi\u015fede saklamay\u0131n. Cam havas\u0131z pompal\u0131 \u015fi\u015felerimiz form\u00fcl\u00fcn\u00fcz\u00fc korur, markan\u0131z\u0131 y\u00fcceltir ve m\u00fc\u015fterilerinizin &#034;Bay\u0131ld\u0131m&#034; demesini sa\u011flar. \u00d6yleyse, \u00fcr\u00fcn\u00fcn\u00fcze hak etti\u011fi yeri verin.<\/p>","protected":false},"excerpt":{"rendered":"<p>Kozmetik, cilt bak\u0131m\u0131 ve toplu B2B ambalajlama i\u00e7in m\u00fckemmel, \u015f\u0131k ve dayan\u0131kl\u0131 tasar\u0131ma sahip, pompal\u0131 ve kapakl\u0131 \u00f6zel ve toptan cam \u015fi\u015fe.<\/p>","protected":false},"featured_media":5188,"comment_status":"open","ping_status":"closed","template":"","meta":{"_acf_changed":false,"site-sidebar-layout":"default","site-content-layout":"","ast-site-content-layout":"default","site-content-style":"default","site-sidebar-style":"default","ast-global-header-display":"","ast-banner-title-visibility":"","ast-main-header-display":"","ast-hfb-above-header-display":"","ast-hfb-below-header-display":"","ast-hfb-mobile-header-display":"","site-post-title":"","ast-breadcrumbs-content":"","ast-featured-img":"","footer-sml-layout":"","ast-disable-related-posts":"","theme-transparent-header-meta":"default","adv-header-id-meta":"","stick-header-meta":"","header-above-stick-meta":"","header-main-stick-meta":"","header-below-stick-meta":"","astra-migrate-meta-layouts":"set","ast-page-background-enabled":"default","ast-page-background-meta":{"desktop":{"background-color":"var(--ast-global-color-5)","background-image":"","background-repeat":"repeat","background-position":"center center","background-size":"auto","background-attachment":"scroll","background-type":"","background-media":"","overlay-type":"","overlay-color":"","overlay-opacity":"","overlay-gradient":""},"tablet":{"background-color":"","background-image":"","background-repeat":"repeat","background-position":"center center","background-size":"auto","background-attachment":"scroll","background-type":"","background-media":"","overlay-type":"","overlay-color":"","overlay-opacity":"","overlay-gradient":""},"mobile":{"background-color":"","background-image":"","background-repeat":"repeat","background-position":"center center","background-size":"auto","background-attachment":"scroll","background-type":"","background-media":"","overlay-type":"","overlay-color":"","overlay-opacity":"","overlay-gradient":""}},"ast-content-background-meta":{"desktop":{"background-color":"var(--ast-global-color-4)","background-image":"","background-repeat":"repeat","background-position":"center center","background-size":"auto","background-attachment":"scroll","background-type":"","background-media":"","overlay-type":"","overlay-color":"","overlay-opacity":"","overlay-gradient":""},"tablet":{"background-color":"var(--ast-global-color-4)","background-image":"","background-repeat":"repeat","background-position":"center center","background-size":"auto","background-attachment":"scroll","background-type":"","background-media":"","overlay-type":"","overlay-color":"","overlay-opacity":"","overlay-gradient":""},"mobile":{"background-color":"var(--ast-global-color-4)","background-image":"","background-repeat":"repeat","background-position":"center center","background-size":"auto","background-attachment":"scroll","background-type":"","background-media":"","overlay-type":"","overlay-color":"","overlay-opacity":"","overlay-gradient":""}}},"product_brand":[],"product_cat":[62,72,71],"product_tag":[190,204],"class_list":{"0":"post-5185","1":"product","2":"type-product","3":"status-publish","4":"has-post-thumbnail","6":"product_cat-cosmetic-containers","7":"product_cat-cosmetic-packaging","8":"product_cat-glass-lotion-bottles","9":"product_tag-cosmetic-pots-with-lids","10":"product_tag-frosted-cosmetic-jars","11":"desktop-align-left","12":"tablet-align-left","13":"mobile-align-left","15":"first","16":"instock","17":"shipping-taxable","18":"product-type-simple"},"acf":[],"jetpack_sharing_enabled":true,"_links":{"self":[{"href":"https:\/\/theperfumebottles.com\/tr\/wp-json\/wp\/v2\/product\/5185","targetHints":{"allow":["GET"]}}],"collection":[{"href":"https:\/\/theperfumebottles.com\/tr\/wp-json\/wp\/v2\/product"}],"about":[{"href":"https:\/\/theperfumebottles.com\/tr\/wp-json\/wp\/v2\/types\/product"}],"replies":[{"embeddable":true,"href":"https:\/\/theperfumebottles.com\/tr\/wp-json\/wp\/v2\/comments?post=5185"}],"wp:featuredmedia":[{"embeddable":true,"href":"https:\/\/theperfumebottles.com\/tr\/wp-json\/wp\/v2\/media\/5188"}],"wp:attachment":[{"href":"https:\/\/theperfumebottles.com\/tr\/wp-json\/wp\/v2\/media?parent=5185"}],"wp:term":[{"taxonomy":"product_brand","embeddable":true,"href":"https:\/\/theperfumebottles.com\/tr\/wp-json\/wp\/v2\/product_brand?post=5185"},{"taxonomy":"product_cat","embeddable":true,"href":"https:\/\/theperfumebottles.com\/tr\/wp-json\/wp\/v2\/product_cat?post=5185"},{"taxonomy":"product_tag","embeddable":true,"href":"https:\/\/theperfumebottles.com\/tr\/wp-json\/wp\/v2\/product_tag?post=5185"}],"curies":[{"name":"wp","href":"https:\/\/api.w.org\/{rel}","templated":true}]}}