{"id":5245,"date":"2025-08-07T10:30:11","date_gmt":"2025-08-07T02:30:11","guid":{"rendered":"https:\/\/theperfumebottles.com\/?post_type=product&#038;p=5245"},"modified":"2026-03-30T14:21:28","modified_gmt":"2026-03-30T06:21:28","slug":"essential-oil-glass-roller-bottles-for-packaging-wholesale","status":"publish","type":"product","link":"https:\/\/theperfumebottles.com\/tr\/urun\/essential-oil-glass-roller-bottles-for-packaging-wholesale\/","title":{"rendered":"1 ml - 100 ml U\u00e7ucu Ya\u011f Cam Rulo \u015ei\u015feleri, Toptan Ambalaj \u0130\u00e7in"},"content":{"rendered":"<p>Hassasiyet ve zarafeti bir araya getiren cam rulo \u015fi\u015felere mi ihtiyac\u0131n\u0131z var? Esansiyel ya\u011flar\u0131n bulundu\u011fu bu rulo \u015fi\u015feler, dikkat \u00e7ekici kozmetik ambalajlar isteyen markalar i\u00e7in tasarlanm\u0131\u015ft\u0131r.<\/p>\n<h2><strong data-spm-anchor-id=\"5176.28103460.0.i9.29ab1db8AYaOUi\">Temel \u00d6zellikler<\/strong><\/h2>\n<table style=\"margin-left: auto; margin-right: auto; border-collapse: collapse; width: 80%;\" border=\"0\" width=\"144\" cellspacing=\"0\" cellpadding=\"0\">\n<tbody>\n<tr style=\"height: 13.50pt;\">\n<td style=\"height: 13.5pt; width: 54pt; text-align: center;\" width=\"72\" height=\"18\">\u00d6zellik<\/td>\n<td style=\"width: 54pt; text-align: center;\" width=\"72\">Detaylar<\/td>\n<\/tr>\n<tr style=\"height: 13.50pt;\">\n<td style=\"height: 13.5pt; text-align: center;\" height=\"18\">Kapasite<\/td>\n<td style=\"text-align: center;\">1ml, 2ml, 3ml, 5ml, 10ml, 15ml, 20ml, 30ml, 50ml, 100ml<\/td>\n<\/tr>\n<tr style=\"height: 13.50pt;\">\n<td style=\"height: 13.5pt; text-align: center;\" height=\"18\">Malzeme<\/td>\n<td style=\"text-align: center;\">Kristal Cam<\/td>\n<\/tr>\n<tr style=\"height: 13.50pt;\">\n<td style=\"height: 13.5pt; text-align: center;\" height=\"18\">S\u0131zd\u0131rmazl\u0131k Mekanizmas\u0131<\/td>\n<td style=\"text-align: center;\">Roll-On (Metal Rulo U\u00e7)<\/td>\n<\/tr>\n<tr style=\"height: 13.50pt;\">\n<td style=\"height: 13.5pt; text-align: center;\" height=\"18\">Renk<\/td>\n<td style=\"text-align: center;\">Kehribar\/Siyah\/Kahverengi\/Ye\u015fil\/\u015feffaf<\/td>\n<\/tr>\n<tr style=\"height: 13.50pt;\">\n<td style=\"height: 13.5pt; text-align: center;\" height=\"18\">Kullan\u0131m<\/td>\n<td style=\"text-align: center;\">Esansiyel Ya\u011f\/Parf\u00fcm\/Kimya Laboratuvar Kimyasallar\u0131\u2026<\/td>\n<\/tr>\n<\/tbody>\n<\/table>\n<h2>Ba\u015far\u0131 \u00d6rne\u011fi<\/h2>\n<p>Avustralyal\u0131 bir do\u011fal sa\u011fl\u0131k \u00fcr\u00fcnleri \u015firketi, \u00e7ok say\u0131da u\u00e7ucu ya\u011f i\u00e7eren roll-on \u015fi\u015fesine acil ihtiya\u00e7 duyuyordu. Sonunda, satt\u0131\u011f\u0131m\u0131z 50 ml&#039;lik kehribar renkli cam roll-on \u015fi\u015felerinde karar k\u0131ld\u0131lar. Ayr\u0131ca, \u00f6zelle\u015ftirme a\u015famas\u0131nda uygulamay\u0131 kolayla\u015ft\u0131rmak i\u00e7in roll-on toplar\u0131n\u0131 paslanmaz \u00e7elikten \u00fcrettik ve \u015f\u0131k ve modern g\u00f6r\u00fcnmeleri i\u00e7in siyah mat kapaklarla donatt\u0131k. Dahas\u0131, m\u00fc\u015fteri marka logosunu basmak i\u00e7in serigrafi bask\u0131 y\u00f6ntemini ve farkl\u0131 \u00fcr\u00fcn form\u00fclasyonlar\u0131 ve versiyonlar\u0131 aras\u0131nda ayr\u0131m yapmak i\u00e7in buzlu bir kaplama y\u00f6ntemini tercih etti, \u00e7\u00fcnk\u00fc m\u00fc\u015fteri farkl\u0131 partiler kullanmak istiyordu.<\/p>\n<p>\u00dcr\u00fcn, piyasaya s\u00fcr\u00fclmesinin ilk iki ay\u0131nda &#039;luk bir b\u00fcy\u00fcme kaydetti. Olumlu pazar tepkisi nedeniyle, m\u00fc\u015fteri hemen ek bir sipari\u015f verdi ve bu ambalaj \u00e7\u00f6z\u00fcm\u00fcn\u00fc, u\u00e7ucu ya\u011f kar\u0131\u015f\u0131mlar\u0131ndan olu\u015fan di\u011fer \u00fcr\u00fcn yelpazesini de kapsayacak \u015fekilde geni\u015fletti.<\/p>\n<h2>\u00a0\u00d6zelle\u015ftirme \u00d6nerisi<\/h2>\n<ul>\n<li><strong>I\u015f\u0131k Ge\u00e7irmez Se\u00e7enekler:<\/strong> Kahverengi cam u\u00e7ucu ya\u011flar i\u00e7in uygundur; ye\u015fil cam ise kokular ve laboratuvar kullan\u0131m\u0131 i\u00e7in uygundur.<\/li>\n<li><strong>\u015e\u0131k ve Dayan\u0131kl\u0131:<\/strong> 2025&#039;te pop\u00fcler olan a\u015f\u0131r\u0131 doygunluktaki mat renkler (Klein Mavisi, Floresan Ye\u015fili gibi) UV bask\u0131yla birle\u015ferek a\u015f\u0131nmaya dayan\u0131kl\u0131 etiketler sunuyor. Rulo bilye ve kapak d\u00fczeni hijyen sa\u011fl\u0131yor.<\/li>\n<li><strong>\u00c7ok Y\u00f6nl\u00fc Boyutlar:<\/strong> \u00c7ok say\u0131da ambalaj iste\u011fini kar\u015f\u0131lamak i\u00e7in 1ml\u2013100ml (seyahat i\u00e7in 5ml, \u015f\u0131k i\u00e7in 30ml) se\u00e7enekleri mevcuttur.<\/li>\n<\/ul>","protected":false},"excerpt":{"rendered":"<p>G\u00fcvenilir bir kozmetik ambalaj tedarik\u00e7isinden cam rulo \u015fi\u015fe esansiyel ya\u011f \u00e7\u00f6z\u00fcmlerini ke\u015ffedin. Dayan\u0131kl\u0131, g\u00f6nderime haz\u0131r ve toptan sipari\u015fler i\u00e7in \u00f6zelle\u015ftirilebilir.<\/p>","protected":false},"featured_media":7498,"comment_status":"open","ping_status":"closed","template":"","meta":{"_acf_changed":false,"site-sidebar-layout":"default","site-content-layout":"","ast-site-content-layout":"default","site-content-style":"default","site-sidebar-style":"default","ast-global-header-display":"","ast-banner-title-visibility":"","ast-main-header-display":"","ast-hfb-above-header-display":"","ast-hfb-below-header-display":"","ast-hfb-mobile-header-display":"","site-post-title":"","ast-breadcrumbs-content":"","ast-featured-img":"","footer-sml-layout":"","ast-disable-related-posts":"","theme-transparent-header-meta":"default","adv-header-id-meta":"","stick-header-meta":"","header-above-stick-meta":"","header-main-stick-meta":"","header-below-stick-meta":"","astra-migrate-meta-layouts":"set","ast-page-background-enabled":"default","ast-page-background-meta":{"desktop":{"background-color":"var(--ast-global-color-5)","background-image":"","background-repeat":"repeat","background-position":"center center","background-size":"auto","background-attachment":"scroll","background-type":"","background-media":"","overlay-type":"","overlay-color":"","overlay-opacity":"","overlay-gradient":""},"tablet":{"background-color":"","background-image":"","background-repeat":"repeat","background-position":"center center","background-size":"auto","background-attachment":"scroll","background-type":"","background-media":"","overlay-type":"","overlay-color":"","overlay-opacity":"","overlay-gradient":""},"mobile":{"background-color":"","background-image":"","background-repeat":"repeat","background-position":"center center","background-size":"auto","background-attachment":"scroll","background-type":"","background-media":"","overlay-type":"","overlay-color":"","overlay-opacity":"","overlay-gradient":""}},"ast-content-background-meta":{"desktop":{"background-color":"var(--ast-global-color-4)","background-image":"","background-repeat":"repeat","background-position":"center center","background-size":"auto","background-attachment":"scroll","background-type":"","background-media":"","overlay-type":"","overlay-color":"","overlay-opacity":"","overlay-gradient":""},"tablet":{"background-color":"var(--ast-global-color-4)","background-image":"","background-repeat":"repeat","background-position":"center center","background-size":"auto","background-attachment":"scroll","background-type":"","background-media":"","overlay-type":"","overlay-color":"","overlay-opacity":"","overlay-gradient":""},"mobile":{"background-color":"var(--ast-global-color-4)","background-image":"","background-repeat":"repeat","background-position":"center center","background-size":"auto","background-attachment":"scroll","background-type":"","background-media":"","overlay-type":"","overlay-color":"","overlay-opacity":"","overlay-gradient":""}}},"product_brand":[],"product_cat":[60,62,72,57],"product_tag":[206,205],"class_list":{"0":"post-5245","1":"product","2":"type-product","3":"status-publish","4":"has-post-thumbnail","6":"product_cat-roller-bottles","7":"product_cat-cosmetic-containers","8":"product_cat-cosmetic-packaging","9":"product_cat-essential-oil-bottles","10":"product_tag-glass-roller-bottle","11":"product_tag-roll-on-bottles-essential-oils","12":"desktop-align-left","13":"tablet-align-left","14":"mobile-align-left","16":"first","17":"instock","18":"shipping-taxable","19":"product-type-simple"},"acf":[],"jetpack_sharing_enabled":true,"_links":{"self":[{"href":"https:\/\/theperfumebottles.com\/tr\/wp-json\/wp\/v2\/product\/5245","targetHints":{"allow":["GET"]}}],"collection":[{"href":"https:\/\/theperfumebottles.com\/tr\/wp-json\/wp\/v2\/product"}],"about":[{"href":"https:\/\/theperfumebottles.com\/tr\/wp-json\/wp\/v2\/types\/product"}],"replies":[{"embeddable":true,"href":"https:\/\/theperfumebottles.com\/tr\/wp-json\/wp\/v2\/comments?post=5245"}],"wp:featuredmedia":[{"embeddable":true,"href":"https:\/\/theperfumebottles.com\/tr\/wp-json\/wp\/v2\/media\/7498"}],"wp:attachment":[{"href":"https:\/\/theperfumebottles.com\/tr\/wp-json\/wp\/v2\/media?parent=5245"}],"wp:term":[{"taxonomy":"product_brand","embeddable":true,"href":"https:\/\/theperfumebottles.com\/tr\/wp-json\/wp\/v2\/product_brand?post=5245"},{"taxonomy":"product_cat","embeddable":true,"href":"https:\/\/theperfumebottles.com\/tr\/wp-json\/wp\/v2\/product_cat?post=5245"},{"taxonomy":"product_tag","embeddable":true,"href":"https:\/\/theperfumebottles.com\/tr\/wp-json\/wp\/v2\/product_tag?post=5245"}],"curies":[{"name":"wp","href":"https:\/\/api.w.org\/{rel}","templated":true}]}}