{"id":5272,"date":"2025-08-07T13:32:39","date_gmt":"2025-08-07T05:32:39","guid":{"rendered":"https:\/\/theperfumebottles.com\/?post_type=product&#038;p=5272"},"modified":"2025-08-07T17:51:17","modified_gmt":"2025-08-07T09:51:17","slug":"10ml-glass-roll-on-bottle-perfume-bottle-roller-for-cosmetic-packaging-wholesale","status":"publish","type":"product","link":"https:\/\/theperfumebottles.com\/tr\/urun\/10ml-glass-roll-on-bottle-perfume-bottle-roller-for-cosmetic-packaging-wholesale\/","title":{"rendered":"10 ml Cam Roll On \u015ei\u015fe - Kozmetik Ambalaj Toptan Sat\u0131\u015f\u0131 \u0130\u00e7in Parf\u00fcm \u015ei\u015fesi Rulosu"},"content":{"rendered":"<p>\u0130\u015flevselli\u011fi \u015f\u0131kl\u0131kla birle\u015ftiren bir kap m\u0131 ar\u0131yorsunuz? Parf\u00fcm \u015fi\u015fesi rulomuz, dikkat \u00e7ekici kozmetik ambalajlar\u0131 isteyen markalar i\u00e7in tasarland\u0131.<\/p>\n<h3><strong data-spm-anchor-id=\"5176.28103460.0.i50.11491db8QY3D0b\">Temel \u00d6zellikler<\/strong><\/h3>\n<table style=\"margin-right: auto;margin-left: auto;width: 80%\" width=\"144\">\n<tbody>\n<tr>\n<td width=\"72\">\u00d6zellik<\/td>\n<td width=\"72\">Detaylar<\/td>\n<\/tr>\n<tr>\n<td>Kapasite<\/td>\n<td>3ml, 5ml, 10ml<\/td>\n<\/tr>\n<tr>\n<td>Malzeme<\/td>\n<td>Kristal Cam<\/td>\n<\/tr>\n<tr>\n<td>Renk Se\u00e7enekleri<\/td>\n<td>\u00d6zelle\u015ftirilmi\u015f<\/td>\n<\/tr>\n<tr>\n<td>S\u0131zd\u0131rmazl\u0131k Mekanizmas\u0131<\/td>\n<td>Roll-On (Metal Rulo U\u00e7)<\/td>\n<\/tr>\n<tr>\n<td>Kullan\u0131m<\/td>\n<td>Parf\u00fcm<\/td>\n<\/tr>\n<\/tbody>\n<\/table>\n<h2>Ba\u015far\u0131 Hikayesi: Middle Pefume M Nas\u0131l<span class=\"HwtZe\" lang=\"en\"><span class=\"jCAhz ChMk0b\"><span class=\"ryNqvb\">\u00fcretici<\/span><\/span><\/span> \u00d6zel Roll On \u015ei\u015felerle Sat\u0131\u015flar\u0131n\u0131z Artt\u0131<\/h2>\n<p>Orta parf\u00fcm <span class=\"HwtZe\" lang=\"en\"><span class=\"jCAhz ChMk0b\"><span class=\"ryNqvb\">\u00fcretici <\/span><\/span><\/span>Parf\u00fcm \u015fi\u015fesi rulo numuneleri serisini piyasaya s\u00fcrd\u00fckten sonra, \u00e7ay rengi camdan 10 ml&#039;lik cam rulo \u015fi\u015feler \u00fcretmek i\u00e7in bizimle ortakl\u0131k kurdular. Toptan sipari\u015f verip buzlu cam kaplamal\u0131 \u00f6zel etiketler ekleyerek kozmetik ambalaj maliyetlerini azaltt\u0131lar ve tekrarlayan m\u00fc\u015fteri say\u0131s\u0131nda art\u0131\u015f g\u00f6rd\u00fcler. Kurucular\u0131, &#034;Kavanoz benzeri tasar\u0131m l\u00fcks ama g\u00fcnl\u00fck kullan\u0131m i\u00e7in pratik hissettiriyordu,&#034; diyor.<\/p>\n<h2>\u00d6zelle\u015ftirme \u0130pu\u00e7lar\u0131<\/h2>\n<ul>\n<li><strong>Toplu Al\u0131m\u0131n Avantajlar\u0131:<\/strong> Toplu sipari\u015f vererek tasarruf edin; ge\u00e7ici ma\u011fazalar veya tatil paketleri i\u00e7in m\u00fckemmel.<\/li>\n<li><strong>Profesyonel Gibi Etiketleyin:<\/strong> \u015ei\u015fenizin ana sayfada \u00f6ne \u00e7\u0131kmas\u0131n\u0131 sa\u011flamak i\u00e7in holografik vurgular veya kabartmal\u0131 metinler kullan\u0131n.<\/li>\n<li><strong>Renk Psikolojisi:<\/strong> &#034;Premium&#034; diye ba\u011f\u0131ran bir g\u00fczellik ambalaj\u0131 g\u00f6r\u00fcn\u00fcm\u00fc i\u00e7in cesur tonlar\u0131 alt\u0131n kapaklarla e\u015fle\u015ftirin.<\/li>\n<\/ul>","protected":false},"excerpt":{"rendered":"<p>3 ml, 5 ml ve 10 ml&#039;lik cam roll-on \u015fi\u015felerimizle g\u00fczellik ambalaj\u0131n\u0131z\u0131 bir \u00fcst seviyeye ta\u015f\u0131y\u0131n. Parf\u00fcm, cilt bak\u0131m\u0131 ve kozmetik kaplar\u0131 i\u00e7in idealdir. Dayan\u0131kl\u0131, \u00f6zelle\u015ftirilebilir ve toptan sipari\u015fler i\u00e7in g\u00f6nderime haz\u0131rd\u0131r.<\/p>","protected":false},"featured_media":5274,"comment_status":"open","ping_status":"closed","template":"","meta":{"_acf_changed":false,"site-sidebar-layout":"default","site-content-layout":"","ast-site-content-layout":"default","site-content-style":"default","site-sidebar-style":"default","ast-global-header-display":"","ast-banner-title-visibility":"","ast-main-header-display":"","ast-hfb-above-header-display":"","ast-hfb-below-header-display":"","ast-hfb-mobile-header-display":"","site-post-title":"","ast-breadcrumbs-content":"","ast-featured-img":"","footer-sml-layout":"","ast-disable-related-posts":"","theme-transparent-header-meta":"default","adv-header-id-meta":"","stick-header-meta":"","header-above-stick-meta":"","header-main-stick-meta":"","header-below-stick-meta":"","astra-migrate-meta-layouts":"set","ast-page-background-enabled":"default","ast-page-background-meta":{"desktop":{"background-color":"var(--ast-global-color-5)","background-image":"","background-repeat":"repeat","background-position":"center center","background-size":"auto","background-attachment":"scroll","background-type":"","background-media":"","overlay-type":"","overlay-color":"","overlay-opacity":"","overlay-gradient":""},"tablet":{"background-color":"","background-image":"","background-repeat":"repeat","background-position":"center center","background-size":"auto","background-attachment":"scroll","background-type":"","background-media":"","overlay-type":"","overlay-color":"","overlay-opacity":"","overlay-gradient":""},"mobile":{"background-color":"","background-image":"","background-repeat":"repeat","background-position":"center center","background-size":"auto","background-attachment":"scroll","background-type":"","background-media":"","overlay-type":"","overlay-color":"","overlay-opacity":"","overlay-gradient":""}},"ast-content-background-meta":{"desktop":{"background-color":"var(--ast-global-color-4)","background-image":"","background-repeat":"repeat","background-position":"center center","background-size":"auto","background-attachment":"scroll","background-type":"","background-media":"","overlay-type":"","overlay-color":"","overlay-opacity":"","overlay-gradient":""},"tablet":{"background-color":"var(--ast-global-color-4)","background-image":"","background-repeat":"repeat","background-position":"center center","background-size":"auto","background-attachment":"scroll","background-type":"","background-media":"","overlay-type":"","overlay-color":"","overlay-opacity":"","overlay-gradient":""},"mobile":{"background-color":"var(--ast-global-color-4)","background-image":"","background-repeat":"repeat","background-position":"center center","background-size":"auto","background-attachment":"scroll","background-type":"","background-media":"","overlay-type":"","overlay-color":"","overlay-opacity":"","overlay-gradient":""}}},"product_brand":[],"product_cat":[72,62,57,60],"product_tag":[209,210],"class_list":{"0":"post-5272","1":"product","2":"type-product","3":"status-publish","4":"has-post-thumbnail","6":"product_cat-cosmetic-packaging","7":"product_cat-cosmetic-containers","8":"product_cat-essential-oil-bottles","9":"product_cat-roller-bottles","10":"product_tag-10ml-glass-roll-on-bottle","11":"product_tag-perfume-bottle-roller","12":"desktop-align-left","13":"tablet-align-left","14":"mobile-align-left","16":"first","17":"instock","18":"shipping-taxable","19":"product-type-simple"},"acf":[],"jetpack_sharing_enabled":true,"_links":{"self":[{"href":"https:\/\/theperfumebottles.com\/tr\/wp-json\/wp\/v2\/product\/5272","targetHints":{"allow":["GET"]}}],"collection":[{"href":"https:\/\/theperfumebottles.com\/tr\/wp-json\/wp\/v2\/product"}],"about":[{"href":"https:\/\/theperfumebottles.com\/tr\/wp-json\/wp\/v2\/types\/product"}],"replies":[{"embeddable":true,"href":"https:\/\/theperfumebottles.com\/tr\/wp-json\/wp\/v2\/comments?post=5272"}],"wp:featuredmedia":[{"embeddable":true,"href":"https:\/\/theperfumebottles.com\/tr\/wp-json\/wp\/v2\/media\/5274"}],"wp:attachment":[{"href":"https:\/\/theperfumebottles.com\/tr\/wp-json\/wp\/v2\/media?parent=5272"}],"wp:term":[{"taxonomy":"product_brand","embeddable":true,"href":"https:\/\/theperfumebottles.com\/tr\/wp-json\/wp\/v2\/product_brand?post=5272"},{"taxonomy":"product_cat","embeddable":true,"href":"https:\/\/theperfumebottles.com\/tr\/wp-json\/wp\/v2\/product_cat?post=5272"},{"taxonomy":"product_tag","embeddable":true,"href":"https:\/\/theperfumebottles.com\/tr\/wp-json\/wp\/v2\/product_tag?post=5272"}],"curies":[{"name":"wp","href":"https:\/\/api.w.org\/{rel}","templated":true}]}}