{"id":5273,"date":"2025-08-07T18:04:47","date_gmt":"2025-08-07T10:04:47","guid":{"rendered":"https:\/\/theperfumebottles.com\/?post_type=product&#038;p=5273"},"modified":"2026-04-02T14:26:39","modified_gmt":"2026-04-02T06:26:39","slug":"glass-lotion-bottle-with-pump-for-bulk-supply","status":"publish","type":"product","link":"https:\/\/theperfumebottles.com\/tr\/urun\/glass-lotion-bottle-with-pump-for-bulk-supply\/","title":{"rendered":"Toplu Tedarik i\u00e7in Pompal\u0131 20ml, 30ml, 40ml, 60ml Cam Losyon \u015ei\u015fesi"},"content":{"rendered":"<p>Pompal\u0131 bu losyon \u015fi\u015fesinin tasar\u0131m\u0131, yumu\u015fak s\u00fct beyaz\u0131 g\u00f6r\u00fcn\u00fcm\u00fcn\u00fc yaratmak i\u00e7in buzlu cam kullan\u0131lan silindirik bir \u015fekle sahiptir. \u015ei\u015fe g\u00f6vdesi ve beyaz plastik pompa, pompa ba\u015fl\u0131\u011f\u0131n\u0131 koruyan \u015feffaf koruyucu kapa\u011fa kadar uzanan do\u011fal bambu dokusuyla birbirine ba\u011flanm\u0131\u015ft\u0131r.<\/p>\n<h2>Temel \u00d6zellikler<\/h2>\n<table style=\"border-collapse: collapse; margin-left: auto; margin-right: auto; width: 80%;\" border=\"0\" width=\"652\" cellspacing=\"0\" cellpadding=\"0\">\n<tbody>\n<tr style=\"height: 13.50pt;\">\n<td style=\"height: 13.50pt; width: 116.25pt;\" width=\"155\" height=\"18\">\u00d6zellik<\/td>\n<td style=\"width: 372.75pt;\" width=\"497\">Detay<\/td>\n<\/tr>\n<tr style=\"height: 13.50pt;\">\n<td style=\"height: 13.50pt;\" height=\"18\">Mevcut Boyutlar<\/td>\n<td>20 ml, 30 ml, 40 ml, 60 ml (pompal\u0131 ideal losyon \u015fi\u015fesi boyutu)<\/td>\n<\/tr>\n<tr style=\"height: 13.50pt;\">\n<td style=\"height: 13.50pt;\" height=\"18\">Malzeme<\/td>\n<td>Sodyum-kalsiyum cam\u0131<\/td>\n<\/tr>\n<tr style=\"height: 13.50pt;\">\n<td style=\"height: 13.50pt;\" height=\"18\">Pompa<\/td>\n<td>do\u011fal ah\u015fap yakal\u0131 plastik<\/td>\n<\/tr>\n<tr style=\"height: 13.50pt;\">\n<td style=\"height: 13.50pt;\" height=\"18\">Sona ermek<\/td>\n<td>Mat beyaz cam g\u00f6vde<\/td>\n<\/tr>\n<tr style=\"height: 13.50pt;\">\n<td style=\"height: 13.50pt;\" height=\"18\">\u00d6zelle\u015ftirme<\/td>\n<td>Renk, ah\u015fap tonu, logo se\u00e7enekleri<\/td>\n<\/tr>\n<tr style=\"height: 13.50pt;\">\n<td style=\"height: 13.50pt;\" height=\"18\">\u0130deal \u0130\u00e7in<\/td>\n<td>Losyon, serum, nemlendirici, v\u00fccut bak\u0131m\u0131<\/td>\n<\/tr>\n<\/tbody>\n<\/table>\n<h2>Ba\u015far\u0131 Hikayesi<\/h2>\n<p>Kaliforniya merkezli Pure Beauty markas\u0131, bambu boyun k\u0131sm\u0131na lazerle i\u015flenmi\u015f marka logosu ve BPA i\u00e7ermeyen vakumlu pompa ba\u015fl\u0131\u011f\u0131 ekleyerek \u00f6zelle\u015ftirdi\u011fi 20 ml&#039;lik cam \u015fi\u015fe losyon \u00fcr\u00fcn\u00fcm\u00fcz\u00fc se\u00e7ti. T\u00fcketici anketlerine g\u00f6re, do\u011fal malzemelerin birle\u015fimi marka \u00f6zg\u00fcnl\u00fc\u011f\u00fcn\u00fc ve s\u00fcrd\u00fcr\u00fclebilirli\u011fini art\u0131r\u0131rken, vakumlu pompa ba\u015fl\u0131\u011f\u0131 koruyucu i\u00e7ermeyen losyonun raf \u00f6mr\u00fcn\u00fc uzatt\u0131. Marka b\u00fcy\u00fck bir ba\u015far\u0131 elde etti ve ard\u0131ndan yeni bir du\u015f jeli ve el kremi \u00fcr\u00fcn serisi \u00fcretmek i\u00e7in 500.000 \u015fi\u015felik ek bir sipari\u015f verdi.<\/p>\n<h2>Ki\u015fiselle\u015ftirmek mi istiyorsunuz?<\/h2>\n<p>\u0130lla beyazla s\u0131n\u0131rl\u0131 kalmak zorunda de\u011filsiniz. Bu bo\u015f cam \u015fi\u015fedeki losyon tamamen uyarlanabilir.<\/p>\n<ul>\n<li><strong>Rengi de\u011fi\u015ftirin:<\/strong> Yumu\u015fak ada\u00e7ay\u0131 ye\u015fili, s\u0131cak bej veya koyu lacivert tonlar\u0131n\u0131 deneyin. Markan\u0131z\u0131n havas\u0131yla uyumlu bir renk se\u00e7in.<\/li>\n<li><strong>Ah\u015faplar\u0131 de\u011fi\u015ftirin:<\/strong> A\u00e7\u0131k me\u015fe, ceviz veya bambu mu? Evet, yapabilirsiniz.<\/li>\n<li><strong>Logonuzu ekleyin:<\/strong> Lazer grav\u00fcr veya serigrafi bask\u0131 hizmeti sunuyoruz; tercih sizin.<\/li>\n<li><strong>Ak\u0131ll\u0131ca \u00f6l\u00e7eklendirin:<\/strong> Deneme ama\u00e7l\u0131 1000 adet mi gerekiyor? Yoksa b\u00fcy\u00fck bir lansman i\u00e7in 30.000 adet mi? \u0130kisini de biz hallediyoruz.<\/li>\n<\/ul>\n<p>Bu pompal\u0131 losyon \u015fi\u015fesi sadece bir kap de\u011fil. Bir tuval. Siz vizyonunuzu getirin, biz onu ger\u00e7e\u011fe d\u00f6n\u00fc\u015ft\u00fcrelim.<\/p>","protected":false},"excerpt":{"rendered":"<p>Mat cam ve do\u011fal bambu halkal\u0131, pompal\u0131 premium losyon \u015fi\u015fesi. Cilt bak\u0131m markalar\u0131 i\u00e7in ideal cam \u015fi\u015fe losyon. D\u00fcnya \u00e7ap\u0131nda h\u0131zl\u0131 kargo.<\/p>","protected":false},"featured_media":5286,"comment_status":"open","ping_status":"closed","template":"","meta":{"_acf_changed":false,"site-sidebar-layout":"default","site-content-layout":"","ast-site-content-layout":"default","site-content-style":"default","site-sidebar-style":"default","ast-global-header-display":"","ast-banner-title-visibility":"","ast-main-header-display":"","ast-hfb-above-header-display":"","ast-hfb-below-header-display":"","ast-hfb-mobile-header-display":"","site-post-title":"","ast-breadcrumbs-content":"","ast-featured-img":"","footer-sml-layout":"","ast-disable-related-posts":"","theme-transparent-header-meta":"default","adv-header-id-meta":"","stick-header-meta":"","header-above-stick-meta":"","header-main-stick-meta":"","header-below-stick-meta":"","astra-migrate-meta-layouts":"set","ast-page-background-enabled":"default","ast-page-background-meta":{"desktop":{"background-color":"var(--ast-global-color-5)","background-image":"","background-repeat":"repeat","background-position":"center center","background-size":"auto","background-attachment":"scroll","background-type":"","background-media":"","overlay-type":"","overlay-color":"","overlay-opacity":"","overlay-gradient":""},"tablet":{"background-color":"","background-image":"","background-repeat":"repeat","background-position":"center center","background-size":"auto","background-attachment":"scroll","background-type":"","background-media":"","overlay-type":"","overlay-color":"","overlay-opacity":"","overlay-gradient":""},"mobile":{"background-color":"","background-image":"","background-repeat":"repeat","background-position":"center center","background-size":"auto","background-attachment":"scroll","background-type":"","background-media":"","overlay-type":"","overlay-color":"","overlay-opacity":"","overlay-gradient":""}},"ast-content-background-meta":{"desktop":{"background-color":"var(--ast-global-color-4)","background-image":"","background-repeat":"repeat","background-position":"center center","background-size":"auto","background-attachment":"scroll","background-type":"","background-media":"","overlay-type":"","overlay-color":"","overlay-opacity":"","overlay-gradient":""},"tablet":{"background-color":"var(--ast-global-color-4)","background-image":"","background-repeat":"repeat","background-position":"center center","background-size":"auto","background-attachment":"scroll","background-type":"","background-media":"","overlay-type":"","overlay-color":"","overlay-opacity":"","overlay-gradient":""},"mobile":{"background-color":"var(--ast-global-color-4)","background-image":"","background-repeat":"repeat","background-position":"center center","background-size":"auto","background-attachment":"scroll","background-type":"","background-media":"","overlay-type":"","overlay-color":"","overlay-opacity":"","overlay-gradient":""}}},"product_brand":[],"product_cat":[71,72,62],"product_tag":[190,204],"class_list":{"0":"post-5273","1":"product","2":"type-product","3":"status-publish","4":"has-post-thumbnail","6":"product_cat-glass-lotion-bottles","7":"product_cat-cosmetic-packaging","8":"product_cat-cosmetic-containers","9":"product_tag-cosmetic-pots-with-lids","10":"product_tag-frosted-cosmetic-jars","11":"desktop-align-left","12":"tablet-align-left","13":"mobile-align-left","15":"first","16":"instock","17":"shipping-taxable","18":"product-type-simple"},"acf":[],"jetpack_sharing_enabled":true,"_links":{"self":[{"href":"https:\/\/theperfumebottles.com\/tr\/wp-json\/wp\/v2\/product\/5273","targetHints":{"allow":["GET"]}}],"collection":[{"href":"https:\/\/theperfumebottles.com\/tr\/wp-json\/wp\/v2\/product"}],"about":[{"href":"https:\/\/theperfumebottles.com\/tr\/wp-json\/wp\/v2\/types\/product"}],"replies":[{"embeddable":true,"href":"https:\/\/theperfumebottles.com\/tr\/wp-json\/wp\/v2\/comments?post=5273"}],"wp:featuredmedia":[{"embeddable":true,"href":"https:\/\/theperfumebottles.com\/tr\/wp-json\/wp\/v2\/media\/5286"}],"wp:attachment":[{"href":"https:\/\/theperfumebottles.com\/tr\/wp-json\/wp\/v2\/media?parent=5273"}],"wp:term":[{"taxonomy":"product_brand","embeddable":true,"href":"https:\/\/theperfumebottles.com\/tr\/wp-json\/wp\/v2\/product_brand?post=5273"},{"taxonomy":"product_cat","embeddable":true,"href":"https:\/\/theperfumebottles.com\/tr\/wp-json\/wp\/v2\/product_cat?post=5273"},{"taxonomy":"product_tag","embeddable":true,"href":"https:\/\/theperfumebottles.com\/tr\/wp-json\/wp\/v2\/product_tag?post=5273"}],"curies":[{"name":"wp","href":"https:\/\/api.w.org\/{rel}","templated":true}]}}