{"id":5306,"date":"2025-08-11T09:05:47","date_gmt":"2025-08-11T01:05:47","guid":{"rendered":"https:\/\/theperfumebottles.com\/?post_type=product&#038;p=5306"},"modified":"2025-08-11T09:05:49","modified_gmt":"2025-08-11T01:05:49","slug":"10ml-amber-glass-roller-ball-bottles-for-cosmetic-packaging-wholesale","status":"publish","type":"product","link":"https:\/\/theperfumebottles.com\/tr\/urun\/10ml-amber-glass-roller-ball-bottles-for-cosmetic-packaging-wholesale\/","title":{"rendered":"Kozmetik Ambalaj Toptan Sat\u0131\u015f i\u00e7in 10 ml Amber Cam Rulo \u015ei\u015feler"},"content":{"rendered":"<p>\u00dcr\u00fcn\u00fcn\u00fcz\u00fc UV \u0131\u015f\u0131nlar\u0131ndan koruyacak ve ayn\u0131 zamanda tarz\u0131n\u0131z\u0131 yans\u0131tacak bir kap ar\u0131yorsan\u0131z, bu \u015fi\u015fe tam size g\u00f6re.<\/p>\n<h2>Temel \u00d6zellikler<\/h2>\n<table style=\"margin-left: auto;margin-right: auto;border-collapse: collapse;width: 80%\" border=\"0\" width=\"144\" cellspacing=\"0\" cellpadding=\"0\">\n<tbody>\n<tr style=\"height: 13.50pt\">\n<td style=\"height: 13.50pt;width: 54.00pt\" width=\"72\" height=\"18\">\u00d6zellik<\/td>\n<td style=\"width: 54.00pt\" width=\"72\">Detaylar<\/td>\n<\/tr>\n<tr style=\"height: 13.50pt\">\n<td style=\"height: 13.50pt\" height=\"18\">Kapasite<\/td>\n<td>10 ml<\/td>\n<\/tr>\n<tr style=\"height: 13.50pt\">\n<td style=\"height: 13.50pt\" height=\"18\">Malzeme<\/td>\n<td>Kehribar Kristal Cam<\/td>\n<\/tr>\n<tr style=\"height: 13.50pt\">\n<td style=\"height: 13.50pt\" height=\"18\">S\u0131zd\u0131rmazl\u0131k Mekanizmas\u0131<\/td>\n<td>Roll-On (Paslanmaz \u00c7elik Bilye)<\/td>\n<\/tr>\n<tr style=\"height: 13.50pt\">\n<td style=\"height: 13.50pt\" height=\"18\">\u015eekil<\/td>\n<td>Yuvarlak<\/td>\n<\/tr>\n<tr style=\"height: 13.50pt\">\n<td style=\"height: 13.50pt\" height=\"18\">Uygun<\/td>\n<td>Paslanmaz \u00c7elik Silindir + Alt\u0131n Metal Kapak<\/td>\n<\/tr>\n<\/tbody>\n<\/table>\n<h2>Ba\u015far\u0131 \u00d6yk\u00fcs\u00fc: B\u00fcy\u00fcyen Bir Cilt Bak\u0131m Markas\u0131 Kozmetik Ambalaj \u00c7ekicili\u011fini Nas\u0131l Geli\u015ftirdi?<\/h2>\n<p>Bir cilt bak\u0131m \u00fcr\u00fcn\u00fc \u00fcreticisi, \u00e7evre bilincine sahip al\u0131c\u0131lara odaklanan yeni bir cilt bak\u0131m serisi \u00e7\u0131kard\u0131 ve ambalaj olarak kehribar cam \u015fi\u015feleri se\u00e7ti. Ambalajlar\u0131 toplu olarak sipari\u015f edip \u00e7evre dostu mesajlar i\u00e7eren \u00f6zel etiketler ekleyerek ambalaj fiyatlar\u0131n\u0131 d\u00fc\u015f\u00fcrd\u00fcler ve sat\u0131\u015flar\u0131nda art\u0131\u015f sa\u011flad\u0131lar. Ambalaj m\u00fcd\u00fcr\u00fc, &#034;Kavanozun kavisli \u015fekli hem modern hem de pratik,&#034; dedi.<\/p>\n<h2>\u00d6zelle\u015ftirme \u0130pu\u00e7lar\u0131<\/h2>\n<ul>\n<li>Etiketin yosun ye\u015fili ile birlikte bitkisel bir renkle e\u015fle\u015ftirilmesi, so\u011fuk ve yumu\u015fak bir g\u00f6rsel stil yarat\u0131rken; metalik unsurlar\u0131n eklenmesi daha premium bir his yarat\u0131yor.<\/li>\n<li>Ak\u0131ll\u0131 teknolojiyi entegre eden, \u015fi\u015fe kapa\u011f\u0131na yerle\u015ftirilen bir QR kodu, ambalaj\u0131 yaln\u0131zca estetik a\u00e7\u0131dan \u00e7ekici de\u011fil, ayn\u0131 zamanda etkile\u015fimli de hale getiriyor. Kullan\u0131c\u0131lar, kullan\u0131m komutlar\u0131na veya dolum istatistiklerine eri\u015fmek i\u00e7in kodu tarayabiliyor.<\/li>\n<\/ul>","protected":false},"excerpt":{"rendered":"<p>Kozmetik ambalajlar\u0131n\u0131z\u0131 kehribar renkli cam roll-on \u015fi\u015felerle zenginle\u015ftirin. Cilt bak\u0131m\u0131 i\u00e7in 10 ml roll-on cam \u015fi\u015feler, g\u00f6nderime haz\u0131r. Toptan sipari\u015fler ve g\u00fczellik ambalajlar\u0131 i\u00e7in m\u00fckemmel.<\/p>","protected":false},"featured_media":5307,"comment_status":"open","ping_status":"closed","template":"","meta":{"_acf_changed":false,"site-sidebar-layout":"default","site-content-layout":"","ast-site-content-layout":"default","site-content-style":"default","site-sidebar-style":"default","ast-global-header-display":"","ast-banner-title-visibility":"","ast-main-header-display":"","ast-hfb-above-header-display":"","ast-hfb-below-header-display":"","ast-hfb-mobile-header-display":"","site-post-title":"","ast-breadcrumbs-content":"","ast-featured-img":"","footer-sml-layout":"","ast-disable-related-posts":"","theme-transparent-header-meta":"default","adv-header-id-meta":"","stick-header-meta":"","header-above-stick-meta":"","header-main-stick-meta":"","header-below-stick-meta":"","astra-migrate-meta-layouts":"set","ast-page-background-enabled":"default","ast-page-background-meta":{"desktop":{"background-color":"var(--ast-global-color-5)","background-image":"","background-repeat":"repeat","background-position":"center center","background-size":"auto","background-attachment":"scroll","background-type":"","background-media":"","overlay-type":"","overlay-color":"","overlay-opacity":"","overlay-gradient":""},"tablet":{"background-color":"","background-image":"","background-repeat":"repeat","background-position":"center center","background-size":"auto","background-attachment":"scroll","background-type":"","background-media":"","overlay-type":"","overlay-color":"","overlay-opacity":"","overlay-gradient":""},"mobile":{"background-color":"","background-image":"","background-repeat":"repeat","background-position":"center center","background-size":"auto","background-attachment":"scroll","background-type":"","background-media":"","overlay-type":"","overlay-color":"","overlay-opacity":"","overlay-gradient":""}},"ast-content-background-meta":{"desktop":{"background-color":"var(--ast-global-color-4)","background-image":"","background-repeat":"repeat","background-position":"center center","background-size":"auto","background-attachment":"scroll","background-type":"","background-media":"","overlay-type":"","overlay-color":"","overlay-opacity":"","overlay-gradient":""},"tablet":{"background-color":"var(--ast-global-color-4)","background-image":"","background-repeat":"repeat","background-position":"center center","background-size":"auto","background-attachment":"scroll","background-type":"","background-media":"","overlay-type":"","overlay-color":"","overlay-opacity":"","overlay-gradient":""},"mobile":{"background-color":"var(--ast-global-color-4)","background-image":"","background-repeat":"repeat","background-position":"center center","background-size":"auto","background-attachment":"scroll","background-type":"","background-media":"","overlay-type":"","overlay-color":"","overlay-opacity":"","overlay-gradient":""}}},"product_brand":[],"product_cat":[72,62,57,60],"product_tag":[213,214],"class_list":{"0":"post-5306","1":"product","2":"type-product","3":"status-publish","4":"has-post-thumbnail","6":"product_cat-cosmetic-packaging","7":"product_cat-cosmetic-containers","8":"product_cat-essential-oil-bottles","9":"product_cat-roller-bottles","10":"product_tag-amber-glass-roller-ball-bottles","11":"product_tag-roll-on-glass-bottles","12":"desktop-align-left","13":"tablet-align-left","14":"mobile-align-left","16":"first","17":"instock","18":"shipping-taxable","19":"product-type-simple"},"acf":[],"jetpack_sharing_enabled":true,"_links":{"self":[{"href":"https:\/\/theperfumebottles.com\/tr\/wp-json\/wp\/v2\/product\/5306","targetHints":{"allow":["GET"]}}],"collection":[{"href":"https:\/\/theperfumebottles.com\/tr\/wp-json\/wp\/v2\/product"}],"about":[{"href":"https:\/\/theperfumebottles.com\/tr\/wp-json\/wp\/v2\/types\/product"}],"replies":[{"embeddable":true,"href":"https:\/\/theperfumebottles.com\/tr\/wp-json\/wp\/v2\/comments?post=5306"}],"wp:featuredmedia":[{"embeddable":true,"href":"https:\/\/theperfumebottles.com\/tr\/wp-json\/wp\/v2\/media\/5307"}],"wp:attachment":[{"href":"https:\/\/theperfumebottles.com\/tr\/wp-json\/wp\/v2\/media?parent=5306"}],"wp:term":[{"taxonomy":"product_brand","embeddable":true,"href":"https:\/\/theperfumebottles.com\/tr\/wp-json\/wp\/v2\/product_brand?post=5306"},{"taxonomy":"product_cat","embeddable":true,"href":"https:\/\/theperfumebottles.com\/tr\/wp-json\/wp\/v2\/product_cat?post=5306"},{"taxonomy":"product_tag","embeddable":true,"href":"https:\/\/theperfumebottles.com\/tr\/wp-json\/wp\/v2\/product_tag?post=5306"}],"curies":[{"name":"wp","href":"https:\/\/api.w.org\/{rel}","templated":true}]}}