{"id":5354,"date":"2025-08-08T18:07:05","date_gmt":"2025-08-08T10:07:05","guid":{"rendered":"https:\/\/theperfumebottles.com\/?post_type=product&#038;p=5354"},"modified":"2026-04-01T15:42:44","modified_gmt":"2026-04-01T07:42:44","slug":"bulk-amber-glass-pump-bottles-for-skincare","status":"publish","type":"product","link":"https:\/\/theperfumebottles.com\/tr\/urun\/bulk-amber-glass-pump-bottles-for-skincare\/","title":{"rendered":"Losyon Ambalaj\u0131 i\u00e7in Toplu 20ml, 30ml, 40ml Amber Cam Pompal\u0131 \u015ei\u015feler"},"content":{"rendered":"<p>\u015eeffaf kehribar renkli cam pompal\u0131 \u015fi\u015feler, k\u0131sa silindirik bir \u015fekle ve cam kapakl\u0131 beyaz bir pompa da\u011f\u0131t\u0131c\u0131s\u0131na sahip tasar\u0131mlar\u0131n\u0131 olu\u015fturmak i\u00e7in \u015feffaf kehribar renkli cam kullan\u0131r.<\/p>\n<h2>Temel \u00d6zellikler<\/h2>\n<table style=\"border-collapse: collapse; margin-left: auto; margin-right: auto; width: 80%;\" border=\"0\" width=\"445\" cellspacing=\"0\" cellpadding=\"0\">\n<tbody>\n<tr style=\"height: 13.50pt;\">\n<td style=\"height: 13.50pt; width: 136.50pt;\" width=\"182\" height=\"18\">\u00d6zellik<\/td>\n<td style=\"width: 197.25pt;\" width=\"263\">Detay<\/td>\n<\/tr>\n<tr style=\"height: 13.50pt;\">\n<td style=\"height: 13.50pt;\" height=\"18\">Kapasite Se\u00e7enekleri<\/td>\n<td>20 ml, 30 ml, 40 ml<\/td>\n<\/tr>\n<tr style=\"height: 13.50pt;\">\n<td style=\"height: 13.50pt;\" height=\"18\">\u015ei\u015fe Boyutu (yakla\u015f\u0131k)<\/td>\n<td>36 mm \u00e7ap, 55\u201382 mm y\u00fckseklik<\/td>\n<\/tr>\n<tr style=\"height: 13.50pt;\">\n<td style=\"height: 13.50pt;\" height=\"18\">Malzeme<\/td>\n<td>Kehribar cam<\/td>\n<\/tr>\n<tr style=\"height: 13.50pt;\">\n<td style=\"height: 13.50pt;\" height=\"18\">Kapan\u0131\u015f<\/td>\n<td>\u015eeffaf kapak + beyaz pompa<\/td>\n<\/tr>\n<tr style=\"height: 13.50pt;\">\n<td style=\"height: 13.50pt;\" height=\"18\">\u0130deal \u0130\u00e7in<\/td>\n<td>Cilt bak\u0131m\u0131, serumlar, losyonlar<\/td>\n<\/tr>\n<\/tbody>\n<\/table>\n<h2>Ba\u015far\u0131 Hikayesi<\/h2>\n<p>Kaliforniya merkezli bir g\u00fczellik markas\u0131, 100 ml&#039;lik bo\u015f losyon \u015fi\u015fesi pompam\u0131z\u0131 se\u00e7erek beyaz pompa ba\u015fl\u0131\u011f\u0131n\u0131 ve buzlu cam kapa\u011f\u0131n\u0131 \u00f6zelle\u015ftirdi. \u00d6zel \u015fi\u015fe tasar\u0131m\u0131 \u00f6nemli bir de\u011fer sa\u011flad\u0131: Hassas pompa ba\u015fl\u0131\u011f\u0131, m\u00fc\u015fteriler taraf\u0131ndan kullan\u0131lan ortalama miktar\u0131 azaltarak \u00fcr\u00fcn\u00fcn raf \u00f6mr\u00fcn\u00fc uzatt\u0131; benzersiz buzlu kapak ise markan\u0131n imzas\u0131 haline gelerek sosyal medyada 0&#039;lik bir bahsetme art\u0131\u015f\u0131na yol a\u00e7t\u0131. \u015eirket, yeni CBD y\u00fcz ya\u011f\u0131 \u00fcr\u00fcn\u00fcnden 620.000 \u015fi\u015fe sipari\u015f etme ve bir g\u00fczellik abonelik kutusu \u015firketiyle ortakl\u0131k kurma gibi iki faaliyet sayesinde elde etti\u011fi ba\u015far\u0131n\u0131n ard\u0131ndan faaliyetlerini geni\u015fletti.<\/p>\n<h2>Markan\u0131z\u0131n Raflarda \u00d6ne \u00c7\u0131kmas\u0131n\u0131 Sa\u011flayacak Ki\u015fiselle\u015ftirme \u0130pu\u00e7lar\u0131<\/h2>\n<p>Markan\u0131z\u0131n dikkat \u00e7ekmesini ve m\u00fc\u015fterilerinizi elde tutmas\u0131n\u0131 m\u0131 istiyorsunuz?<\/p>\n<ul>\n<li><strong>Pompa ucunu de\u011fi\u015ftirin:<\/strong> L\u00fcks bir hava i\u00e7in siyah veya alt\u0131n rengini deneyin.<\/li>\n<li><strong>Ak\u0131ll\u0131 Renk:<\/strong> Amber klasik bir se\u00e7imdir. Ancak \u00f6zg\u00fcn bir g\u00f6r\u00fcn\u00fcm istiyorsan\u0131z, \u00f6zel renk kombinasyonlar\u0131 sunuyoruz.<\/li>\n<li><strong>Etiket Alan\u0131:<\/strong> \u015e\u0131k silindirik \u015fekli, marka hikayenizi anlatman\u0131z i\u00e7in size alan sa\u011fl\u0131yor.<\/li>\n<li><strong>Do\u011fru bedeni se\u00e7in:<\/strong> Seyahat boyu \u015fi\u015feler i\u00e7in 20 ml, premium \u00fcr\u00fcnler i\u00e7in ise 40 ml&#039;yi tercih edin. Boyut, hedef m\u00fc\u015fteri kitlenize g\u00f6re belirlenmelidir.<\/li>\n<\/ul>","protected":false},"excerpt":{"rendered":"<p>Klasik tasar\u0131ml\u0131 ve s\u0131k\u0131 kapanan kehribar renkli cam pompal\u0131 \u015fi\u015feler. Toplu sipari\u015fler i\u00e7in ideal bo\u015f losyon \u015fi\u015fesi pompas\u0131. Toptan indirimler mevcuttur. H\u0131zl\u0131 kargo.<\/p>","protected":false},"featured_media":5369,"comment_status":"open","ping_status":"closed","template":"","meta":{"_acf_changed":false,"site-sidebar-layout":"default","site-content-layout":"","ast-site-content-layout":"default","site-content-style":"default","site-sidebar-style":"default","ast-global-header-display":"","ast-banner-title-visibility":"","ast-main-header-display":"","ast-hfb-above-header-display":"","ast-hfb-below-header-display":"","ast-hfb-mobile-header-display":"","site-post-title":"","ast-breadcrumbs-content":"","ast-featured-img":"","footer-sml-layout":"","ast-disable-related-posts":"","theme-transparent-header-meta":"default","adv-header-id-meta":"","stick-header-meta":"","header-above-stick-meta":"","header-main-stick-meta":"","header-below-stick-meta":"","astra-migrate-meta-layouts":"set","ast-page-background-enabled":"default","ast-page-background-meta":{"desktop":{"background-color":"var(--ast-global-color-5)","background-image":"","background-repeat":"repeat","background-position":"center center","background-size":"auto","background-attachment":"scroll","background-type":"","background-media":"","overlay-type":"","overlay-color":"","overlay-opacity":"","overlay-gradient":""},"tablet":{"background-color":"","background-image":"","background-repeat":"repeat","background-position":"center center","background-size":"auto","background-attachment":"scroll","background-type":"","background-media":"","overlay-type":"","overlay-color":"","overlay-opacity":"","overlay-gradient":""},"mobile":{"background-color":"","background-image":"","background-repeat":"repeat","background-position":"center center","background-size":"auto","background-attachment":"scroll","background-type":"","background-media":"","overlay-type":"","overlay-color":"","overlay-opacity":"","overlay-gradient":""}},"ast-content-background-meta":{"desktop":{"background-color":"var(--ast-global-color-4)","background-image":"","background-repeat":"repeat","background-position":"center center","background-size":"auto","background-attachment":"scroll","background-type":"","background-media":"","overlay-type":"","overlay-color":"","overlay-opacity":"","overlay-gradient":""},"tablet":{"background-color":"var(--ast-global-color-4)","background-image":"","background-repeat":"repeat","background-position":"center center","background-size":"auto","background-attachment":"scroll","background-type":"","background-media":"","overlay-type":"","overlay-color":"","overlay-opacity":"","overlay-gradient":""},"mobile":{"background-color":"var(--ast-global-color-4)","background-image":"","background-repeat":"repeat","background-position":"center center","background-size":"auto","background-attachment":"scroll","background-type":"","background-media":"","overlay-type":"","overlay-color":"","overlay-opacity":"","overlay-gradient":""}}},"product_brand":[],"product_cat":[71,72,62],"product_tag":[190,204],"class_list":{"0":"post-5354","1":"product","2":"type-product","3":"status-publish","4":"has-post-thumbnail","6":"product_cat-glass-lotion-bottles","7":"product_cat-cosmetic-packaging","8":"product_cat-cosmetic-containers","9":"product_tag-cosmetic-pots-with-lids","10":"product_tag-frosted-cosmetic-jars","11":"desktop-align-left","12":"tablet-align-left","13":"mobile-align-left","15":"first","16":"instock","17":"shipping-taxable","18":"product-type-simple"},"acf":[],"jetpack_sharing_enabled":true,"_links":{"self":[{"href":"https:\/\/theperfumebottles.com\/tr\/wp-json\/wp\/v2\/product\/5354","targetHints":{"allow":["GET"]}}],"collection":[{"href":"https:\/\/theperfumebottles.com\/tr\/wp-json\/wp\/v2\/product"}],"about":[{"href":"https:\/\/theperfumebottles.com\/tr\/wp-json\/wp\/v2\/types\/product"}],"replies":[{"embeddable":true,"href":"https:\/\/theperfumebottles.com\/tr\/wp-json\/wp\/v2\/comments?post=5354"}],"wp:featuredmedia":[{"embeddable":true,"href":"https:\/\/theperfumebottles.com\/tr\/wp-json\/wp\/v2\/media\/5369"}],"wp:attachment":[{"href":"https:\/\/theperfumebottles.com\/tr\/wp-json\/wp\/v2\/media?parent=5354"}],"wp:term":[{"taxonomy":"product_brand","embeddable":true,"href":"https:\/\/theperfumebottles.com\/tr\/wp-json\/wp\/v2\/product_brand?post=5354"},{"taxonomy":"product_cat","embeddable":true,"href":"https:\/\/theperfumebottles.com\/tr\/wp-json\/wp\/v2\/product_cat?post=5354"},{"taxonomy":"product_tag","embeddable":true,"href":"https:\/\/theperfumebottles.com\/tr\/wp-json\/wp\/v2\/product_tag?post=5354"}],"curies":[{"name":"wp","href":"https:\/\/api.w.org\/{rel}","templated":true}]}}