{"id":5355,"date":"2025-08-08T18:08:52","date_gmt":"2025-08-08T10:08:52","guid":{"rendered":"https:\/\/theperfumebottles.com\/?post_type=product&#038;p=5355"},"modified":"2026-04-01T15:09:21","modified_gmt":"2026-04-01T07:09:21","slug":"bulk-glass-amber-pump-bottle-for-cosmetic-packaging","status":"publish","type":"product","link":"https:\/\/theperfumebottles.com\/tr\/urun\/bulk-glass-amber-pump-bottle-for-cosmetic-packaging\/","title":{"rendered":"Kozmetik Ambalajlama \u0130\u00e7in 5ml - 100 ml Cam Amber Pompal\u0131 \u015ei\u015feler"},"content":{"rendered":"<p>Amber renkli cam pompal\u0131 \u015fi\u015fe, yuvarlak silindirik \u015fekli, birinci s\u0131n\u0131f yar\u0131 saydam amber cam\u0131, tam uyumlu siyah pompa ba\u015fl\u0131\u011f\u0131 ve \u015feffaf cam g\u00fcvenlik kapa\u011f\u0131yla modern bir tasar\u0131m sergiliyor.<\/p>\n<h2>Temel \u00d6zellikler<\/h2>\n<table style=\"border-collapse: collapse; margin-left: auto; margin-right: auto; width: 80%;\" border=\"0\" width=\"486\" cellspacing=\"0\" cellpadding=\"0\">\n<tbody>\n<tr style=\"height: 13.50pt;\">\n<td style=\"height: 13.50pt; width: 117.75pt;\" width=\"157\" height=\"18\">\u00d6zellik<\/td>\n<td style=\"width: 246.75pt;\" width=\"329\">Detay<\/td>\n<\/tr>\n<tr style=\"height: 13.50pt;\">\n<td style=\"height: 13.50pt;\" height=\"18\">Kapasite Se\u00e7enekleri<\/td>\n<td>5 ml, 10 ml, 15 ml, 20 ml, 30 ml, 50 ml, 100 ml<\/td>\n<\/tr>\n<tr style=\"height: 13.50pt;\">\n<td style=\"height: 13.50pt;\" height=\"18\">\u015ei\u015fe Boyutu Aral\u0131\u011f\u0131<\/td>\n<td>\u00c7ap\u0131 22\u201344,5 mm, y\u00fcksekli\u011fi 50\u2013112 mm<\/td>\n<\/tr>\n<tr style=\"height: 13.50pt;\">\n<td style=\"height: 13.50pt;\" height=\"18\">Malzeme<\/td>\n<td>Y\u00fcksek berrakl\u0131kta kahverengi cam<\/td>\n<\/tr>\n<tr style=\"height: 13.50pt;\">\n<td style=\"height: 13.50pt;\" height=\"18\">Kapan\u0131\u015f<\/td>\n<td>A\u00e7\u0131l\u0131 u\u00e7lu siyah pompa<\/td>\n<\/tr>\n<tr style=\"height: 13.50pt;\">\n<td style=\"height: 13.50pt;\" height=\"18\">Pompa Borusu<\/td>\n<td>Tam kullan\u0131m i\u00e7in uzun, \u015feffaf t\u00fcp<\/td>\n<\/tr>\n<tr style=\"height: 13.50pt;\">\n<td style=\"height: 13.50pt;\" height=\"18\">\u0130deal \u0130\u00e7in<\/td>\n<td>Serumlar, losyonlar, y\u00fcz ya\u011flar\u0131<\/td>\n<\/tr>\n<\/tbody>\n<\/table>\n<h2>Ba\u015far\u0131 Hikayesi<\/h2>\n<p>Profesyonel cilt bak\u0131m markas\u0131, viskoz serum \u00fcr\u00fcnlerine uygun, serigrafi bask\u0131l\u0131 &#034;hava ge\u00e7irmez&#034; etiket ve verimli bir pompa ekledikten sonra, pompal\u0131 30 ml&#039;lik kahverengi cam \u015fi\u015felerimizi tercih etti. UV korumas\u0131, serumun i\u00e7erik etkinli\u011finin 12 ay boyunca oran\u0131nda korunmas\u0131n\u0131 sa\u011flar. Pompa sistemi, damlal\u0131kl\u0131 sistemlere k\u0131yasla oksidasyonu ve at\u0131k olu\u015fumunu oran\u0131nda azalt\u0131r. Marka, \u00fcr\u00fcn\u00fcyle b\u00fcy\u00fck bir ba\u015far\u0131 elde etti ve bu da antioksidan serum ve cilt bak\u0131m \u00fcr\u00fcnlerinin tamam\u0131 i\u00e7in 750.000 \u015fi\u015felik ek bir sipari\u015fle sonu\u00e7land\u0131.<\/p>\n<h2>Pompa \u00d6zelle\u015ftirme Se\u00e7eneklerine Sahip Kahverengi Cam \u015ei\u015feler<\/h2>\n<ul>\n<li>A\u00e7\u0131k kehribar rengindeki cam \u015fi\u015fe, a\u00e7\u0131k kehribar, orta kehribar ve koyu kehribar olmak \u00fczere \u00fc\u00e7 farkl\u0131 renkte mevcuttur.<\/li>\n<li>Vakum pompas\u0131 sistemi, kullan\u0131c\u0131lara antioksidan savunma mekanizmalar\u0131 arac\u0131l\u0131\u011f\u0131yla karars\u0131z aktif bile\u015fenleri i\u00e7in maksimum koruma sa\u011flayan eksiksiz bir vakum pompas\u0131 sistemi sunar.<\/li>\n<li>\u015ei\u015fenin alt k\u0131sm\u0131nda &#034;100 ml&#034; ibaresi bulunan kabartmal\u0131 bir \u00f6l\u00e7ek yer alabilir veya kullan\u0131c\u0131lar k\u00fc\u00e7\u00fck bir logo alan\u0131 arac\u0131l\u0131\u011f\u0131yla marka logolar\u0131n\u0131 sergilemeyi tercih edebilirler.<\/li>\n<\/ul>","protected":false},"excerpt":{"rendered":"<p>\u015e\u0131k kehribar renkli cam pompal\u0131 \u015fi\u015fe, g\u00fcvenli pompa ve kapak ile birlikte. Kremler ve s\u0131v\u0131lar i\u00e7in pompal\u0131 kahverengi cam \u015fi\u015feler. \u00d6zel marka bask\u0131 se\u00e7enekleri desteklenmektedir. \u00dccretsiz numuneler.<\/p>","protected":false},"featured_media":5356,"comment_status":"open","ping_status":"closed","template":"","meta":{"_acf_changed":false,"site-sidebar-layout":"default","site-content-layout":"","ast-site-content-layout":"default","site-content-style":"default","site-sidebar-style":"default","ast-global-header-display":"","ast-banner-title-visibility":"","ast-main-header-display":"","ast-hfb-above-header-display":"","ast-hfb-below-header-display":"","ast-hfb-mobile-header-display":"","site-post-title":"","ast-breadcrumbs-content":"","ast-featured-img":"","footer-sml-layout":"","ast-disable-related-posts":"","theme-transparent-header-meta":"default","adv-header-id-meta":"","stick-header-meta":"","header-above-stick-meta":"","header-main-stick-meta":"","header-below-stick-meta":"","astra-migrate-meta-layouts":"set","ast-page-background-enabled":"default","ast-page-background-meta":{"desktop":{"background-color":"var(--ast-global-color-5)","background-image":"","background-repeat":"repeat","background-position":"center center","background-size":"auto","background-attachment":"scroll","background-type":"","background-media":"","overlay-type":"","overlay-color":"","overlay-opacity":"","overlay-gradient":""},"tablet":{"background-color":"","background-image":"","background-repeat":"repeat","background-position":"center center","background-size":"auto","background-attachment":"scroll","background-type":"","background-media":"","overlay-type":"","overlay-color":"","overlay-opacity":"","overlay-gradient":""},"mobile":{"background-color":"","background-image":"","background-repeat":"repeat","background-position":"center center","background-size":"auto","background-attachment":"scroll","background-type":"","background-media":"","overlay-type":"","overlay-color":"","overlay-opacity":"","overlay-gradient":""}},"ast-content-background-meta":{"desktop":{"background-color":"var(--ast-global-color-4)","background-image":"","background-repeat":"repeat","background-position":"center center","background-size":"auto","background-attachment":"scroll","background-type":"","background-media":"","overlay-type":"","overlay-color":"","overlay-opacity":"","overlay-gradient":""},"tablet":{"background-color":"var(--ast-global-color-4)","background-image":"","background-repeat":"repeat","background-position":"center center","background-size":"auto","background-attachment":"scroll","background-type":"","background-media":"","overlay-type":"","overlay-color":"","overlay-opacity":"","overlay-gradient":""},"mobile":{"background-color":"var(--ast-global-color-4)","background-image":"","background-repeat":"repeat","background-position":"center center","background-size":"auto","background-attachment":"scroll","background-type":"","background-media":"","overlay-type":"","overlay-color":"","overlay-opacity":"","overlay-gradient":""}}},"product_brand":[],"product_cat":[71,72,62],"product_tag":[190,204],"class_list":{"0":"post-5355","1":"product","2":"type-product","3":"status-publish","4":"has-post-thumbnail","6":"product_cat-glass-lotion-bottles","7":"product_cat-cosmetic-packaging","8":"product_cat-cosmetic-containers","9":"product_tag-cosmetic-pots-with-lids","10":"product_tag-frosted-cosmetic-jars","11":"desktop-align-left","12":"tablet-align-left","13":"mobile-align-left","15":"first","16":"instock","17":"shipping-taxable","18":"product-type-simple"},"acf":[],"jetpack_sharing_enabled":true,"_links":{"self":[{"href":"https:\/\/theperfumebottles.com\/tr\/wp-json\/wp\/v2\/product\/5355","targetHints":{"allow":["GET"]}}],"collection":[{"href":"https:\/\/theperfumebottles.com\/tr\/wp-json\/wp\/v2\/product"}],"about":[{"href":"https:\/\/theperfumebottles.com\/tr\/wp-json\/wp\/v2\/types\/product"}],"replies":[{"embeddable":true,"href":"https:\/\/theperfumebottles.com\/tr\/wp-json\/wp\/v2\/comments?post=5355"}],"wp:featuredmedia":[{"embeddable":true,"href":"https:\/\/theperfumebottles.com\/tr\/wp-json\/wp\/v2\/media\/5356"}],"wp:attachment":[{"href":"https:\/\/theperfumebottles.com\/tr\/wp-json\/wp\/v2\/media?parent=5355"}],"wp:term":[{"taxonomy":"product_brand","embeddable":true,"href":"https:\/\/theperfumebottles.com\/tr\/wp-json\/wp\/v2\/product_brand?post=5355"},{"taxonomy":"product_cat","embeddable":true,"href":"https:\/\/theperfumebottles.com\/tr\/wp-json\/wp\/v2\/product_cat?post=5355"},{"taxonomy":"product_tag","embeddable":true,"href":"https:\/\/theperfumebottles.com\/tr\/wp-json\/wp\/v2\/product_tag?post=5355"}],"curies":[{"name":"wp","href":"https:\/\/api.w.org\/{rel}","templated":true}]}}