{"id":5404,"date":"2025-08-11T18:02:10","date_gmt":"2025-08-11T10:02:10","guid":{"rendered":"https:\/\/theperfumebottles.com\/?post_type=product&#038;p=5404"},"modified":"2026-04-01T14:48:59","modified_gmt":"2026-04-01T06:48:59","slug":"custom-frosted-empty-lotion-bottle-with-pump-and-gold-lid","status":"publish","type":"product","link":"https:\/\/theperfumebottles.com\/tr\/urun\/custom-frosted-empty-lotion-bottle-with-pump-and-gold-lid\/","title":{"rendered":"Pompal\u0131 ve Alt\u0131n Kapakl\u0131 \u00d6zel 30 ml Buzlu Bo\u015f Losyon \u015ei\u015fesi"},"content":{"rendered":"<p>Pompal\u0131 l\u00fcks bo\u015f losyon \u015fi\u015fesi, tasar\u0131mc\u0131lar\u0131n buzlu s\u00fct beyaz\u0131 cam malzemeden \u00fcretti\u011fi d\u00fcz kenarl\u0131 bir g\u00f6vdeye sahiptir. \u015ei\u015fe tasar\u0131m\u0131nda, \u00fcst d\u00fczey bir sofistike g\u00f6r\u00fcn\u00fcm sa\u011flayan zarif alt\u0131n renkli bir pompa kapa\u011f\u0131 bulunur.<\/p>\n<h2>Temel \u00d6zellikler<\/h2>\n<table style=\"border-collapse: collapse; margin-left: auto; margin-right: auto; width: 80%;\" border=\"0\" width=\"445\" cellspacing=\"0\" cellpadding=\"0\">\n<tbody>\n<tr style=\"height: 13.50pt;\">\n<td style=\"height: 13.50pt; width: 136.50pt;\" width=\"182\" height=\"18\">\u00d6zellik<\/td>\n<td style=\"width: 197.25pt;\" width=\"263\">Detay<\/td>\n<\/tr>\n<tr style=\"height: 13.50pt;\">\n<td style=\"height: 13.50pt;\" height=\"18\">Kapasite<\/td>\n<td>30 ml<\/td>\n<\/tr>\n<tr style=\"height: 13.50pt;\">\n<td style=\"height: 13.50pt;\" height=\"18\">Malzeme<\/td>\n<td>Premium cam<\/td>\n<\/tr>\n<tr style=\"height: 13.50pt;\">\n<td style=\"height: 13.50pt;\" height=\"18\">Sona ermek<\/td>\n<td>Mat beyaz (buzlu)<\/td>\n<\/tr>\n<tr style=\"height: 13.50pt;\">\n<td style=\"height: 13.50pt;\" height=\"18\">Pompa Rengi<\/td>\n<td>Alt\u0131n (\u00f6zelle\u015ftirilebilir)<\/td>\n<\/tr>\n<tr style=\"height: 13.50pt;\">\n<td style=\"height: 13.50pt;\" height=\"18\">\u015eekil<\/td>\n<td>Silindirik<\/td>\n<\/tr>\n<tr style=\"height: 13.50pt;\">\n<td style=\"height: 13.50pt;\" height=\"18\">Kapan\u0131\u015f<\/td>\n<td>Vidal\u0131 pompa kapa\u011f\u0131<\/td>\n<\/tr>\n<tr style=\"height: 13.50pt;\">\n<td style=\"height: 13.50pt;\" height=\"18\">Birim Ba\u015f\u0131na Ambalaj<\/td>\n<td>20 * 20 * 20 cm kutu<\/td>\n<\/tr>\n<tr style=\"height: 13.50pt;\">\n<td style=\"height: 13.50pt;\" height=\"18\">En \u0130yisi \u0130\u00e7in<\/td>\n<td>Losyonlar, serumlar, v\u00fccut bak\u0131m\u0131<\/td>\n<\/tr>\n<\/tbody>\n<\/table>\n<h2>Ba\u015far\u0131 \u00d6yk\u00fcs\u00fc: Avrupa&#039;dan L\u00fcks V\u00fccut Bak\u0131m Markas\u0131ndan \u00d6zel Sipari\u015f<\/h2>\n<p>\u00dcst d\u00fczey bir Frans\u0131z v\u00fccut bak\u0131m markas\u0131, pompa mekanizmal\u0131 200 ml&#039;lik losyon \u015fi\u015femizi se\u00e7ti ve 18 ayar alt\u0131n kaplama mat kapak ve \u00f6zel vakumlu pompa ba\u015fl\u0131\u011f\u0131 i\u00e7eren \u00f6zel bir tasar\u0131m olu\u015fturdu. \u00d6zel \u015fi\u015fe b\u00fcy\u00fck bir ba\u015far\u0131 elde etti \u00e7\u00fcnk\u00fc yumu\u015fak mat y\u00fczeyi, markan\u0131n ana tasar\u0131m \u00f6\u011fesi haline geldi ve t\u00fcketicilerin \u00fcr\u00fcn\u00fc daha nazik ve l\u00fcks olarak alg\u0131lamas\u0131n\u0131 sa\u011flad\u0131. Vakumlu pompa ba\u015fl\u0131\u011f\u0131, \u00fcr\u00fcn\u00fcn u\u00e7ucu ya\u011f kalitesini daha uzun s\u00fcre korumas\u0131n\u0131 sa\u011flarken \u00e7evresel at\u0131klar\u0131 da azaltt\u0131. Marka, yak\u0131nda piyasaya s\u00fcr\u00fclecek kuru u\u00e7ucu ya\u011f serisi ve s\u0131n\u0131rl\u0131 say\u0131da \u00fcretilen tatil koleksiyonunu desteklemek i\u00e7in 300.000 \u015fi\u015fe daha sipari\u015f etti.<\/p>\n<h2>Kendinize \u00f6zg\u00fc hale getirmek mi istiyorsunuz? \u0130\u015fte \u00f6zelle\u015ftirmenin yollar\u0131.<\/h2>\n<p>Markan\u0131z s\u0131radan de\u011fil. \u015ei\u015feniz de s\u0131radan olmamal\u0131.<\/p>\n<ul>\n<li>Pompan\u0131n rengini de\u011fi\u015ftirin \u2013 siyah, g\u00fcm\u00fc\u015f, pembe alt\u0131n? Tamam.<\/li>\n<li>Yaka y\u00fcksekli\u011fini ayarlay\u0131n \u2013 etiketin daha iyi oturmas\u0131 i\u00e7in de\u011fi\u015fiklik yapabiliriz.<\/li>\n<li>\u00c7ocuk g\u00fcvenli\u011fine uygun veya kilitlenebilir pompalar ekleyin \u2013 bebek \u00fcr\u00fcnleri i\u00e7in harika.<\/li>\n<li>Farkl\u0131 boyutta bo\u015f losyon \u015fi\u015fesi pompas\u0131na m\u0131 ihtiyac\u0131n\u0131z var? 15 ml, 50 ml ve 100 ml&#039;lik se\u00e7eneklerimiz de mevcut.<\/li>\n<\/ul>\n<p>Nakliye veya toplu depolama konusunda endi\u015feleniyorsan\u0131z, endi\u015felenmeyin. Bo\u015f losyon \u015fi\u015fesi pompa ambalaj \u00e7\u00f6z\u00fcmlerimizi istiflenebilir, g\u00fcvenli ve b\u00fcy\u00fck \u00f6l\u00e7ekte kullan\u0131m\u0131 kolay olacak \u015fekilde tasarl\u0131yoruz. Bo\u015f losyon \u015fi\u015fesi pompa ihtiya\u00e7lar\u0131n\u0131z\u0131n sadece \u015fi\u015feyle ilgili olmad\u0131\u011f\u0131n\u0131 biliyoruz. H\u0131z, tutarl\u0131l\u0131k ve ilk g\u00fcnden itibaren iyi g\u00f6r\u00fcnmekle ilgili oldu\u011funu anl\u0131yoruz.<\/p>","protected":false},"excerpt":{"rendered":"<p>Mat cam ve l\u00fcks alt\u0131n kapakl\u0131, pompal\u0131, birinci s\u0131n\u0131f bo\u015f losyon \u015fi\u015fesi. Cilt bak\u0131m markalar\u0131 i\u00e7in pompal\u0131 losyon \u015fi\u015fesi. D\u00fcnya \u00e7ap\u0131nda h\u0131zl\u0131 kargo.<\/p>","protected":false},"featured_media":5418,"comment_status":"open","ping_status":"closed","template":"","meta":{"_acf_changed":false,"site-sidebar-layout":"default","site-content-layout":"","ast-site-content-layout":"default","site-content-style":"default","site-sidebar-style":"default","ast-global-header-display":"","ast-banner-title-visibility":"","ast-main-header-display":"","ast-hfb-above-header-display":"","ast-hfb-below-header-display":"","ast-hfb-mobile-header-display":"","site-post-title":"","ast-breadcrumbs-content":"","ast-featured-img":"","footer-sml-layout":"","ast-disable-related-posts":"","theme-transparent-header-meta":"default","adv-header-id-meta":"","stick-header-meta":"","header-above-stick-meta":"","header-main-stick-meta":"","header-below-stick-meta":"","astra-migrate-meta-layouts":"set","ast-page-background-enabled":"default","ast-page-background-meta":{"desktop":{"background-color":"var(--ast-global-color-5)","background-image":"","background-repeat":"repeat","background-position":"center center","background-size":"auto","background-attachment":"scroll","background-type":"","background-media":"","overlay-type":"","overlay-color":"","overlay-opacity":"","overlay-gradient":""},"tablet":{"background-color":"","background-image":"","background-repeat":"repeat","background-position":"center center","background-size":"auto","background-attachment":"scroll","background-type":"","background-media":"","overlay-type":"","overlay-color":"","overlay-opacity":"","overlay-gradient":""},"mobile":{"background-color":"","background-image":"","background-repeat":"repeat","background-position":"center center","background-size":"auto","background-attachment":"scroll","background-type":"","background-media":"","overlay-type":"","overlay-color":"","overlay-opacity":"","overlay-gradient":""}},"ast-content-background-meta":{"desktop":{"background-color":"var(--ast-global-color-4)","background-image":"","background-repeat":"repeat","background-position":"center center","background-size":"auto","background-attachment":"scroll","background-type":"","background-media":"","overlay-type":"","overlay-color":"","overlay-opacity":"","overlay-gradient":""},"tablet":{"background-color":"var(--ast-global-color-4)","background-image":"","background-repeat":"repeat","background-position":"center center","background-size":"auto","background-attachment":"scroll","background-type":"","background-media":"","overlay-type":"","overlay-color":"","overlay-opacity":"","overlay-gradient":""},"mobile":{"background-color":"var(--ast-global-color-4)","background-image":"","background-repeat":"repeat","background-position":"center center","background-size":"auto","background-attachment":"scroll","background-type":"","background-media":"","overlay-type":"","overlay-color":"","overlay-opacity":"","overlay-gradient":""}}},"product_brand":[],"product_cat":[71,72,62],"product_tag":[190,204],"class_list":{"0":"post-5404","1":"product","2":"type-product","3":"status-publish","4":"has-post-thumbnail","6":"product_cat-glass-lotion-bottles","7":"product_cat-cosmetic-packaging","8":"product_cat-cosmetic-containers","9":"product_tag-cosmetic-pots-with-lids","10":"product_tag-frosted-cosmetic-jars","11":"desktop-align-left","12":"tablet-align-left","13":"mobile-align-left","15":"first","16":"instock","17":"shipping-taxable","18":"product-type-simple"},"acf":[],"jetpack_sharing_enabled":true,"_links":{"self":[{"href":"https:\/\/theperfumebottles.com\/tr\/wp-json\/wp\/v2\/product\/5404","targetHints":{"allow":["GET"]}}],"collection":[{"href":"https:\/\/theperfumebottles.com\/tr\/wp-json\/wp\/v2\/product"}],"about":[{"href":"https:\/\/theperfumebottles.com\/tr\/wp-json\/wp\/v2\/types\/product"}],"replies":[{"embeddable":true,"href":"https:\/\/theperfumebottles.com\/tr\/wp-json\/wp\/v2\/comments?post=5404"}],"wp:featuredmedia":[{"embeddable":true,"href":"https:\/\/theperfumebottles.com\/tr\/wp-json\/wp\/v2\/media\/5418"}],"wp:attachment":[{"href":"https:\/\/theperfumebottles.com\/tr\/wp-json\/wp\/v2\/media?parent=5404"}],"wp:term":[{"taxonomy":"product_brand","embeddable":true,"href":"https:\/\/theperfumebottles.com\/tr\/wp-json\/wp\/v2\/product_brand?post=5404"},{"taxonomy":"product_cat","embeddable":true,"href":"https:\/\/theperfumebottles.com\/tr\/wp-json\/wp\/v2\/product_cat?post=5404"},{"taxonomy":"product_tag","embeddable":true,"href":"https:\/\/theperfumebottles.com\/tr\/wp-json\/wp\/v2\/product_tag?post=5404"}],"curies":[{"name":"wp","href":"https:\/\/api.w.org\/{rel}","templated":true}]}}