{"id":5405,"date":"2025-08-11T17:27:27","date_gmt":"2025-08-11T09:27:27","guid":{"rendered":"https:\/\/theperfumebottles.com\/?post_type=product&#038;p=5405"},"modified":"2026-03-30T15:26:17","modified_gmt":"2026-03-30T07:26:17","slug":"essential-oil-roll-on-bottles-in-bulk","status":"publish","type":"product","link":"https:\/\/theperfumebottles.com\/tr\/urun\/essential-oil-roll-on-bottles-in-bulk\/","title":{"rendered":"Toplu 3ml-30ml Esansiyel Ya\u011f Roll On \u015ei\u015feleri"},"content":{"rendered":"<p>Hem dikkat \u00e7eken hem de y\u00fcksek performans sunan u\u00e7ucu ya\u011f roll-on \u015fi\u015felerine mi ihtiyac\u0131n\u0131z var? Cam roll-on \u015fi\u015felerimiz, l\u00fcks\u00fc pratiklikle birle\u015ftiren u\u00e7ucu ya\u011f kaplar\u0131 isteyen markalar i\u00e7in \u00f6zel olarak \u00fcretilmi\u015ftir.<\/p>\n<h2>Temel \u00d6zellikler<\/h2>\n<table style=\"border-collapse: collapse; width: 80%; margin-left: auto; margin-right: auto;\" border=\"0\" width=\"227\" cellspacing=\"0\" cellpadding=\"0\">\n<tbody>\n<tr style=\"height: 13.50pt;\">\n<td style=\"height: 13.5pt; width: 116.25pt; text-align: center;\" width=\"155\" height=\"18\">\u00d6zellik<\/td>\n<td style=\"width: 54pt; text-align: center;\" width=\"72\">Detaylar<\/td>\n<\/tr>\n<tr style=\"height: 13.50pt;\">\n<td style=\"height: 13.5pt; text-align: center;\" height=\"18\">Kapasite<\/td>\n<td style=\"text-align: center;\">3ml, 5ml, 10ml, 15ml, 20ml, 30ml<\/td>\n<\/tr>\n<tr style=\"height: 13.50pt;\">\n<td style=\"height: 13.5pt; text-align: center;\" height=\"18\">Malzeme<\/td>\n<td style=\"text-align: center;\">Bardak<\/td>\n<\/tr>\n<tr style=\"height: 13.50pt;\">\n<td style=\"height: 13.5pt; text-align: center;\" height=\"18\">S\u0131zd\u0131rmazl\u0131k Mekanizmas\u0131<\/td>\n<td style=\"text-align: center;\">Makaral\u0131 vidal\u0131 kapak<\/td>\n<\/tr>\n<tr style=\"height: 13.50pt;\">\n<td style=\"height: 13.5pt; text-align: center;\" height=\"18\">\u015eekil<\/td>\n<td style=\"text-align: center;\">Yuvarlak<\/td>\n<\/tr>\n<tr style=\"height: 13.50pt;\">\n<td style=\"height: 13.5pt; text-align: center;\" height=\"18\">Renk<\/td>\n<td style=\"text-align: center;\">\u015eeffaf, \u00f6zelle\u015ftirilebilir<\/td>\n<\/tr>\n<tr style=\"height: 13.50pt;\">\n<td style=\"height: 13.5pt; text-align: center;\" height=\"18\">Y\u00fczey bask\u0131s\u0131<\/td>\n<td style=\"text-align: center;\">\u00d6zelle\u015ftirilebilir<\/td>\n<\/tr>\n<\/tbody>\n<\/table>\n<h2>Vaka \u00c7al\u0131\u015fmas\u0131<\/h2>\n<p>Gelirlerini art\u0131rma f\u0131rsat\u0131 arayan bir cilt bak\u0131m \u015firketi, ambalaj olarak paslanmaz \u00e7elik rulo ba\u015fl\u0131kl\u0131 ve alt\u0131n kapakl\u0131 1 oz&#039;luk roll-on \u015fi\u015felerimizi se\u00e7erek u\u00e7ucu ya\u011f \u00fcr\u00fcn yelpazesini yeniden tasarlamaya karar verdi. Toptan sipari\u015f vererek ve u\u00e7ucu ya\u011f roll-on \u015fi\u015felerini logolar\u0131n\u0131n renklerine uyacak \u015fekilde \u00f6zelle\u015ftirerek, ambalaj maliyetlerini \u00f6nemli \u00f6l\u00e7\u00fcde d\u00fc\u015f\u00fcrd\u00fcler ve tekrar eden m\u00fc\u015fteri oranlar\u0131n\u0131 oran\u0131nda art\u0131rd\u0131lar.<\/p>\n<h2>\u00d6zelle\u015ftirme Kontrol Listesi<\/h2>\n<ul>\n<li><strong>cam g\u00f6vde<\/strong>: Borosilikat cam \/ Kahverengi (tercih edilen) veya \u0131\u015f\u0131\u011fa dayan\u0131kl\u0131 ba\u015fka bir renk \/ Kapasiteyi belirleyin (\u00f6rne\u011fin, 10 ml)<\/li>\n<li><strong>Rollerball<\/strong>: Paslanmaz \u00e7elik (tercih edilir) \/ Bilye boyutunu belirleyin (\u00f6rne\u011fin, 5 mm)<\/li>\n<li><strong>\u015eapka<\/strong>: \u0130yi bir s\u0131zd\u0131rmazl\u0131k sa\u011flay\u0131n \/ Renk ve y\u00fczey se\u00e7in (\u00f6rne\u011fin, parlak beyaz kapak)<\/li>\n<li><strong>Bask\u0131<\/strong>Logo ve metin bask\u0131s\u0131n\u0131 belirleyin (\u00f6rne\u011fin, alt\u0131n serigrafi).<\/li>\n<li><strong>\u00d6rnek Testi<\/strong>S\u0131zd\u0131rmazl\u0131k contas\u0131n\u0131n ve silindirin d\u00fczg\u00fcnl\u00fc\u011f\u00fcn\u00fc test etmek i\u00e7in mutlaka bo\u015f bir numune isteyin.<\/li>\n<li><strong>Tedarik\u00e7i<\/strong>Minimum sipari\u015f miktar\u0131, fiyat, numune teslim s\u00fcresi ve \u00fcretim d\u00f6ng\u00fcs\u00fcn\u00fc g\u00f6r\u00fc\u015f\u00fcn.<\/li>\n<\/ul>","protected":false},"excerpt":{"rendered":"<p>Markan\u0131z i\u00e7in birinci s\u0131n\u0131f u\u00e7ucu ya\u011f roll-on \u015fi\u015feleri ve 1 oz&#039;luk roll-on \u015fi\u015feleri tedarik edin. Toplu sipari\u015fler i\u00e7in y\u00fcksek kaliteli, \u00f6zel ambalaj arayan i\u015fletmeler i\u00e7in idealdir.<\/p>","protected":false},"featured_media":6631,"comment_status":"closed","ping_status":"closed","template":"","meta":{"_acf_changed":false,"site-sidebar-layout":"default","site-content-layout":"","ast-site-content-layout":"default","site-content-style":"default","site-sidebar-style":"default","ast-global-header-display":"","ast-banner-title-visibility":"","ast-main-header-display":"","ast-hfb-above-header-display":"","ast-hfb-below-header-display":"","ast-hfb-mobile-header-display":"","site-post-title":"","ast-breadcrumbs-content":"","ast-featured-img":"","footer-sml-layout":"","ast-disable-related-posts":"","theme-transparent-header-meta":"default","adv-header-id-meta":"","stick-header-meta":"","header-above-stick-meta":"","header-main-stick-meta":"","header-below-stick-meta":"","astra-migrate-meta-layouts":"set","ast-page-background-enabled":"default","ast-page-background-meta":{"desktop":{"background-color":"var(--ast-global-color-5)","background-image":"","background-repeat":"repeat","background-position":"center center","background-size":"auto","background-attachment":"scroll","background-type":"","background-media":"","overlay-type":"","overlay-color":"","overlay-opacity":"","overlay-gradient":""},"tablet":{"background-color":"","background-image":"","background-repeat":"repeat","background-position":"center center","background-size":"auto","background-attachment":"scroll","background-type":"","background-media":"","overlay-type":"","overlay-color":"","overlay-opacity":"","overlay-gradient":""},"mobile":{"background-color":"","background-image":"","background-repeat":"repeat","background-position":"center center","background-size":"auto","background-attachment":"scroll","background-type":"","background-media":"","overlay-type":"","overlay-color":"","overlay-opacity":"","overlay-gradient":""}},"ast-content-background-meta":{"desktop":{"background-color":"var(--ast-global-color-4)","background-image":"","background-repeat":"repeat","background-position":"center center","background-size":"auto","background-attachment":"scroll","background-type":"","background-media":"","overlay-type":"","overlay-color":"","overlay-opacity":"","overlay-gradient":""},"tablet":{"background-color":"var(--ast-global-color-4)","background-image":"","background-repeat":"repeat","background-position":"center center","background-size":"auto","background-attachment":"scroll","background-type":"","background-media":"","overlay-type":"","overlay-color":"","overlay-opacity":"","overlay-gradient":""},"mobile":{"background-color":"var(--ast-global-color-4)","background-image":"","background-repeat":"repeat","background-position":"center center","background-size":"auto","background-attachment":"scroll","background-type":"","background-media":"","overlay-type":"","overlay-color":"","overlay-opacity":"","overlay-gradient":""}}},"product_brand":[],"product_cat":[60,62,72,57],"product_tag":[223,222],"class_list":{"0":"post-5405","1":"product","2":"type-product","3":"status-publish","4":"has-post-thumbnail","6":"product_cat-roller-bottles","7":"product_cat-cosmetic-containers","8":"product_cat-cosmetic-packaging","9":"product_cat-essential-oil-bottles","10":"product_tag-essential-oil-roll-on-bottles","11":"product_tag-perfume-roller-bottles","12":"desktop-align-left","13":"tablet-align-left","14":"mobile-align-left","16":"first","17":"instock","18":"shipping-taxable","19":"product-type-simple"},"acf":[],"jetpack_sharing_enabled":true,"_links":{"self":[{"href":"https:\/\/theperfumebottles.com\/tr\/wp-json\/wp\/v2\/product\/5405","targetHints":{"allow":["GET"]}}],"collection":[{"href":"https:\/\/theperfumebottles.com\/tr\/wp-json\/wp\/v2\/product"}],"about":[{"href":"https:\/\/theperfumebottles.com\/tr\/wp-json\/wp\/v2\/types\/product"}],"replies":[{"embeddable":true,"href":"https:\/\/theperfumebottles.com\/tr\/wp-json\/wp\/v2\/comments?post=5405"}],"wp:featuredmedia":[{"embeddable":true,"href":"https:\/\/theperfumebottles.com\/tr\/wp-json\/wp\/v2\/media\/6631"}],"wp:attachment":[{"href":"https:\/\/theperfumebottles.com\/tr\/wp-json\/wp\/v2\/media?parent=5405"}],"wp:term":[{"taxonomy":"product_brand","embeddable":true,"href":"https:\/\/theperfumebottles.com\/tr\/wp-json\/wp\/v2\/product_brand?post=5405"},{"taxonomy":"product_cat","embeddable":true,"href":"https:\/\/theperfumebottles.com\/tr\/wp-json\/wp\/v2\/product_cat?post=5405"},{"taxonomy":"product_tag","embeddable":true,"href":"https:\/\/theperfumebottles.com\/tr\/wp-json\/wp\/v2\/product_tag?post=5405"}],"curies":[{"name":"wp","href":"https:\/\/api.w.org\/{rel}","templated":true}]}}