{"id":5410,"date":"2025-08-11T17:29:23","date_gmt":"2025-08-11T09:29:23","guid":{"rendered":"https:\/\/theperfumebottles.com\/?post_type=product&#038;p=5410"},"modified":"2026-03-30T16:30:37","modified_gmt":"2026-03-30T08:30:37","slug":"amber-glass-roll-on-bottles-for-cosmetic-packaging-bulk","status":"publish","type":"product","link":"https:\/\/theperfumebottles.com\/tr\/urun\/amber-glass-roll-on-bottles-for-cosmetic-packaging-bulk\/","title":{"rendered":"Kozmetik Ambalaj\u0131 \u0130\u00e7in 5ml-200ml Amber Renkli Cam Roll-On \u015ei\u015feler (Toptan)"},"content":{"rendered":"<p>\u00dcr\u00fcnlerinizi koruyan ve g\u00f6z al\u0131c\u0131 g\u00f6r\u00fcnen rulo kapakl\u0131 cam \u015fi\u015felere mi ihtiyac\u0131n\u0131z var? Kehribar cam roll-on \u015fi\u015felerimiz, UV korumas\u0131n\u0131 modern bir dokunu\u015fla birle\u015ftiren kozmetik kaplar\u0131 isteyen markalar i\u00e7in tasarlanm\u0131\u015ft\u0131r.<\/p>\n<h2><strong data-spm-anchor-id=\"5176.28103460.0.i21.29ab1db8INmi4N\">Temel \u00d6zellikler<\/strong><\/h2>\n<table style=\"border-collapse: collapse; width: 80%; margin-left: auto; margin-right: auto;\" border=\"0\" width=\"227\" cellspacing=\"0\" cellpadding=\"0\">\n<tbody>\n<tr style=\"height: 13.50pt;\">\n<td style=\"height: 13.5pt; width: 116.25pt; text-align: center;\" width=\"155\" height=\"18\">\u00d6zellik<\/td>\n<td style=\"width: 54pt; text-align: center;\" width=\"72\">Detaylar<\/td>\n<\/tr>\n<tr style=\"height: 13.50pt;\">\n<td style=\"height: 13.5pt; text-align: center;\" height=\"18\">Kapasite<\/td>\n<td style=\"text-align: center;\">5\/10\/15\/20\/30\/50\/60\/100\/120\/150\/200ml (\u00d6zelle\u015ftirilmi\u015f)<\/td>\n<\/tr>\n<tr style=\"height: 13.50pt;\">\n<td style=\"height: 13.5pt; text-align: center;\" height=\"18\">Malzeme<\/td>\n<td style=\"text-align: center;\">Kehribar Cam<\/td>\n<\/tr>\n<tr style=\"height: 13.50pt;\">\n<td style=\"height: 13.5pt; text-align: center;\" height=\"18\">\u015eekil<\/td>\n<td style=\"text-align: center;\">Yuvarlak, Kare veya \u00d6zel<\/td>\n<\/tr>\n<tr style=\"height: 13.50pt;\">\n<td style=\"height: 13.5pt; text-align: center;\" height=\"18\">\u015eapka<\/td>\n<td style=\"text-align: center;\">Akrilik Kapak\/RULO\/veya \u00d6zel Kapa\u011f\u0131n\u0131z<\/td>\n<\/tr>\n<tr style=\"height: 13.50pt;\">\n<td style=\"height: 13.5pt; text-align: center;\" height=\"18\">Renk<\/td>\n<td style=\"text-align: center;\">Amber veya sizin \u00f6zelle\u015ftirdi\u011finiz<\/td>\n<\/tr>\n<tr style=\"height: 13.50pt;\">\n<td style=\"height: 13.5pt; text-align: center;\" height=\"18\">Y\u00fczey Bask\u0131<\/td>\n<td style=\"text-align: center;\">Serigrafi Bask\u0131<\/td>\n<\/tr>\n<tr style=\"height: 13.50pt;\">\n<td style=\"height: 13.5pt; text-align: center;\" height=\"18\">Kullan\u0131m<\/td>\n<td style=\"text-align: center;\">Esansiyel ya\u011f<\/td>\n<\/tr>\n<\/tbody>\n<\/table>\n<h2>\u00d6zelle\u015ftirme \u0130pu\u00e7lar\u0131<\/h2>\n<ul>\n<li><strong>Renk Psikolojisi:<\/strong> Do\u011fal estetik i\u00e7in kehribar kullan\u0131n veya logo hizalamas\u0131 i\u00e7in \u00f6zel kapak tonlar\u0131 (siyah, alt\u0131n) ekleyin.<\/li>\n<li><strong>Teknolojik Geli\u015fme:<\/strong> Etkile\u015fimli g\u00fczellik ambalajlar\u0131 i\u00e7in kapa\u011fa kaz\u0131nm\u0131\u015f ticari markalar veya QR kodlar\u0131 ekleyin; m\u00fc\u015fteriler \u00fcr\u00fcn e\u011fitimlerini izleyerek denemeler yapabilirler.<\/li>\n<\/ul>","protected":false},"excerpt":{"rendered":"<p>Amber renkli cam roll-on \u015fi\u015felerle g\u00fczellik \u00fcr\u00fcnlerinizin ambalaj\u0131n\u0131 bir \u00fcst seviyeye ta\u015f\u0131y\u0131n. Cilt bak\u0131m\u0131, u\u00e7ucu ya\u011flar ve kozmetik ambalaj malzemeleri i\u00e7in idealdir. \u00dccretsiz numuneler.<\/p>","protected":false},"featured_media":5411,"comment_status":"closed","ping_status":"closed","template":"","meta":{"_acf_changed":false,"site-sidebar-layout":"default","site-content-layout":"","ast-site-content-layout":"default","site-content-style":"default","site-sidebar-style":"default","ast-global-header-display":"","ast-banner-title-visibility":"","ast-main-header-display":"","ast-hfb-above-header-display":"","ast-hfb-below-header-display":"","ast-hfb-mobile-header-display":"","site-post-title":"","ast-breadcrumbs-content":"","ast-featured-img":"","footer-sml-layout":"","ast-disable-related-posts":"","theme-transparent-header-meta":"default","adv-header-id-meta":"","stick-header-meta":"","header-above-stick-meta":"","header-main-stick-meta":"","header-below-stick-meta":"","astra-migrate-meta-layouts":"set","ast-page-background-enabled":"default","ast-page-background-meta":{"desktop":{"background-color":"var(--ast-global-color-5)","background-image":"","background-repeat":"repeat","background-position":"center center","background-size":"auto","background-attachment":"scroll","background-type":"","background-media":"","overlay-type":"","overlay-color":"","overlay-opacity":"","overlay-gradient":""},"tablet":{"background-color":"","background-image":"","background-repeat":"repeat","background-position":"center center","background-size":"auto","background-attachment":"scroll","background-type":"","background-media":"","overlay-type":"","overlay-color":"","overlay-opacity":"","overlay-gradient":""},"mobile":{"background-color":"","background-image":"","background-repeat":"repeat","background-position":"center center","background-size":"auto","background-attachment":"scroll","background-type":"","background-media":"","overlay-type":"","overlay-color":"","overlay-opacity":"","overlay-gradient":""}},"ast-content-background-meta":{"desktop":{"background-color":"var(--ast-global-color-4)","background-image":"","background-repeat":"repeat","background-position":"center center","background-size":"auto","background-attachment":"scroll","background-type":"","background-media":"","overlay-type":"","overlay-color":"","overlay-opacity":"","overlay-gradient":""},"tablet":{"background-color":"var(--ast-global-color-4)","background-image":"","background-repeat":"repeat","background-position":"center center","background-size":"auto","background-attachment":"scroll","background-type":"","background-media":"","overlay-type":"","overlay-color":"","overlay-opacity":"","overlay-gradient":""},"mobile":{"background-color":"var(--ast-global-color-4)","background-image":"","background-repeat":"repeat","background-position":"center center","background-size":"auto","background-attachment":"scroll","background-type":"","background-media":"","overlay-type":"","overlay-color":"","overlay-opacity":"","overlay-gradient":""}}},"product_brand":[],"product_cat":[60,62,72,57],"product_tag":[224,225],"class_list":{"0":"post-5410","1":"product","2":"type-product","3":"status-publish","4":"has-post-thumbnail","6":"product_cat-roller-bottles","7":"product_cat-cosmetic-containers","8":"product_cat-cosmetic-packaging","9":"product_cat-essential-oil-bottles","10":"product_tag-amber-glass-roll-on-bottles","11":"product_tag-glass-bottle-with-roller-top","12":"desktop-align-left","13":"tablet-align-left","14":"mobile-align-left","16":"first","17":"instock","18":"shipping-taxable","19":"product-type-simple"},"acf":[],"jetpack_sharing_enabled":true,"_links":{"self":[{"href":"https:\/\/theperfumebottles.com\/tr\/wp-json\/wp\/v2\/product\/5410","targetHints":{"allow":["GET"]}}],"collection":[{"href":"https:\/\/theperfumebottles.com\/tr\/wp-json\/wp\/v2\/product"}],"about":[{"href":"https:\/\/theperfumebottles.com\/tr\/wp-json\/wp\/v2\/types\/product"}],"replies":[{"embeddable":true,"href":"https:\/\/theperfumebottles.com\/tr\/wp-json\/wp\/v2\/comments?post=5410"}],"wp:featuredmedia":[{"embeddable":true,"href":"https:\/\/theperfumebottles.com\/tr\/wp-json\/wp\/v2\/media\/5411"}],"wp:attachment":[{"href":"https:\/\/theperfumebottles.com\/tr\/wp-json\/wp\/v2\/media?parent=5410"}],"wp:term":[{"taxonomy":"product_brand","embeddable":true,"href":"https:\/\/theperfumebottles.com\/tr\/wp-json\/wp\/v2\/product_brand?post=5410"},{"taxonomy":"product_cat","embeddable":true,"href":"https:\/\/theperfumebottles.com\/tr\/wp-json\/wp\/v2\/product_cat?post=5410"},{"taxonomy":"product_tag","embeddable":true,"href":"https:\/\/theperfumebottles.com\/tr\/wp-json\/wp\/v2\/product_tag?post=5410"}],"curies":[{"name":"wp","href":"https:\/\/api.w.org\/{rel}","templated":true}]}}