{"id":5419,"date":"2025-08-11T18:31:04","date_gmt":"2025-08-11T10:31:04","guid":{"rendered":"https:\/\/theperfumebottles.com\/?post_type=product&#038;p=5419"},"modified":"2026-04-01T14:32:45","modified_gmt":"2026-04-01T06:32:45","slug":"bulk-lotion-bottle-pump-with-glass-cosmetic-bottles","status":"publish","type":"product","link":"https:\/\/theperfumebottles.com\/tr\/urun\/bulk-lotion-bottle-pump-with-glass-cosmetic-bottles\/","title":{"rendered":"Toplu 40ml 60ml 80ml Losyon \u015ei\u015fe Pompas\u0131 ve Cam Kozmetik \u015ei\u015feleri"},"content":{"rendered":"<p>Losyon \u015fi\u015fesinin pompas\u0131, silindirik bir \u015fekle sahip ve geni\u015f bir tabandan ba\u015flayarak dengeyi sa\u011flayan cam bir kap i\u00e7inde \u00e7al\u0131\u015f\u0131r. Kab\u0131n i\u00e7indeki \u00fcr\u00fcn, \u015feffaf g\u00f6vdeden g\u00f6r\u00fclebilir; bu g\u00f6vde, \u015feffaf bir cam kalkan\u0131n alt\u0131nda bulunan beyaz plastik bir pompay\u0131 i\u00e7eren \u00fcst k\u0131sma kadar uzan\u0131r.<\/p>\n<h2>Temel \u00d6zellikler<\/h2>\n<table style=\"border-collapse: collapse; margin-left: auto; margin-right: auto; width: 80%;\" border=\"0\" width=\"424\" cellspacing=\"0\" cellpadding=\"0\">\n<tbody>\n<tr style=\"height: 13.50pt;\">\n<td style=\"height: 13.50pt; width: 91.50pt;\" width=\"122\" height=\"18\">\u00d6zellik<\/td>\n<td style=\"width: 226.50pt;\" width=\"302\">Detay<\/td>\n<\/tr>\n<tr style=\"height: 13.50pt;\">\n<td style=\"height: 13.50pt;\" height=\"18\">Kapasiteler<\/td>\n<td>40ml, 60ml, 80ml<\/td>\n<\/tr>\n<tr style=\"height: 13.50pt;\">\n<td style=\"height: 13.50pt;\" height=\"18\">Malzeme<\/td>\n<td>Y\u00fcksek kaliteli \u015feffaf cam<\/td>\n<\/tr>\n<tr style=\"height: 13.50pt;\">\n<td style=\"height: 13.50pt;\" height=\"18\">\u015eekil<\/td>\n<td>silindirik (\u00d6zelle\u015ftirilebilir)<\/td>\n<\/tr>\n<tr style=\"height: 13.50pt;\">\n<td style=\"height: 13.50pt;\" height=\"18\">Pompa Rengi<\/td>\n<td>Beyaz<\/td>\n<\/tr>\n<tr style=\"height: 13.50pt;\">\n<td style=\"height: 13.50pt;\" height=\"18\">Kapan\u0131\u015f<\/td>\n<td>\u015eeffaf koruyucu kapakl\u0131 bas\u0131n\u00e7 pompas\u0131<\/td>\n<\/tr>\n<tr style=\"height: 13.50pt;\">\n<td style=\"height: 13.50pt;\" height=\"18\">\u0130deal \u0130\u00e7in<\/td>\n<td>Serumlar, losyonlar, tonikler, v\u00fccut bak\u0131m\u0131<\/td>\n<\/tr>\n<\/tbody>\n<\/table>\n<h2>Ba\u015far\u0131 \u00d6yk\u00fcs\u00fc: Koreli Bir Cilt Bak\u0131m Markas\u0131n\u0131n En \u00c7ok Satan Serumu<\/h2>\n<p>Tan\u0131nm\u0131\u015f bir Kore cilt bak\u0131m markas\u0131, 30 ml&#039;lik cam kozmetik \u015fi\u015felerimizi tercih ederek \u015fi\u015fenin alt yar\u0131s\u0131na buzlu cam efekti ve alt\u0131n kaplama pompa ba\u015fl\u0131\u011f\u0131n\u0131 \u00f6zelle\u015ftirdi. Pompal\u0131 da\u011f\u0131t\u0131c\u0131, kullan\u0131m ba\u015f\u0131na sadece 1-2 damla ile hassas da\u011f\u0131t\u0131m sa\u011flayarak ortalama ayl\u0131k kullan\u0131m\u0131 azalt\u0131yor ve \u00fcr\u00fcn\u00fcn kullan\u0131m \u00f6mr\u00fcn\u00fc uzat\u0131yor. \u015eeffaf cam \u015fi\u015fe, \u00fcr\u00fcn\u00fc \u00fcst d\u00fczey g\u00f6r\u00fcn\u00fcm\u00fcn\u00fc sergileyecek \u015fekilde sunarak \u00fcr\u00fcn videolar\u0131 i\u00e7in \u00e7evrimi\u00e7i d\u00f6n\u00fc\u015f\u00fcm oranlar\u0131nda art\u0131\u015f sa\u011fl\u0131yor. Marka b\u00fcy\u00fck bir ba\u015far\u0131 elde etti ve ard\u0131ndan serum ve hafif losyon serisinin tamam\u0131 i\u00e7in 750.000 \u015fi\u015felik ek bir sipari\u015f verdi.<\/p>\n<h2>\u00d6zelle\u015ftirmek mi \u0130stiyorsunuz? Ba\u015flamak \u0130\u00e7in Buraya T\u0131klay\u0131n<\/h2>\n<p>Beyaza veya standart kapa\u011fa ba\u011fl\u0131 kalmak zorunda de\u011filsiniz. Bu cam kozmetik \u015fi\u015fesi kab\u0131, uyum sa\u011flayacak \u015fekilde tasarlanm\u0131\u015ft\u0131r.<\/p>\n<ul>\n<li>Pompa rengini de\u011fi\u015ftirin; modern bir dokunu\u015f i\u00e7in siyah, g\u00fcm\u00fc\u015f veya mat se\u00e7in.<\/li>\n<li>Kapa\u011f\u0131 de\u011fi\u015ftirin \u2013 \u015feffaf kapa\u011f\u0131 markal\u0131 bir kapakla de\u011fi\u015ftirin. K\u00fc\u00e7\u00fck bir detay. B\u00fcy\u00fck etki.<\/li>\n<li>\u00d6zel bir losyon \u015fi\u015fesi pompas\u0131na m\u0131 ihtiyac\u0131n\u0131z var? \u00c7e\u015fitli ebatlarda se\u00e7enekler sunuyoruz; sadece sorun.<\/li>\n<li>\u00c7evre dostu ambalaj se\u00e7enekleri mi? Evet. Geri d\u00f6n\u00fc\u015ft\u00fcr\u00fclebilir ek par\u00e7alar ve toplu kartonlar sunuyoruz.<\/li>\n<\/ul>\n<p>\u0130deal cam kozmetik \u015fi\u015feleri ambalajlar\u0131 olu\u015fturman\u0131za yard\u0131mc\u0131 oluyoruz; sadece size bir \u015fi\u015fe satm\u0131yoruz.<\/p>","protected":false},"excerpt":{"rendered":"<p>\u015e\u0131k tasar\u0131ml\u0131 ve sorunsuz da\u011f\u0131t\u0131m sa\u011flayan \u015feffaf camdan yap\u0131lm\u0131\u015f losyon pompas\u0131. Serum ve losyonlar i\u00e7in ideal cam kozmetik \u015fi\u015feleri. \u00dccretsiz numuneler bug\u00fcn mevcuttur.<\/p>","protected":false},"featured_media":5420,"comment_status":"open","ping_status":"closed","template":"","meta":{"_acf_changed":false,"site-sidebar-layout":"default","site-content-layout":"","ast-site-content-layout":"default","site-content-style":"default","site-sidebar-style":"default","ast-global-header-display":"","ast-banner-title-visibility":"","ast-main-header-display":"","ast-hfb-above-header-display":"","ast-hfb-below-header-display":"","ast-hfb-mobile-header-display":"","site-post-title":"","ast-breadcrumbs-content":"","ast-featured-img":"","footer-sml-layout":"","ast-disable-related-posts":"","theme-transparent-header-meta":"default","adv-header-id-meta":"","stick-header-meta":"","header-above-stick-meta":"","header-main-stick-meta":"","header-below-stick-meta":"","astra-migrate-meta-layouts":"set","ast-page-background-enabled":"default","ast-page-background-meta":{"desktop":{"background-color":"var(--ast-global-color-5)","background-image":"","background-repeat":"repeat","background-position":"center center","background-size":"auto","background-attachment":"scroll","background-type":"","background-media":"","overlay-type":"","overlay-color":"","overlay-opacity":"","overlay-gradient":""},"tablet":{"background-color":"","background-image":"","background-repeat":"repeat","background-position":"center center","background-size":"auto","background-attachment":"scroll","background-type":"","background-media":"","overlay-type":"","overlay-color":"","overlay-opacity":"","overlay-gradient":""},"mobile":{"background-color":"","background-image":"","background-repeat":"repeat","background-position":"center center","background-size":"auto","background-attachment":"scroll","background-type":"","background-media":"","overlay-type":"","overlay-color":"","overlay-opacity":"","overlay-gradient":""}},"ast-content-background-meta":{"desktop":{"background-color":"var(--ast-global-color-4)","background-image":"","background-repeat":"repeat","background-position":"center center","background-size":"auto","background-attachment":"scroll","background-type":"","background-media":"","overlay-type":"","overlay-color":"","overlay-opacity":"","overlay-gradient":""},"tablet":{"background-color":"var(--ast-global-color-4)","background-image":"","background-repeat":"repeat","background-position":"center center","background-size":"auto","background-attachment":"scroll","background-type":"","background-media":"","overlay-type":"","overlay-color":"","overlay-opacity":"","overlay-gradient":""},"mobile":{"background-color":"var(--ast-global-color-4)","background-image":"","background-repeat":"repeat","background-position":"center center","background-size":"auto","background-attachment":"scroll","background-type":"","background-media":"","overlay-type":"","overlay-color":"","overlay-opacity":"","overlay-gradient":""}}},"product_brand":[],"product_cat":[71,72,62],"product_tag":[190,204],"class_list":{"0":"post-5419","1":"product","2":"type-product","3":"status-publish","4":"has-post-thumbnail","6":"product_cat-glass-lotion-bottles","7":"product_cat-cosmetic-packaging","8":"product_cat-cosmetic-containers","9":"product_tag-cosmetic-pots-with-lids","10":"product_tag-frosted-cosmetic-jars","11":"desktop-align-left","12":"tablet-align-left","13":"mobile-align-left","15":"first","16":"instock","17":"shipping-taxable","18":"product-type-simple"},"acf":[],"jetpack_sharing_enabled":true,"_links":{"self":[{"href":"https:\/\/theperfumebottles.com\/tr\/wp-json\/wp\/v2\/product\/5419","targetHints":{"allow":["GET"]}}],"collection":[{"href":"https:\/\/theperfumebottles.com\/tr\/wp-json\/wp\/v2\/product"}],"about":[{"href":"https:\/\/theperfumebottles.com\/tr\/wp-json\/wp\/v2\/types\/product"}],"replies":[{"embeddable":true,"href":"https:\/\/theperfumebottles.com\/tr\/wp-json\/wp\/v2\/comments?post=5419"}],"wp:featuredmedia":[{"embeddable":true,"href":"https:\/\/theperfumebottles.com\/tr\/wp-json\/wp\/v2\/media\/5420"}],"wp:attachment":[{"href":"https:\/\/theperfumebottles.com\/tr\/wp-json\/wp\/v2\/media?parent=5419"}],"wp:term":[{"taxonomy":"product_brand","embeddable":true,"href":"https:\/\/theperfumebottles.com\/tr\/wp-json\/wp\/v2\/product_brand?post=5419"},{"taxonomy":"product_cat","embeddable":true,"href":"https:\/\/theperfumebottles.com\/tr\/wp-json\/wp\/v2\/product_cat?post=5419"},{"taxonomy":"product_tag","embeddable":true,"href":"https:\/\/theperfumebottles.com\/tr\/wp-json\/wp\/v2\/product_tag?post=5419"}],"curies":[{"name":"wp","href":"https:\/\/api.w.org\/{rel}","templated":true}]}}