{"id":5424,"date":"2025-08-11T18:00:42","date_gmt":"2025-08-11T10:00:42","guid":{"rendered":"https:\/\/theperfumebottles.com\/?post_type=product&#038;p=5424"},"modified":"2026-03-26T16:36:21","modified_gmt":"2026-03-26T08:36:21","slug":"clear-glass-roller-bottles-for-cosmetic-packaging-wholesale","status":"publish","type":"product","link":"https:\/\/theperfumebottles.com\/tr\/urun\/clear-glass-roller-bottles-for-cosmetic-packaging-wholesale\/","title":{"rendered":"Kozmetik Ambalaj\u0131 \u0130\u00e7in 10 ml \u015eeffaf Cam Rulo \u015ei\u015feler Toptan Sat\u0131\u015f"},"content":{"rendered":"<p>\u00c7evre dostu ve l\u00fcks\u00fc bir araya getiren cam roll-on \u015fi\u015felere mi ihtiyac\u0131n\u0131z var? \u015eeffaf cam roll-on \u015fi\u015felerimiz, ne\u015fe sa\u00e7an ve gezegeni koruyan kozmetik kaplar\u0131 isteyen markalar i\u00e7in tasarland\u0131.<\/p>\n<h2>Temel \u00d6zellikler<\/h2>\n<table style=\"border-collapse: collapse; width: 80%; margin-left: auto; margin-right: auto;\" border=\"0\" width=\"144\" cellspacing=\"0\" cellpadding=\"0\">\n<tbody>\n<tr style=\"height: 13.50pt;\">\n<td style=\"height: 13.50pt; width: 54.00pt;\" width=\"72\" height=\"18\">\u00d6zellik<\/td>\n<td style=\"width: 54.00pt;\" width=\"72\">Detaylar<\/td>\n<\/tr>\n<tr style=\"height: 13.50pt;\">\n<td style=\"height: 13.50pt;\" height=\"18\">Kapasite<\/td>\n<td>10 ml<\/td>\n<\/tr>\n<tr style=\"height: 13.50pt;\">\n<td style=\"height: 13.50pt;\" height=\"18\">\u015eapka<\/td>\n<td>Ah\u015fap veya sizin \u00f6zelle\u015ftirdi\u011finiz<\/td>\n<\/tr>\n<tr style=\"height: 13.50pt;\">\n<td style=\"height: 13.50pt;\" height=\"18\">\u015eekil<\/td>\n<td>Silindir<\/td>\n<\/tr>\n<tr style=\"height: 13.50pt;\">\n<td style=\"height: 13.50pt;\" height=\"18\">Y\u00fczey Bask\u0131<\/td>\n<td>Serigrafi Bask\u0131<\/td>\n<\/tr>\n<tr style=\"height: 13.50pt;\">\n<td style=\"height: 13.50pt;\" height=\"18\">Renk<\/td>\n<td>Temizlemek<\/td>\n<\/tr>\n<\/tbody>\n<\/table>\n<h2>Ba\u015far\u0131 \u00d6rne\u011fi<\/h2>\n<p><span aria-haspopup=\"dialog\" aria-expanded=\"false\" aria-controls=\"radix-_r_16_\" data-state=\"closed\" data-slot=\"popover-trigger\">ABD merkezli bir u\u00e7ucu ya\u011f \u015firketi, yeni kristal u\u00e7ucu ya\u011f koleksiyonunu tan\u0131tmak i\u00e7in \u015feffaf camdan \u00fcretilmi\u015f roll-on kristal \u015fi\u015felerimizi kulland\u0131.<\/span> <span aria-haspopup=\"dialog\" aria-expanded=\"false\" aria-controls=\"radix-_r_17_\" data-state=\"closed\" data-slot=\"popover-trigger\">\u0130lk olarak, \u00e7evre dostu marka imajlar\u0131na uygun olarak do\u011fal bambu kapaklar\u0131 tercih ettik.<\/span> <span aria-haspopup=\"dialog\" aria-expanded=\"false\" aria-controls=\"radix-_r_18_\" data-state=\"closed\" data-slot=\"popover-trigger\">Ayr\u0131ca, u\u00e7ucu ya\u011flar\u0131n daha iyi da\u011f\u0131l\u0131m\u0131n\u0131 sa\u011flamak i\u00e7in p\u00fcr\u00fczs\u00fcz paslanmaz \u00e7elik kullan\u0131lan roll-on&#039;u da ki\u015fiselle\u015ftirdik.<\/span> <span aria-haspopup=\"dialog\" aria-expanded=\"false\" aria-controls=\"radix-_r_19_\" data-state=\"closed\" data-slot=\"popover-trigger\">Ayr\u0131ca, cam \u015fi\u015felere logo bask\u0131 hizmeti sunduk ve \u00fcr\u00fcn\u00fcn raf \u00f6mr\u00fcn\u00fc uzatmak i\u00e7in ambalaj tasar\u0131m\u0131n\u0131n iyile\u015ftirilmesine yard\u0131mc\u0131 olduk.<\/span> <span aria-haspopup=\"dialog\" aria-expanded=\"false\" aria-controls=\"radix-_r_1a_\" data-state=\"closed\" data-slot=\"popover-trigger\">\u00d6zelle\u015ftirilmi\u015f \u00fcr\u00fcn\u00fcn piyasaya s\u00fcr\u00fclmesinin ard\u0131ndan, m\u00fc\u015fteri, \u00fcr\u00fcn\u00fcn s\u0131ra d\u0131\u015f\u0131 estetik tasar\u0131m\u0131 ve geli\u015ftirilmi\u015f kullan\u0131c\u0131 deneyimi sayesinde \u00e7evrimi\u00e7i ve \u00e7evrimd\u0131\u015f\u0131 sat\u0131\u015flar\u0131n b\u00fcy\u00fck \u00f6l\u00e7\u00fcde artt\u0131\u011f\u0131n\u0131 belirtti.<\/span> <span aria-haspopup=\"dialog\" aria-expanded=\"false\" aria-controls=\"radix-_r_1b_\" data-state=\"closed\" data-slot=\"popover-trigger\">\u00dc\u00e7 ay i\u00e7inde daha fazla sipari\u015f verdiler, bu da \u00fcr\u00fcn miktar\u0131n\u0131 ve \u00fcr\u00fcn gam\u0131n\u0131 art\u0131rd\u0131 ve markalar\u0131n\u0131n pazardaki yerini daha da sa\u011flamla\u015ft\u0131rd\u0131.<\/span><\/p>\n<h2>\u00d6zelle\u015ftirme K\u0131lavuzu<\/h2>\n<ul>\n<li><span aria-haspopup=\"dialog\" aria-expanded=\"false\" aria-controls=\"radix-_r_1c_\" data-state=\"closed\" data-slot=\"popover-trigger\"><strong>Kapak Malzemesi ve Y\u00fczey \u0130\u015flemi:<\/strong> \u00c7e\u015fitli marka stillerine uygun olarak mat, parlak veya eloksall\u0131 y\u00fczey se\u00e7enekleriyle do\u011fal bambu, plastik veya al\u00fcminyum kapak se\u00e7in.<\/span><\/li>\n<li><span aria-haspopup=\"dialog\" aria-expanded=\"false\" aria-controls=\"radix-_r_1d_\" data-state=\"closed\" data-slot=\"popover-trigger\"><strong>Roller Ball:<\/strong> \u0130\u015flevselli\u011fi \u00f6zelle\u015ftirmek veya iyile\u015ftirmek ya da \u00fcst d\u00fczey, sa\u011fl\u0131k odakl\u0131 bir g\u00f6r\u00fcn\u00fcm eklemek i\u00e7in paslanmaz \u00e7elik, cam veya de\u011ferli ta\u015f (\u00f6rne\u011fin, pembe kuvars, obsidyen) silindir toplar\u0131 se\u00e7in.<\/span><\/li>\n<li><span aria-haspopup=\"dialog\" aria-expanded=\"false\" aria-controls=\"radix-_r_1e_\" data-state=\"closed\" data-slot=\"popover-trigger\"><strong>Cam Rengi ve Kaplamas\u0131:<\/strong> I\u015f\u0131k hassasiyeti olan ya\u011flar\u0131 korumak veya benzersiz bir g\u00f6r\u00fcn\u00fcm yaratmak i\u00e7in \u015feffaf, buzlu, kehribar rengi veya \u00f6zel sprey kaplamal\u0131 bir renk se\u00e7in.<\/span><\/li>\n<\/ul>","protected":false},"excerpt":{"rendered":"<p>\u015eeffaf cam roll-on \u015fi\u015felerle g\u00fczellik \u00fcr\u00fcnlerinizin ambalaj\u0131n\u0131 bir \u00fcst seviyeye ta\u015f\u0131y\u0131n. Cilt bak\u0131m\u0131, ince sisli parf\u00fcmler ve kozmetik ambalaj malzemeleri i\u00e7in idealdir. H\u0131zl\u0131 kargo.<\/p>","protected":false},"featured_media":5430,"comment_status":"open","ping_status":"closed","template":"","meta":{"_acf_changed":false,"site-sidebar-layout":"default","site-content-layout":"","ast-site-content-layout":"default","site-content-style":"default","site-sidebar-style":"default","ast-global-header-display":"","ast-banner-title-visibility":"","ast-main-header-display":"","ast-hfb-above-header-display":"","ast-hfb-below-header-display":"","ast-hfb-mobile-header-display":"","site-post-title":"","ast-breadcrumbs-content":"","ast-featured-img":"","footer-sml-layout":"","ast-disable-related-posts":"","theme-transparent-header-meta":"default","adv-header-id-meta":"","stick-header-meta":"","header-above-stick-meta":"","header-main-stick-meta":"","header-below-stick-meta":"","astra-migrate-meta-layouts":"set","ast-page-background-enabled":"default","ast-page-background-meta":{"desktop":{"background-color":"var(--ast-global-color-5)","background-image":"","background-repeat":"repeat","background-position":"center center","background-size":"auto","background-attachment":"scroll","background-type":"","background-media":"","overlay-type":"","overlay-color":"","overlay-opacity":"","overlay-gradient":""},"tablet":{"background-color":"","background-image":"","background-repeat":"repeat","background-position":"center center","background-size":"auto","background-attachment":"scroll","background-type":"","background-media":"","overlay-type":"","overlay-color":"","overlay-opacity":"","overlay-gradient":""},"mobile":{"background-color":"","background-image":"","background-repeat":"repeat","background-position":"center center","background-size":"auto","background-attachment":"scroll","background-type":"","background-media":"","overlay-type":"","overlay-color":"","overlay-opacity":"","overlay-gradient":""}},"ast-content-background-meta":{"desktop":{"background-color":"var(--ast-global-color-4)","background-image":"","background-repeat":"repeat","background-position":"center center","background-size":"auto","background-attachment":"scroll","background-type":"","background-media":"","overlay-type":"","overlay-color":"","overlay-opacity":"","overlay-gradient":""},"tablet":{"background-color":"var(--ast-global-color-4)","background-image":"","background-repeat":"repeat","background-position":"center center","background-size":"auto","background-attachment":"scroll","background-type":"","background-media":"","overlay-type":"","overlay-color":"","overlay-opacity":"","overlay-gradient":""},"mobile":{"background-color":"var(--ast-global-color-4)","background-image":"","background-repeat":"repeat","background-position":"center center","background-size":"auto","background-attachment":"scroll","background-type":"","background-media":"","overlay-type":"","overlay-color":"","overlay-opacity":"","overlay-gradient":""}}},"product_brand":[],"product_cat":[60,62,72,57],"product_tag":[226,220],"class_list":{"0":"post-5424","1":"product","2":"type-product","3":"status-publish","4":"has-post-thumbnail","6":"product_cat-roller-bottles","7":"product_cat-cosmetic-containers","8":"product_cat-cosmetic-packaging","9":"product_cat-essential-oil-bottles","10":"product_tag-clear-glass-roller-bottles","11":"product_tag-glass-roll-on-bottles","12":"desktop-align-left","13":"tablet-align-left","14":"mobile-align-left","16":"first","17":"instock","18":"shipping-taxable","19":"product-type-simple"},"acf":[],"jetpack_sharing_enabled":true,"_links":{"self":[{"href":"https:\/\/theperfumebottles.com\/tr\/wp-json\/wp\/v2\/product\/5424","targetHints":{"allow":["GET"]}}],"collection":[{"href":"https:\/\/theperfumebottles.com\/tr\/wp-json\/wp\/v2\/product"}],"about":[{"href":"https:\/\/theperfumebottles.com\/tr\/wp-json\/wp\/v2\/types\/product"}],"replies":[{"embeddable":true,"href":"https:\/\/theperfumebottles.com\/tr\/wp-json\/wp\/v2\/comments?post=5424"}],"wp:featuredmedia":[{"embeddable":true,"href":"https:\/\/theperfumebottles.com\/tr\/wp-json\/wp\/v2\/media\/5430"}],"wp:attachment":[{"href":"https:\/\/theperfumebottles.com\/tr\/wp-json\/wp\/v2\/media?parent=5424"}],"wp:term":[{"taxonomy":"product_brand","embeddable":true,"href":"https:\/\/theperfumebottles.com\/tr\/wp-json\/wp\/v2\/product_brand?post=5424"},{"taxonomy":"product_cat","embeddable":true,"href":"https:\/\/theperfumebottles.com\/tr\/wp-json\/wp\/v2\/product_cat?post=5424"},{"taxonomy":"product_tag","embeddable":true,"href":"https:\/\/theperfumebottles.com\/tr\/wp-json\/wp\/v2\/product_tag?post=5424"}],"curies":[{"name":"wp","href":"https:\/\/api.w.org\/{rel}","templated":true}]}}