{"id":5472,"date":"2025-08-13T17:42:20","date_gmt":"2025-08-13T09:42:20","guid":{"rendered":"https:\/\/theperfumebottles.com\/?post_type=product&#038;p=5472"},"modified":"2025-08-14T18:34:52","modified_gmt":"2025-08-14T10:34:52","slug":"glass-perfume-roller-bottles-for-luxury-cosmetic-packaging-wholesale","status":"publish","type":"product","link":"https:\/\/theperfumebottles.com\/tr\/urun\/glass-perfume-roller-bottles-for-luxury-cosmetic-packaging-wholesale\/","title":{"rendered":"L\u00fcks Kozmetik Ambalajlar\u0131 \u0130\u00e7in 3ml, 6ml, 10ml, 12ml Cam Parf\u00fcm Rulo \u015ei\u015feleri Toptan Sat\u0131\u015f"},"content":{"rendered":"<p>9. L\u00fcksu s\u00f6yl\u00fcyen rulo cam \u015fi\u015feler ar\u0131yorsan\u0131z? Cam parf\u00fcm rulo \u015fi\u015felerimiz kal\u0131n tasar\u0131m\u0131 ve precisyonu birle\u015ftirir\u2014d\u00fc\u015f\u00fcn\u00fcn sekizgen \u015fekiller, alt\u0131n kapaklar ve k\u0131rm\u0131z\u0131 ak\u0446\u0435\u043d\u0442ler.<\/p>\n<h2><strong data-spm-anchor-id=\"5176.28103460.0.i7.29ab1db8wkbRsE\">Temel \u00d6zellikler<\/strong><\/h2>\n<table style=\"border-collapse: collapse;width: 80%;margin-right: auto;margin-left: auto\" border=\"0\" width=\"144\" cellspacing=\"0\" cellpadding=\"0\">\n<tbody>\n<tr style=\"height: 13.50pt\">\n<td style=\"height: 13.50pt;width: 54.00pt\" width=\"72\" height=\"18\">\u00d6zellik<\/td>\n<td style=\"width: 54.00pt\" width=\"72\">Detaylar<\/td>\n<\/tr>\n<tr style=\"height: 13.50pt\">\n<td style=\"height: 13.50pt\" height=\"18\">Kapasite<\/td>\n<td>10. 3ml \/ 6ml \/ 10ml \/ 12ml<\/td>\n<\/tr>\n<tr style=\"height: 13.50pt\">\n<td style=\"height: 13.50pt\" height=\"18\">\u015eekil<\/td>\n<td>11. Sekizgen<\/td>\n<\/tr>\n<tr style=\"height: 13.50pt\">\n<td style=\"height: 13.50pt\" height=\"18\">S\u0131zd\u0131rmazl\u0131k Mekanizmas\u0131<\/td>\n<td>12. Alt\u0131n vida kapa\u011f\u0131 + Metal rulo \u00fcst\u00fc<\/td>\n<\/tr>\n<tr style=\"height: 13.50pt\">\n<td style=\"height: 13.50pt\" height=\"18\">Sona ermek<\/td>\n<td>13. A\u00e7\u0131k cam ile k\u0131rm\u0131z\u0131 akcent (\u00d6zel renkler mevcut)<\/td>\n<\/tr>\n<tr style=\"height: 13.50pt\">\n<td style=\"height: 13.50pt\" height=\"18\">Y\u00fczey Bask\u0131<\/td>\n<td>Serigrafi Bask\u0131<\/td>\n<\/tr>\n<tr style=\"height: 13.50pt\">\n<td style=\"height: 13.50pt\" height=\"18\">Kullan\u0131m<\/td>\n<td>14. Temel ya\u011f, parf\u00fcm ya\u011f\u0131 paketlemesi i\u00e7in<\/td>\n<\/tr>\n<\/tbody>\n<\/table>\n<h2>15. \u00d6zelizasyon i\u00e7in P\u00fcf \u0130pu\u00e7lar\u0131<\/h2>\n<ul>\n<li><strong>16. \u00c7evre Dostu Kenar\u0131:<\/strong>17. Recycled cam ile b\u00fcy\u00fck paketle paket se\u00e7in. M\u00fc\u015fteriler s\u00fcrd\u00fcr\u00fclebilirlik arzular\u0131yla uyumlu g\u00fczellik paketlerini sever.<\/li>\n<li><strong>18. Marka Renk Uyumu:<\/strong>19. Cam koku rulo \u015fi\u015felerine ekran bask\u0131s\u0131 kullanarak markan\u0131z\u0131n imza rengini ekleyin\u2014g\u00fc\u00e7l\u00fc i\u00e7in mor kapa\u011f\u0131 veya sakin i\u00e7in mavi. Bu, g\u00fczellik paketinizin hemen tan\u0131nmas\u0131n\u0131 sa\u011flar.<\/li>\n<\/ul>\n<p>&nbsp;<\/p>","protected":false},"excerpt":{"rendered":"<p>8. G\u00fczellik paketinizi cam parf\u00fcm rulo \u015fi\u015feleriyle y\u00fckseltin. Cilt bak\u0131m\u0131, ince misk parf\u00fcmeri ve kozmetik paketleme malzemeleri i\u00e7in m\u00fckemmel.<\/p>","protected":false},"featured_media":5473,"comment_status":"closed","ping_status":"closed","template":"","meta":{"_acf_changed":false,"site-sidebar-layout":"default","site-content-layout":"","ast-site-content-layout":"default","site-content-style":"default","site-sidebar-style":"default","ast-global-header-display":"","ast-banner-title-visibility":"","ast-main-header-display":"","ast-hfb-above-header-display":"","ast-hfb-below-header-display":"","ast-hfb-mobile-header-display":"","site-post-title":"","ast-breadcrumbs-content":"","ast-featured-img":"","footer-sml-layout":"","ast-disable-related-posts":"","theme-transparent-header-meta":"default","adv-header-id-meta":"","stick-header-meta":"","header-above-stick-meta":"","header-main-stick-meta":"","header-below-stick-meta":"","astra-migrate-meta-layouts":"set","ast-page-background-enabled":"default","ast-page-background-meta":{"desktop":{"background-color":"var(--ast-global-color-5)","background-image":"","background-repeat":"repeat","background-position":"center center","background-size":"auto","background-attachment":"scroll","background-type":"","background-media":"","overlay-type":"","overlay-color":"","overlay-opacity":"","overlay-gradient":""},"tablet":{"background-color":"","background-image":"","background-repeat":"repeat","background-position":"center center","background-size":"auto","background-attachment":"scroll","background-type":"","background-media":"","overlay-type":"","overlay-color":"","overlay-opacity":"","overlay-gradient":""},"mobile":{"background-color":"","background-image":"","background-repeat":"repeat","background-position":"center center","background-size":"auto","background-attachment":"scroll","background-type":"","background-media":"","overlay-type":"","overlay-color":"","overlay-opacity":"","overlay-gradient":""}},"ast-content-background-meta":{"desktop":{"background-color":"var(--ast-global-color-4)","background-image":"","background-repeat":"repeat","background-position":"center center","background-size":"auto","background-attachment":"scroll","background-type":"","background-media":"","overlay-type":"","overlay-color":"","overlay-opacity":"","overlay-gradient":""},"tablet":{"background-color":"var(--ast-global-color-4)","background-image":"","background-repeat":"repeat","background-position":"center center","background-size":"auto","background-attachment":"scroll","background-type":"","background-media":"","overlay-type":"","overlay-color":"","overlay-opacity":"","overlay-gradient":""},"mobile":{"background-color":"var(--ast-global-color-4)","background-image":"","background-repeat":"repeat","background-position":"center center","background-size":"auto","background-attachment":"scroll","background-type":"","background-media":"","overlay-type":"","overlay-color":"","overlay-opacity":"","overlay-gradient":""}}},"product_brand":[],"product_cat":[72,62,57,60],"product_tag":[219,227],"class_list":{"0":"post-5472","1":"product","2":"type-product","3":"status-publish","4":"has-post-thumbnail","6":"product_cat-cosmetic-packaging","7":"product_cat-cosmetic-containers","8":"product_cat-essential-oil-bottles","9":"product_cat-roller-bottles","10":"product_tag-glass-perfume-roller-bottles","11":"product_tag-roll-on-glass-bottle","12":"desktop-align-left","13":"tablet-align-left","14":"mobile-align-left","16":"first","17":"instock","18":"shipping-taxable","19":"product-type-simple"},"acf":[],"jetpack_sharing_enabled":true,"_links":{"self":[{"href":"https:\/\/theperfumebottles.com\/tr\/wp-json\/wp\/v2\/product\/5472","targetHints":{"allow":["GET"]}}],"collection":[{"href":"https:\/\/theperfumebottles.com\/tr\/wp-json\/wp\/v2\/product"}],"about":[{"href":"https:\/\/theperfumebottles.com\/tr\/wp-json\/wp\/v2\/types\/product"}],"replies":[{"embeddable":true,"href":"https:\/\/theperfumebottles.com\/tr\/wp-json\/wp\/v2\/comments?post=5472"}],"wp:featuredmedia":[{"embeddable":true,"href":"https:\/\/theperfumebottles.com\/tr\/wp-json\/wp\/v2\/media\/5473"}],"wp:attachment":[{"href":"https:\/\/theperfumebottles.com\/tr\/wp-json\/wp\/v2\/media?parent=5472"}],"wp:term":[{"taxonomy":"product_brand","embeddable":true,"href":"https:\/\/theperfumebottles.com\/tr\/wp-json\/wp\/v2\/product_brand?post=5472"},{"taxonomy":"product_cat","embeddable":true,"href":"https:\/\/theperfumebottles.com\/tr\/wp-json\/wp\/v2\/product_cat?post=5472"},{"taxonomy":"product_tag","embeddable":true,"href":"https:\/\/theperfumebottles.com\/tr\/wp-json\/wp\/v2\/product_tag?post=5472"}],"curies":[{"name":"wp","href":"https:\/\/api.w.org\/{rel}","templated":true}]}}