{"id":5502,"date":"2025-08-12T18:03:13","date_gmt":"2025-08-12T10:03:13","guid":{"rendered":"https:\/\/theperfumebottles.com\/?post_type=product&#038;p=5502"},"modified":"2026-03-26T18:01:33","modified_gmt":"2026-03-26T10:01:33","slug":"matte-black-dropper-bottle-premium-essential-oil-glass-bottle","status":"publish","type":"product","link":"https:\/\/theperfumebottles.com\/tr\/urun\/matte-black-dropper-bottle-premium-essential-oil-glass-bottle\/","title":{"rendered":"Mat Siyah Damlal\u0131kl\u0131 \u015ei\u015fe | Premium Esansiyel Ya\u011f Cam \u015ei\u015fesi"},"content":{"rendered":"<p>Bu mat siyah damlal\u0131kl\u0131 \u015fi\u015fe, yumu\u015fak ve temiz bir yap\u0131ya sahip, d\u00fczle\u015ftirilmi\u015f omuzlu, dikd\u00f6rtgen \u015feklinde ve yuvarlak kenarl\u0131 30 ml&#039;lik bir u\u00e7ucu ya\u011f \u015fi\u015fesidir. \u015ei\u015fe, yumu\u015fak dokunu\u015flu mat siyah kaplamaya sahiptir ve hassas form\u00fcller i\u00e7in hafif bir koruma sa\u011flayarak g\u00f6rsel olarak yumu\u015fak bir dokunu\u015f izlenimi verir.<\/p>\n<p>Beyaz kau\u00e7uk ampul ve hassas ve kontroll\u00fc bir \u015fekilde damlatma i\u00e7in kullan\u0131lan cam pipet i\u00e7eren bir damlatma d\u00fczene\u011fi ile birlikte kullan\u0131l\u0131r. Yakas\u0131, mat y\u00fczeye \u015f\u0131k bir kontrast sa\u011flayan alt\u0131n veya g\u00fcm\u00fc\u015f gibi metalik kaplamalara sahip olabilir. Geni\u015f taban\u0131 ve d\u00fcz panelleri sayesinde stabilitesi sa\u011flan\u0131r ve etiket yazmak i\u00e7in geni\u015f bir alan sunar; bu nedenle kaliteli cilt bak\u0131m ve aromaterapi \u00fcr\u00fcnlerinin ambalajlanmas\u0131nda kullan\u0131labilir.<\/p>\n<h2>Temel \u00d6zellikler<\/h2>\n<table style=\"border-collapse: collapse; margin-left: auto; margin-right: auto; width: 80%;\" border=\"0\" width=\"407\" cellspacing=\"0\" cellpadding=\"0\">\n<tbody>\n<tr style=\"height: 13.50pt;\">\n<td style=\"height: 13.50pt; width: 108.75pt;\" width=\"145\" height=\"18\">\u00d6zellik<\/td>\n<td style=\"width: 196.50pt;\" width=\"262\">Detay<\/td>\n<\/tr>\n<tr style=\"height: 13.50pt;\">\n<td style=\"height: 13.50pt;\" height=\"18\">Kapasite<\/td>\n<td>30 ml<\/td>\n<\/tr>\n<tr style=\"height: 13.50pt;\">\n<td style=\"height: 13.50pt;\" height=\"18\">Malzeme<\/td>\n<td>Y\u00fcksek Kaliteli Cam<\/td>\n<\/tr>\n<tr style=\"height: 13.50pt;\">\n<td style=\"height: 13.50pt;\" height=\"18\">\u015eekil<\/td>\n<td>Kare<\/td>\n<\/tr>\n<tr style=\"height: 13.50pt;\">\n<td style=\"height: 13.50pt;\" height=\"18\">Renk<\/td>\n<td>Siyah (g\u00f6vde), G\u00fcm\u00fc\u015f\/Alt\u0131n (kapak)<\/td>\n<\/tr>\n<tr style=\"height: 13.50pt;\">\n<td style=\"height: 13.50pt;\" height=\"18\">\u00d6zelle\u015ftirme<\/td>\n<td>Logo, Kapak Rengi, Ambalaj<\/td>\n<\/tr>\n<tr style=\"height: 13.50pt;\">\n<td style=\"height: 13.50pt;\" height=\"18\">Paketleme Boyutu<\/td>\n<td>26\u00d750\u00d750 mm<\/td>\n<\/tr>\n<tr style=\"height: 13.50pt;\">\n<td style=\"height: 13.50pt;\" height=\"18\">\u0130deal \u0130\u00e7in<\/td>\n<td>Serumlar, Losyonlar, Tent\u00fcrler<\/td>\n<\/tr>\n<\/tbody>\n<\/table>\n<h2>Ger\u00e7ek Bir Ba\u015far\u0131<\/h2>\n<p>Fransa&#039;dan bir cilt bak\u0131m markas\u0131, y\u00fcksek kaliteli bir y\u00fcz ya\u011f\u0131 piyasaya s\u00fcrmek istiyordu, ancak \u015feffaf \u015fi\u015felerde numunelere ihtiya\u00e7 duymuyorlard\u0131. Daha kutuyu a\u00e7madan m\u00fc\u015fterilere l\u00fcks hissi verecek, cesur bir \u015fey istiyorlard\u0131. Biz de damlal\u0131kl\u0131, alt\u0131n kapakl\u0131 ve lazerle i\u015flenmi\u015f logolu 30 ml&#039;lik siyah dikd\u00f6rtgen cam bir \u015fi\u015fe \u00f6nerdik. Kontrast dikkat \u00e7ekiciydi: siyah cam \u015fi\u015fe ya\u011f\u0131 gizlerken, dikd\u00f6rtgen \u015fekil Instagram&#039;da \u00f6ne \u00e7\u0131k\u0131yordu. 50.000 \u015fi\u015fe sipari\u015f verdiler ve ilk parti 3 hafta i\u00e7inde t\u00fckendi. Ses getirmek i\u00e7in ak\u0131lda kal\u0131c\u0131 bir marka ismine ihtiyac\u0131n\u0131z yok. Sadece do\u011fru toptan damlal\u0131kl\u0131 \u015fi\u015fe ambalaj\u0131n\u0131 se\u00e7in.<\/p>\n<h2>\u00dcr\u00fcn\u00fcn\u00fcz\u00fc \u00f6zelle\u015ftirmek mi istiyorsunuz? Buradan ba\u015flay\u0131n<\/h2>\n<ul>\n<li>Hedef m\u00fc\u015fterilerinizi d\u00fc\u015f\u00fcn\u00fcn. Saf g\u00fczelli\u011fi mi tercih ediyorlar? Sade ve modern bir g\u00fcm\u00fc\u015f \u015fapka se\u00e7in. L\u00fcks\u00fc m\u00fc tercih ediyorlar? Alt\u0131n, &#034;kendinizi \u015f\u0131mart\u0131n&#034;\u0131 simgeler. \u0130kisinden de memnun kalmad\u0131n\u0131z m\u0131? Sorun de\u011fil. \u0130stedi\u011finiz rengi bize bildirin, tercihlerinize g\u00f6re ayarlayal\u0131m.<\/li>\n<li>Logonuzun \u00f6n planda ve ortada olmas\u0131n\u0131 m\u0131 istiyorsunuz? Logonuzu do\u011frudan \u015fi\u015fenin \u00fczerine kaz\u0131yabilir, basabilir veya kabartabiliriz. Etikete gerek yok. Soyulma yok.<\/li>\n<li>30 ml kapasite yeterli de\u011filse, cam \u015fi\u015feyi damlal\u0131k boyutunuza g\u00f6re ayarlayabiliriz. Daha uzun veya daha geni\u015f mi olmas\u0131 gerekiyor? Size yard\u0131mc\u0131 oluruz.<\/li>\n<\/ul>","protected":false},"excerpt":{"rendered":"<p>UV korumal\u0131 ve metal yakal\u0131, 30 ml mat siyah damlal\u0131kl\u0131 \u015fi\u015fe. Esansiyel ya\u011flar, serumlar ve \u00fcst d\u00fczey cilt bak\u0131m \u00fcr\u00fcnlerinin ambalajlanmas\u0131 i\u00e7in idealdir.<\/p>","protected":false},"featured_media":7479,"comment_status":"closed","ping_status":"closed","template":"","meta":{"_acf_changed":false,"site-sidebar-layout":"default","site-content-layout":"","ast-site-content-layout":"default","site-content-style":"default","site-sidebar-style":"default","ast-global-header-display":"","ast-banner-title-visibility":"","ast-main-header-display":"","ast-hfb-above-header-display":"","ast-hfb-below-header-display":"","ast-hfb-mobile-header-display":"","site-post-title":"","ast-breadcrumbs-content":"","ast-featured-img":"","footer-sml-layout":"","ast-disable-related-posts":"","theme-transparent-header-meta":"default","adv-header-id-meta":"","stick-header-meta":"","header-above-stick-meta":"","header-main-stick-meta":"","header-below-stick-meta":"","astra-migrate-meta-layouts":"set","ast-page-background-enabled":"default","ast-page-background-meta":{"desktop":{"background-color":"var(--ast-global-color-5)","background-image":"","background-repeat":"repeat","background-position":"center center","background-size":"auto","background-attachment":"scroll","background-type":"","background-media":"","overlay-type":"","overlay-color":"","overlay-opacity":"","overlay-gradient":""},"tablet":{"background-color":"","background-image":"","background-repeat":"repeat","background-position":"center center","background-size":"auto","background-attachment":"scroll","background-type":"","background-media":"","overlay-type":"","overlay-color":"","overlay-opacity":"","overlay-gradient":""},"mobile":{"background-color":"","background-image":"","background-repeat":"repeat","background-position":"center center","background-size":"auto","background-attachment":"scroll","background-type":"","background-media":"","overlay-type":"","overlay-color":"","overlay-opacity":"","overlay-gradient":""}},"ast-content-background-meta":{"desktop":{"background-color":"var(--ast-global-color-4)","background-image":"","background-repeat":"repeat","background-position":"center center","background-size":"auto","background-attachment":"scroll","background-type":"","background-media":"","overlay-type":"","overlay-color":"","overlay-opacity":"","overlay-gradient":""},"tablet":{"background-color":"var(--ast-global-color-4)","background-image":"","background-repeat":"repeat","background-position":"center center","background-size":"auto","background-attachment":"scroll","background-type":"","background-media":"","overlay-type":"","overlay-color":"","overlay-opacity":"","overlay-gradient":""},"mobile":{"background-color":"var(--ast-global-color-4)","background-image":"","background-repeat":"repeat","background-position":"center center","background-size":"auto","background-attachment":"scroll","background-type":"","background-media":"","overlay-type":"","overlay-color":"","overlay-opacity":"","overlay-gradient":""}}},"product_brand":[],"product_cat":[59,62,72,57],"product_tag":[190,204],"class_list":{"0":"post-5502","1":"product","2":"type-product","3":"status-publish","4":"has-post-thumbnail","6":"product_cat-glass-dropper-bottles","7":"product_cat-cosmetic-containers","8":"product_cat-cosmetic-packaging","9":"product_cat-essential-oil-bottles","10":"product_tag-cosmetic-pots-with-lids","11":"product_tag-frosted-cosmetic-jars","12":"desktop-align-left","13":"tablet-align-left","14":"mobile-align-left","16":"first","17":"instock","18":"shipping-taxable","19":"product-type-simple"},"acf":[],"jetpack_sharing_enabled":true,"_links":{"self":[{"href":"https:\/\/theperfumebottles.com\/tr\/wp-json\/wp\/v2\/product\/5502","targetHints":{"allow":["GET"]}}],"collection":[{"href":"https:\/\/theperfumebottles.com\/tr\/wp-json\/wp\/v2\/product"}],"about":[{"href":"https:\/\/theperfumebottles.com\/tr\/wp-json\/wp\/v2\/types\/product"}],"replies":[{"embeddable":true,"href":"https:\/\/theperfumebottles.com\/tr\/wp-json\/wp\/v2\/comments?post=5502"}],"wp:featuredmedia":[{"embeddable":true,"href":"https:\/\/theperfumebottles.com\/tr\/wp-json\/wp\/v2\/media\/7479"}],"wp:attachment":[{"href":"https:\/\/theperfumebottles.com\/tr\/wp-json\/wp\/v2\/media?parent=5502"}],"wp:term":[{"taxonomy":"product_brand","embeddable":true,"href":"https:\/\/theperfumebottles.com\/tr\/wp-json\/wp\/v2\/product_brand?post=5502"},{"taxonomy":"product_cat","embeddable":true,"href":"https:\/\/theperfumebottles.com\/tr\/wp-json\/wp\/v2\/product_cat?post=5502"},{"taxonomy":"product_tag","embeddable":true,"href":"https:\/\/theperfumebottles.com\/tr\/wp-json\/wp\/v2\/product_tag?post=5502"}],"curies":[{"name":"wp","href":"https:\/\/api.w.org\/{rel}","templated":true}]}}