{"id":5550,"date":"2025-08-12T18:02:21","date_gmt":"2025-08-12T10:02:21","guid":{"rendered":"https:\/\/theperfumebottles.com\/?post_type=product&#038;p=5550"},"modified":"2026-03-30T17:01:35","modified_gmt":"2026-03-30T09:01:35","slug":"bamboo-dropper-bottles-wholesale-dropper-glass-bottles","status":"publish","type":"product","link":"https:\/\/theperfumebottles.com\/tr\/urun\/bamboo-dropper-bottles-wholesale-dropper-glass-bottles\/","title":{"rendered":"Bambu Damlal\u0131kl\u0131 \u015ei\u015feler Toptan Sat\u0131\u015f\u0131 \u2013 10ml\u201350ml Damlal\u0131kl\u0131 Cam \u015ei\u015feler"},"content":{"rendered":"<p>Bu bambu damlal\u0131kl\u0131 \u015fi\u015fe serisi, do\u011fal bambu d\u0131\u015f kabuk ve i\u00e7 damlal\u0131kl\u0131 cam \u015fi\u015feyi birle\u015ftirerek hem koruma hem de \u00fcst\u00fcn estetik sunar. \u015e\u0131k, silindirik ve a\u00e7\u0131kta kalan bambu yap\u0131s\u0131, \u00e7evre odakl\u0131 marka imaj\u0131yla uyumlu, ho\u015f bir organik his yarat\u0131r. Her \u015fi\u015feye hassas bir cam pipet tak\u0131labilir (\u00e7e\u015fitli renklerde, siyah veya beyaz kau\u00e7uk ampull\u00fc, vidal\u0131 kapakl\u0131 damlal\u0131k). 10 ml&#039;den 50 ml&#039;ye kadar kapasiteleri bulunan bu \u00fcr\u00fcn, farkl\u0131 boyutlara uyacak \u015fekilde benzer tasar\u0131m oranlar\u0131na sahiptir ve perakende te\u015fhirde uyumlu bir \u00fcr\u00fcn yelpazesi olu\u015fturur.<\/p>\n<h2>Temel \u00d6zellikler<\/h2>\n<table style=\"border-collapse: collapse; margin-left: auto; margin-right: auto; width: 80%;\" border=\"0\" width=\"411\" cellspacing=\"0\" cellpadding=\"0\">\n<tbody>\n<tr style=\"height: 13.50pt;\">\n<td style=\"height: 13.50pt; width: 107.25pt;\" width=\"143\" height=\"18\">\u00d6zellik<\/td>\n<td style=\"width: 201.00pt;\" width=\"268\">Detay<\/td>\n<\/tr>\n<tr style=\"height: 13.50pt;\">\n<td style=\"height: 13.50pt;\" height=\"18\">Kapasite<\/td>\n<td>10 ml, 15 ml, 20 ml, 30 ml, 50 ml, 100 ml<\/td>\n<\/tr>\n<tr style=\"height: 13.50pt;\">\n<td style=\"height: 13.50pt;\" height=\"18\">Malzeme<\/td>\n<td>Kahverengi soda-kire\u00e7 cam\u0131<\/td>\n<\/tr>\n<tr style=\"height: 13.50pt;\">\n<td style=\"height: 13.50pt;\" height=\"18\">\u00dcretim S\u00fcreci<\/td>\n<td>Makineyle \u00fcflenmi\u015f<\/td>\n<\/tr>\n<tr style=\"height: 13.50pt;\">\n<td style=\"height: 13.50pt;\" height=\"18\">\u015eekil<\/td>\n<td>Silindirik<\/td>\n<\/tr>\n<tr style=\"height: 13.50pt;\">\n<td style=\"height: 13.50pt;\" height=\"18\">Y\u00fczey \u0130\u015fleme Se\u00e7enekleri<\/td>\n<td>Lazer Grav\u00fcr<\/td>\n<\/tr>\n<tr style=\"height: 13.50pt;\">\n<td style=\"height: 13.50pt;\" height=\"18\">Damlal\u0131kl\u0131 U\u00e7<\/td>\n<td>Siyah\/beyaz bambu damlal\u0131k<\/td>\n<\/tr>\n<tr style=\"height: 13.50pt;\">\n<td style=\"height: 13.50pt;\" height=\"18\">En \u0130yi Kullan\u0131m \u00d6rne\u011fi<\/td>\n<td>Cilt Bak\u0131m\u0131, Sa\u011fl\u0131k<\/td>\n<\/tr>\n<\/tbody>\n<\/table>\n<h2>Uygulamalar<\/h2>\n<p>Bu damlal\u0131kl\u0131 cam \u015fi\u015feler, u\u00e7ucu ya\u011flar, serumlar, CBD ya\u011flar\u0131, bitkisel \u00f6zler ve kontroll\u00fc da\u011f\u0131t\u0131m gerektiren di\u011fer s\u0131v\u0131 form\u00fclasyonlar i\u00e7in yayg\u0131n olarak kullan\u0131lmaktad\u0131r. \u0130\u00e7 k\u0131s\u0131mdaki cam kap, kimyasal stabilite ve hassas form\u00fclasyonlarla uyumluluk sa\u011flarken, bambu d\u0131\u015f y\u00fczey ise \u00fcst d\u00fczey ve do\u011fal \u00fcr\u00fcnler pazar\u0131nda daha y\u00fcksek \u00fcr\u00fcn farkl\u0131la\u015fmas\u0131 elde edilmesini sa\u011flar.<\/p>\n<h2>Ger\u00e7ek Ba\u015far\u0131: 6 Haftada Konseptten Rafa<\/h2>\n<p>Avrupa merkezli bir cilt bak\u0131m \u015firketi, organik y\u00fcz serumu serisi i\u00e7in toptan bo\u015f damlal\u0131kl\u0131 \u015fi\u015felere ihtiya\u00e7 duyuyordu. \u00c7evre dostu ama y\u00fcksek kaliteli bir \u00fcr\u00fcn istiyorlard\u0131. Biz de onlara mat siyah kapakl\u0131, bambu sarg\u0131l\u0131 30 ml&#039;lik cam damlal\u0131kl\u0131 \u015fi\u015felerimizi \u00f6nerdik. Daha hassas kontrol i\u00e7in kapa\u011f\u0131n damlal\u0131k ak\u0131\u015f\u0131n\u0131 ayarlad\u0131k; bu da serumlar i\u00e7in idealdi. \u0130ki aydan k\u0131sa bir s\u00fcrede 10.000 adet \u00fcr\u00fcnle piyasaya \u00e7\u0131kt\u0131lar. M\u00fc\u015fterileri &#034;spa benzeri kutu a\u00e7ma deneyimi&#034;nden \u00e7ok memnun kald\u0131lar.<\/p>\n<h2>Sizinkini \u00d6zelle\u015ftirmek mi \u0130stiyorsunuz? \u0130\u015fte Ba\u015flama Y\u00f6ntemi<\/h2>\n<ul>\n<li>\u00d6nce s\u0131v\u0131n\u0131z\u0131 d\u00fc\u015f\u00fcn\u00fcn. Koyu k\u0131vaml\u0131 bir ya\u011f m\u0131 yoksa hafif bir tent\u00fcr m\u00fc? Ya\u011flar i\u00e7in daha geni\u015f bir damlal\u0131k ucu kullan\u0131n. Hassas serumlar i\u00e7in daha ince bir u\u00e7 daha iyi sonu\u00e7 verir.<\/li>\n<li>Ard\u0131ndan, hacminizi se\u00e7in. \u00c7o\u011fu marka 30 ml veya 50 ml ile ba\u015flar; bolluk hissi verecek kadar b\u00fcy\u00fck, ferahl\u0131k hissi verecek kadar k\u00fc\u00e7\u00fck.<\/li>\n<li>Markan\u0131z\u0131n g\u00f6z kama\u015ft\u0131rmas\u0131n\u0131 m\u0131 istiyorsunuz? Bambuya logonuzu lazerle kaz\u0131yabilir veya \u00f6zel renkli kapaklar ekleyebiliriz. Hatta kutu bile hikayenizi ta\u015f\u0131yabilir.<\/li>\n<\/ul>\n<p>Ve evet, her \u015feyle biz ilgileniyoruz. Damlal\u0131kl\u0131 cam \u015fi\u015fe boyut se\u00e7iminden ideal damlal\u0131kl\u0131 cam \u015fi\u015fe ambalaj\u0131na kadar her konuda yan\u0131n\u0131zday\u0131z.<\/p>","protected":false},"excerpt":{"rendered":"<p>\u0130\u00e7 k\u0131sm\u0131 caml\u0131, birinci s\u0131n\u0131f bambu damlal\u0131kl\u0131 \u015fi\u015fe. Cilt bak\u0131m \u00fcr\u00fcnleri ve ya\u011flar i\u00e7in ideal damlal\u0131kl\u0131 cam \u015fi\u015feler. \u00d6zel marka bask\u0131s\u0131yla toptan damlal\u0131kl\u0131 \u015fi\u015fe olarak temin edilebilir.<\/p>","protected":false},"featured_media":7505,"comment_status":"closed","ping_status":"closed","template":"","meta":{"_acf_changed":false,"site-sidebar-layout":"default","site-content-layout":"","ast-site-content-layout":"default","site-content-style":"default","site-sidebar-style":"default","ast-global-header-display":"","ast-banner-title-visibility":"","ast-main-header-display":"","ast-hfb-above-header-display":"","ast-hfb-below-header-display":"","ast-hfb-mobile-header-display":"","site-post-title":"","ast-breadcrumbs-content":"","ast-featured-img":"","footer-sml-layout":"","ast-disable-related-posts":"","theme-transparent-header-meta":"default","adv-header-id-meta":"","stick-header-meta":"","header-above-stick-meta":"","header-main-stick-meta":"","header-below-stick-meta":"","astra-migrate-meta-layouts":"set","ast-page-background-enabled":"default","ast-page-background-meta":{"desktop":{"background-color":"var(--ast-global-color-5)","background-image":"","background-repeat":"repeat","background-position":"center center","background-size":"auto","background-attachment":"scroll","background-type":"","background-media":"","overlay-type":"","overlay-color":"","overlay-opacity":"","overlay-gradient":""},"tablet":{"background-color":"","background-image":"","background-repeat":"repeat","background-position":"center center","background-size":"auto","background-attachment":"scroll","background-type":"","background-media":"","overlay-type":"","overlay-color":"","overlay-opacity":"","overlay-gradient":""},"mobile":{"background-color":"","background-image":"","background-repeat":"repeat","background-position":"center center","background-size":"auto","background-attachment":"scroll","background-type":"","background-media":"","overlay-type":"","overlay-color":"","overlay-opacity":"","overlay-gradient":""}},"ast-content-background-meta":{"desktop":{"background-color":"var(--ast-global-color-4)","background-image":"","background-repeat":"repeat","background-position":"center center","background-size":"auto","background-attachment":"scroll","background-type":"","background-media":"","overlay-type":"","overlay-color":"","overlay-opacity":"","overlay-gradient":""},"tablet":{"background-color":"var(--ast-global-color-4)","background-image":"","background-repeat":"repeat","background-position":"center center","background-size":"auto","background-attachment":"scroll","background-type":"","background-media":"","overlay-type":"","overlay-color":"","overlay-opacity":"","overlay-gradient":""},"mobile":{"background-color":"var(--ast-global-color-4)","background-image":"","background-repeat":"repeat","background-position":"center center","background-size":"auto","background-attachment":"scroll","background-type":"","background-media":"","overlay-type":"","overlay-color":"","overlay-opacity":"","overlay-gradient":""}}},"product_brand":[],"product_cat":[59,62,72,57],"product_tag":[190,204],"class_list":{"0":"post-5550","1":"product","2":"type-product","3":"status-publish","4":"has-post-thumbnail","6":"product_cat-glass-dropper-bottles","7":"product_cat-cosmetic-containers","8":"product_cat-cosmetic-packaging","9":"product_cat-essential-oil-bottles","10":"product_tag-cosmetic-pots-with-lids","11":"product_tag-frosted-cosmetic-jars","12":"desktop-align-left","13":"tablet-align-left","14":"mobile-align-left","16":"first","17":"instock","18":"shipping-taxable","19":"product-type-simple"},"acf":[],"jetpack_sharing_enabled":true,"_links":{"self":[{"href":"https:\/\/theperfumebottles.com\/tr\/wp-json\/wp\/v2\/product\/5550","targetHints":{"allow":["GET"]}}],"collection":[{"href":"https:\/\/theperfumebottles.com\/tr\/wp-json\/wp\/v2\/product"}],"about":[{"href":"https:\/\/theperfumebottles.com\/tr\/wp-json\/wp\/v2\/types\/product"}],"replies":[{"embeddable":true,"href":"https:\/\/theperfumebottles.com\/tr\/wp-json\/wp\/v2\/comments?post=5550"}],"wp:featuredmedia":[{"embeddable":true,"href":"https:\/\/theperfumebottles.com\/tr\/wp-json\/wp\/v2\/media\/7505"}],"wp:attachment":[{"href":"https:\/\/theperfumebottles.com\/tr\/wp-json\/wp\/v2\/media?parent=5550"}],"wp:term":[{"taxonomy":"product_brand","embeddable":true,"href":"https:\/\/theperfumebottles.com\/tr\/wp-json\/wp\/v2\/product_brand?post=5550"},{"taxonomy":"product_cat","embeddable":true,"href":"https:\/\/theperfumebottles.com\/tr\/wp-json\/wp\/v2\/product_cat?post=5550"},{"taxonomy":"product_tag","embeddable":true,"href":"https:\/\/theperfumebottles.com\/tr\/wp-json\/wp\/v2\/product_tag?post=5550"}],"curies":[{"name":"wp","href":"https:\/\/api.w.org\/{rel}","templated":true}]}}