{"id":5606,"date":"2025-08-13T18:02:24","date_gmt":"2025-08-13T10:02:24","guid":{"rendered":"https:\/\/theperfumebottles.com\/?post_type=product&#038;p=5606"},"modified":"2026-03-26T17:26:36","modified_gmt":"2026-03-26T09:26:36","slug":"custom-glass-serum-bottles-clear-bottle-with-glass-dropper","status":"publish","type":"product","link":"https:\/\/theperfumebottles.com\/tr\/urun\/custom-glass-serum-bottles-clear-bottle-with-glass-dropper\/","title":{"rendered":"\u00d6zel Tasar\u0131m Cam Serum \u015ei\u015feleri | Cam Damlal\u0131kl\u0131 \u015eeffaf \u015ei\u015fe 15ml 30ml"},"content":{"rendered":"<p>Bu cam serum \u015fi\u015feleri, yuvarlak, kubbe \u015feklinde ve kal\u0131n, sa\u011flam tabanl\u0131 \u015feffaf cam g\u00f6vdeye sahip bir u\u00e7ucu ya\u011f \u015fi\u015fesi setidir. \u0130\u00e7indeki s\u0131v\u0131, \u015feffaf ve p\u00fcr\u00fczs\u00fcz y\u00fczey sayesinde vurgulan\u0131r ve bu nedenle y\u00fcksek kaliteli form\u00fclasyonlar i\u00e7in uygundur. Her \u015fi\u015fe, i\u00e7eri\u011fi hassas bir \u015fekilde da\u011f\u0131tan yumu\u015fak beyaz kau\u00e7uk ampul ve d\u00fcz cam pipetten yap\u0131lm\u0131\u015f bir damlal\u0131k ile e\u015fle\u015ftirilmi\u015ftir. Yaka, alt\u0131n ve g\u00fcm\u00fc\u015f gibi metalik kaplamalarla yap\u0131labilir ve \u015f\u0131k bir kontrast sa\u011flayan dokulu bir detaya sahiptir. Hem 15 ml hem de 30 ml&#039;lik k\u00fc\u00e7\u00fck boyutlar\u0131, dengeli ve zarif g\u00f6r\u00fcnmelerini sa\u011flarken ayn\u0131 zamanda ta\u015f\u0131nabilir olmalar\u0131n\u0131 da m\u00fcmk\u00fcn k\u0131lar.<\/p>\n<h2>Temel \u00d6zellikler<\/h2>\n<table style=\"border-collapse: collapse; margin-left: auto; margin-right: auto; width: 80%;\" border=\"0\" width=\"812\" cellspacing=\"0\" cellpadding=\"0\">\n<tbody>\n<tr style=\"height: 13.50pt;\">\n<td style=\"height: 13.50pt; width: 136.50pt;\" width=\"182\" height=\"18\">\u00d6zellik<\/td>\n<td style=\"width: 472.50pt;\" width=\"630\">Detaylar<\/td>\n<\/tr>\n<tr style=\"height: 13.50pt;\">\n<td style=\"height: 13.50pt;\" height=\"18\">Mevcut Kapasiteler<\/td>\n<td>15ml, 30ml<\/td>\n<\/tr>\n<tr style=\"height: 13.50pt;\">\n<td style=\"height: 13.50pt;\" height=\"18\">Malzeme<\/td>\n<td>Y\u00fcksek kaliteli cam (\u015feffaf, birinci s\u0131n\u0131f \u015feffafl\u0131k)<\/td>\n<\/tr>\n<tr style=\"height: 13.50pt;\">\n<td style=\"height: 13.50pt;\" height=\"18\">Renk Se\u00e7enekleri<\/td>\n<td>Standart \u015feffaf; \u00f6zelle\u015ftirilebilir (\u00f6rne\u011fin, buzlu, renkli)<\/td>\n<\/tr>\n<tr style=\"height: 13.50pt;\">\n<td style=\"height: 13.50pt;\" height=\"18\">\u015ei\u015fe \u015eekli<\/td>\n<td>Geni\u015f tabanl\u0131, k\u0131sa boyunlu yuvarlak tasar\u0131m \u2013 denge ve zarif profil sunar<\/td>\n<\/tr>\n<tr style=\"height: 13.50pt;\">\n<td style=\"height: 13.50pt;\" height=\"18\">\u0130deal \u0130\u00e7in<\/td>\n<td>Bitkisel tent\u00fcrler Esansiyel ya\u011flar, Y\u00fcz serumlar\u0131 ve cilt bak\u0131m\u0131<\/td>\n<\/tr>\n<\/tbody>\n<\/table>\n<h2>Ba\u015far\u0131 Hikayesi<\/h2>\n<p>Bitkisel \u00f6zler tedarik\u00e7isi, toptan \u00fcr\u00fcn serisi i\u00e7in son 12 ay boyunca bu cam damlal\u0131kl\u0131 \u015fi\u015feye ge\u00e7ti. \u00dcr\u00fcn\u00fcn bitkisel rengini ve ayr\u0131ca \u00fcr\u00fcn\u00fcn sa\u011flam kalmas\u0131n\u0131 garanti eden s\u0131zd\u0131rmaz contay\u0131 da \u00f6ne \u00e7\u0131karan belirgin tasar\u0131m\u0131 \u00e7ok be\u011fendiler. \u00dc\u00e7 ay i\u00e7inde, tekrarlayan sat\u0131\u015flarda &#039;lik bir art\u0131\u015f g\u00f6rd\u00fcler ve m\u00fc\u015fterileri de geli\u015fmi\u015f kaliteyi be\u011fendiler.<\/p>\n<h2>\u00d6zelle\u015ftirme \u0130pu\u00e7lar\u0131<\/h2>\n<p>Cam damlal\u0131kl\u0131 sipari\u015flerle \u015fi\u015fenizden en iyi \u015fekilde yararlanmak m\u0131 istiyorsunuz? \u015eu ipu\u00e7lar\u0131n\u0131 deneyin:<\/p>\n<ul>\n<li>I\u015f\u0131\u011fa duyarl\u0131 form\u00fcller i\u00e7in buzlu cam \u015fi\u015feler kullan\u0131n. Bu, koruma sa\u011flar ve yumu\u015fak, l\u00fcks bir g\u00f6r\u00fcn\u00fcm yarat\u0131r.<\/li>\n<li>L\u00fcks cilt bak\u0131m serinizi tamamlamak i\u00e7in dokulu metal kapa\u011f\u0131n\u0131z\u0131 mat veya f\u0131r\u00e7alanm\u0131\u015f bir y\u00fczeyle de\u011fi\u015ftirin.<\/li>\n<li>Ek y\u00fczey i\u015flemleri i\u00e7in s\u0131cak damgalama, serigrafi bask\u0131, kaplama ve daha fazlas\u0131n\u0131 sunuyoruz.<\/li>\n<\/ul>\n<p>Geni\u015f renk yelpazesi ve h\u0131zl\u0131 kargo se\u00e7enekleriyle g\u00fcvenilir cam \u015fi\u015feler bulmaya haz\u0131r m\u0131s\u0131n\u0131z? Bizimle ileti\u015fime ge\u00e7in. B2B al\u0131c\u0131lar\u0131n\u0131n her zaman g\u00fc\u00e7l\u00fc ve tutarl\u0131 \u00fcr\u00fcn hatlar\u0131 olu\u015fturmalar\u0131na yard\u0131mc\u0131 oluyoruz.<\/p>","protected":false},"excerpt":{"rendered":"<p>\u015eeffaf 15 ml ve 30 ml&#039;lik, cam pipetli ve metal yakal\u0131 u\u00e7ucu ya\u011f damlal\u0131kl\u0131 \u015fi\u015feler. Cilt bak\u0131m\u0131 ve aromaterapi markalar\u0131 i\u00e7in ideal cam serum \u015fi\u015feleri.<\/p>","protected":false},"featured_media":5607,"comment_status":"closed","ping_status":"closed","template":"","meta":{"_acf_changed":false,"site-sidebar-layout":"default","site-content-layout":"","ast-site-content-layout":"default","site-content-style":"default","site-sidebar-style":"default","ast-global-header-display":"","ast-banner-title-visibility":"","ast-main-header-display":"","ast-hfb-above-header-display":"","ast-hfb-below-header-display":"","ast-hfb-mobile-header-display":"","site-post-title":"","ast-breadcrumbs-content":"","ast-featured-img":"","footer-sml-layout":"","ast-disable-related-posts":"","theme-transparent-header-meta":"default","adv-header-id-meta":"","stick-header-meta":"","header-above-stick-meta":"","header-main-stick-meta":"","header-below-stick-meta":"","astra-migrate-meta-layouts":"set","ast-page-background-enabled":"default","ast-page-background-meta":{"desktop":{"background-color":"var(--ast-global-color-5)","background-image":"","background-repeat":"repeat","background-position":"center center","background-size":"auto","background-attachment":"scroll","background-type":"","background-media":"","overlay-type":"","overlay-color":"","overlay-opacity":"","overlay-gradient":""},"tablet":{"background-color":"","background-image":"","background-repeat":"repeat","background-position":"center center","background-size":"auto","background-attachment":"scroll","background-type":"","background-media":"","overlay-type":"","overlay-color":"","overlay-opacity":"","overlay-gradient":""},"mobile":{"background-color":"","background-image":"","background-repeat":"repeat","background-position":"center center","background-size":"auto","background-attachment":"scroll","background-type":"","background-media":"","overlay-type":"","overlay-color":"","overlay-opacity":"","overlay-gradient":""}},"ast-content-background-meta":{"desktop":{"background-color":"var(--ast-global-color-4)","background-image":"","background-repeat":"repeat","background-position":"center center","background-size":"auto","background-attachment":"scroll","background-type":"","background-media":"","overlay-type":"","overlay-color":"","overlay-opacity":"","overlay-gradient":""},"tablet":{"background-color":"var(--ast-global-color-4)","background-image":"","background-repeat":"repeat","background-position":"center center","background-size":"auto","background-attachment":"scroll","background-type":"","background-media":"","overlay-type":"","overlay-color":"","overlay-opacity":"","overlay-gradient":""},"mobile":{"background-color":"var(--ast-global-color-4)","background-image":"","background-repeat":"repeat","background-position":"center center","background-size":"auto","background-attachment":"scroll","background-type":"","background-media":"","overlay-type":"","overlay-color":"","overlay-opacity":"","overlay-gradient":""}}},"product_brand":[],"product_cat":[59,62,72,57],"product_tag":[190,204],"class_list":{"0":"post-5606","1":"product","2":"type-product","3":"status-publish","4":"has-post-thumbnail","6":"product_cat-glass-dropper-bottles","7":"product_cat-cosmetic-containers","8":"product_cat-cosmetic-packaging","9":"product_cat-essential-oil-bottles","10":"product_tag-cosmetic-pots-with-lids","11":"product_tag-frosted-cosmetic-jars","12":"desktop-align-left","13":"tablet-align-left","14":"mobile-align-left","16":"first","17":"instock","18":"shipping-taxable","19":"product-type-simple"},"acf":[],"jetpack_sharing_enabled":true,"_links":{"self":[{"href":"https:\/\/theperfumebottles.com\/tr\/wp-json\/wp\/v2\/product\/5606","targetHints":{"allow":["GET"]}}],"collection":[{"href":"https:\/\/theperfumebottles.com\/tr\/wp-json\/wp\/v2\/product"}],"about":[{"href":"https:\/\/theperfumebottles.com\/tr\/wp-json\/wp\/v2\/types\/product"}],"replies":[{"embeddable":true,"href":"https:\/\/theperfumebottles.com\/tr\/wp-json\/wp\/v2\/comments?post=5606"}],"wp:featuredmedia":[{"embeddable":true,"href":"https:\/\/theperfumebottles.com\/tr\/wp-json\/wp\/v2\/media\/5607"}],"wp:attachment":[{"href":"https:\/\/theperfumebottles.com\/tr\/wp-json\/wp\/v2\/media?parent=5606"}],"wp:term":[{"taxonomy":"product_brand","embeddable":true,"href":"https:\/\/theperfumebottles.com\/tr\/wp-json\/wp\/v2\/product_brand?post=5606"},{"taxonomy":"product_cat","embeddable":true,"href":"https:\/\/theperfumebottles.com\/tr\/wp-json\/wp\/v2\/product_cat?post=5606"},{"taxonomy":"product_tag","embeddable":true,"href":"https:\/\/theperfumebottles.com\/tr\/wp-json\/wp\/v2\/product_tag?post=5606"}],"curies":[{"name":"wp","href":"https:\/\/api.w.org\/{rel}","templated":true}]}}