{"id":5611,"date":"2025-08-13T18:02:09","date_gmt":"2025-08-13T10:02:09","guid":{"rendered":"https:\/\/theperfumebottles.com\/?post_type=product&#038;p=5611"},"modified":"2026-04-01T12:41:29","modified_gmt":"2026-04-01T04:41:29","slug":"30ml-gold-dropper-bottles-for-tinctures-wholesale","status":"publish","type":"product","link":"https:\/\/theperfumebottles.com\/tr\/urun\/30ml-gold-dropper-bottles-for-tinctures-wholesale\/","title":{"rendered":"Tent\u00fcrler i\u00e7in 30 ml Alt\u0131n Damlal\u0131kl\u0131 \u015ei\u015feler Toptan"},"content":{"rendered":"<p>7. Rafta dikkat \u00e7ekmeyecek bir serpme \u015fi\u015fesi istiyor musunuz ve harika bir performans sunacak m\u0131? Bu cam serpme \u015fi\u015fesi, y\u00fcksek, temiz silindirik bir tasar\u0131ma sahip ve m\u00fckemmel alt\u0131nla kolay metal g\u00f6r\u00fcn\u00fcm\u00fcyle tamamlanm\u0131\u015ft\u0131r. Tinctures, ser\u00fcmler veya essentials ya\u011flar\u0131 paketliyorsan\u0131z, bu cam \u015fi\u015fe ile serpme her zaman \u015f\u0131k ve pratiktir.<\/p>\n<h2>Temel \u00d6zellikler<\/h2>\n<table style=\"border-collapse: collapse; margin-left: auto; margin-right: auto; width: 80%;\" border=\"0\" width=\"520\" cellspacing=\"0\" cellpadding=\"0\">\n<tbody>\n<tr style=\"height: 13.50pt;\">\n<td style=\"height: 13.50pt; width: 103.50pt;\" width=\"138\" height=\"18\">\u015eartname<\/td>\n<td style=\"width: 286.50pt;\" width=\"382\">Detaylar<\/td>\n<\/tr>\n<tr style=\"height: 13.50pt;\">\n<td style=\"height: 13.50pt;\" height=\"18\">Kapasite<\/td>\n<td>30 ml<\/td>\n<\/tr>\n<tr style=\"height: 17.25pt;\">\n<td style=\"height: 17.25pt;\" height=\"23\">Boyut<\/td>\n<td>37*65 mm<\/td>\n<\/tr>\n<tr style=\"height: 13.50pt;\">\n<td style=\"height: 13.50pt;\" height=\"18\">Malzeme<\/td>\n<td>Y\u00fcksek kaliteli cam<\/td>\n<\/tr>\n<tr style=\"height: 13.50pt;\">\n<td style=\"height: 13.50pt;\" height=\"18\">\u015ei\u015fe Rengi<\/td>\n<td>Metalik parlakl\u0131kta parlak alt\u0131n (\u00f6zelle\u015ftirilebilir)<\/td>\n<\/tr>\n<tr style=\"height: 13.50pt;\">\n<td style=\"height: 13.50pt;\" height=\"18\">Kapak Rengi<\/td>\n<td>G\u00fcm\u00fc\u015f (\u00f6zelle\u015ftirilebilir)<\/td>\n<\/tr>\n<\/tbody>\n<\/table>\n<h2>13. Ger\u00e7ek \u00d6rnek \u00c7al\u0131\u015fmas\u0131: Bir Cilt Bak\u0131m Markas\u0131n\u0131n Raf Etkisi<\/h2>\n<p>14. Do\u011fal bir cilt bak\u0131m logosu \u00f6nce sadece turuncu cam \u015fi\u015fe kullan\u0131yordu. \u00dcr\u00fcnleri harika olsa da kalabal\u0131k rafta g\u00f6zden ka\u00e7\u00fcyordu. Bu y\u00fczden bizim 30ml alt\u0131n cam serpme \u015fi\u015fesine ge\u00e7ti. Sonu\u00e7lar an\u0131nda oldu. \u015ei\u015fenin parlayan tamamlamas\u0131 m\u00fc\u015fterileri \u00e7eken, \"l\u00fcks\" ve \"Instagram'a de\u011ferli\" dedi\u011fi bir \u00fcr\u00fcn oldu. Daha sonra 15ml yolculuk uzunlu\u011funu eklediler. \u015eimdi, t\u00fcm \u00fcr\u00fcnleri bu \u00f6zg\u00fcn cam \u015fi\u015fe ile cam serpme ile sahip.<\/p>\n<h2>\u00d6zelle\u015ftirme \u0130pu\u00e7lar\u0131<\/h2>\n<p>15. Markan\u0131z\u0131 daha da \u00f6ne \u00e7\u0131karmak istiyorsan\u0131z, bunlar\u0131 deneyin:<\/p>\n<ul>\n<li>16. G\u00fcm\u00fc\u015f kapa\u011f\u0131 mat siyah veya k\u0131rm\u0131z\u0131 alt\u0131n g\u00f6r\u00fcn\u00fcm\u00fcyle de\u011fi\u015ftirin, parlak alt\u0131n \u015fi\u015fe ile kontrast olu\u015fturmak i\u00e7in.<\/li>\n<li>17. Cama bir f\u0131st\u0131klama tamamlamas\u0131 ekleyerek daha yumu\u015fak, daha do\u011fal bir his yarat\u0131n\u2014daha basit bir g\u00fczellik koleksiyonu i\u00e7in en iyisi.<\/li>\n<li>18. 15ml \u015fi\u015fe bir deneme \u00fcr\u00fcn\u00fcd\u00fcr. 30ml'\u00fc bir must-have'dir. \u00d6zel boyutlar da mevcuttur, fark\u0131 belirginle\u015ftirin.<\/li>\n<\/ul>\n<p>1. Bu sadece bir \u015fi\u015fe de\u011fil, sizinle \u00f6l\u00e7eklenebilen bir paketleme g\u00fcncellemesidir.<\/p>","protected":false},"excerpt":{"rendered":"<p>6. Essentials ya\u011flar\u0131, ser\u00fcmler ve kozmetikler i\u00e7in toptan serpme \u015fi\u015fesi. Dayan\u0131kl\u0131, \u015f\u0131k ve b\u00fcy\u00fck sipari\u015fler i\u00e7in \u00f6zelle\u015ftirilebilir.<\/p>","protected":false},"featured_media":5612,"comment_status":"closed","ping_status":"closed","template":"","meta":{"_acf_changed":false,"site-sidebar-layout":"default","site-content-layout":"","ast-site-content-layout":"default","site-content-style":"default","site-sidebar-style":"default","ast-global-header-display":"","ast-banner-title-visibility":"","ast-main-header-display":"","ast-hfb-above-header-display":"","ast-hfb-below-header-display":"","ast-hfb-mobile-header-display":"","site-post-title":"","ast-breadcrumbs-content":"","ast-featured-img":"","footer-sml-layout":"","ast-disable-related-posts":"","theme-transparent-header-meta":"default","adv-header-id-meta":"","stick-header-meta":"","header-above-stick-meta":"","header-main-stick-meta":"","header-below-stick-meta":"","astra-migrate-meta-layouts":"set","ast-page-background-enabled":"default","ast-page-background-meta":{"desktop":{"background-color":"var(--ast-global-color-5)","background-image":"","background-repeat":"repeat","background-position":"center center","background-size":"auto","background-attachment":"scroll","background-type":"","background-media":"","overlay-type":"","overlay-color":"","overlay-opacity":"","overlay-gradient":""},"tablet":{"background-color":"","background-image":"","background-repeat":"repeat","background-position":"center center","background-size":"auto","background-attachment":"scroll","background-type":"","background-media":"","overlay-type":"","overlay-color":"","overlay-opacity":"","overlay-gradient":""},"mobile":{"background-color":"","background-image":"","background-repeat":"repeat","background-position":"center center","background-size":"auto","background-attachment":"scroll","background-type":"","background-media":"","overlay-type":"","overlay-color":"","overlay-opacity":"","overlay-gradient":""}},"ast-content-background-meta":{"desktop":{"background-color":"var(--ast-global-color-4)","background-image":"","background-repeat":"repeat","background-position":"center center","background-size":"auto","background-attachment":"scroll","background-type":"","background-media":"","overlay-type":"","overlay-color":"","overlay-opacity":"","overlay-gradient":""},"tablet":{"background-color":"var(--ast-global-color-4)","background-image":"","background-repeat":"repeat","background-position":"center center","background-size":"auto","background-attachment":"scroll","background-type":"","background-media":"","overlay-type":"","overlay-color":"","overlay-opacity":"","overlay-gradient":""},"mobile":{"background-color":"var(--ast-global-color-4)","background-image":"","background-repeat":"repeat","background-position":"center center","background-size":"auto","background-attachment":"scroll","background-type":"","background-media":"","overlay-type":"","overlay-color":"","overlay-opacity":"","overlay-gradient":""}}},"product_brand":[],"product_cat":[59,72,62,57],"product_tag":[190,204],"class_list":{"0":"post-5611","1":"product","2":"type-product","3":"status-publish","4":"has-post-thumbnail","6":"product_cat-glass-dropper-bottles","7":"product_cat-cosmetic-packaging","8":"product_cat-cosmetic-containers","9":"product_cat-essential-oil-bottles","10":"product_tag-cosmetic-pots-with-lids","11":"product_tag-frosted-cosmetic-jars","12":"desktop-align-left","13":"tablet-align-left","14":"mobile-align-left","16":"first","17":"instock","18":"shipping-taxable","19":"product-type-simple"},"acf":[],"jetpack_sharing_enabled":true,"_links":{"self":[{"href":"https:\/\/theperfumebottles.com\/tr\/wp-json\/wp\/v2\/product\/5611","targetHints":{"allow":["GET"]}}],"collection":[{"href":"https:\/\/theperfumebottles.com\/tr\/wp-json\/wp\/v2\/product"}],"about":[{"href":"https:\/\/theperfumebottles.com\/tr\/wp-json\/wp\/v2\/types\/product"}],"replies":[{"embeddable":true,"href":"https:\/\/theperfumebottles.com\/tr\/wp-json\/wp\/v2\/comments?post=5611"}],"wp:featuredmedia":[{"embeddable":true,"href":"https:\/\/theperfumebottles.com\/tr\/wp-json\/wp\/v2\/media\/5612"}],"wp:attachment":[{"href":"https:\/\/theperfumebottles.com\/tr\/wp-json\/wp\/v2\/media?parent=5611"}],"wp:term":[{"taxonomy":"product_brand","embeddable":true,"href":"https:\/\/theperfumebottles.com\/tr\/wp-json\/wp\/v2\/product_brand?post=5611"},{"taxonomy":"product_cat","embeddable":true,"href":"https:\/\/theperfumebottles.com\/tr\/wp-json\/wp\/v2\/product_cat?post=5611"},{"taxonomy":"product_tag","embeddable":true,"href":"https:\/\/theperfumebottles.com\/tr\/wp-json\/wp\/v2\/product_tag?post=5611"}],"curies":[{"name":"wp","href":"https:\/\/api.w.org\/{rel}","templated":true}]}}