{"id":5616,"date":"2025-08-13T18:02:54","date_gmt":"2025-08-13T10:02:54","guid":{"rendered":"https:\/\/theperfumebottles.com\/?post_type=product&#038;p=5616"},"modified":"2026-04-01T12:39:23","modified_gmt":"2026-04-01T04:39:23","slug":"wholesale-15ml-dropper-bottles-for-cosmetic-packaging","status":"publish","type":"product","link":"https:\/\/theperfumebottles.com\/tr\/urun\/wholesale-15ml-dropper-bottles-for-cosmetic-packaging\/","title":{"rendered":"Kozmetik Ambalajlama \u0130\u00e7in Toptan 15 ml Damlal\u0131kl\u0131 \u015ei\u015feler"},"content":{"rendered":"<p>\u0130ster yeni bir \u00fcr\u00fcn serisi piyasaya s\u00fcr\u00fcyor olun ister toptan sat\u0131\u015f hatt\u0131n\u0131z\u0131 geni\u015fletiyor olun, bu 15 ml damlal\u0131kl\u0131 \u015fi\u015fe, sadelik, zarafet ve kolay etiketleme i\u00e7in \u015f\u0131k silindirik bir tasar\u0131ma sahiptir. \u0130\u015flevsel ve g\u00f6steri\u015fsizdir.<\/p>\n<h2>Temel \u00d6zellikler<\/h2>\n<table style=\"border-collapse: collapse; margin-left: auto; margin-right: auto; width: 80%;\" border=\"0\" width=\"632\" cellspacing=\"0\" cellpadding=\"0\">\n<tbody>\n<tr style=\"height: 13.50pt;\">\n<td style=\"height: 13.50pt; width: 120.75pt;\" width=\"161\" height=\"18\">\u00d6zellik<\/td>\n<td style=\"width: 353.25pt;\" width=\"471\">Detaylar<\/td>\n<\/tr>\n<tr style=\"height: 13.50pt;\">\n<td style=\"height: 13.50pt;\" height=\"18\">Kapasite<\/td>\n<td>15 ml<\/td>\n<\/tr>\n<tr style=\"height: 13.50pt;\">\n<td style=\"height: 13.50pt;\" height=\"18\">\u015ei\u015fe \u015eekli<\/td>\n<td>Silindirik<\/td>\n<\/tr>\n<tr style=\"height: 13.50pt;\">\n<td style=\"height: 13.50pt;\" height=\"18\">Malzeme<\/td>\n<td>Y\u00fcksek kaliteli cam<\/td>\n<\/tr>\n<tr style=\"height: 13.50pt;\">\n<td style=\"height: 13.50pt;\" height=\"18\">G\u00f6vde Kaplama Se\u00e7enekleri<\/td>\n<td>Buzlu (yar\u0131 saydam) veya D\u00fcz Beyaz, \u00d6zelle\u015ftirilebilir<\/td>\n<\/tr>\n<tr style=\"height: 13.50pt;\">\n<td style=\"height: 13.50pt;\" height=\"18\">Renk Se\u00e7enekleri<\/td>\n<td>\u00d6zelle\u015ftirilebilir kapak renkleri ve etiketleme<\/td>\n<\/tr>\n<tr style=\"height: 13.50pt;\">\n<td style=\"height: 13.50pt;\" height=\"18\">Paketleme Boyutu<\/td>\n<td>Nakliye birimi ba\u015f\u0131na 20 \u00d7 20 \u00d7 20 cm<\/td>\n<\/tr>\n<tr style=\"height: 13.50pt;\">\n<td style=\"height: 13.50pt;\" height=\"18\">S\u0131z\u0131nt\u0131 Direnci<\/td>\n<td>G\u00fcvenli damlal\u0131k contas\u0131, ta\u015f\u0131ma s\u0131ras\u0131nda s\u0131z\u0131nt\u0131 riskini azalt\u0131r<\/td>\n<\/tr>\n<\/tbody>\n<\/table>\n<h2>Ger\u00e7ek Vaka \u00c7al\u0131\u015fmas\u0131: Bir Sa\u011fl\u0131kl\u0131 Ya\u015fam Giri\u015fimi \u0130\u00e7in Paketleme Alan\u0131nda At\u0131l\u0131m<\/h2>\n<p>K\u00fc\u00e7\u00fck bir sa\u011fl\u0131k markas\u0131, bitkisel tent\u00fcr serisinde daha \u00f6nce \u015feffaf cam \u015fi\u015feler kullanm\u0131\u015ft\u0131. \u00dcr\u00fcnleri etkiliydi, ancak g\u00f6r\u00fcn\u00fcmleri olduk\u00e7a s\u0131radand\u0131. 15 ml&#039;lik buzlu damlal\u0131kl\u0131 \u015fi\u015femizi, rahatlat\u0131c\u0131 bir ye\u015fil renkte logo ve kapaklar\u0131yla ki\u015fiselle\u015ftirmeyi tercih ettiler. M\u00fc\u015fteriler premium g\u00f6r\u00fcn\u00fcm\u00fcn\u00fc \u00e7ok be\u011fendi ve tent\u00fcr sat\u0131\u015flar\u0131 artt\u0131! Daha sonra ba\u015fka bir \u00fcr\u00fcn serisine saf beyaz bir versiyon eklediler. \u015eimdi ise t\u00fcm \u00fcr\u00fcn serilerinde g\u00f6rsel bir hiyerar\u015fi olu\u015fturmak i\u00e7in her iki malzemeyi de kullan\u0131yorlar.<\/p>\n<h2>\u00d6zelle\u015ftirme \u0130pu\u00e7lar\u0131<\/h2>\n<p>\u00dcr\u00fcn\u00fcn\u00fcz\u00fc a\u015f\u0131r\u0131 karma\u015f\u0131kla\u015ft\u0131rmadan \u00f6ne \u00e7\u0131kmak m\u0131 istiyorsunuz? \u015eu ipu\u00e7lar\u0131n\u0131 deneyin:<\/p>\n<ul>\n<li>Premium form\u00fclleriniz i\u00e7in buzlu versiyonunu, g\u00fcnl\u00fck kullan\u0131m i\u00e7inse beyaz versiyonunu kullan\u0131n. Bu, \u00fcr\u00fcn\u00fcn\u00fcz\u00fcn hikayesini net bir \u015fekilde yans\u0131tacakt\u0131r.<\/li>\n<li>15 ml damlal\u0131kl\u0131 \u015fi\u015fenizi yumu\u015fak g\u00fcl rengi veya mat siyah gibi renkli bir kapakla e\u015fle\u015ftirerek kalabal\u0131k raflarda fark edilmesini sa\u011flayabilirsiniz.<\/li>\n<li>Bu damlal\u0131kl\u0131 \u015fi\u015fe, s\u0131cak damgalama, serigrafi bask\u0131, kaplama, buzlanma ve \u00e7\u0131kartmalar dahil olmak \u00fczere \u00e7e\u015fitli y\u00fczeylerde mevcuttur.<\/li>\n<\/ul>\n<p>Birden fazla cam damlal\u0131kl\u0131 \u015fi\u015feyi bir hediye kutusuna koymak, toptan ve perakende ortaklar\u0131n\u0131z i\u00e7in m\u00fckemmel bir \u00e7\u00f6z\u00fcmd\u00fcr. Bu damlal\u0131kl\u0131 \u015fi\u015fe sadece bir kap de\u011fil, ayn\u0131 zamanda pratik bir ara\u00e7t\u0131r.<\/p>","protected":false},"excerpt":{"rendered":"<p>U\u00e7ucu ya\u011flar, serumlar ve kozmetikler i\u00e7in toptan damlal\u0131kl\u0131 \u015fi\u015fe. Dayan\u0131kl\u0131, \u00f6zelle\u015ftirilebilir, toplu sipari\u015fler i\u00e7in ideal.<\/p>","protected":false},"featured_media":5620,"comment_status":"closed","ping_status":"closed","template":"","meta":{"_acf_changed":false,"site-sidebar-layout":"default","site-content-layout":"","ast-site-content-layout":"default","site-content-style":"default","site-sidebar-style":"default","ast-global-header-display":"","ast-banner-title-visibility":"","ast-main-header-display":"","ast-hfb-above-header-display":"","ast-hfb-below-header-display":"","ast-hfb-mobile-header-display":"","site-post-title":"","ast-breadcrumbs-content":"","ast-featured-img":"","footer-sml-layout":"","ast-disable-related-posts":"","theme-transparent-header-meta":"default","adv-header-id-meta":"","stick-header-meta":"","header-above-stick-meta":"","header-main-stick-meta":"","header-below-stick-meta":"","astra-migrate-meta-layouts":"set","ast-page-background-enabled":"default","ast-page-background-meta":{"desktop":{"background-color":"var(--ast-global-color-5)","background-image":"","background-repeat":"repeat","background-position":"center center","background-size":"auto","background-attachment":"scroll","background-type":"","background-media":"","overlay-type":"","overlay-color":"","overlay-opacity":"","overlay-gradient":""},"tablet":{"background-color":"","background-image":"","background-repeat":"repeat","background-position":"center center","background-size":"auto","background-attachment":"scroll","background-type":"","background-media":"","overlay-type":"","overlay-color":"","overlay-opacity":"","overlay-gradient":""},"mobile":{"background-color":"","background-image":"","background-repeat":"repeat","background-position":"center center","background-size":"auto","background-attachment":"scroll","background-type":"","background-media":"","overlay-type":"","overlay-color":"","overlay-opacity":"","overlay-gradient":""}},"ast-content-background-meta":{"desktop":{"background-color":"var(--ast-global-color-4)","background-image":"","background-repeat":"repeat","background-position":"center center","background-size":"auto","background-attachment":"scroll","background-type":"","background-media":"","overlay-type":"","overlay-color":"","overlay-opacity":"","overlay-gradient":""},"tablet":{"background-color":"var(--ast-global-color-4)","background-image":"","background-repeat":"repeat","background-position":"center center","background-size":"auto","background-attachment":"scroll","background-type":"","background-media":"","overlay-type":"","overlay-color":"","overlay-opacity":"","overlay-gradient":""},"mobile":{"background-color":"var(--ast-global-color-4)","background-image":"","background-repeat":"repeat","background-position":"center center","background-size":"auto","background-attachment":"scroll","background-type":"","background-media":"","overlay-type":"","overlay-color":"","overlay-opacity":"","overlay-gradient":""}}},"product_brand":[],"product_cat":[59,72,62,57],"product_tag":[190,204],"class_list":{"0":"post-5616","1":"product","2":"type-product","3":"status-publish","4":"has-post-thumbnail","6":"product_cat-glass-dropper-bottles","7":"product_cat-cosmetic-packaging","8":"product_cat-cosmetic-containers","9":"product_cat-essential-oil-bottles","10":"product_tag-cosmetic-pots-with-lids","11":"product_tag-frosted-cosmetic-jars","12":"desktop-align-left","13":"tablet-align-left","14":"mobile-align-left","16":"first","17":"instock","18":"shipping-taxable","19":"product-type-simple"},"acf":[],"jetpack_sharing_enabled":true,"_links":{"self":[{"href":"https:\/\/theperfumebottles.com\/tr\/wp-json\/wp\/v2\/product\/5616","targetHints":{"allow":["GET"]}}],"collection":[{"href":"https:\/\/theperfumebottles.com\/tr\/wp-json\/wp\/v2\/product"}],"about":[{"href":"https:\/\/theperfumebottles.com\/tr\/wp-json\/wp\/v2\/types\/product"}],"replies":[{"embeddable":true,"href":"https:\/\/theperfumebottles.com\/tr\/wp-json\/wp\/v2\/comments?post=5616"}],"wp:featuredmedia":[{"embeddable":true,"href":"https:\/\/theperfumebottles.com\/tr\/wp-json\/wp\/v2\/media\/5620"}],"wp:attachment":[{"href":"https:\/\/theperfumebottles.com\/tr\/wp-json\/wp\/v2\/media?parent=5616"}],"wp:term":[{"taxonomy":"product_brand","embeddable":true,"href":"https:\/\/theperfumebottles.com\/tr\/wp-json\/wp\/v2\/product_brand?post=5616"},{"taxonomy":"product_cat","embeddable":true,"href":"https:\/\/theperfumebottles.com\/tr\/wp-json\/wp\/v2\/product_cat?post=5616"},{"taxonomy":"product_tag","embeddable":true,"href":"https:\/\/theperfumebottles.com\/tr\/wp-json\/wp\/v2\/product_tag?post=5616"}],"curies":[{"name":"wp","href":"https:\/\/api.w.org\/{rel}","templated":true}]}}