{"id":5658,"date":"2025-08-14T18:02:35","date_gmt":"2025-08-14T10:02:35","guid":{"rendered":"https:\/\/theperfumebottles.com\/?post_type=product&#038;p=5658"},"modified":"2026-04-01T12:43:42","modified_gmt":"2026-04-01T04:43:42","slug":"wholesale-luxury-round-glass-bottle-dropper","status":"publish","type":"product","link":"https:\/\/theperfumebottles.com\/tr\/urun\/wholesale-luxury-round-glass-bottle-dropper\/","title":{"rendered":"Toptan 15ml 30ml 75ml L\u00fcks Yuvarlak Cam \u015ei\u015fe Damlal\u0131k"},"content":{"rendered":"<p>Cam \u015fi\u015fe damlal\u0131\u011f\u0131m\u0131z, yumu\u015fak ve yuvarlak bir g\u00f6vdeye, do\u011fal ah\u015fap bir kapa\u011fa ve siyah bir damlal\u0131k ucuna sahiptir. Y\u00fcksek kaliteli camdan \u00fcretilen bu damlal\u0131k, u\u00e7ucu ya\u011flar, tent\u00fcrler veya serumlar i\u00e7in idealdir.<\/p>\n<h2>Temel \u00d6zellikler<\/h2>\n<table style=\"border-collapse: collapse; margin-left: auto; margin-right: auto; width: 80%;\" border=\"0\" width=\"500\" cellspacing=\"0\" cellpadding=\"0\">\n<tbody>\n<tr style=\"height: 13.50pt;\">\n<td style=\"height: 13.50pt; width: 104.25pt;\" width=\"139\" height=\"18\">\u00d6zellik<\/td>\n<td style=\"width: 270.75pt;\" width=\"361\">Detaylar<\/td>\n<\/tr>\n<tr style=\"height: 13.50pt;\">\n<td style=\"height: 13.50pt;\" height=\"18\">Mevcut Boyutlar<\/td>\n<td>15ml, 30ml, 75ml<\/td>\n<\/tr>\n<tr style=\"height: 13.50pt;\">\n<td style=\"height: 13.50pt;\" height=\"18\">\u015eekil<\/td>\n<td>Yuvarlak (k\u00fcresel)<\/td>\n<\/tr>\n<tr style=\"height: 13.50pt;\">\n<td style=\"height: 13.50pt;\" height=\"18\">Malzeme<\/td>\n<td>Y\u00fcksek kaliteli cam<\/td>\n<\/tr>\n<tr style=\"height: 13.50pt;\">\n<td style=\"height: 13.50pt;\" height=\"18\">Kapak<\/td>\n<td>Ah\u015fap g\u00f6r\u00fcn\u00fcml\u00fc veya siyah damlal\u0131kl\u0131 al\u00fcminyum<\/td>\n<\/tr>\n<tr style=\"height: 13.50pt;\">\n<td style=\"height: 13.50pt;\" height=\"18\">Cam Se\u00e7enekleri<\/td>\n<td>A\u00e7\u0131k, Don<\/td>\n<\/tr>\n<tr style=\"height: 13.50pt;\">\n<td style=\"height: 13.50pt;\" height=\"18\">\u0130deal \u0130\u00e7in<\/td>\n<td>Tent\u00fcrler, u\u00e7ucu ya\u011flar, serumlar, numuneler<\/td>\n<\/tr>\n<\/tbody>\n<\/table>\n<h2>Bir Marka Nas\u0131l En \u00c7ok Satan Bir \u00dcr\u00fcn Yaratt\u0131?<\/h2>\n<p>K\u00fc\u00e7\u00fck bir cilt bak\u0131m markas\u0131, l\u00fcks bir y\u00fcz ya\u011f\u0131 piyasaya s\u00fcrmek istiyordu. \u00dcst d\u00fczey bir his ve h\u0131zl\u0131 geni\u015fleme \u00f6zelli\u011fine sahip bir cam \u015fi\u015feye ihtiya\u00e7lar\u0131 vard\u0131. Ah\u015fap kapakl\u0131 30 ml&#039;lik yuvarlak cam \u015fi\u015fe damlal\u0131\u011f\u0131m\u0131z\u0131 se\u00e7tiler. Camda sabah sisi gibi yumu\u015fak bir parlakl\u0131k yaratmak i\u00e7in mat bir biti\u015f eklemeyi \u00f6nerdik. \u00dcr\u00fcn an\u0131nda t\u00fckendi ve bu da kaliteli ambalaj\u0131n \u00f6nemini g\u00f6sterdi.<\/p>\n<h2>Bu \u015fi\u015feyi ki\u015fiselle\u015ftirmek ister misiniz?<\/h2>\n<p>Diyelim ki y\u00fcksek h\u0131zl\u0131 bir petrol hatt\u0131 piyasaya s\u00fcr\u00fcyorsunuz. \u015e\u0131kl\u0131\u011f\u0131 pratiklikle harmanlayan bir \u00fcr\u00fcn istiyorsunuz. \u0130\u015fte tavsiyemiz:<\/p>\n<ul>\n<li>Perakende ve numuneler i\u00e7in en pop\u00fcler boyut olan 30 ml&#039;yi (1 oz.) se\u00e7in ve bunu ihtiya\u00e7lar\u0131n\u0131za g\u00f6re \u00f6zelle\u015ftirebiliriz.<\/li>\n<li>Yumu\u015fak ve modern bir g\u00f6r\u00fcn\u00fcm i\u00e7in buzlu cam\u0131 tercih edin.<\/li>\n<li>Sahte ah\u015fap desenli bir kapakla \u015f\u0131kl\u0131k kat\u0131n.<\/li>\n<li>K\u00fc\u00e7\u00fck \u00e7ocuklar\u0131n eri\u015femeyece\u011fi bir kapa\u011fa veya kurcalamaya dayan\u0131kl\u0131 bir contaya m\u0131 ihtiyac\u0131n\u0131z var? Bu konuda da size yard\u0131mc\u0131 olaca\u011f\u0131z.<\/li>\n<\/ul>\n<p>Sadece sorun. Y\u00fczlerce i\u015fletmenin daha ak\u0131ll\u0131ca \u00f6l\u00e7eklenmesine yard\u0131mc\u0131 olduk. \u0130ster k\u00fc\u00e7\u00fck ister b\u00fcy\u00fck boy cam damlal\u0131kl\u0131 \u015fi\u015fe sipari\u015fi verin, biz hallederiz.<\/p>","protected":false},"excerpt":{"rendered":"<p>U\u00e7ucu ya\u011flar, serumlar ve kozmetikler i\u00e7in damlal\u0131kl\u0131 toptan \u015fi\u015feler. Dayan\u0131kl\u0131 cam, \u00f6zelle\u015ftirilebilir, toplu sipari\u015fler i\u00e7in m\u00fckemmel.<\/p>","protected":false},"featured_media":5663,"comment_status":"closed","ping_status":"closed","template":"","meta":{"_acf_changed":false,"site-sidebar-layout":"default","site-content-layout":"","ast-site-content-layout":"default","site-content-style":"default","site-sidebar-style":"default","ast-global-header-display":"","ast-banner-title-visibility":"","ast-main-header-display":"","ast-hfb-above-header-display":"","ast-hfb-below-header-display":"","ast-hfb-mobile-header-display":"","site-post-title":"","ast-breadcrumbs-content":"","ast-featured-img":"","footer-sml-layout":"","ast-disable-related-posts":"","theme-transparent-header-meta":"default","adv-header-id-meta":"","stick-header-meta":"","header-above-stick-meta":"","header-main-stick-meta":"","header-below-stick-meta":"","astra-migrate-meta-layouts":"set","ast-page-background-enabled":"default","ast-page-background-meta":{"desktop":{"background-color":"var(--ast-global-color-5)","background-image":"","background-repeat":"repeat","background-position":"center center","background-size":"auto","background-attachment":"scroll","background-type":"","background-media":"","overlay-type":"","overlay-color":"","overlay-opacity":"","overlay-gradient":""},"tablet":{"background-color":"","background-image":"","background-repeat":"repeat","background-position":"center center","background-size":"auto","background-attachment":"scroll","background-type":"","background-media":"","overlay-type":"","overlay-color":"","overlay-opacity":"","overlay-gradient":""},"mobile":{"background-color":"","background-image":"","background-repeat":"repeat","background-position":"center center","background-size":"auto","background-attachment":"scroll","background-type":"","background-media":"","overlay-type":"","overlay-color":"","overlay-opacity":"","overlay-gradient":""}},"ast-content-background-meta":{"desktop":{"background-color":"var(--ast-global-color-4)","background-image":"","background-repeat":"repeat","background-position":"center center","background-size":"auto","background-attachment":"scroll","background-type":"","background-media":"","overlay-type":"","overlay-color":"","overlay-opacity":"","overlay-gradient":""},"tablet":{"background-color":"var(--ast-global-color-4)","background-image":"","background-repeat":"repeat","background-position":"center center","background-size":"auto","background-attachment":"scroll","background-type":"","background-media":"","overlay-type":"","overlay-color":"","overlay-opacity":"","overlay-gradient":""},"mobile":{"background-color":"var(--ast-global-color-4)","background-image":"","background-repeat":"repeat","background-position":"center center","background-size":"auto","background-attachment":"scroll","background-type":"","background-media":"","overlay-type":"","overlay-color":"","overlay-opacity":"","overlay-gradient":""}}},"product_brand":[],"product_cat":[59,72,62,57],"product_tag":[190,204],"class_list":{"0":"post-5658","1":"product","2":"type-product","3":"status-publish","4":"has-post-thumbnail","6":"product_cat-glass-dropper-bottles","7":"product_cat-cosmetic-packaging","8":"product_cat-cosmetic-containers","9":"product_cat-essential-oil-bottles","10":"product_tag-cosmetic-pots-with-lids","11":"product_tag-frosted-cosmetic-jars","12":"desktop-align-left","13":"tablet-align-left","14":"mobile-align-left","16":"first","17":"instock","18":"shipping-taxable","19":"product-type-simple"},"acf":[],"jetpack_sharing_enabled":true,"_links":{"self":[{"href":"https:\/\/theperfumebottles.com\/tr\/wp-json\/wp\/v2\/product\/5658","targetHints":{"allow":["GET"]}}],"collection":[{"href":"https:\/\/theperfumebottles.com\/tr\/wp-json\/wp\/v2\/product"}],"about":[{"href":"https:\/\/theperfumebottles.com\/tr\/wp-json\/wp\/v2\/types\/product"}],"replies":[{"embeddable":true,"href":"https:\/\/theperfumebottles.com\/tr\/wp-json\/wp\/v2\/comments?post=5658"}],"wp:featuredmedia":[{"embeddable":true,"href":"https:\/\/theperfumebottles.com\/tr\/wp-json\/wp\/v2\/media\/5663"}],"wp:attachment":[{"href":"https:\/\/theperfumebottles.com\/tr\/wp-json\/wp\/v2\/media?parent=5658"}],"wp:term":[{"taxonomy":"product_brand","embeddable":true,"href":"https:\/\/theperfumebottles.com\/tr\/wp-json\/wp\/v2\/product_brand?post=5658"},{"taxonomy":"product_cat","embeddable":true,"href":"https:\/\/theperfumebottles.com\/tr\/wp-json\/wp\/v2\/product_cat?post=5658"},{"taxonomy":"product_tag","embeddable":true,"href":"https:\/\/theperfumebottles.com\/tr\/wp-json\/wp\/v2\/product_tag?post=5658"}],"curies":[{"name":"wp","href":"https:\/\/api.w.org\/{rel}","templated":true}]}}