{"id":5667,"date":"2025-08-14T18:02:15","date_gmt":"2025-08-14T10:02:15","guid":{"rendered":"https:\/\/theperfumebottles.com\/?post_type=product&#038;p=5667"},"modified":"2026-04-01T16:28:16","modified_gmt":"2026-04-01T08:28:16","slug":"mini-dropper-bottles-with-rose-gold-lid-wholesale","status":"publish","type":"product","link":"https:\/\/theperfumebottles.com\/tr\/urun\/mini-dropper-bottles-with-rose-gold-lid-wholesale\/","title":{"rendered":"1ml-5ml Mini Damlal\u0131kl\u0131 \u015ei\u015feler, G\u00fcl Alt\u0131n Kapakl\u0131, Toptan Sat\u0131\u015f"},"content":{"rendered":"<p>H\u0131zl\u0131 sevkiyat i\u00e7in dayan\u0131kl\u0131 ve depoda saklama i\u00e7in kompakt, kullan\u0131\u015fl\u0131 bir ambalaj tasar\u0131m\u0131 ar\u0131yorsan\u0131z, bu mini damlal\u0131kl\u0131 \u015fi\u015feler en zarif \u00e7\u00f6z\u00fcm\u00fcm\u00fczd\u00fcr. Tamam\u0131 silindirik, kristal berrakl\u0131\u011f\u0131nda malzemeden ve g\u00fcl alt\u0131n rengi kapaklardan \u00fcretilen bu \u015fi\u015feler, ta\u015f\u0131nabilir, \u015f\u0131k ve kompaktt\u0131r; d\u00fczg\u00fcn istifleme imkan\u0131 sunar ve sunum, sergileme veya saklama i\u00e7in maksimum alan sa\u011flar.<\/p>\n<h2>Temel \u00d6zellikler<\/h2>\n<table style=\"border-collapse: collapse; margin-left: auto; margin-right: auto; width: 80%;\" border=\"0\" width=\"458\" cellspacing=\"0\" cellpadding=\"0\">\n<tbody>\n<tr style=\"height: 13.50pt;\">\n<td style=\"height: 13.50pt; width: 82.50pt;\" width=\"110\" height=\"18\">\u00d6zellik<\/td>\n<td style=\"width: 261.00pt;\" width=\"348\">Detay<\/td>\n<\/tr>\n<tr style=\"height: 13.50pt;\">\n<td style=\"height: 13.50pt;\" height=\"18\">Kapasite<\/td>\n<td>1 ml, 2 ml, 3 ml, 5 ml<\/td>\n<\/tr>\n<tr style=\"height: 13.50pt;\">\n<td style=\"height: 13.50pt;\" height=\"18\">Malzeme<\/td>\n<td>Borosilikat cam<\/td>\n<\/tr>\n<tr style=\"height: 13.50pt;\">\n<td style=\"height: 13.50pt;\" height=\"18\">Kapak Rengi<\/td>\n<td>G\u00fcl alt\u0131n\/beyaz (\u00f6zelle\u015ftirilebilir)<\/td>\n<\/tr>\n<tr style=\"height: 13.50pt;\">\n<td style=\"height: 13.50pt;\" height=\"18\">Damlal\u0131kl\u0131 U\u00e7<\/td>\n<td>Beyaz, hassas kontrol<\/td>\n<\/tr>\n<tr style=\"height: 13.50pt;\">\n<td style=\"height: 13.50pt;\" height=\"18\">\u0130deal \u0130\u00e7in<\/td>\n<td>u\u00e7ucu ya\u011flar, tent\u00fcrler, serumlar, parf\u00fcmler i\u00e7in numuneler<\/td>\n<\/tr>\n<\/tbody>\n<\/table>\n<h2>Ger\u00e7ek D\u00fcnya Ba\u015far\u0131s\u0131: Bir Marka Nas\u0131l H\u0131zl\u0131 Bir \u015eekilde B\u00fcy\u00fcd\u00fc<\/h2>\n<p>Amerikal\u0131 bir marka, pop-up etkinliklerde tent\u00fcrlerinin \u00f6rneklerini sunman\u0131n bir yoluna ihtiya\u00e7 duyuyordu. Plastik \u015fi\u015feleri denediler, ancak ucuz g\u00f6r\u00fcnd\u00fcler. B\u00fcy\u00fck \u015fi\u015feleri denediler, ancak \u00e7ok hantal geldiler. Sonra 5 ml&#039;lik mini cam damlal\u0131kl\u0131 \u015fi\u015felerimizi se\u00e7tiler. Bir sa\u011fl\u0131k fuar\u0131nda 10.000 adet da\u011f\u0131tt\u0131lar. Al\u0131c\u0131lar\u0131n &#039;inden fazlas\u0131 bir hafta i\u00e7inde \u00e7evrimi\u00e7i ma\u011fazalar\u0131n\u0131 ziyaret etti. Neden? Mini damlal\u0131kl\u0131 \u015fi\u015feler, \u00fcst\u00fcn bir hava veriyor. Hassas damlal\u0131k tasar\u0131m\u0131, kontrol hissi yarat\u0131yor. Ve g\u00fcl alt\u0131n rengi kapak? Sadece g\u00f6ze \u00e7arpmakla kalm\u0131yor, ayn\u0131 zamanda dikkat \u00e7ekiyor.<\/p>\n<h2>\u00dcr\u00fcn\u00fcn\u00fcz\u00fc \u00f6zelle\u015ftirmek mi istiyorsunuz? \u0130\u015fte nas\u0131l yapaca\u011f\u0131n\u0131z.<\/h2>\n<ul>\n<li>Standartla yetinmek zorunda de\u011filsiniz. Spa benzeri bir his i\u00e7in buzlu bir doku mu istiyorsunuz? Sorun de\u011fil. Cesur bir g\u00f6r\u00fcn\u00fcm i\u00e7in siyah bir kapak m\u0131 tercih ediyorsunuz? \u00c7ok kolay. Hatta nakliye s\u0131ras\u0131nda ekstra koruma i\u00e7in cam \u015fi\u015felerin kal\u0131nl\u0131\u011f\u0131n\u0131 bile ayarlayabiliriz.<\/li>\n<li>\u0130pucu: K\u00fc\u00e7\u00fck damlal\u0131kl\u0131 \u015fi\u015feleri markal\u0131 etiketlerle bir araya getirin ve kompakt boyutuna ra\u011fmen \u00f6zen ve profesyonelli\u011fi sergileyen eksiksiz bir koleksiyona sahip olun.<\/li>\n<\/ul>","protected":false},"excerpt":{"rendered":"<p>Toptan 1 ml \u2013 5 ml mini damlal\u0131kl\u0131 \u015fi\u015feler, dayan\u0131kl\u0131 ve \u00f6zelle\u015ftirilebilir, seyahat boyu u\u00e7ucu ya\u011flar ve cilt bak\u0131m \u00fcr\u00fcnleri numuneleri i\u00e7in idealdir. \u00d6zelle\u015ftirme mevcuttur.<\/p>","protected":false},"featured_media":7569,"comment_status":"closed","ping_status":"closed","template":"","meta":{"_acf_changed":false,"site-sidebar-layout":"default","site-content-layout":"","ast-site-content-layout":"default","site-content-style":"default","site-sidebar-style":"default","ast-global-header-display":"","ast-banner-title-visibility":"","ast-main-header-display":"","ast-hfb-above-header-display":"","ast-hfb-below-header-display":"","ast-hfb-mobile-header-display":"","site-post-title":"","ast-breadcrumbs-content":"","ast-featured-img":"","footer-sml-layout":"","ast-disable-related-posts":"","theme-transparent-header-meta":"default","adv-header-id-meta":"","stick-header-meta":"","header-above-stick-meta":"","header-main-stick-meta":"","header-below-stick-meta":"","astra-migrate-meta-layouts":"set","ast-page-background-enabled":"default","ast-page-background-meta":{"desktop":{"background-color":"var(--ast-global-color-5)","background-image":"","background-repeat":"repeat","background-position":"center center","background-size":"auto","background-attachment":"scroll","background-type":"","background-media":"","overlay-type":"","overlay-color":"","overlay-opacity":"","overlay-gradient":""},"tablet":{"background-color":"","background-image":"","background-repeat":"repeat","background-position":"center center","background-size":"auto","background-attachment":"scroll","background-type":"","background-media":"","overlay-type":"","overlay-color":"","overlay-opacity":"","overlay-gradient":""},"mobile":{"background-color":"","background-image":"","background-repeat":"repeat","background-position":"center center","background-size":"auto","background-attachment":"scroll","background-type":"","background-media":"","overlay-type":"","overlay-color":"","overlay-opacity":"","overlay-gradient":""}},"ast-content-background-meta":{"desktop":{"background-color":"var(--ast-global-color-4)","background-image":"","background-repeat":"repeat","background-position":"center center","background-size":"auto","background-attachment":"scroll","background-type":"","background-media":"","overlay-type":"","overlay-color":"","overlay-opacity":"","overlay-gradient":""},"tablet":{"background-color":"var(--ast-global-color-4)","background-image":"","background-repeat":"repeat","background-position":"center center","background-size":"auto","background-attachment":"scroll","background-type":"","background-media":"","overlay-type":"","overlay-color":"","overlay-opacity":"","overlay-gradient":""},"mobile":{"background-color":"var(--ast-global-color-4)","background-image":"","background-repeat":"repeat","background-position":"center center","background-size":"auto","background-attachment":"scroll","background-type":"","background-media":"","overlay-type":"","overlay-color":"","overlay-opacity":"","overlay-gradient":""}}},"product_brand":[],"product_cat":[59,72,62,57],"product_tag":[190,204],"class_list":{"0":"post-5667","1":"product","2":"type-product","3":"status-publish","4":"has-post-thumbnail","6":"product_cat-glass-dropper-bottles","7":"product_cat-cosmetic-packaging","8":"product_cat-cosmetic-containers","9":"product_cat-essential-oil-bottles","10":"product_tag-cosmetic-pots-with-lids","11":"product_tag-frosted-cosmetic-jars","12":"desktop-align-left","13":"tablet-align-left","14":"mobile-align-left","16":"first","17":"instock","18":"shipping-taxable","19":"product-type-simple"},"acf":[],"jetpack_sharing_enabled":true,"_links":{"self":[{"href":"https:\/\/theperfumebottles.com\/tr\/wp-json\/wp\/v2\/product\/5667","targetHints":{"allow":["GET"]}}],"collection":[{"href":"https:\/\/theperfumebottles.com\/tr\/wp-json\/wp\/v2\/product"}],"about":[{"href":"https:\/\/theperfumebottles.com\/tr\/wp-json\/wp\/v2\/types\/product"}],"replies":[{"embeddable":true,"href":"https:\/\/theperfumebottles.com\/tr\/wp-json\/wp\/v2\/comments?post=5667"}],"wp:featuredmedia":[{"embeddable":true,"href":"https:\/\/theperfumebottles.com\/tr\/wp-json\/wp\/v2\/media\/7569"}],"wp:attachment":[{"href":"https:\/\/theperfumebottles.com\/tr\/wp-json\/wp\/v2\/media?parent=5667"}],"wp:term":[{"taxonomy":"product_brand","embeddable":true,"href":"https:\/\/theperfumebottles.com\/tr\/wp-json\/wp\/v2\/product_brand?post=5667"},{"taxonomy":"product_cat","embeddable":true,"href":"https:\/\/theperfumebottles.com\/tr\/wp-json\/wp\/v2\/product_cat?post=5667"},{"taxonomy":"product_tag","embeddable":true,"href":"https:\/\/theperfumebottles.com\/tr\/wp-json\/wp\/v2\/product_tag?post=5667"}],"curies":[{"name":"wp","href":"https:\/\/api.w.org\/{rel}","templated":true}]}}