{"id":5703,"date":"2025-08-15T18:02:59","date_gmt":"2025-08-15T10:02:59","guid":{"rendered":"https:\/\/theperfumebottles.com\/?post_type=product&#038;p=5703"},"modified":"2026-04-01T12:43:35","modified_gmt":"2026-04-01T04:43:35","slug":"wholesale-empty-dropper-bottle-with-purple-press-dropper","status":"publish","type":"product","link":"https:\/\/theperfumebottles.com\/tr\/urun\/wholesale-empty-dropper-bottle-with-purple-press-dropper\/","title":{"rendered":"Toptan 25 ml Bo\u015f Damlal\u0131kl\u0131 \u015ei\u015fe Mor Bas\u0131n\u00e7l\u0131 Damlal\u0131kl\u0131"},"content":{"rendered":"<p>Sadece toptan m\u00fc\u015fteriler i\u00e7in tasarlanan bu bo\u015f damlal\u0131kl\u0131 \u015fi\u015fe, birinci s\u0131n\u0131f camdan \u00fcretilmi\u015ftir ve sade, damla \u015feklindeki bir sil\u00fcete sahiptir. Temiz \u015fi\u015fe, u\u00e7ucu ya\u011f\u0131n\u0131z\u0131n safl\u0131\u011f\u0131n\u0131 vurgular ve \u015f\u0131k k\u0131rm\u0131z\u0131 damlal\u0131k kapa\u011f\u0131, kolay eri\u015fim ve g\u00fcvenli saklama sa\u011flayarak u\u00e7ucu ya\u011f veya tent\u00fcr koleksiyonunuza uygun bir katk\u0131 sa\u011flar.<\/p>\n<h2>Temel \u00d6zellikler<\/h2>\n<table style=\"border-collapse: collapse; margin-left: auto; margin-right: auto; width: 80%;\" border=\"0\" width=\"458\" cellspacing=\"0\" cellpadding=\"0\">\n<tbody>\n<tr style=\"height: 13.50pt;\">\n<td style=\"height: 13.50pt; width: 81.00pt;\" width=\"108\" height=\"18\">\u00d6zellik<\/td>\n<td style=\"width: 262.50pt;\" width=\"350\">Detay<\/td>\n<\/tr>\n<tr style=\"height: 13.50pt;\">\n<td style=\"height: 13.50pt;\" height=\"18\">Kapasite<\/td>\n<td>25 ml<\/td>\n<\/tr>\n<tr style=\"height: 13.50pt;\">\n<td style=\"height: 13.50pt;\" height=\"18\">Malzeme<\/td>\n<td>Y\u00fcksek kaliteli cam<\/td>\n<\/tr>\n<tr style=\"height: 13.50pt;\">\n<td style=\"height: 13.50pt;\" height=\"18\">\u015ei\u015fe Tipi<\/td>\n<td>Damlal\u0131kl\u0131 cam \u015fi\u015feler<\/td>\n<\/tr>\n<tr style=\"height: 13.50pt;\">\n<td style=\"height: 13.50pt;\" height=\"18\">Kapan\u0131\u015f<\/td>\n<td>Mor Damlal\u0131kl\u0131 Kapak (renk \u00f6zelle\u015ftirilebilir)<\/td>\n<\/tr>\n<tr style=\"height: 13.50pt;\">\n<td style=\"height: 13.50pt;\" height=\"18\">Sona ermek<\/td>\n<td>Buzlu cam se\u00e7ene\u011fiyle \u015feffaf cam<\/td>\n<\/tr>\n<tr style=\"height: 13.50pt;\">\n<td style=\"height: 13.50pt;\" height=\"18\">\u0130deal \u0130\u00e7in<\/td>\n<td>Esansiyel ya\u011f, Sa\u00e7 Ya\u011f\u0131, Y\u00fcz Ya\u011f\u0131, Serum<\/td>\n<\/tr>\n<\/tbody>\n<\/table>\n<h2>Ger\u00e7ek D\u00fcnya Ba\u015far\u0131s\u0131: Bir Cilt Bak\u0131m\u0131 Giri\u015fimi Nas\u0131l Ba\u015far\u0131l\u0131 Oldu?<\/h2>\n<p>Bir logo, yepyeni bir y\u00fcz serumu serisinin lansman\u0131n\u0131 ba\u015flatt\u0131. Y\u00fcksek kaliteli g\u00f6r\u00fcnen ancak uygun fiyatl\u0131 bo\u015f damlal\u0131kl\u0131 \u015fi\u015feler istediler. Birka\u00e7 se\u00e7ene\u011fi denedikten sonra 25 ml&#039;lik cam \u015fi\u015felerimizi se\u00e7tiler ve damlal\u0131\u011f\u0131n rengini logonun mor rengine uyacak \u015fekilde \u00f6zelle\u015ftirdiler - sonu\u00e7? M\u00fc\u015fteriler, \u015f\u0131k dokunu\u015ftan \u00f6vg\u00fcyle bahsetti. \u015ei\u015fe, t\u00fcm nakliye s\u00fcreci boyunca tek bir s\u0131z\u0131nt\u0131 olmadan sa\u011flam kald\u0131. \u015eimdi \u00fc\u00e7 kez yeniden sipari\u015f verdiler ve t\u00fcm \u00fcr\u00fcn serileri i\u00e7in kullan\u0131yorlar.<\/p>\n<h2>Damlal\u0131\u011f\u0131n\u0131z\u0131 ki\u015fiselle\u015ftirmek mi istiyorsunuz?<\/h2>\n<p>\u0130\u015fte bu kutuyu ger\u00e7ekten kendinize ait hale getirmenin yolu:<\/p>\n<ul>\n<li>Mor damlal\u0131\u011f\u0131 siyah, alt\u0131n veya mat u\u00e7la de\u011fi\u015ftirin; l\u00fcks \u00fcreticiler i\u00e7in en iyisi.<\/li>\n<li>Yumu\u015fak, spa benzeri bir his i\u00e7in buzlu cam kullan\u0131n; rahatlat\u0131c\u0131 ya\u011f kar\u0131\u015f\u0131mlar\u0131 i\u00e7in idealdir.<\/li>\n<li>Ekstra kaplamalar m\u0131 ar\u0131yorsunuz? S\u0131cak damgalama, serigrafi bask\u0131, kaplama, buzlanma, \u00e7\u0131kartma, kaplama, etiketleme ve daha fazlas\u0131n\u0131 sa\u011fl\u0131yoruz.<\/li>\n<\/ul>\n<p>\u0130ster 1.000 ister 10.000 cihaz isteyin, \u00f6l\u00e7eklendirmenize olanak sa\u011fl\u0131yoruz. Bu cam damlal\u0131kl\u0131 \u015fi\u015feler sadece bir alandan \u00e7ok daha fazlas\u0131d\u0131r; \u00fcr\u00fcn\u00fcn\u00fcz\u00fcn ilk etkisidir. Neden \u00f6d\u00fcn veresiniz ki? Birinci s\u0131n\u0131f bo\u015f damlal\u0131kl\u0131 \u015fi\u015felerimizi bug\u00fcn sat\u0131n al\u0131n ve markan\u0131za hak etti\u011fi g\u00fcvenli\u011fi, hassasiyeti ve inceli\u011fi kazand\u0131r\u0131n.<\/p>","protected":false},"excerpt":{"rendered":"<p>Toplu halde bo\u015f damlal\u0131kl\u0131 \u015fi\u015fe ve damlal\u0131kl\u0131 ya\u011f \u015fi\u015fesi, u\u00e7ucu ya\u011flar, serumlar ve kozmetik ambalajlar\u0131 i\u00e7in m\u00fckemmeldir. \u00d6zel markalama mevcuttur.<\/p>","protected":false},"featured_media":5704,"comment_status":"closed","ping_status":"closed","template":"","meta":{"_acf_changed":false,"site-sidebar-layout":"default","site-content-layout":"","ast-site-content-layout":"default","site-content-style":"default","site-sidebar-style":"default","ast-global-header-display":"","ast-banner-title-visibility":"","ast-main-header-display":"","ast-hfb-above-header-display":"","ast-hfb-below-header-display":"","ast-hfb-mobile-header-display":"","site-post-title":"","ast-breadcrumbs-content":"","ast-featured-img":"","footer-sml-layout":"","ast-disable-related-posts":"","theme-transparent-header-meta":"default","adv-header-id-meta":"","stick-header-meta":"","header-above-stick-meta":"","header-main-stick-meta":"","header-below-stick-meta":"","astra-migrate-meta-layouts":"set","ast-page-background-enabled":"default","ast-page-background-meta":{"desktop":{"background-color":"var(--ast-global-color-5)","background-image":"","background-repeat":"repeat","background-position":"center center","background-size":"auto","background-attachment":"scroll","background-type":"","background-media":"","overlay-type":"","overlay-color":"","overlay-opacity":"","overlay-gradient":""},"tablet":{"background-color":"","background-image":"","background-repeat":"repeat","background-position":"center center","background-size":"auto","background-attachment":"scroll","background-type":"","background-media":"","overlay-type":"","overlay-color":"","overlay-opacity":"","overlay-gradient":""},"mobile":{"background-color":"","background-image":"","background-repeat":"repeat","background-position":"center center","background-size":"auto","background-attachment":"scroll","background-type":"","background-media":"","overlay-type":"","overlay-color":"","overlay-opacity":"","overlay-gradient":""}},"ast-content-background-meta":{"desktop":{"background-color":"var(--ast-global-color-4)","background-image":"","background-repeat":"repeat","background-position":"center center","background-size":"auto","background-attachment":"scroll","background-type":"","background-media":"","overlay-type":"","overlay-color":"","overlay-opacity":"","overlay-gradient":""},"tablet":{"background-color":"var(--ast-global-color-4)","background-image":"","background-repeat":"repeat","background-position":"center center","background-size":"auto","background-attachment":"scroll","background-type":"","background-media":"","overlay-type":"","overlay-color":"","overlay-opacity":"","overlay-gradient":""},"mobile":{"background-color":"var(--ast-global-color-4)","background-image":"","background-repeat":"repeat","background-position":"center center","background-size":"auto","background-attachment":"scroll","background-type":"","background-media":"","overlay-type":"","overlay-color":"","overlay-opacity":"","overlay-gradient":""}}},"product_brand":[],"product_cat":[59,72,62,57],"product_tag":[190,204],"class_list":{"0":"post-5703","1":"product","2":"type-product","3":"status-publish","4":"has-post-thumbnail","6":"product_cat-glass-dropper-bottles","7":"product_cat-cosmetic-packaging","8":"product_cat-cosmetic-containers","9":"product_cat-essential-oil-bottles","10":"product_tag-cosmetic-pots-with-lids","11":"product_tag-frosted-cosmetic-jars","12":"desktop-align-left","13":"tablet-align-left","14":"mobile-align-left","16":"first","17":"instock","18":"shipping-taxable","19":"product-type-simple"},"acf":[],"jetpack_sharing_enabled":true,"_links":{"self":[{"href":"https:\/\/theperfumebottles.com\/tr\/wp-json\/wp\/v2\/product\/5703","targetHints":{"allow":["GET"]}}],"collection":[{"href":"https:\/\/theperfumebottles.com\/tr\/wp-json\/wp\/v2\/product"}],"about":[{"href":"https:\/\/theperfumebottles.com\/tr\/wp-json\/wp\/v2\/types\/product"}],"replies":[{"embeddable":true,"href":"https:\/\/theperfumebottles.com\/tr\/wp-json\/wp\/v2\/comments?post=5703"}],"wp:featuredmedia":[{"embeddable":true,"href":"https:\/\/theperfumebottles.com\/tr\/wp-json\/wp\/v2\/media\/5704"}],"wp:attachment":[{"href":"https:\/\/theperfumebottles.com\/tr\/wp-json\/wp\/v2\/media?parent=5703"}],"wp:term":[{"taxonomy":"product_brand","embeddable":true,"href":"https:\/\/theperfumebottles.com\/tr\/wp-json\/wp\/v2\/product_brand?post=5703"},{"taxonomy":"product_cat","embeddable":true,"href":"https:\/\/theperfumebottles.com\/tr\/wp-json\/wp\/v2\/product_cat?post=5703"},{"taxonomy":"product_tag","embeddable":true,"href":"https:\/\/theperfumebottles.com\/tr\/wp-json\/wp\/v2\/product_tag?post=5703"}],"curies":[{"name":"wp","href":"https:\/\/api.w.org\/{rel}","templated":true}]}}