{"id":5708,"date":"2025-08-15T18:02:38","date_gmt":"2025-08-15T10:02:38","guid":{"rendered":"https:\/\/theperfumebottles.com\/?post_type=product&#038;p=5708"},"modified":"2026-04-01T12:41:20","modified_gmt":"2026-04-01T04:41:20","slug":"wholesale-clear-glass-oil-dropper-bottle-for-essential-oils","status":"publish","type":"product","link":"https:\/\/theperfumebottles.com\/tr\/urun\/wholesale-clear-glass-oil-dropper-bottle-for-essential-oils\/","title":{"rendered":"15 ml - 120 ml \u015eeffaf Cam Ya\u011f Damlal\u0131kl\u0131 \u015ei\u015feler Toptan Sat\u0131\u015f"},"content":{"rendered":"<p>Bu s\u0131radan bir damlal\u0131kl\u0131 \u015fi\u015fe de\u011fil. Toptan al\u0131c\u0131lar i\u00e7in tasarlanm\u0131\u015f damlal\u0131kl\u0131 cam \u015fi\u015felerden olu\u015fan eksiksiz bir koleksiyonun par\u00e7as\u0131. Her \u015feyi yapan cam damlal\u0131kl\u0131 \u015fi\u015feyle tan\u0131\u015f\u0131n: temiz \u00e7izgiler, kompakt silindir \u015fekli ve \u00fcr\u00fcn\u00fcn\u00fcz\u00fc sergileyen kristal berrakl\u0131\u011f\u0131nda cam. G\u00f6steri\u015fsiz. Kusursuz. Hassas kontrol ve profesyonel g\u00f6r\u00fcn\u00fcme \u00f6nem veren u\u00e7ucu ya\u011f, tent\u00fcr ve serum markalar\u0131 i\u00e7in \u00fcretilmi\u015f g\u00fcvenilir bir kap.<\/p>\n<h2>Temel \u00d6zellikler<\/h2>\n<table style=\"border-collapse: collapse; margin-left: auto; margin-right: auto; width: 80%;\" border=\"0\" width=\"473\" cellspacing=\"0\" cellpadding=\"0\">\n<tbody>\n<tr style=\"height: 13.50pt;\">\n<td style=\"height: 13.50pt; width: 107.25pt;\" width=\"143\" height=\"18\">\u00d6zellik<\/td>\n<td style=\"width: 247.50pt;\" width=\"330\">Detay<\/td>\n<\/tr>\n<tr style=\"height: 13.50pt;\">\n<td style=\"height: 13.50pt;\" height=\"18\">Kapasite Se\u00e7enekleri<\/td>\n<td>15ml, 30ml, 60ml, 100ml, 120ml<\/td>\n<\/tr>\n<tr style=\"height: 13.50pt;\">\n<td style=\"height: 13.50pt;\" height=\"18\">Malzeme<\/td>\n<td>Y\u00fcksek kaliteli cam<\/td>\n<\/tr>\n<tr style=\"height: 13.50pt;\">\n<td style=\"height: 13.50pt;\" height=\"18\">\u015ei\u015fe Tipi<\/td>\n<td>Cam damlal\u0131kl\u0131 \u015fi\u015feler toptan sat\u0131\u015f<\/td>\n<\/tr>\n<tr style=\"height: 13.50pt;\">\n<td style=\"height: 13.50pt;\" height=\"18\">\u015eekil<\/td>\n<td>Silindirik, \u015feffaf g\u00f6vde<\/td>\n<\/tr>\n<tr style=\"height: 13.50pt;\">\n<td style=\"height: 13.50pt;\" height=\"18\">Kapan\u0131\u015f<\/td>\n<td>Damlal\u0131kl\u0131 kapak (renk \u00f6zelle\u015ftirilebilir)<\/td>\n<\/tr>\n<tr style=\"height: 13.50pt;\">\n<td style=\"height: 13.50pt;\" height=\"18\">Sona ermek<\/td>\n<td>\u015eeffaf cam (donuk cam se\u00e7ene\u011fi mevcuttur)<\/td>\n<\/tr>\n<tr style=\"height: 13.50pt;\">\n<td style=\"height: 13.50pt;\" height=\"18\">\u0130deal \u0130\u00e7in<\/td>\n<td>Esansiyel ya\u011f, tent\u00fcr, s\u0131v\u0131 \u00f6zler<\/td>\n<\/tr>\n<\/tbody>\n<\/table>\n<h2>Ba\u015far\u0131 \u00d6yk\u00fcs\u00fc: Mutfak Laboratuvar\u0131ndan Ulusal Perakendeye<\/h2>\n<p>K\u00fc\u00e7\u00fck bir bitkisel sa\u011fl\u0131k markas\u0131 ba\u015flang\u0131\u00e7ta evde tent\u00fcr \u00fcretiyordu. Rastgele bo\u015f mini damlal\u0131kl\u0131 \u015fi\u015feler kullan\u0131yorlard\u0131, ancak bunlar genellikle s\u0131zd\u0131r\u0131yor, etiketleri soyuluyor ve g\u00f6r\u00fcn\u00fcmleri tutars\u0131zd\u0131. Daha sonra, tarzlar\u0131na uygun \u00f6zel koyu ye\u015fil kapakl\u0131 30 ml ve 60 ml boyutlar\u0131nda ya\u011f damlal\u0131kl\u0131 \u015fi\u015felerimize ge\u00e7tiler. Sadece sekiz ay i\u00e7inde \u00fc\u00e7 b\u00fcy\u00fck zincir ma\u011fazada stoklar\u0131 doldu. G\u00fcn\u00fcm\u00fczde toptan cam damlal\u0131kl\u0131 \u015fi\u015felere g\u00fcveniyorlar ve \u00fcr\u00fcn yelpazelerini serumlar, u\u00e7ucu ya\u011f kar\u0131\u015f\u0131mlar\u0131 ve daha fazlas\u0131n\u0131 i\u00e7erecek \u015fekilde geni\u015flettiler.<\/p>\n<h2>\u00dcr\u00fcnlerinizi \u00f6zelle\u015ftirmek mi istiyorsunuz?<\/h2>\n<p>Sadece trendleri takip etmeyin, onlar\u0131 siz belirleyin.<\/p>\n<ul>\n<li>Yumu\u015fak ve kaliteli bir his i\u00e7in mat bir biti\u015f deneyin; spa veya l\u00fcks esansiyel ya\u011f koleksiyonlar\u0131n\u0131z i\u00e7in m\u00fckemmeldir.<\/li>\n<li>15 ml&#039;lik \u015fi\u015fe, numuneler veya seyahat setleri i\u00e7in m\u00fckemmeldir. 120 ml&#039;lik \u015fi\u015fe ise su istasyonunda veya g\u00fczellik salonunda toplu kullan\u0131m i\u00e7in idealdir.<\/li>\n<li>Markan\u0131za uyacak \u015fekilde kapa\u011f\u0131n rengini \u00f6zelle\u015ftirin: pembe, bak\u0131r, mat siyah ve daha fazlas\u0131.<\/li>\n<\/ul>\n<p>Bunlar sadece cam \u015fi\u015feler de\u011fil, logonuzun sessiz el\u00e7ileridir. \u0130ster yepyeni bir tent\u00fcr \u00fcr\u00fcn serisi piyasaya s\u00fcr\u00fcyor olun, ister ambalaj\u0131n\u0131z\u0131 geni\u015fletiyor olun, size uzun \u00f6m\u00fcrl\u00fc ve estetik a\u00e7\u0131dan g\u00f6z al\u0131c\u0131, dikkat \u00e7ekici ambalajlar sunaca\u011f\u0131z.<\/p>","protected":false},"excerpt":{"rendered":"<p>Toptan cam damlal\u0131kl\u0131 \u015fi\u015feler, toplu kozmetik, u\u00e7ucu ya\u011f ve cilt bak\u0131m\u0131 ambalajlar\u0131 i\u00e7in ideal ya\u011f damlal\u0131kl\u0131 \u015fi\u015feler.<\/p>","protected":false},"featured_media":5711,"comment_status":"closed","ping_status":"closed","template":"","meta":{"_acf_changed":false,"site-sidebar-layout":"default","site-content-layout":"","ast-site-content-layout":"default","site-content-style":"default","site-sidebar-style":"default","ast-global-header-display":"","ast-banner-title-visibility":"","ast-main-header-display":"","ast-hfb-above-header-display":"","ast-hfb-below-header-display":"","ast-hfb-mobile-header-display":"","site-post-title":"","ast-breadcrumbs-content":"","ast-featured-img":"","footer-sml-layout":"","ast-disable-related-posts":"","theme-transparent-header-meta":"default","adv-header-id-meta":"","stick-header-meta":"","header-above-stick-meta":"","header-main-stick-meta":"","header-below-stick-meta":"","astra-migrate-meta-layouts":"set","ast-page-background-enabled":"default","ast-page-background-meta":{"desktop":{"background-color":"var(--ast-global-color-5)","background-image":"","background-repeat":"repeat","background-position":"center center","background-size":"auto","background-attachment":"scroll","background-type":"","background-media":"","overlay-type":"","overlay-color":"","overlay-opacity":"","overlay-gradient":""},"tablet":{"background-color":"","background-image":"","background-repeat":"repeat","background-position":"center center","background-size":"auto","background-attachment":"scroll","background-type":"","background-media":"","overlay-type":"","overlay-color":"","overlay-opacity":"","overlay-gradient":""},"mobile":{"background-color":"","background-image":"","background-repeat":"repeat","background-position":"center center","background-size":"auto","background-attachment":"scroll","background-type":"","background-media":"","overlay-type":"","overlay-color":"","overlay-opacity":"","overlay-gradient":""}},"ast-content-background-meta":{"desktop":{"background-color":"var(--ast-global-color-4)","background-image":"","background-repeat":"repeat","background-position":"center center","background-size":"auto","background-attachment":"scroll","background-type":"","background-media":"","overlay-type":"","overlay-color":"","overlay-opacity":"","overlay-gradient":""},"tablet":{"background-color":"var(--ast-global-color-4)","background-image":"","background-repeat":"repeat","background-position":"center center","background-size":"auto","background-attachment":"scroll","background-type":"","background-media":"","overlay-type":"","overlay-color":"","overlay-opacity":"","overlay-gradient":""},"mobile":{"background-color":"var(--ast-global-color-4)","background-image":"","background-repeat":"repeat","background-position":"center center","background-size":"auto","background-attachment":"scroll","background-type":"","background-media":"","overlay-type":"","overlay-color":"","overlay-opacity":"","overlay-gradient":""}}},"product_brand":[],"product_cat":[59,72,62,57],"product_tag":[190,204],"class_list":{"0":"post-5708","1":"product","2":"type-product","3":"status-publish","4":"has-post-thumbnail","6":"product_cat-glass-dropper-bottles","7":"product_cat-cosmetic-packaging","8":"product_cat-cosmetic-containers","9":"product_cat-essential-oil-bottles","10":"product_tag-cosmetic-pots-with-lids","11":"product_tag-frosted-cosmetic-jars","12":"desktop-align-left","13":"tablet-align-left","14":"mobile-align-left","16":"first","17":"instock","18":"shipping-taxable","19":"product-type-simple"},"acf":[],"jetpack_sharing_enabled":true,"_links":{"self":[{"href":"https:\/\/theperfumebottles.com\/tr\/wp-json\/wp\/v2\/product\/5708","targetHints":{"allow":["GET"]}}],"collection":[{"href":"https:\/\/theperfumebottles.com\/tr\/wp-json\/wp\/v2\/product"}],"about":[{"href":"https:\/\/theperfumebottles.com\/tr\/wp-json\/wp\/v2\/types\/product"}],"replies":[{"embeddable":true,"href":"https:\/\/theperfumebottles.com\/tr\/wp-json\/wp\/v2\/comments?post=5708"}],"wp:featuredmedia":[{"embeddable":true,"href":"https:\/\/theperfumebottles.com\/tr\/wp-json\/wp\/v2\/media\/5711"}],"wp:attachment":[{"href":"https:\/\/theperfumebottles.com\/tr\/wp-json\/wp\/v2\/media?parent=5708"}],"wp:term":[{"taxonomy":"product_brand","embeddable":true,"href":"https:\/\/theperfumebottles.com\/tr\/wp-json\/wp\/v2\/product_brand?post=5708"},{"taxonomy":"product_cat","embeddable":true,"href":"https:\/\/theperfumebottles.com\/tr\/wp-json\/wp\/v2\/product_cat?post=5708"},{"taxonomy":"product_tag","embeddable":true,"href":"https:\/\/theperfumebottles.com\/tr\/wp-json\/wp\/v2\/product_tag?post=5708"}],"curies":[{"name":"wp","href":"https:\/\/api.w.org\/{rel}","templated":true}]}}