{"id":6177,"date":"2025-09-08T14:09:26","date_gmt":"2025-09-08T06:09:26","guid":{"rendered":"https:\/\/theperfumebottles.com\/?post_type=product&#038;p=6177"},"modified":"2025-09-08T14:09:29","modified_gmt":"2025-09-08T06:09:29","slug":"vintage-scent-bottle-10ml-antique-small-perfume-bottles","status":"publish","type":"product","link":"https:\/\/theperfumebottles.com\/tr\/urun\/vintage-scent-bottle-10ml-antique-small-perfume-bottles\/","title":{"rendered":"Vintage Koku \u015ei\u015fesi 10 ml \u2013 Antika K\u00fc\u00e7\u00fck Parf\u00fcm \u015ei\u015feleri"},"content":{"rendered":"<p>Bu vintage parf\u00fcm \u015fi\u015fesi, tek bir kapta saklanan bir \u015fi\u015feden \u00e7ok daha fazlas\u0131; iddial\u0131 bir par\u00e7a. Elma esintili sil\u00fceti, alt\u0131n rengi \u00e7er\u00e7evesi ve \u00e7i\u00e7ek desenli bask\u0131s\u0131yla, tasar\u0131m k\u00f6pr\u00fcleri eski d\u00fcnyan\u0131n sanat\u0131n\u0131 modern parf\u00fcm \u015fi\u015fesiyle birle\u015ftiriyor. Cam parf\u00fcm \u015fi\u015fesi, \u0131\u015f\u0131lt\u0131l\u0131 bir \u00f6rg\u00fc ve g\u00f6r\u00fcn\u00fcm\u00fc tamamlayan \u015feffaf bir kapakla sar\u0131lm\u0131\u015f alt\u0131n rengi bir s\u0131kma ampul\u00fc atmosferine sahip. 10 ml hacmiyle, bir koleksiyonun par\u00e7as\u0131, l\u00fcks parf\u00fcm dekorat\u00f6r\u00fc veya seyahat parf\u00fcm serisinin bir par\u00e7as\u0131 olarak m\u00fckemmel uyum sa\u011fl\u0131yor.<\/p>\n<figure id=\"attachment_6178\" aria-describedby=\"caption-attachment-6178\" style=\"width: 500px\" class=\"wp-caption aligncenter\"><img fetchpriority=\"high\" decoding=\"async\" class=\"wp-image-6178\" src=\"https:\/\/theperfumebottles.com\/wp-content\/uploads\/2025\/09\/antique-small-perfume-bottles-1.webp\" alt=\"antika k\u00fc\u00e7\u00fck parf\u00fcm \u015fi\u015feleri\" width=\"500\" height=\"500\" srcset=\"https:\/\/theperfumebottles.com\/wp-content\/uploads\/2025\/09\/antique-small-perfume-bottles-1.webp 1000w, https:\/\/theperfumebottles.com\/wp-content\/uploads\/2025\/09\/antique-small-perfume-bottles-1-300x300.webp 300w, https:\/\/theperfumebottles.com\/wp-content\/uploads\/2025\/09\/antique-small-perfume-bottles-1-150x150.webp 150w, https:\/\/theperfumebottles.com\/wp-content\/uploads\/2025\/09\/antique-small-perfume-bottles-1-768x768.webp 768w, https:\/\/theperfumebottles.com\/wp-content\/uploads\/2025\/09\/antique-small-perfume-bottles-1-12x12.webp 12w, https:\/\/theperfumebottles.com\/wp-content\/uploads\/2025\/09\/antique-small-perfume-bottles-1-600x600.webp 600w, https:\/\/theperfumebottles.com\/wp-content\/uploads\/2025\/09\/antique-small-perfume-bottles-1-100x100.webp 100w\" sizes=\"(max-width: 500px) 100vw, 500px\" \/><figcaption id=\"caption-attachment-6178\" class=\"wp-caption-text\">antika k\u00fc\u00e7\u00fck parf\u00fcm \u015fi\u015feleri<\/figcaption><\/figure>\n<p>Bir marka sahibi veya kurumsal m\u00fc\u015fteriyseniz, sadece cam \u015fi\u015felere de\u011fil, ayn\u0131 zamanda hikaye anlatan bir ambalaja da ihtiyac\u0131n\u0131z var. Profesyonel bir \u00fcretici olarak, \u00f6zel \u015fi\u015feler \u00fcretmenize, benzersiz renkler se\u00e7menize ve koku konseptinize uygun kapak veya atomizer tasarlaman\u0131za yard\u0131mc\u0131 oluyoruz. \u0130ster test i\u00e7in tek bir numune, ister toptan sipari\u015f isteyin, d\u00fcnya \u00e7ap\u0131nda g\u00fcvenilir kargo se\u00e7enekleriyle esnek se\u00e7enekler sunuyoruz.<\/p>\n<h2>\u00d6zellikler<\/h2>\n<table style=\"border-collapse: collapse; width: 361.52pt;\" border=\"0\" width=\"482\" cellspacing=\"0\" cellpadding=\"0\">\n<tbody>\n<tr style=\"height: 13.50pt;\">\n<td style=\"height: 13.50pt; width: 89.25pt;\" width=\"119\" height=\"18\">Kapasite<\/td>\n<td style=\"width: 272.25pt;\" width=\"363\">10 ml<\/td>\n<\/tr>\n<tr style=\"height: 13.50pt;\">\n<td style=\"height: 13.50pt;\" height=\"18\">\u015eekil<\/td>\n<td>Apple&#039;dan ilham alan d\u00fczensiz<\/td>\n<\/tr>\n<tr style=\"height: 13.50pt;\">\n<td style=\"height: 13.50pt;\" height=\"18\">Stil<\/td>\n<td>Vintage \/ Antika<\/td>\n<\/tr>\n<tr style=\"height: 13.50pt;\">\n<td style=\"height: 13.50pt;\" height=\"18\">Malzeme<\/td>\n<td>Kristal cam + elektrolizle kaplanm\u0131\u015f al\u00fcminyum<\/td>\n<\/tr>\n<tr style=\"height: 13.50pt;\">\n<td style=\"height: 13.50pt;\" height=\"18\">Sona ermek<\/td>\n<td>\u00d6zelle\u015ftirilebilir y\u00fczey i\u015flemi<\/td>\n<\/tr>\n<tr style=\"height: 13.50pt;\">\n<td style=\"height: 13.50pt;\" height=\"18\">\u015ei\u015fe Bo\u011faz\u0131<\/td>\n<td>Vida<\/td>\n<\/tr>\n<tr style=\"height: 13.50pt;\">\n<td style=\"height: 13.50pt;\" height=\"18\">\u015eapka<\/td>\n<td>Alt\u0131n s\u0131kma ampul atomizer + pompa<\/td>\n<\/tr>\n<tr style=\"height: 13.50pt;\">\n<td style=\"height: 13.50pt;\" height=\"18\">Boyut<\/td>\n<td>40mm \u00d7 71mm \/ 40mm \u00d7 83mm<\/td>\n<\/tr>\n<tr style=\"height: 13.50pt;\">\n<td style=\"height: 13.50pt;\" height=\"18\">Renk<\/td>\n<td>Alt\u0131n (\u00f6zel se\u00e7enekler mevcuttur)<\/td>\n<\/tr>\n<tr style=\"height: 13.50pt;\">\n<td style=\"height: 13.50pt;\" height=\"18\">Ambalajlama<\/td>\n<td>\u00d6zel parf\u00fcm \u015fi\u015fesi ambalaj\u0131 mevcuttur<\/td>\n<\/tr>\n<\/tbody>\n<\/table>\n<h2>Ba\u015far\u0131 vakas\u0131<\/h2>\n<p>Avrupal\u0131 \u200b\u200bbir parf\u00fcm \u015firketi, zanaatkar\u0131 kadar \u00f6zg\u00fcn g\u00f6r\u00fcnen, yeni nesil \u015fi\u015feler istiyordu. Koyu k\u0131rm\u0131z\u0131 s\u0131k\u0131lm\u0131\u015f ampull\u00fc ve mat alt\u0131n kapakl\u0131 antika k\u00fc\u00e7\u00fck parf\u00fcm \u015fi\u015felerimizi se\u00e7tiler. Zarif tasar\u0131m\u0131, lansman koleksiyonunu butik perakendeciler aras\u0131nda ilgi oda\u011f\u0131 haline getirdi. \u0130lk \u00e7eyrekte, yurti\u00e7i ve yurtd\u0131\u015f\u0131ndaki bir\u00e7ok l\u00fcks ma\u011fazada m\u00fc\u015fteri edindiler ve toptan sipari\u015fleri h\u0131zla ikiye katland\u0131.<\/p>\n<h2>Uyum ipu\u00e7lar\u0131<\/h2>\n<p>Bir parf\u00fcm yarat\u0131rken, parf\u00fcm \u015fi\u015fesi ambalaj\u0131 parf\u00fcm\u00fcn ki\u015fili\u011fini yans\u0131tmal\u0131d\u0131r. Parf\u00fcm\u00fcn\u00fcz hafif ve \u00e7i\u00e7eksiyse, \u015feffaf kapakl\u0131 pastel atmosfer tonlar\u0131n\u0131 tercih edin. Cesur, odunsu notalar i\u00e7in koyu ampuller ve metal kaplama tercih edin. \u00d6nce bir numune sipari\u015f etmekten \u00e7ekinmeyin; test, toplu \u00fcretime ge\u00e7meden \u00f6nce do\u011fru uyumu bulman\u0131za yard\u0131mc\u0131 olur. Esnek \u00f6zel se\u00e7eneklerle, hem l\u00fcks hem de ki\u015fisel bir his uyand\u0131ran bir ambalaj tasarlamak i\u00e7in ihtiyac\u0131n\u0131z olan her \u015feye sahipsiniz.<\/p>","protected":false},"excerpt":{"rendered":"<p>Antika k\u00fc\u00e7\u00fck parf\u00fcm \u015fi\u015felerini ke\u015ffedin 10 ml. Atomizerli, \u00f6zel ambalajl\u0131, toptan ve toplu sipari\u015flerle \u015f\u0131k vintage koku \u015fi\u015feleri mevcuttur.<\/p>","protected":false},"featured_media":6182,"comment_status":"closed","ping_status":"closed","template":"","meta":{"_acf_changed":false,"site-sidebar-layout":"default","site-content-layout":"","ast-site-content-layout":"default","site-content-style":"default","site-sidebar-style":"default","ast-global-header-display":"","ast-banner-title-visibility":"","ast-main-header-display":"","ast-hfb-above-header-display":"","ast-hfb-below-header-display":"","ast-hfb-mobile-header-display":"","site-post-title":"","ast-breadcrumbs-content":"","ast-featured-img":"","footer-sml-layout":"","ast-disable-related-posts":"","theme-transparent-header-meta":"default","adv-header-id-meta":"","stick-header-meta":"","header-above-stick-meta":"","header-main-stick-meta":"","header-below-stick-meta":"","astra-migrate-meta-layouts":"set","ast-page-background-enabled":"default","ast-page-background-meta":{"desktop":{"background-color":"var(--ast-global-color-5)","background-image":"","background-repeat":"repeat","background-position":"center center","background-size":"auto","background-attachment":"scroll","background-type":"","background-media":"","overlay-type":"","overlay-color":"","overlay-opacity":"","overlay-gradient":""},"tablet":{"background-color":"","background-image":"","background-repeat":"repeat","background-position":"center center","background-size":"auto","background-attachment":"scroll","background-type":"","background-media":"","overlay-type":"","overlay-color":"","overlay-opacity":"","overlay-gradient":""},"mobile":{"background-color":"","background-image":"","background-repeat":"repeat","background-position":"center center","background-size":"auto","background-attachment":"scroll","background-type":"","background-media":"","overlay-type":"","overlay-color":"","overlay-opacity":"","overlay-gradient":""}},"ast-content-background-meta":{"desktop":{"background-color":"var(--ast-global-color-4)","background-image":"","background-repeat":"repeat","background-position":"center center","background-size":"auto","background-attachment":"scroll","background-type":"","background-media":"","overlay-type":"","overlay-color":"","overlay-opacity":"","overlay-gradient":""},"tablet":{"background-color":"var(--ast-global-color-4)","background-image":"","background-repeat":"repeat","background-position":"center center","background-size":"auto","background-attachment":"scroll","background-type":"","background-media":"","overlay-type":"","overlay-color":"","overlay-opacity":"","overlay-gradient":""},"mobile":{"background-color":"var(--ast-global-color-4)","background-image":"","background-repeat":"repeat","background-position":"center center","background-size":"auto","background-attachment":"scroll","background-type":"","background-media":"","overlay-type":"","overlay-color":"","overlay-opacity":"","overlay-gradient":""}}},"product_brand":[],"product_cat":[72,41,73],"product_tag":[],"class_list":{"0":"post-6177","1":"product","2":"type-product","3":"status-publish","4":"has-post-thumbnail","6":"product_cat-cosmetic-packaging","7":"product_cat-perfume-bottles","8":"product_cat-vintage-perfume-bottles","9":"desktop-align-left","10":"tablet-align-left","11":"mobile-align-left","13":"first","14":"instock","15":"shipping-taxable","16":"product-type-simple"},"acf":[],"jetpack_sharing_enabled":true,"_links":{"self":[{"href":"https:\/\/theperfumebottles.com\/tr\/wp-json\/wp\/v2\/product\/6177","targetHints":{"allow":["GET"]}}],"collection":[{"href":"https:\/\/theperfumebottles.com\/tr\/wp-json\/wp\/v2\/product"}],"about":[{"href":"https:\/\/theperfumebottles.com\/tr\/wp-json\/wp\/v2\/types\/product"}],"replies":[{"embeddable":true,"href":"https:\/\/theperfumebottles.com\/tr\/wp-json\/wp\/v2\/comments?post=6177"}],"wp:featuredmedia":[{"embeddable":true,"href":"https:\/\/theperfumebottles.com\/tr\/wp-json\/wp\/v2\/media\/6182"}],"wp:attachment":[{"href":"https:\/\/theperfumebottles.com\/tr\/wp-json\/wp\/v2\/media?parent=6177"}],"wp:term":[{"taxonomy":"product_brand","embeddable":true,"href":"https:\/\/theperfumebottles.com\/tr\/wp-json\/wp\/v2\/product_brand?post=6177"},{"taxonomy":"product_cat","embeddable":true,"href":"https:\/\/theperfumebottles.com\/tr\/wp-json\/wp\/v2\/product_cat?post=6177"},{"taxonomy":"product_tag","embeddable":true,"href":"https:\/\/theperfumebottles.com\/tr\/wp-json\/wp\/v2\/product_tag?post=6177"}],"curies":[{"name":"wp","href":"https:\/\/api.w.org\/{rel}","templated":true}]}}