{"id":6224,"date":"2025-09-09T15:18:04","date_gmt":"2025-09-09T07:18:04","guid":{"rendered":"https:\/\/theperfumebottles.com\/?post_type=product&#038;p=6224"},"modified":"2025-09-12T18:31:49","modified_gmt":"2025-09-12T10:31:49","slug":"bulk-white-pink-gradient-cosmetic-container-set-with-gold-trim","status":"publish","type":"product","link":"https:\/\/theperfumebottles.com\/tr\/urun\/bulk-white-pink-gradient-cosmetic-container-set-with-gold-trim\/","title":{"rendered":"Alt\u0131n Kenarl\u0131 Toplu Beyaz-Pembe Degrade Kozmetik Kutusu Seti"},"content":{"rendered":"<p>Bo\u015f kozmetik ambalaj setlerimiz hem \u015f\u0131kl\u0131k hem de i\u015flevsellik d\u00fc\u015f\u00fcn\u00fclerek tasarlanm\u0131\u015ft\u0131r. Bu zarif kozmetik kap seti, her \u015fi\u015fede zarif bir beyaz-pembe ombre efekti sunar ve l\u00fcks hissi uyand\u0131ran zarif alt\u0131n \u00e7izgilerle vurgulan\u0131r. Bu cam ambalaj seti, farkl\u0131 boyutlarda krem \u200b\u200bkavanozlar\u0131 ve pompal\u0131 \u015fi\u015feler i\u00e7erir.<\/p>\n<h2>Temel \u00d6zellikler<\/h2>\n<table style=\"border-collapse: collapse;margin-left: auto;margin-right: auto;width: 504.02pt\" border=\"0\" width=\"672\" cellspacing=\"0\" cellpadding=\"0\">\n<tbody>\n<tr style=\"height: 13.50pt\">\n<td class=\"et3\" style=\"height: 13.50pt;width: 121.50pt\" width=\"162\" height=\"18\"><strong>Kapasite (ml)<\/strong><\/td>\n<td class=\"et3\" style=\"width: 76.50pt\" width=\"102\"><strong>30<\/strong><\/td>\n<td class=\"et3\" style=\"width: 76.50pt\" width=\"102\"><strong>50<\/strong><\/td>\n<td class=\"et3\" style=\"width: 76.50pt\" width=\"102\"><strong>45<\/strong><\/td>\n<td class=\"et3\" style=\"width: 76.50pt\" width=\"102\"><strong>105<\/strong><\/td>\n<td class=\"et3\" style=\"width: 76.50pt\" width=\"102\"><strong>125<\/strong><\/td>\n<\/tr>\n<tr style=\"height: 13.50pt\">\n<td class=\"et2\" style=\"height: 13.50pt\" height=\"18\">Boyun \u00c7ap\u0131 (mm)<\/td>\n<td class=\"et2\">51<\/td>\n<td class=\"et2\">51<\/td>\n<td class=\"et2\">20<\/td>\n<td class=\"et2\">20<\/td>\n<td class=\"et2\">20<\/td>\n<\/tr>\n<tr style=\"height: 13.50pt\">\n<td class=\"et2\" style=\"height: 13.50pt\" height=\"18\">\u00c7ap (mm)<\/td>\n<td class=\"et2\">63<\/td>\n<td class=\"et2\">63<\/td>\n<td class=\"et2\">45\u00d735<\/td>\n<td class=\"et2\">55\u00d742<\/td>\n<td class=\"et2\">57\u00d742<\/td>\n<\/tr>\n<tr style=\"height: 13.50pt\">\n<td class=\"et2\" style=\"height: 13.50pt\" height=\"18\">\u015ei\u015fe Y\u00fcksekli\u011fi (mm)<\/td>\n<td class=\"et2\">34<\/td>\n<td class=\"et2\">44<\/td>\n<td class=\"et2\">92<\/td>\n<td class=\"et2\">131<\/td>\n<td class=\"et2\">142<\/td>\n<\/tr>\n<tr style=\"height: 13.50pt\">\n<td class=\"et2\" style=\"height: 13.50pt\" height=\"18\">Toplam Y\u00fckseklik (mm)<\/td>\n<td class=\"et2\">50<\/td>\n<td class=\"et2\">60<\/td>\n<td class=\"et2\">127<\/td>\n<td class=\"et2\">167<\/td>\n<td class=\"et2\">177<\/td>\n<\/tr>\n<tr style=\"height: 13.50pt\">\n<td class=\"et2\" style=\"height: 13.50pt\" height=\"18\">Malzeme<\/td>\n<td class=\"et2\" colspan=\"5\">kristal<\/td>\n<\/tr>\n<tr style=\"height: 13.50pt\">\n<td class=\"et2\" style=\"height: 13.50pt\" height=\"18\">\u00f6zel Se\u00e7enekler<\/td>\n<td class=\"et2\" colspan=\"5\">Y\u00fczey i\u015flemi, renk, boyut, \u015fekil, kapak, aksesuarlar<\/td>\n<\/tr>\n<tr style=\"height: 13.50pt\">\n<td class=\"et2\" style=\"height: 13.50pt\" height=\"18\">\u0130deal \u0130\u00e7in<\/td>\n<td class=\"et2\" colspan=\"5\">Cilt bak\u0131m setleri, serumlar, nemlendiriciler, temizleyiciler<\/td>\n<\/tr>\n<\/tbody>\n<\/table>\n<h2>Bir Marka Perakende Yerle\u015fimini Nas\u0131l \u0130ki Kat\u0131na \u00c7\u0131kard\u0131<\/h2>\n<p>Bir g\u00fczellik giri\u015fimi, temizleyici serum ve nemlendiriciden olu\u015fan 3 par\u00e7al\u0131 bir rutin piyasaya s\u00fcr\u00fcyordu. L\u00fcks g\u00f6r\u00fcn\u00fcml\u00fc ancak uygun fiyatl\u0131 bir kozmetik ambalaj setine ihtiya\u00e7lar\u0131 vard\u0131. Sade \u015fekli ve ki\u015fiselle\u015ftirmesi nedeniyle bu cam kozmetik kap setini se\u00e7tiler. Farkl\u0131 \u015fi\u015feler kullanmak yerine, \u00fc\u00e7 \u00fcr\u00fcnde de ayn\u0131 125 ml tasar\u0131m\u0131n\u0131 korudular. Sadece kapak rengini ve etiketi de\u011fi\u015ftirdiler. Sonu\u00e7? L\u00fcks\u00fc hayk\u0131ran, b\u00fct\u00fcnle\u015fik bir g\u00f6r\u00fcn\u00fcm. B\u00f6lgesel bir g\u00fczellik perakendecisindeki al\u0131c\u0131lar bunu hemen fark etti. &#034;L\u00fcks bir spa&#039;da g\u00f6rece\u011finiz t\u00fcrden bir \u015feye benziyor,&#034; dedi biri. 12 ma\u011fazal\u0131k bir pilot uygulama ba\u015flatt\u0131lar. Alt\u0131 ay sonra 48 ma\u011fazaya geni\u015flediler.<\/p>\n<h2>Kozmetik Kap Setini \u00d6zelle\u015ftirin (Etiketi De\u011fil)<\/h2>\n<ul>\n<li>Yumu\u015fak dokunu\u015flu bir kaplama ekleyin - birisi eline ald\u0131\u011f\u0131nda &#034;premium&#034; oldu\u011funu hissettiren kadifemsi bir his verir.<\/li>\n<li>UV \u0131\u015f\u0131nlar\u0131na kar\u015f\u0131 koruyucu renklendirici kullan\u0131n \u2013 kehribar veya mavi cam, \u0131\u015f\u0131\u011fa duyarl\u0131 serumlar\u0131n daha uzun s\u00fcre kal\u0131c\u0131 olmas\u0131n\u0131 sa\u011flar.<\/li>\n<li>Kavisli bir omuz deneyin; g\u00f6r\u00fcn\u00fcm\u00fc yumu\u015fat\u0131r ve yerle\u015ftirildi\u011finde s\u0131v\u0131 ak\u0131\u015f\u0131n\u0131 iyile\u015ftirir.<\/li>\n<li>Mat bir biti\u015f tercih edin; parmak izlerini gizleyin ve modern, minimal bir hava kat\u0131n.<\/li>\n<li>Lazer- Logosunu tamamlar- ayr\u0131cal\u0131kl\u0131 hissettiren ince ve kal\u0131c\u0131 bir i\u015faret olu\u015fturur.<\/li>\n<\/ul>\n<p>Bunlar sadece k\u00fc\u00e7\u00fck de\u011fi\u015fiklikler de\u011fil. Standart bir cam kozmetik ambalaj setini markan\u0131z\u0131n imza par\u00e7as\u0131na d\u00f6n\u00fc\u015ft\u00fcr\u00fcyorlar.<\/p>","protected":false},"excerpt":{"rendered":"<p>Degrade cam ve alt\u0131n detaylara sahip \u015f\u0131k kozmetik ambalaj setleri. \u0130\u015flevselli\u011fi, l\u00fcks\u00fc ve stili bir araya getiren toptan kozmetik kutusu seti.<\/p>","protected":false},"featured_media":6226,"comment_status":"closed","ping_status":"closed","template":"","meta":{"_acf_changed":false,"site-sidebar-layout":"default","site-content-layout":"","ast-site-content-layout":"default","site-content-style":"default","site-sidebar-style":"default","ast-global-header-display":"","ast-banner-title-visibility":"","ast-main-header-display":"","ast-hfb-above-header-display":"","ast-hfb-below-header-display":"","ast-hfb-mobile-header-display":"","site-post-title":"","ast-breadcrumbs-content":"","ast-featured-img":"","footer-sml-layout":"","ast-disable-related-posts":"","theme-transparent-header-meta":"default","adv-header-id-meta":"","stick-header-meta":"","header-above-stick-meta":"","header-main-stick-meta":"","header-below-stick-meta":"","astra-migrate-meta-layouts":"set","ast-page-background-enabled":"default","ast-page-background-meta":{"desktop":{"background-color":"var(--ast-global-color-5)","background-image":"","background-repeat":"repeat","background-position":"center center","background-size":"auto","background-attachment":"scroll","background-type":"","background-media":"","overlay-type":"","overlay-color":"","overlay-opacity":"","overlay-gradient":""},"tablet":{"background-color":"","background-image":"","background-repeat":"repeat","background-position":"center center","background-size":"auto","background-attachment":"scroll","background-type":"","background-media":"","overlay-type":"","overlay-color":"","overlay-opacity":"","overlay-gradient":""},"mobile":{"background-color":"","background-image":"","background-repeat":"repeat","background-position":"center center","background-size":"auto","background-attachment":"scroll","background-type":"","background-media":"","overlay-type":"","overlay-color":"","overlay-opacity":"","overlay-gradient":""}},"ast-content-background-meta":{"desktop":{"background-color":"var(--ast-global-color-4)","background-image":"","background-repeat":"repeat","background-position":"center center","background-size":"auto","background-attachment":"scroll","background-type":"","background-media":"","overlay-type":"","overlay-color":"","overlay-opacity":"","overlay-gradient":""},"tablet":{"background-color":"var(--ast-global-color-4)","background-image":"","background-repeat":"repeat","background-position":"center center","background-size":"auto","background-attachment":"scroll","background-type":"","background-media":"","overlay-type":"","overlay-color":"","overlay-opacity":"","overlay-gradient":""},"mobile":{"background-color":"var(--ast-global-color-4)","background-image":"","background-repeat":"repeat","background-position":"center center","background-size":"auto","background-attachment":"scroll","background-type":"","background-media":"","overlay-type":"","overlay-color":"","overlay-opacity":"","overlay-gradient":""}}},"product_brand":[],"product_cat":[72,236,62],"product_tag":[226,220],"class_list":{"0":"post-6224","1":"product","2":"type-product","3":"status-publish","4":"has-post-thumbnail","6":"product_cat-cosmetic-packaging","7":"product_cat-cosmetic-container-set","8":"product_cat-cosmetic-containers","9":"product_tag-clear-glass-roller-bottles","10":"product_tag-glass-roll-on-bottles","11":"desktop-align-left","12":"tablet-align-left","13":"mobile-align-left","15":"first","16":"instock","17":"shipping-taxable","18":"product-type-simple"},"acf":[],"jetpack_sharing_enabled":true,"_links":{"self":[{"href":"https:\/\/theperfumebottles.com\/tr\/wp-json\/wp\/v2\/product\/6224","targetHints":{"allow":["GET"]}}],"collection":[{"href":"https:\/\/theperfumebottles.com\/tr\/wp-json\/wp\/v2\/product"}],"about":[{"href":"https:\/\/theperfumebottles.com\/tr\/wp-json\/wp\/v2\/types\/product"}],"replies":[{"embeddable":true,"href":"https:\/\/theperfumebottles.com\/tr\/wp-json\/wp\/v2\/comments?post=6224"}],"wp:featuredmedia":[{"embeddable":true,"href":"https:\/\/theperfumebottles.com\/tr\/wp-json\/wp\/v2\/media\/6226"}],"wp:attachment":[{"href":"https:\/\/theperfumebottles.com\/tr\/wp-json\/wp\/v2\/media?parent=6224"}],"wp:term":[{"taxonomy":"product_brand","embeddable":true,"href":"https:\/\/theperfumebottles.com\/tr\/wp-json\/wp\/v2\/product_brand?post=6224"},{"taxonomy":"product_cat","embeddable":true,"href":"https:\/\/theperfumebottles.com\/tr\/wp-json\/wp\/v2\/product_cat?post=6224"},{"taxonomy":"product_tag","embeddable":true,"href":"https:\/\/theperfumebottles.com\/tr\/wp-json\/wp\/v2\/product_tag?post=6224"}],"curies":[{"name":"wp","href":"https:\/\/api.w.org\/{rel}","templated":true}]}}