{"id":6374,"date":"2025-09-15T18:04:21","date_gmt":"2025-09-15T10:04:21","guid":{"rendered":"https:\/\/theperfumebottles.com\/?post_type=product&#038;p=6374"},"modified":"2026-03-26T14:54:19","modified_gmt":"2026-03-26T06:54:19","slug":"cosmetic-glass-containers-with-gold-trim-design-bulk","status":"publish","type":"product","link":"https:\/\/theperfumebottles.com\/tr\/urun\/cosmetic-glass-containers-with-gold-trim-design-bulk\/","title":{"rendered":"30 ml - 130 ml Alt\u0131n Kenarl\u0131 Tasar\u0131ml\u0131 Kozmetik Cam Kaplar (Toptan)"},"content":{"rendered":"<p>Bu kozmetik cam kap setindeki her \u00fcr\u00fcn, sa\u011flam, dengeli ve an\u0131nda dikkat \u00e7eken \u00e7arp\u0131c\u0131 bir \u00fc\u00e7gen tabana sahiptir. Tertemiz beyaz \u015fi\u015feler, kapak ve merkezdeki alt\u0131n detaylarla kontrast olu\u015fturarak her \u015fi\u015fe ve kavanoza \u00fcst\u00fcn bir g\u00f6r\u00fcn\u00fcm kazand\u0131r\u0131r. Set, \u00e7e\u015fitli boyutlarda krem \u200b\u200bkavanozlar\u0131 ve pompal\u0131 \u015fi\u015feler i\u00e7ermektedir.<\/p>\n<h2>Temel \u00d6zellikler<\/h2>\n<table style=\"border-collapse: collapse; margin-left: auto; margin-right: auto; width: 504.02pt;\" border=\"0\" width=\"672\" cellspacing=\"0\" cellpadding=\"0\">\n<tbody>\n<tr style=\"height: 13.50pt;\">\n<td class=\"et3\" style=\"height: 13.5pt; width: 121.5pt; text-align: center;\" width=\"162\" height=\"18\"><strong>Kapasite (ml)<\/strong><\/td>\n<td class=\"et3\" style=\"width: 76.5pt; text-align: center;\" width=\"102\"><strong>30<\/strong><\/td>\n<td class=\"et3\" style=\"width: 76.5pt; text-align: center;\" width=\"102\"><strong>45<\/strong><\/td>\n<td class=\"et3\" style=\"width: 76.5pt; text-align: center;\" width=\"102\"><strong>50<\/strong><\/td>\n<td class=\"et3\" style=\"width: 76.5pt; text-align: center;\" width=\"102\"><strong>110<\/strong><\/td>\n<td class=\"et3\" style=\"width: 76.5pt; text-align: center;\" width=\"102\"><strong>130<\/strong><\/td>\n<\/tr>\n<tr style=\"height: 13.50pt;\">\n<td class=\"et2\" style=\"height: 13.5pt; text-align: center;\" height=\"18\">Boyun \u00c7ap\u0131 (mm)<\/td>\n<td class=\"et2\" style=\"text-align: center;\">46<\/td>\n<td class=\"et2\" style=\"text-align: center;\">46<\/td>\n<td class=\"et2\" style=\"text-align: center;\">17<\/td>\n<td class=\"et2\" style=\"text-align: center;\">20<\/td>\n<td class=\"et2\" style=\"text-align: center;\">20<\/td>\n<\/tr>\n<tr style=\"height: 13.50pt;\">\n<td class=\"et2\" style=\"height: 13.5pt; text-align: center;\" height=\"18\">\u00c7ap (mm)<\/td>\n<td class=\"et2\" style=\"text-align: center;\">56<\/td>\n<td class=\"et2\" style=\"text-align: center;\">64<\/td>\n<td class=\"et2\" style=\"text-align: center;\">38<\/td>\n<td class=\"et2\" style=\"text-align: center;\">46<\/td>\n<td class=\"et2\" style=\"text-align: center;\">48<\/td>\n<\/tr>\n<tr style=\"height: 13.50pt;\">\n<td class=\"et2\" style=\"height: 13.5pt; text-align: center;\" height=\"18\">\u015ei\u015fe Y\u00fcksekli\u011fi (mm)<\/td>\n<td class=\"et2\" style=\"text-align: center;\">42<\/td>\n<td class=\"et2\" style=\"text-align: center;\">46<\/td>\n<td class=\"et2\" style=\"text-align: center;\">106<\/td>\n<td class=\"et2\" style=\"text-align: center;\">142<\/td>\n<td class=\"et2\" style=\"text-align: center;\">162<\/td>\n<\/tr>\n<tr style=\"height: 13.50pt;\">\n<td class=\"et2\" style=\"height: 13.5pt; text-align: center;\" height=\"18\">Toplam Y\u00fckseklik (mm)<\/td>\n<td class=\"et2\" style=\"text-align: center;\">50<\/td>\n<td class=\"et2\" style=\"text-align: center;\">60<\/td>\n<td class=\"et2\" style=\"text-align: center;\">140<\/td>\n<td class=\"et2\" style=\"text-align: center;\">182<\/td>\n<td class=\"et2\" style=\"text-align: center;\">200<\/td>\n<\/tr>\n<tr style=\"height: 13.50pt;\">\n<td class=\"et2\" style=\"height: 13.5pt; text-align: center;\" height=\"18\">Malzeme<\/td>\n<td class=\"et2\" style=\"text-align: center;\" colspan=\"5\">Kristal<\/td>\n<\/tr>\n<tr style=\"height: 13.50pt;\">\n<td class=\"et2\" style=\"height: 13.50pt;\" height=\"18\">\u00d6zel Se\u00e7enekler<\/td>\n<td class=\"et2\" style=\"text-align: center;\" colspan=\"5\">Y\u00fczey i\u015fleme, renk, boyut, \u015fekil, logo, aksesuarlar<\/td>\n<\/tr>\n<tr style=\"height: 13.50pt;\">\n<td class=\"et2\" style=\"height: 13.5pt; text-align: center;\" height=\"18\">\u0130deal \u0130\u00e7in<\/td>\n<td class=\"et2\" style=\"text-align: center;\" colspan=\"5\">Cilt bak\u0131m setleri, temizleyici, esansiyel su, esansiyel losyon\/krem<\/td>\n<\/tr>\n<\/tbody>\n<\/table>\n<h2>Ba\u015far\u0131 \u00d6rne\u011fi<\/h2>\n<p>G\u00fcney Kore&#039;nin en se\u00e7kin cilt bak\u0131m markalar\u0131ndan biri, beyaz cam \u015fi\u015fe setimizi tercih etti ve minimalist zevklerine uygun olarak ki\u015fiselle\u015ftirdi: mat beyaz \u015fi\u015feye, \u015fampanya alt\u0131n rengi elektrolizle kaplanm\u0131\u015f bir halka grav\u00fcr\u00fcyle \u00fcst d\u00fczey bir kontrast eklendi; losyon ve serum miktar\u0131n\u0131 ayarlamak i\u00e7in \u00f6zel olarak tasarlanm\u0131\u015f bir pompa da\u011f\u0131t\u0131c\u0131s\u0131 bulunuyor. Ayr\u0131ca, dayan\u0131kl\u0131l\u0131\u011f\u0131n\u0131 art\u0131rmak ve \u015f\u0131k, y\u00fcksek kaliteli bir g\u00f6r\u00fcn\u00fcm kazand\u0131rmak i\u00e7in marka logosunu s\u0131cak bask\u0131 y\u00f6ntemiyle \u015fi\u015fenin \u00fczerine i\u015fledik.<\/p>\n<p>Yeniden tasarlanan ambalaj\u0131n piyasaya s\u00fcr\u00fclmesiyle sat\u0131\u015flar iki ay i\u00e7inde artt\u0131. M\u00fc\u015fteri, ambalaj\u0131n kalitesinden ve pazar\u0131n tepkisinden \u00e7ok memnun kald\u0131 ve bu da daha fazla sipari\u015f verilmesine ve bu ambalaj t\u00fcr\u00fcn\u00fcn di\u011fer cilt bak\u0131m \u00fcr\u00fcnlerine de uygulanmas\u0131na yol a\u00e7t\u0131.<\/p>\n<h2>\u00d6zelle\u015ftirme \u0130pu\u00e7lar\u0131<\/h2>\n<p>Bu kozmetik cam kab\u0131n\u0131 ger\u00e7ekten kendinize ait hale getirmek ister misiniz?<\/p>\n<ul>\n<li>Boyun biti\u015fini ayarlay\u0131n \u2013 belirli bir di\u015f boyutu se\u00e7erek mevcut t\u00f6rp\u00fcleme \u00e7izginize uygun hale getirin.<\/li>\n<li>Cam rengini de\u011fi\u015ftirin \u2013 Ekstra UV g\u00fcvenli\u011fi i\u00e7in de\u011fi\u015ftirin veya kobalt mavisi i\u00e7in temizleyin.<\/li>\n<li>Lazer- Logo cam\u0131na do\u011frudan ince bir marka zarafeti ekler.<\/li>\n<li>Kavanoz a\u011fz\u0131 tasar\u0131m\u0131n\u0131 optimize edin \u2013 Toplu nakliye s\u0131ras\u0131nda contan\u0131n b\u00fct\u00fcnl\u00fc\u011f\u00fcn\u00fc iyile\u015ftirmek i\u00e7in d\u00fcz veya p\u00fcr\u00fczl\u00fc bir kenar se\u00e7in.<\/li>\n<\/ul>\n<p>Bunlar sadece ikilemler de\u011fil; standart bir kab\u0131 markan\u0131z\u0131n imza par\u00e7as\u0131na d\u00f6n\u00fc\u015ft\u00fcren stratejik y\u00fckseltmelerdir.<\/p>","protected":false},"excerpt":{"rendered":"<p>Alt\u0131n detayl\u0131 beyaz kozmetik cam kaplar. Kremler, serumlar ve l\u00fcks kozmetik \u00fcr\u00fcnleri i\u00e7in uygun toptan cam \u015fi\u015fe setleri. H\u0131zl\u0131 kargo.<\/p>","protected":false},"featured_media":6380,"comment_status":"closed","ping_status":"closed","template":"","meta":{"_acf_changed":false,"site-sidebar-layout":"default","site-content-layout":"","ast-site-content-layout":"default","site-content-style":"default","site-sidebar-style":"default","ast-global-header-display":"","ast-banner-title-visibility":"","ast-main-header-display":"","ast-hfb-above-header-display":"","ast-hfb-below-header-display":"","ast-hfb-mobile-header-display":"","site-post-title":"","ast-breadcrumbs-content":"","ast-featured-img":"","footer-sml-layout":"","ast-disable-related-posts":"","theme-transparent-header-meta":"default","adv-header-id-meta":"","stick-header-meta":"","header-above-stick-meta":"","header-main-stick-meta":"","header-below-stick-meta":"","astra-migrate-meta-layouts":"set","ast-page-background-enabled":"default","ast-page-background-meta":{"desktop":{"background-color":"var(--ast-global-color-5)","background-image":"","background-repeat":"repeat","background-position":"center center","background-size":"auto","background-attachment":"scroll","background-type":"","background-media":"","overlay-type":"","overlay-color":"","overlay-opacity":"","overlay-gradient":""},"tablet":{"background-color":"","background-image":"","background-repeat":"repeat","background-position":"center center","background-size":"auto","background-attachment":"scroll","background-type":"","background-media":"","overlay-type":"","overlay-color":"","overlay-opacity":"","overlay-gradient":""},"mobile":{"background-color":"","background-image":"","background-repeat":"repeat","background-position":"center center","background-size":"auto","background-attachment":"scroll","background-type":"","background-media":"","overlay-type":"","overlay-color":"","overlay-opacity":"","overlay-gradient":""}},"ast-content-background-meta":{"desktop":{"background-color":"var(--ast-global-color-4)","background-image":"","background-repeat":"repeat","background-position":"center center","background-size":"auto","background-attachment":"scroll","background-type":"","background-media":"","overlay-type":"","overlay-color":"","overlay-opacity":"","overlay-gradient":""},"tablet":{"background-color":"var(--ast-global-color-4)","background-image":"","background-repeat":"repeat","background-position":"center center","background-size":"auto","background-attachment":"scroll","background-type":"","background-media":"","overlay-type":"","overlay-color":"","overlay-opacity":"","overlay-gradient":""},"mobile":{"background-color":"var(--ast-global-color-4)","background-image":"","background-repeat":"repeat","background-position":"center center","background-size":"auto","background-attachment":"scroll","background-type":"","background-media":"","overlay-type":"","overlay-color":"","overlay-opacity":"","overlay-gradient":""}}},"product_brand":[],"product_cat":[236,62,72],"product_tag":[226,220],"class_list":{"0":"post-6374","1":"product","2":"type-product","3":"status-publish","4":"has-post-thumbnail","6":"product_cat-cosmetic-container-set","7":"product_cat-cosmetic-containers","8":"product_cat-cosmetic-packaging","9":"product_tag-clear-glass-roller-bottles","10":"product_tag-glass-roll-on-bottles","11":"desktop-align-left","12":"tablet-align-left","13":"mobile-align-left","15":"first","16":"instock","17":"shipping-taxable","18":"product-type-simple"},"acf":[],"jetpack_sharing_enabled":true,"_links":{"self":[{"href":"https:\/\/theperfumebottles.com\/tr\/wp-json\/wp\/v2\/product\/6374","targetHints":{"allow":["GET"]}}],"collection":[{"href":"https:\/\/theperfumebottles.com\/tr\/wp-json\/wp\/v2\/product"}],"about":[{"href":"https:\/\/theperfumebottles.com\/tr\/wp-json\/wp\/v2\/types\/product"}],"replies":[{"embeddable":true,"href":"https:\/\/theperfumebottles.com\/tr\/wp-json\/wp\/v2\/comments?post=6374"}],"wp:featuredmedia":[{"embeddable":true,"href":"https:\/\/theperfumebottles.com\/tr\/wp-json\/wp\/v2\/media\/6380"}],"wp:attachment":[{"href":"https:\/\/theperfumebottles.com\/tr\/wp-json\/wp\/v2\/media?parent=6374"}],"wp:term":[{"taxonomy":"product_brand","embeddable":true,"href":"https:\/\/theperfumebottles.com\/tr\/wp-json\/wp\/v2\/product_brand?post=6374"},{"taxonomy":"product_cat","embeddable":true,"href":"https:\/\/theperfumebottles.com\/tr\/wp-json\/wp\/v2\/product_cat?post=6374"},{"taxonomy":"product_tag","embeddable":true,"href":"https:\/\/theperfumebottles.com\/tr\/wp-json\/wp\/v2\/product_tag?post=6374"}],"curies":[{"name":"wp","href":"https:\/\/api.w.org\/{rel}","templated":true}]}}