{"id":6381,"date":"2025-09-16T10:07:06","date_gmt":"2025-09-16T02:07:06","guid":{"rendered":"https:\/\/theperfumebottles.com\/?post_type=product&#038;p=6381"},"modified":"2025-09-17T11:40:08","modified_gmt":"2025-09-17T03:40:08","slug":"wholesale-beige-glass-cosmetic-bottle-and-cream-jar-set","status":"publish","type":"product","link":"https:\/\/theperfumebottles.com\/tr\/urun\/wholesale-beige-glass-cosmetic-bottle-and-cream-jar-set\/","title":{"rendered":"Toptan Bej Cam Kozmetik \u015ei\u015fesi ve Krem Kavanozu Seti"},"content":{"rendered":"<p>Bu cam kozmetik \u015fi\u015feleri ve cam krem \u200b\u200bkavanozlar\u0131ndan olu\u015fan koleksiyon kesinlikle ilginizi \u00e7ekecek. \u015ei\u015feler yumu\u015fak ve s\u0131cak bir bej rengine sahip ve kapaklar\u0131, rahat ve zarif bir tutu\u015f i\u00e7in dikey nerv\u00fcrl\u00fc bir dokuya sahip. Sap ve kapaktaki ince alt\u0131n rengi detaylar, anlay\u0131\u015fl\u0131 ve sofistike bir form olu\u015fturuyor. Bu cilt bak\u0131m seti, farkl\u0131 boyutlarda krem \u200b\u200bkavanozlar\u0131 ve pompal\u0131 \u015fi\u015feler i\u00e7eriyor.<\/p>\n<h2>Temel \u00d6zellikler<\/h2>\n<table style=\"border-collapse: collapse;width: 448.52pt;margin-left: auto;margin-right: auto\" border=\"0\" width=\"598\" cellspacing=\"0\" cellpadding=\"0\">\n<tbody>\n<tr style=\"height: 13.50pt\">\n<td class=\"et2\" style=\"height: 13.50pt;width: 116.25pt\" width=\"155\" height=\"18\">Kapasite (ml)<\/td>\n<td class=\"et3\" style=\"width: 58.50pt\" width=\"78\">15<\/td>\n<td class=\"et3\" style=\"width: 57.75pt\" width=\"77\">25<\/td>\n<td class=\"et3\" style=\"width: 54.00pt\" width=\"72\">40<\/td>\n<td class=\"et3\" style=\"width: 54.00pt\" width=\"72\">45<\/td>\n<td class=\"et3\" style=\"width: 54.00pt\" width=\"72\">105<\/td>\n<td class=\"et3\" style=\"width: 54.00pt\" width=\"72\">130<\/td>\n<\/tr>\n<tr style=\"height: 13.50pt\">\n<td class=\"et2\" style=\"height: 13.50pt\" height=\"18\">Boyun \u00c7ap\u0131 (mm)<\/td>\n<td class=\"et3\">46<\/td>\n<td class=\"et3\">46<\/td>\n<td class=\"et3\">52<\/td>\n<td class=\"et3\">20<\/td>\n<td class=\"et3\">20<\/td>\n<td class=\"et3\">20<\/td>\n<\/tr>\n<tr style=\"height: 13.50pt\">\n<td class=\"et2\" style=\"height: 13.50pt\" height=\"18\">\u00c7ap (mm)<\/td>\n<td class=\"et3\">58<\/td>\n<td class=\"et3\">58<\/td>\n<td class=\"et3\">64<\/td>\n<td class=\"et3\">41<\/td>\n<td class=\"et3\">42<\/td>\n<td class=\"et3\">42<\/td>\n<\/tr>\n<tr style=\"height: 13.50pt\">\n<td class=\"et2\" style=\"height: 13.50pt\" height=\"18\">\u015ei\u015fe Y\u00fcksekli\u011fi (mm)<\/td>\n<td class=\"et3\">33<\/td>\n<td class=\"et3\">37<\/td>\n<td class=\"et3\">41<\/td>\n<td class=\"et3\">87<\/td>\n<td class=\"et3\">127<\/td>\n<td class=\"et3\">142<\/td>\n<\/tr>\n<tr style=\"height: 13.50pt\">\n<td class=\"et2\" style=\"height: 13.50pt\" height=\"18\">Toplam Y\u00fckseklik (mm)<\/td>\n<td class=\"et3\">42<\/td>\n<td class=\"et3\">46<\/td>\n<td class=\"et3\">52<\/td>\n<td class=\"et3\">120<\/td>\n<td class=\"et3\">162<\/td>\n<td class=\"et3\">178<\/td>\n<\/tr>\n<tr style=\"height: 13.50pt\">\n<td class=\"et2\" style=\"height: 13.50pt\" height=\"18\">Malzeme<\/td>\n<td class=\"et3\" colspan=\"6\">Kristal<\/td>\n<\/tr>\n<tr style=\"height: 13.50pt\">\n<td class=\"et2\" style=\"height: 13.50pt\" height=\"18\">\u00d6zel Se\u00e7enekler<\/td>\n<td class=\"et3\" colspan=\"6\">\u015ei\u015fe \u015fekli, \u015fi\u015fe a\u011fz\u0131, renk, y\u00fczey i\u015flemi, boyut, \u015fi\u015fe kapa\u011f\u0131, aksesuarlar, logo<\/td>\n<\/tr>\n<tr style=\"height: 13.50pt\">\n<td class=\"et2\" style=\"height: 13.50pt\" height=\"18\">\u0130deal \u0130\u00e7in<\/td>\n<td class=\"et3\" colspan=\"6\">Temizleyici, esans, losyon, krem, cilt bak\u0131m setleri<\/td>\n<\/tr>\n<\/tbody>\n<\/table>\n<h2>Bir Marka M\u00fc\u015fteri Say\u0131s\u0131n\u0131 Nas\u0131l \u0130ki Kat\u0131na \u00c7\u0131kard\u0131<\/h2>\n<p>Bir sa\u011fl\u0131k markas\u0131, bu cam krem \u200b\u200bkavanozu ve uyumlu cam tonik \u015fi\u015fesiyle yeni bir krem \u200b\u200bserisi piyasaya s\u00fcrd\u00fc. 50 ml&#039;lik, yumu\u015fak kavramal\u0131 pompal\u0131 bir boy se\u00e7ti. \u00dc\u00e7 ay i\u00e7inde, m\u00fc\u015fterilerden gelen yan\u0131tlar beklenmedik bir s\u00fcrpriz ortaya koydu: Al\u0131c\u0131lar\u0131n &#039;i yorumlar\u0131nda ambalajdan bahsetti. &#034;Harika g\u00f6r\u00fcn\u00fcyor&#034; ve &#034;Tezgah\u0131n\u0131zda bir sanat eseri gibi sergiliyorum&#034; gibi yorumlar. Tekrar sat\u0131n alma oranlar\u0131 artt\u0131. Sebep mi? \u00c7\u00fcnk\u00fc insanlar \u00f6zenle tasarlanm\u0131\u015f g\u00f6r\u00fcn\u00fcm ve hisse g\u00fcveniyor. Bu kozmetik ambalaj, \u00fcr\u00fcn\u00fc gizlemek yerine, onu \u00f6n plana \u00e7\u0131kar\u0131yor.<\/p>\n<h2>\u00d6zel Cilt Bak\u0131m Seti<\/h2>\n<p>Bu kozmetik cam kab\u0131n\u0131 benzersiz k\u0131lmak ister misiniz?<\/p>\n<ul>\n<li>Cam \u015fi\u015fenin rengini ayarlay\u0131n; UV korumas\u0131n\u0131 art\u0131rmak i\u00e7in daha koyu bir renk veya temiz, havadar bir g\u00f6r\u00fcn\u00fcm i\u00e7in daha a\u00e7\u0131k bir renk se\u00e7in.<\/li>\n<li>Kapak kaburga derinli\u011fini \u00f6zelle\u015ftirin; daha derin oluklar doku ve tutu\u015f sa\u011flar; du\u015f kullan\u0131m\u0131 i\u00e7in m\u00fckemmeldir.<\/li>\n<li>Kapasite \u00e7izgisini lazerle i\u015faretleyin; \u015fi\u015fenin i\u00e7indeki mikro kaz\u0131nm\u0131\u015f g\u00f6sterge hassas dolumu kolayla\u015ft\u0131r\u0131r.<\/li>\n<\/ul>\n<p>Bu \u00f6zelle\u015ftirme se\u00e7enekleri, etiket gerektirmeden performans\u0131 ve g\u00f6r\u00fcn\u00fcm\u00fc hassas bir \u015fekilde ayarlaman\u0131za olanak tan\u0131r.<\/p>","protected":false},"excerpt":{"rendered":"<p>Toptan \u015f\u0131k bej cam kozmetik \u015fi\u015feleri ve alt\u0131n rengi detaylara sahip cam krem \u200b\u200bkavanozlar\u0131, birinci s\u0131n\u0131f ambalajlama i\u00e7in. \u00dccretsiz numuneler ve h\u0131zl\u0131 kargo.<\/p>","protected":false},"featured_media":6383,"comment_status":"closed","ping_status":"closed","template":"","meta":{"_acf_changed":false,"site-sidebar-layout":"default","site-content-layout":"","ast-site-content-layout":"default","site-content-style":"default","site-sidebar-style":"default","ast-global-header-display":"","ast-banner-title-visibility":"","ast-main-header-display":"","ast-hfb-above-header-display":"","ast-hfb-below-header-display":"","ast-hfb-mobile-header-display":"","site-post-title":"","ast-breadcrumbs-content":"","ast-featured-img":"","footer-sml-layout":"","ast-disable-related-posts":"","theme-transparent-header-meta":"default","adv-header-id-meta":"","stick-header-meta":"","header-above-stick-meta":"","header-main-stick-meta":"","header-below-stick-meta":"","astra-migrate-meta-layouts":"set","ast-page-background-enabled":"default","ast-page-background-meta":{"desktop":{"background-color":"var(--ast-global-color-5)","background-image":"","background-repeat":"repeat","background-position":"center center","background-size":"auto","background-attachment":"scroll","background-type":"","background-media":"","overlay-type":"","overlay-color":"","overlay-opacity":"","overlay-gradient":""},"tablet":{"background-color":"","background-image":"","background-repeat":"repeat","background-position":"center center","background-size":"auto","background-attachment":"scroll","background-type":"","background-media":"","overlay-type":"","overlay-color":"","overlay-opacity":"","overlay-gradient":""},"mobile":{"background-color":"","background-image":"","background-repeat":"repeat","background-position":"center center","background-size":"auto","background-attachment":"scroll","background-type":"","background-media":"","overlay-type":"","overlay-color":"","overlay-opacity":"","overlay-gradient":""}},"ast-content-background-meta":{"desktop":{"background-color":"var(--ast-global-color-4)","background-image":"","background-repeat":"repeat","background-position":"center center","background-size":"auto","background-attachment":"scroll","background-type":"","background-media":"","overlay-type":"","overlay-color":"","overlay-opacity":"","overlay-gradient":""},"tablet":{"background-color":"var(--ast-global-color-4)","background-image":"","background-repeat":"repeat","background-position":"center center","background-size":"auto","background-attachment":"scroll","background-type":"","background-media":"","overlay-type":"","overlay-color":"","overlay-opacity":"","overlay-gradient":""},"mobile":{"background-color":"var(--ast-global-color-4)","background-image":"","background-repeat":"repeat","background-position":"center center","background-size":"auto","background-attachment":"scroll","background-type":"","background-media":"","overlay-type":"","overlay-color":"","overlay-opacity":"","overlay-gradient":""}}},"product_brand":[],"product_cat":[72,236,62],"product_tag":[226,220],"class_list":{"0":"post-6381","1":"product","2":"type-product","3":"status-publish","4":"has-post-thumbnail","6":"product_cat-cosmetic-packaging","7":"product_cat-cosmetic-container-set","8":"product_cat-cosmetic-containers","9":"product_tag-clear-glass-roller-bottles","10":"product_tag-glass-roll-on-bottles","11":"desktop-align-left","12":"tablet-align-left","13":"mobile-align-left","15":"first","16":"instock","17":"shipping-taxable","18":"product-type-simple"},"acf":[],"jetpack_sharing_enabled":true,"_links":{"self":[{"href":"https:\/\/theperfumebottles.com\/tr\/wp-json\/wp\/v2\/product\/6381","targetHints":{"allow":["GET"]}}],"collection":[{"href":"https:\/\/theperfumebottles.com\/tr\/wp-json\/wp\/v2\/product"}],"about":[{"href":"https:\/\/theperfumebottles.com\/tr\/wp-json\/wp\/v2\/types\/product"}],"replies":[{"embeddable":true,"href":"https:\/\/theperfumebottles.com\/tr\/wp-json\/wp\/v2\/comments?post=6381"}],"wp:featuredmedia":[{"embeddable":true,"href":"https:\/\/theperfumebottles.com\/tr\/wp-json\/wp\/v2\/media\/6383"}],"wp:attachment":[{"href":"https:\/\/theperfumebottles.com\/tr\/wp-json\/wp\/v2\/media?parent=6381"}],"wp:term":[{"taxonomy":"product_brand","embeddable":true,"href":"https:\/\/theperfumebottles.com\/tr\/wp-json\/wp\/v2\/product_brand?post=6381"},{"taxonomy":"product_cat","embeddable":true,"href":"https:\/\/theperfumebottles.com\/tr\/wp-json\/wp\/v2\/product_cat?post=6381"},{"taxonomy":"product_tag","embeddable":true,"href":"https:\/\/theperfumebottles.com\/tr\/wp-json\/wp\/v2\/product_tag?post=6381"}],"curies":[{"name":"wp","href":"https:\/\/api.w.org\/{rel}","templated":true}]}}