{"id":6446,"date":"2025-09-17T13:05:03","date_gmt":"2025-09-17T05:05:03","guid":{"rendered":"https:\/\/theperfumebottles.com\/?post_type=product&#038;p=6446"},"modified":"2025-09-17T17:14:51","modified_gmt":"2025-09-17T09:14:51","slug":"glass-cosmetic-containers-wholesale-skincare-packaging-set","status":"publish","type":"product","link":"https:\/\/theperfumebottles.com\/tr\/urun\/glass-cosmetic-containers-wholesale-skincare-packaging-set\/","title":{"rendered":"Toptan Cam Kozmetik Kaplar\u0131 \u2013 L\u00fcks Sar\u0131 Cilt Bak\u0131m Ambalaj Seti"},"content":{"rendered":"<p>Cilt bak\u0131m \u015fi\u015felerinizi \u00f6ne \u00e7\u0131karacak toptan cam kozmetik kaplar\u0131na m\u0131 ihtiyac\u0131n\u0131z var? Losyon, krem, esans ve cilt bak\u0131m setleri i\u00e7in m\u00fckemmel olan, alt\u0131n kapakl\u0131 sar\u0131 cam \u015fi\u015felerden olu\u015fan \u00f6zenle haz\u0131rlanm\u0131\u015f bir koleksiyon sunuyoruz. Bu kaplar, kozmetik form\u00fcllerinizin tazeli\u011fini korumak i\u00e7in UV korumas\u0131na sahiptir. Toplu sipari\u015flerde markan\u0131za \u00f6zel se\u00e7enekler sunulur.<\/p>\n<h2><strong data-spm-anchor-id=\"5176.28103460.0.i11.29ab2e31UBOO60\">Temel \u00d6zellikler<\/strong><\/h2>\n<p>&nbsp;<\/p>\n<table style=\"border-collapse: collapse;width: 80%;margin-left: auto;margin-right: auto\" border=\"0\" width=\"939\" cellspacing=\"0\" cellpadding=\"0\">\n<tbody>\n<tr style=\"height: 27.00pt\">\n<td style=\"height: 27.00pt;width: 56.25pt\" width=\"75\" height=\"36\">Kapasite(ml)<\/td>\n<td style=\"width: 96.00pt\" width=\"128\">\u015eekil<\/td>\n<td style=\"width: 96.00pt\" width=\"128\">A\u011f\u0131z \u00c7ap\u0131 (mm)<\/td>\n<td style=\"width: 102.75pt\" width=\"137\">\u015ei\u015fe \u00c7ap\u0131 (mm)<\/td>\n<td style=\"width: 89.25pt\" width=\"119\">\u015ei\u015fe Y\u00fcksekli\u011fi (mm)<\/td>\n<td style=\"width: 156.00pt\" width=\"208\">Kapakl\u0131 Y\u00fckseklik (mm)<\/td>\n<td class=\"et2\" style=\"width: 54.00pt\" width=\"72\">\u00d6zel Se\u00e7enekler<\/td>\n<td class=\"et2\" style=\"width: 54.00pt\" width=\"72\">\u0130deal \u0130\u00e7in<\/td>\n<\/tr>\n<tr style=\"height: 13.50pt\">\n<td style=\"height: 13.50pt\" height=\"18\">155<\/td>\n<td class=\"et3\" rowspan=\"3\">D\u00fcz kenarl\u0131<\/td>\n<td>20<\/td>\n<td>54<\/td>\n<td>142<\/td>\n<td>180<\/td>\n<td class=\"et3\" rowspan=\"4\">\u015ei\u015fe \u015fekli, rengi, y\u00fczey i\u015flemi, logosu<\/td>\n<td class=\"et3\" rowspan=\"4\">Temizleyici, esans, losyon, krem<\/td>\n<\/tr>\n<tr style=\"height: 13.50pt\">\n<td style=\"height: 13.50pt\" height=\"18\">115<\/td>\n<td>20<\/td>\n<td>54<\/td>\n<td>124<\/td>\n<td>157<\/td>\n<\/tr>\n<tr style=\"height: 13.50pt\">\n<td style=\"height: 13.50pt\" height=\"18\">50<\/td>\n<td>17<\/td>\n<td>46<\/td>\n<td>88<\/td>\n<td>120<\/td>\n<\/tr>\n<tr style=\"height: 13.50pt\">\n<td style=\"height: 13.50pt\" height=\"18\">36<\/td>\n<td class=\"et3\" rowspan=\"1\">Yuvarlak<\/td>\n<td>55<\/td>\n<td>83<\/td>\n<td>41<\/td>\n<td>50<\/td>\n<\/tr>\n<\/tbody>\n<\/table>\n<h2>Ba\u015far\u0131 \u00d6yk\u00fcs\u00fc: Cilt bak\u0131m markas\u0131 cam kozmetik kaplar\u0131yla sat\u0131\u015flar\u0131n\u0131 nas\u0131l art\u0131r\u0131yor?<\/h2>\n<p>Bir cilt bak\u0131m markas\u0131 olarak, cam kozmetik kaplar\u0131m\u0131z\u0131n \u00e7o\u011funu kendi b\u00fcnyemize katt\u0131k. Serum ve esans i\u00e7in 36 ml ve 50 ml boylar\u0131n\u0131 kulland\u0131k. Sonu\u00e7? 3 ayda 0 daha fazla online sipari\u015f. \u00d6nde olabilirsiniz.<\/p>\n<h2>Uyum k\u0131lavuzunuz<\/h2>\n<ol>\n<li><strong>Renk uyumu:<\/strong> Markan\u0131z\u0131n rengini cam \u015fi\u015felere ekleyin \u2013 Sar\u0131 standartt\u0131r, ancak \u00f6zel se\u00e7enekler de sunuyoruz.<\/li>\n<li><strong>\u015eapka Stili:<\/strong> \u00dcst\u00fcn bir g\u00f6r\u00fcn\u00fcm i\u00e7in alt\u0131n veya mat se\u00e7ene\u011fi mevcuttur. Toplu sipari\u015flerde ekstra \u00fccret al\u0131nmaz.<\/li>\n<li><strong>Etiketleme:<\/strong> An\u0131nda marka tan\u0131n\u0131rl\u0131\u011f\u0131 i\u00e7in logonuzu konteynera ekleyin.<\/li>\n<\/ol>","protected":false},"excerpt":{"rendered":"<p>Toptan cam kozmetik kaplar\u0131 ve losyon, krem, serum i\u00e7in cilt bak\u0131m \u015fi\u015feleri. UV korumal\u0131 \u00f6zel se\u00e7enekler ve birinci s\u0131n\u0131f ambalajlar i\u00e7in toplu fiyatland\u0131rma.<\/p>","protected":false},"featured_media":6447,"comment_status":"closed","ping_status":"closed","template":"","meta":{"_acf_changed":false,"site-sidebar-layout":"default","site-content-layout":"","ast-site-content-layout":"default","site-content-style":"default","site-sidebar-style":"default","ast-global-header-display":"","ast-banner-title-visibility":"","ast-main-header-display":"","ast-hfb-above-header-display":"","ast-hfb-below-header-display":"","ast-hfb-mobile-header-display":"","site-post-title":"","ast-breadcrumbs-content":"","ast-featured-img":"","footer-sml-layout":"","ast-disable-related-posts":"","theme-transparent-header-meta":"default","adv-header-id-meta":"","stick-header-meta":"","header-above-stick-meta":"","header-main-stick-meta":"","header-below-stick-meta":"","astra-migrate-meta-layouts":"set","ast-page-background-enabled":"default","ast-page-background-meta":{"desktop":{"background-color":"var(--ast-global-color-5)","background-image":"","background-repeat":"repeat","background-position":"center center","background-size":"auto","background-attachment":"scroll","background-type":"","background-media":"","overlay-type":"","overlay-color":"","overlay-opacity":"","overlay-gradient":""},"tablet":{"background-color":"","background-image":"","background-repeat":"repeat","background-position":"center center","background-size":"auto","background-attachment":"scroll","background-type":"","background-media":"","overlay-type":"","overlay-color":"","overlay-opacity":"","overlay-gradient":""},"mobile":{"background-color":"","background-image":"","background-repeat":"repeat","background-position":"center center","background-size":"auto","background-attachment":"scroll","background-type":"","background-media":"","overlay-type":"","overlay-color":"","overlay-opacity":"","overlay-gradient":""}},"ast-content-background-meta":{"desktop":{"background-color":"var(--ast-global-color-4)","background-image":"","background-repeat":"repeat","background-position":"center center","background-size":"auto","background-attachment":"scroll","background-type":"","background-media":"","overlay-type":"","overlay-color":"","overlay-opacity":"","overlay-gradient":""},"tablet":{"background-color":"var(--ast-global-color-4)","background-image":"","background-repeat":"repeat","background-position":"center center","background-size":"auto","background-attachment":"scroll","background-type":"","background-media":"","overlay-type":"","overlay-color":"","overlay-opacity":"","overlay-gradient":""},"mobile":{"background-color":"var(--ast-global-color-4)","background-image":"","background-repeat":"repeat","background-position":"center center","background-size":"auto","background-attachment":"scroll","background-type":"","background-media":"","overlay-type":"","overlay-color":"","overlay-opacity":"","overlay-gradient":""}}},"product_brand":[],"product_cat":[72,236,62],"product_tag":[],"class_list":{"0":"post-6446","1":"product","2":"type-product","3":"status-publish","4":"has-post-thumbnail","6":"product_cat-cosmetic-packaging","7":"product_cat-cosmetic-container-set","8":"product_cat-cosmetic-containers","9":"desktop-align-left","10":"tablet-align-left","11":"mobile-align-left","13":"first","14":"instock","15":"shipping-taxable","16":"product-type-simple"},"acf":[],"jetpack_sharing_enabled":true,"_links":{"self":[{"href":"https:\/\/theperfumebottles.com\/tr\/wp-json\/wp\/v2\/product\/6446","targetHints":{"allow":["GET"]}}],"collection":[{"href":"https:\/\/theperfumebottles.com\/tr\/wp-json\/wp\/v2\/product"}],"about":[{"href":"https:\/\/theperfumebottles.com\/tr\/wp-json\/wp\/v2\/types\/product"}],"replies":[{"embeddable":true,"href":"https:\/\/theperfumebottles.com\/tr\/wp-json\/wp\/v2\/comments?post=6446"}],"wp:featuredmedia":[{"embeddable":true,"href":"https:\/\/theperfumebottles.com\/tr\/wp-json\/wp\/v2\/media\/6447"}],"wp:attachment":[{"href":"https:\/\/theperfumebottles.com\/tr\/wp-json\/wp\/v2\/media?parent=6446"}],"wp:term":[{"taxonomy":"product_brand","embeddable":true,"href":"https:\/\/theperfumebottles.com\/tr\/wp-json\/wp\/v2\/product_brand?post=6446"},{"taxonomy":"product_cat","embeddable":true,"href":"https:\/\/theperfumebottles.com\/tr\/wp-json\/wp\/v2\/product_cat?post=6446"},{"taxonomy":"product_tag","embeddable":true,"href":"https:\/\/theperfumebottles.com\/tr\/wp-json\/wp\/v2\/product_tag?post=6446"}],"curies":[{"name":"wp","href":"https:\/\/api.w.org\/{rel}","templated":true}]}}