{"id":6455,"date":"2025-09-18T16:44:11","date_gmt":"2025-09-18T08:44:11","guid":{"rendered":"https:\/\/theperfumebottles.com\/?post_type=product&#038;p=6455"},"modified":"2026-03-26T14:53:28","modified_gmt":"2026-03-26T06:53:28","slug":"glass-skincare-packaging-set-for-brands-bulk","status":"publish","type":"product","link":"https:\/\/theperfumebottles.com\/tr\/urun\/glass-skincare-packaging-set-for-brands-bulk\/","title":{"rendered":"Markalar i\u00e7in 30-125 ml Cam Cilt Bak\u0131m \u00dcr\u00fcnleri Ambalaj Seti (Toptan Sat\u0131\u015f)"},"content":{"rendered":"<p>Hem l\u00fcks\u00fc yans\u0131tan hem de b\u00fct\u00e7enizi zorlamayacak cam cilt bak\u0131m \u00fcr\u00fcnleri ambalajlar\u0131 m\u0131 ar\u0131yorsunuz? Losyon, krem, serum ve u\u00e7ucu ya\u011f ambalajlar\u0131 i\u00e7in m\u00fckemmel olan, \u015f\u0131k kapakl\u0131, siyah gradyanl\u0131 cam \u015fi\u015felerden olu\u015fan \u00f6zel bir koleksiyon tasarlad\u0131k. Bu kaplar, UV korumas\u0131 sayesinde kozmetik form\u00fcllerinizi taze tutar. Toplu sipari\u015flerde, markan\u0131z\u0131n tarz\u0131na uygun \u00f6zel se\u00e7enekler sunuyoruz.<\/p>\n<h2><strong data-spm-anchor-id=\"5176.28103460.0.i18.29ab2e31QyfPr1\">Temel \u00d6zellikler<\/strong><\/h2>\n<table style=\"border-collapse: collapse; width: 80%; margin-left: auto; margin-right: auto;\" border=\"0\" width=\"648\" cellspacing=\"0\" cellpadding=\"0\">\n<tbody>\n<tr style=\"height: 13.50pt;\">\n<td style=\"height: 13.5pt; text-align: center;\" width=\"72\" height=\"18\">Kapasite(ml)<\/td>\n<td style=\"width: 54pt; text-align: center;\" width=\"72\">\u015eekil<\/td>\n<td style=\"width: 54pt; text-align: center;\" width=\"72\">A\u011f\u0131z \u00c7ap\u0131 (mm)<\/td>\n<td style=\"width: 54pt; text-align: center;\" width=\"72\">\u015ei\u015fe \u00c7ap\u0131 (mm)<\/td>\n<td style=\"width: 54pt; text-align: center;\" width=\"72\">\u015ei\u015fe Y\u00fcksekli\u011fi (mm)<\/td>\n<td style=\"width: 54pt; text-align: center;\" width=\"72\">Kapakl\u0131 Toplam Y\u00fckseklik (mm)<\/td>\n<td style=\"width: 54pt; text-align: center;\" width=\"72\">Renk<\/td>\n<td style=\"width: 54pt; text-align: center;\" width=\"72\">\u00d6zel Se\u00e7enekler<\/td>\n<td style=\"width: 54pt; text-align: center;\" width=\"72\">Kullan\u0131m<\/td>\n<\/tr>\n<tr style=\"height: 13.50pt;\">\n<td style=\"height: 13.5pt; text-align: center;\" height=\"18\">125<\/td>\n<td class=\"et2\" style=\"text-align: center;\" rowspan=\"4\">D\u00fcz kenarl\u0131<\/td>\n<td style=\"text-align: center;\">20<\/td>\n<td style=\"text-align: center;\">41&#215;41<\/td>\n<td style=\"text-align: center;\">130<\/td>\n<td style=\"text-align: center;\">180<\/td>\n<td class=\"et2\" style=\"text-align: center;\" rowspan=\"6\">Siyah Gradyan<\/td>\n<td class=\"et2\" style=\"text-align: center;\" rowspan=\"6\">Y\u00fczey i\u015flemi, renk, boyut, \u015fekil, kapak, aksesuarlar<\/td>\n<td class=\"et2\" style=\"text-align: center;\" rowspan=\"6\">Losyonlar, kremler, esanslar, vb.<\/td>\n<\/tr>\n<tr style=\"height: 13.50pt;\">\n<td style=\"height: 13.5pt; text-align: center;\" height=\"18\">105<\/td>\n<td style=\"text-align: center;\">20<\/td>\n<td style=\"text-align: center;\">41&#215;41<\/td>\n<td style=\"text-align: center;\">150<\/td>\n<td style=\"text-align: center;\">160<\/td>\n<\/tr>\n<tr style=\"height: 13.50pt;\">\n<td style=\"height: 13.5pt; text-align: center;\" height=\"18\">50<\/td>\n<td style=\"text-align: center;\">20<\/td>\n<td style=\"text-align: center;\">37&#215;37<\/td>\n<td style=\"text-align: center;\">88<\/td>\n<td style=\"text-align: center;\">120<\/td>\n<\/tr>\n<tr style=\"height: 13.50pt;\">\n<td style=\"height: 13.5pt; text-align: center;\" height=\"18\">30<\/td>\n<td style=\"text-align: center;\">20<\/td>\n<td style=\"text-align: center;\">37&#215;37<\/td>\n<td style=\"text-align: center;\">75<\/td>\n<td style=\"text-align: center;\">105<\/td>\n<\/tr>\n<tr style=\"height: 13.50pt;\">\n<td style=\"height: 13.5pt; text-align: center;\" height=\"18\">40<\/td>\n<td class=\"et2\" style=\"text-align: center;\" rowspan=\"2\">Kare<\/td>\n<td style=\"text-align: center;\">49<\/td>\n<td style=\"text-align: center;\">64&#215;64<\/td>\n<td style=\"text-align: center;\">40<\/td>\n<td style=\"text-align: center;\">52<\/td>\n<\/tr>\n<tr style=\"height: 13.50pt;\">\n<td style=\"height: 13.5pt; text-align: center;\" height=\"18\">30<\/td>\n<td style=\"text-align: center;\">49<\/td>\n<td style=\"text-align: center;\">60&#215;60<\/td>\n<td style=\"text-align: center;\">37<\/td>\n<td style=\"text-align: center;\">50<\/td>\n<\/tr>\n<\/tbody>\n<\/table>\n<h2>Ba\u015far\u0131 Hikayesi<\/h2>\n<p>Siyah cam cilt bak\u0131m \u00fcr\u00fcnleri ambalaj\u0131m\u0131z, l\u00fcks bir Kore g\u00fczellik \u00fcr\u00fcn\u00fc markas\u0131 taraf\u0131ndan se\u00e7ilmi\u015ftir. Kapaklar, m\u00fc\u015fterinin ki\u015fisel ihtiya\u00e7lar\u0131na uygun olarak ergonomik, \u00f6zel kal\u0131planm\u0131\u015f bir \u015fekle sahiptir ve ayr\u0131ca elektrolizle kaplanm\u0131\u015f boyun k\u0131s\u0131mlar\u0131na sahiptir. Ek olarak, bu set \u00e7e\u015fitli boyutlarda pompa ba\u015fl\u0131klar\u0131 ve damlal\u0131klarla birlikte gelir ve b\u00f6ylece cilt bak\u0131m \u00fcr\u00fcnleri s\u00f6z konusu oldu\u011funda \u00e7ok y\u00f6nl\u00fc bir cam kap haline gelir.<\/p>\n<p>Lansman\u0131ndan sonraki sadece iki ay i\u00e7inde sat\u0131\u015flarda &#039;l\u0131k bir art\u0131\u015f g\u00f6r\u00fcld\u00fc ve bu da hem \u00e7evrimi\u00e7i hem de \u00e7evrimd\u0131\u015f\u0131 y\u00f6ntemlerle b\u00fcy\u00fcmesini sa\u011flamak i\u00e7in 65.000 setlik ek bir sipari\u015fe yol a\u00e7t\u0131.<\/p>\n<h2>\u00d6zelle\u015ftirme K\u0131lavuzunuz<\/h2>\n<ol>\n<li><strong>Renk Uyumu:<\/strong> Siyah gradyanlar\u0131, markan\u0131z\u0131n renk paletine uygun \u00f6zel bir renkle de\u011fi\u015ftirin \u2013 toplu al\u0131mlarda ek \u00fccret yok.<\/li>\n<li><strong>\u015eapka Stilleri:<\/strong> Cam \u015fi\u015felerinizde \u00fcst\u00fcn bir g\u00f6r\u00fcn\u00fcm i\u00e7in Alt\u0131n Detayl\u0131 veya Mat Kapak se\u00e7ene\u011fini tercih edin.<\/li>\n<li><strong>Etiket Entegrasyonu:<\/strong> Logonuzu ambalaj\u0131n \u00fczerine ekleyin - kozmetik ambalajlar\u0131 i\u00e7in an\u0131nda marka tan\u0131n\u0131rl\u0131\u011f\u0131 sa\u011flay\u0131n.<\/li>\n<\/ol>","protected":false},"excerpt":{"rendered":"<p>Krem ve serumlar\u0131n\u0131z i\u00e7in \u00f6zel siyah degrade cam cilt bak\u0131m ambalajlar\u0131yla sat\u0131\u015flar\u0131n\u0131z\u0131 art\u0131r\u0131n. Tazeli\u011fi ve \u015f\u0131kl\u0131\u011f\u0131 garanti eden, birinci s\u0131n\u0131f, dayan\u0131kl\u0131 toptan sat\u0131\u015f ambalaj\u0131.<\/p>","protected":false},"featured_media":6456,"comment_status":"closed","ping_status":"closed","template":"","meta":{"_acf_changed":false,"site-sidebar-layout":"default","site-content-layout":"","ast-site-content-layout":"default","site-content-style":"default","site-sidebar-style":"default","ast-global-header-display":"","ast-banner-title-visibility":"","ast-main-header-display":"","ast-hfb-above-header-display":"","ast-hfb-below-header-display":"","ast-hfb-mobile-header-display":"","site-post-title":"","ast-breadcrumbs-content":"","ast-featured-img":"","footer-sml-layout":"","ast-disable-related-posts":"","theme-transparent-header-meta":"default","adv-header-id-meta":"","stick-header-meta":"","header-above-stick-meta":"","header-main-stick-meta":"","header-below-stick-meta":"","astra-migrate-meta-layouts":"set","ast-page-background-enabled":"default","ast-page-background-meta":{"desktop":{"background-color":"var(--ast-global-color-5)","background-image":"","background-repeat":"repeat","background-position":"center center","background-size":"auto","background-attachment":"scroll","background-type":"","background-media":"","overlay-type":"","overlay-color":"","overlay-opacity":"","overlay-gradient":""},"tablet":{"background-color":"","background-image":"","background-repeat":"repeat","background-position":"center center","background-size":"auto","background-attachment":"scroll","background-type":"","background-media":"","overlay-type":"","overlay-color":"","overlay-opacity":"","overlay-gradient":""},"mobile":{"background-color":"","background-image":"","background-repeat":"repeat","background-position":"center center","background-size":"auto","background-attachment":"scroll","background-type":"","background-media":"","overlay-type":"","overlay-color":"","overlay-opacity":"","overlay-gradient":""}},"ast-content-background-meta":{"desktop":{"background-color":"var(--ast-global-color-4)","background-image":"","background-repeat":"repeat","background-position":"center center","background-size":"auto","background-attachment":"scroll","background-type":"","background-media":"","overlay-type":"","overlay-color":"","overlay-opacity":"","overlay-gradient":""},"tablet":{"background-color":"var(--ast-global-color-4)","background-image":"","background-repeat":"repeat","background-position":"center center","background-size":"auto","background-attachment":"scroll","background-type":"","background-media":"","overlay-type":"","overlay-color":"","overlay-opacity":"","overlay-gradient":""},"mobile":{"background-color":"var(--ast-global-color-4)","background-image":"","background-repeat":"repeat","background-position":"center center","background-size":"auto","background-attachment":"scroll","background-type":"","background-media":"","overlay-type":"","overlay-color":"","overlay-opacity":"","overlay-gradient":""}}},"product_brand":[],"product_cat":[236,62,72],"product_tag":[],"class_list":{"0":"post-6455","1":"product","2":"type-product","3":"status-publish","4":"has-post-thumbnail","6":"product_cat-cosmetic-container-set","7":"product_cat-cosmetic-containers","8":"product_cat-cosmetic-packaging","9":"desktop-align-left","10":"tablet-align-left","11":"mobile-align-left","13":"first","14":"instock","15":"shipping-taxable","16":"product-type-simple"},"acf":[],"jetpack_sharing_enabled":true,"_links":{"self":[{"href":"https:\/\/theperfumebottles.com\/tr\/wp-json\/wp\/v2\/product\/6455","targetHints":{"allow":["GET"]}}],"collection":[{"href":"https:\/\/theperfumebottles.com\/tr\/wp-json\/wp\/v2\/product"}],"about":[{"href":"https:\/\/theperfumebottles.com\/tr\/wp-json\/wp\/v2\/types\/product"}],"replies":[{"embeddable":true,"href":"https:\/\/theperfumebottles.com\/tr\/wp-json\/wp\/v2\/comments?post=6455"}],"wp:featuredmedia":[{"embeddable":true,"href":"https:\/\/theperfumebottles.com\/tr\/wp-json\/wp\/v2\/media\/6456"}],"wp:attachment":[{"href":"https:\/\/theperfumebottles.com\/tr\/wp-json\/wp\/v2\/media?parent=6455"}],"wp:term":[{"taxonomy":"product_brand","embeddable":true,"href":"https:\/\/theperfumebottles.com\/tr\/wp-json\/wp\/v2\/product_brand?post=6455"},{"taxonomy":"product_cat","embeddable":true,"href":"https:\/\/theperfumebottles.com\/tr\/wp-json\/wp\/v2\/product_cat?post=6455"},{"taxonomy":"product_tag","embeddable":true,"href":"https:\/\/theperfumebottles.com\/tr\/wp-json\/wp\/v2\/product_tag?post=6455"}],"curies":[{"name":"wp","href":"https:\/\/api.w.org\/{rel}","templated":true}]}}