{"id":6477,"date":"2025-09-18T17:19:24","date_gmt":"2025-09-18T09:19:24","guid":{"rendered":"https:\/\/theperfumebottles.com\/?post_type=product&#038;p=6477"},"modified":"2026-03-26T15:44:04","modified_gmt":"2026-03-26T07:44:04","slug":"black-glass-skincare-bottles-and-jars-sets-wholesale","status":"publish","type":"product","link":"https:\/\/theperfumebottles.com\/tr\/urun\/black-glass-skincare-bottles-and-jars-sets-wholesale\/","title":{"rendered":"15 ml \u2013 125 ml Siyah Cam Cilt Bak\u0131m \u015ei\u015feleri ve Kavanoz Setleri Toptan Sat\u0131\u015f"},"content":{"rendered":"<p>S\u0131k\u0131c\u0131 ambalajlarla yetinmeyi b\u0131rak\u0131n. L\u00fcks\u00fc tavizsiz bir \u015fekilde talep eden cilt bak\u0131m markalar\u0131 i\u00e7in \u00f6zel olarak tasarlanm\u0131\u015f, siyah cam \u015fi\u015fe ve kavanozlardan olu\u015fan hassas bir koleksiyon \u00fcretiyoruz. Cam kaplar, krem, losyon ve esanslar\u0131n\u0131z\u0131 taze tutar; UV hasar\u0131 yok, bozulma yok. Toplu sipari\u015flerde, markan\u0131z\u0131n tarz\u0131na uygun \u00f6zel kapaklar sunuyoruz.<\/p>\n<h2><strong data-spm-anchor-id=\"5176.28103460.0.i9.29ab2e31KYNL5F\">Temel \u00d6zellikler<\/strong><\/h2>\n<table style=\"border-collapse: collapse; width: 80%; margin-left: auto; margin-right: auto;\" border=\"0\" width=\"648\" cellspacing=\"0\" cellpadding=\"0\">\n<tbody>\n<tr style=\"height: 13.50pt;\">\n<td style=\"height: 13.5pt; width: 54pt; text-align: center;\" width=\"72\" height=\"18\">Kapasite(ml)<\/td>\n<td style=\"width: 54pt; text-align: center;\" width=\"72\">\u015eekil<\/td>\n<td style=\"width: 54pt; text-align: center;\" width=\"72\">A\u011f\u0131z \u00c7ap\u0131 (mm)<\/td>\n<td style=\"width: 54pt; text-align: center;\" width=\"72\">\u015ei\u015fe \u00c7ap\u0131 (mm)<\/td>\n<td style=\"width: 54pt; text-align: center;\" width=\"72\">Y\u00fckseklik (mm)<\/td>\n<td style=\"width: 54pt; text-align: center;\" width=\"72\">Kapakl\u0131 Y\u00fckseklik (mm)<\/td>\n<td style=\"width: 54pt; text-align: center;\" width=\"72\">Renk<\/td>\n<td style=\"width: 54pt; text-align: center;\" width=\"72\">\u00d6zel Se\u00e7enek<\/td>\n<td style=\"width: 54pt; text-align: center;\" width=\"72\">\u0130deal \u0130\u00e7in<\/td>\n<\/tr>\n<tr style=\"height: 13.50pt;\">\n<td style=\"height: 13.5pt; text-align: center;\" height=\"18\">125<\/td>\n<td class=\"et2\" style=\"text-align: center;\" rowspan=\"3\">D\u00fcz kenarl\u0131<\/td>\n<td style=\"text-align: center;\">20<\/td>\n<td style=\"text-align: center;\">53<\/td>\n<td style=\"text-align: center;\">142<\/td>\n<td style=\"text-align: center;\">180<\/td>\n<td class=\"et2\" style=\"text-align: center;\" rowspan=\"5\">Siyah<\/td>\n<td class=\"et2\" style=\"text-align: center;\" rowspan=\"5\">Y\u00fczey i\u015flemi, renk, logo, aksesuarlar<\/td>\n<td class=\"et2\" style=\"text-align: center;\" rowspan=\"5\">Cilt bak\u0131m setleri, temizleyici, esansiyel su, esansiyel losyon\/krem<\/td>\n<\/tr>\n<tr style=\"height: 13.50pt;\">\n<td style=\"height: 13.5pt; text-align: center;\" height=\"18\">105<\/td>\n<td style=\"text-align: center;\">20<\/td>\n<td style=\"text-align: center;\">47<\/td>\n<td style=\"text-align: center;\">127<\/td>\n<td style=\"text-align: center;\">165<\/td>\n<\/tr>\n<tr style=\"height: 13.50pt;\">\n<td style=\"height: 13.5pt; text-align: center;\" height=\"18\">45<\/td>\n<td style=\"text-align: center;\">20<\/td>\n<td style=\"text-align: center;\">41<\/td>\n<td style=\"text-align: center;\">86<\/td>\n<td style=\"text-align: center;\">120<\/td>\n<\/tr>\n<tr style=\"height: 13.50pt;\">\n<td style=\"height: 13.5pt; text-align: center;\" height=\"18\">40<\/td>\n<td class=\"et2\" rowspan=\"2\">Yuvarlak<\/td>\n<td style=\"text-align: center;\">52<\/td>\n<td style=\"text-align: center;\">64<\/td>\n<td style=\"text-align: center;\">42<\/td>\n<td style=\"text-align: center;\">70<\/td>\n<\/tr>\n<tr style=\"height: 13.50pt;\">\n<td style=\"height: 13.5pt; text-align: center;\" height=\"18\">15<\/td>\n<td style=\"text-align: center;\">47<\/td>\n<td style=\"text-align: center;\">58<\/td>\n<td style=\"text-align: center;\">32<\/td>\n<td style=\"text-align: center;\">60<\/td>\n<\/tr>\n<\/tbody>\n<\/table>\n<h2>Ba\u015far\u0131 Hikayesi<\/h2>\n<p>Avrupa&#039;n\u0131n \u00f6nde gelen cilt bak\u0131m markalar\u0131ndan biri, \u00fcst d\u00fczey siyah cilt bak\u0131m kavanozu ve \u015fi\u015fe setimizi kullanmaya karar verdi. \u015ei\u015feler, metal vakum kaplamal\u0131 kapakla birlikte \u00e7arp\u0131c\u0131 bir kontrast ve \u00fcst d\u00fczey bir his yaratan y\u00fcksek parlakl\u0131kta UV kaplama ile \u00fcretilmi\u015ftir ve m\u00fc\u015fterinin bireysel ihtiya\u00e7lar\u0131na uygundur. \u015ei\u015fenin \u00fczerine marka logosu serigrafi y\u00f6ntemiyle bas\u0131lm\u0131\u015ft\u0131r ve g\u00fcm\u00fc\u015f rengi de tasar\u0131m\u0131 yans\u0131tarak genel etkiye katk\u0131da bulunur.<\/p>\n<p>Yeni kozmetik \u015fi\u015fe ve kavanoz setinin piyasaya s\u00fcr\u00fclmesinden bu yana, sat\u0131\u015flar sadece iki ay i\u00e7inde artt\u0131 ve distrib\u00fct\u00f6rlerin artan taleplerini kar\u015f\u0131lamak i\u00e7in 55.000 set daha sipari\u015f edildi.<\/p>\n<h2>Uyarlama se\u00e7ene\u011finiz<\/h2>\n<ol>\n<li><strong>Kapak Kaplama Alternatifleri:<\/strong> Farkl\u0131 marka stillerine uygun olarak parlak, mat, f\u0131r\u00e7alanm\u0131\u015f metal veya ayna g\u00f6r\u00fcn\u00fcml\u00fc elektroliz kaplama se\u00e7enekleri sunuyoruz.<\/li>\n<li><strong>Dekorasyon Teknikleri:<\/strong> Serigrafi bask\u0131, s\u0131cak damgalama, degrade p\u00fcsk\u00fcrtme veya etiketleme, markala\u015fma etkileri yaratmak i\u00e7in birden fazla katman halinde birle\u015ftirilebilir.<\/li>\n<li><strong>\u0130kincil Ambalaj Tasar\u0131m\u0131:<\/strong> \u00dcr\u00fcne perakende sat\u0131\u015f sunumu eklemek i\u00e7in \u00f6zel tasar\u0131m karton kutular, manyetik kutular veya \u00e7ekmeceli ambalajlar tasarlay\u0131n.<\/li>\n<\/ol>","protected":false},"excerpt":{"rendered":"<p>Kozmetik \u015fi\u015fe setiniz i\u00e7in birinci s\u0131n\u0131f cilt bak\u0131m \u015fi\u015feleri ve kavanozlar\u0131. \u00d6zel tasar\u0131m siyah cam kaplar. Toptan sat\u0131\u015f. I\u015f\u0131k ge\u00e7irmez, s\u0131zd\u0131rmaz ambalaj.<\/p>","protected":false},"featured_media":6478,"comment_status":"closed","ping_status":"closed","template":"","meta":{"_acf_changed":false,"site-sidebar-layout":"default","site-content-layout":"","ast-site-content-layout":"default","site-content-style":"default","site-sidebar-style":"default","ast-global-header-display":"","ast-banner-title-visibility":"","ast-main-header-display":"","ast-hfb-above-header-display":"","ast-hfb-below-header-display":"","ast-hfb-mobile-header-display":"","site-post-title":"","ast-breadcrumbs-content":"","ast-featured-img":"","footer-sml-layout":"","ast-disable-related-posts":"","theme-transparent-header-meta":"default","adv-header-id-meta":"","stick-header-meta":"","header-above-stick-meta":"","header-main-stick-meta":"","header-below-stick-meta":"","astra-migrate-meta-layouts":"set","ast-page-background-enabled":"default","ast-page-background-meta":{"desktop":{"background-color":"var(--ast-global-color-5)","background-image":"","background-repeat":"repeat","background-position":"center center","background-size":"auto","background-attachment":"scroll","background-type":"","background-media":"","overlay-type":"","overlay-color":"","overlay-opacity":"","overlay-gradient":""},"tablet":{"background-color":"","background-image":"","background-repeat":"repeat","background-position":"center center","background-size":"auto","background-attachment":"scroll","background-type":"","background-media":"","overlay-type":"","overlay-color":"","overlay-opacity":"","overlay-gradient":""},"mobile":{"background-color":"","background-image":"","background-repeat":"repeat","background-position":"center center","background-size":"auto","background-attachment":"scroll","background-type":"","background-media":"","overlay-type":"","overlay-color":"","overlay-opacity":"","overlay-gradient":""}},"ast-content-background-meta":{"desktop":{"background-color":"var(--ast-global-color-4)","background-image":"","background-repeat":"repeat","background-position":"center center","background-size":"auto","background-attachment":"scroll","background-type":"","background-media":"","overlay-type":"","overlay-color":"","overlay-opacity":"","overlay-gradient":""},"tablet":{"background-color":"var(--ast-global-color-4)","background-image":"","background-repeat":"repeat","background-position":"center center","background-size":"auto","background-attachment":"scroll","background-type":"","background-media":"","overlay-type":"","overlay-color":"","overlay-opacity":"","overlay-gradient":""},"mobile":{"background-color":"var(--ast-global-color-4)","background-image":"","background-repeat":"repeat","background-position":"center center","background-size":"auto","background-attachment":"scroll","background-type":"","background-media":"","overlay-type":"","overlay-color":"","overlay-opacity":"","overlay-gradient":""}}},"product_brand":[],"product_cat":[236,62,72],"product_tag":[],"class_list":{"0":"post-6477","1":"product","2":"type-product","3":"status-publish","4":"has-post-thumbnail","6":"product_cat-cosmetic-container-set","7":"product_cat-cosmetic-containers","8":"product_cat-cosmetic-packaging","9":"desktop-align-left","10":"tablet-align-left","11":"mobile-align-left","13":"first","14":"instock","15":"shipping-taxable","16":"product-type-simple"},"acf":[],"jetpack_sharing_enabled":true,"_links":{"self":[{"href":"https:\/\/theperfumebottles.com\/tr\/wp-json\/wp\/v2\/product\/6477","targetHints":{"allow":["GET"]}}],"collection":[{"href":"https:\/\/theperfumebottles.com\/tr\/wp-json\/wp\/v2\/product"}],"about":[{"href":"https:\/\/theperfumebottles.com\/tr\/wp-json\/wp\/v2\/types\/product"}],"replies":[{"embeddable":true,"href":"https:\/\/theperfumebottles.com\/tr\/wp-json\/wp\/v2\/comments?post=6477"}],"wp:featuredmedia":[{"embeddable":true,"href":"https:\/\/theperfumebottles.com\/tr\/wp-json\/wp\/v2\/media\/6478"}],"wp:attachment":[{"href":"https:\/\/theperfumebottles.com\/tr\/wp-json\/wp\/v2\/media?parent=6477"}],"wp:term":[{"taxonomy":"product_brand","embeddable":true,"href":"https:\/\/theperfumebottles.com\/tr\/wp-json\/wp\/v2\/product_brand?post=6477"},{"taxonomy":"product_cat","embeddable":true,"href":"https:\/\/theperfumebottles.com\/tr\/wp-json\/wp\/v2\/product_cat?post=6477"},{"taxonomy":"product_tag","embeddable":true,"href":"https:\/\/theperfumebottles.com\/tr\/wp-json\/wp\/v2\/product_tag?post=6477"}],"curies":[{"name":"wp","href":"https:\/\/api.w.org\/{rel}","templated":true}]}}