{"id":6517,"date":"2025-09-22T12:52:43","date_gmt":"2025-09-22T04:52:43","guid":{"rendered":"https:\/\/theperfumebottles.com\/?post_type=product&#038;p=6517"},"modified":"2025-09-22T13:28:19","modified_gmt":"2025-09-22T05:28:19","slug":"wholesale-5ml-9ml-refill-perfume-bottles","status":"publish","type":"product","link":"https:\/\/theperfumebottles.com\/tr\/urun\/wholesale-5ml-9ml-refill-perfume-bottles\/","title":{"rendered":"Toptan 5ml 9ml Yeniden Dolum Parf\u00fcm \u015ei\u015feleri"},"content":{"rendered":"<h2>Premium Doldurulabilir Parf\u00fcm Atomizerimizi Ke\u015ffedin<\/h2>\n<p>Yenilik\u00e7i yedek parf\u00fcm \u015fi\u015femiz, modern seyahat ihtiya\u00e7lar\u0131n\u0131 kar\u015f\u0131lamak \u00fczere tasarlanm\u0131\u015ft\u0131r ve rahatl\u0131k, \u015f\u0131kl\u0131k ve \u00fcst\u00fcn performans sunar. Hareket halindekiler i\u00e7in m\u00fckemmel olan bu mini ve ta\u015f\u0131nabilir atomizer, \u00fcr\u00fcn yelpazeniz i\u00e7in ideal bir se\u00e7imdir.<\/p>\n<h2>Temel \u00d6zellikler:<\/h2>\n<table style=\"border-collapse: collapse; width: 486.77pt; margin-left: auto; margin-right: auto;\" border=\"0\" width=\"649\" cellspacing=\"0\" cellpadding=\"0\">\n<tbody>\n<tr style=\"height: 13.50pt;\">\n<td style=\"height: 13.50pt; width: 94.50pt;\" width=\"126\" height=\"18\">\u00d6zellik<\/td>\n<td style=\"width: 392.25pt;\" width=\"523\">Detay<\/td>\n<\/tr>\n<tr style=\"height: 13.50pt;\">\n<td style=\"height: 13.50pt;\" height=\"18\">Malzeme<\/td>\n<td>PCTG + Saf Bak\u0131r S\u0131z\u0131nt\u0131 \u00d6nleyici Taban, Elektroliz Kaplamal\u0131 Al\u00fcminyum Kabuk<\/td>\n<\/tr>\n<tr style=\"height: 13.50pt;\">\n<td style=\"height: 13.50pt;\" height=\"18\">Kapasite<\/td>\n<td>5 ml (1,8*8,7 cm), 9 ml (2,2*10 cm)<\/td>\n<\/tr>\n<tr style=\"height: 13.50pt;\">\n<td style=\"height: 13.50pt;\" height=\"18\">\u015eekil<\/td>\n<td>Silindirik<\/td>\n<\/tr>\n<tr style=\"height: 13.50pt;\">\n<td style=\"height: 13.50pt;\" height=\"18\">Doldurma Y\u00f6ntemi<\/td>\n<td>Alt dolgu<\/td>\n<\/tr>\n<tr style=\"height: 13.50pt;\">\n<td style=\"height: 13.50pt;\" height=\"18\">\u0130\u00e7 \u015ei\u015fe<\/td>\n<td>\u015eeffaf, y\u00fcksek \u015feffafl\u0131k, iyi s\u0131zd\u0131rmazl\u0131k, u\u00e7ucu olmayan<\/td>\n<\/tr>\n<tr style=\"height: 13.50pt;\">\n<td style=\"height: 13.50pt;\" height=\"18\">Kullan\u0131m<\/td>\n<td>Parf\u00fcm, alkol, tuvalet suyu da\u011f\u0131t\u0131m\u0131<\/td>\n<\/tr>\n<\/tbody>\n<\/table>\n<h2>Ba\u015far\u0131 Hikayesi:<\/h2>\n<p>Butik bir parf\u00fcm markas\u0131, yak\u0131n zamanda 5 ml&#039;lik parf\u00fcm \u015fi\u015femizi seyahat koleksiyonuna entegre etti. Seyahat temal\u0131 arama setlerinin sat\u0131\u015f\u0131nda ilk \u00e7eyrekte &#039;l\u0131k bir art\u0131\u015f oldu\u011funu bildirdi; bu da \u015fi\u015fenin kullan\u0131m kolayl\u0131\u011f\u0131 ve birinci s\u0131n\u0131f bir his sa\u011flad\u0131. M\u00fc\u015fteriler, en sevdikleri parf\u00fcm\u00fcn ta\u015f\u0131nabilir ve esnek aromal\u0131 bir \u015fi\u015fede olmas\u0131ndan \u00e7ok memnun kald\u0131lar.<\/p>\n<h2>Uyum ve toptan sat\u0131\u015f f\u0131rsat\u0131:<\/h2>\n<p>\u00d6nde gelen bir \u00fcretici ve toptan tedarik\u00e7i olarak, benzersiz markala\u015fma ihtiyac\u0131n\u0131z\u0131 anl\u0131yoruz. Parf\u00fcm dolum \u015fi\u015feleriniz i\u00e7in farkl\u0131 renk se\u00e7enekleri, y\u00fczey kalitesi ve \u00f6zel kapasite gibi geni\u015f \u00f6zel se\u00e7enekler sunuyoruz. \u0130ster k\u00fc\u00e7\u00fck bir sipari\u015fe ister toptan sat\u0131\u015fa ihtiyac\u0131n\u0131z olsun, markan\u0131z\u0131n vizyonunu desteklemek i\u00e7in buraday\u0131z. Cam parf\u00fcm \u015fi\u015fesi ve yenilik\u00e7i atmosfer se\u00e7enekleri i\u00e7in g\u00fcvenilir tedarik\u00e7iniz olarak bizi tercih edin.<\/p>\n<h2>\u00dccretsiz numunenizi bug\u00fcn al\u0131n!<\/h2>\n<p>Kaliteyi ilk defa m\u0131 g\u00f6rmek istiyorsunuz? Nitelikli toptan al\u0131mlarda \u00fccretsiz numuneler mevcuttur. <a href=\"https:\/\/theperfumebottles.com\/tr\/contact\/\">Bize Ula\u015f\u0131n<\/a> Uyarlama gereksinimlerinizi, nakliye ve da\u011f\u0131t\u0131m se\u00e7eneklerinizi g\u00f6r\u00fc\u015fmek i\u00e7in bug\u00fcn bize ula\u015f\u0131n. Markan\u0131z\u0131, birinci s\u0131n\u0131f sprey \u015fi\u015fesi \u00e7\u00f6z\u00fcmlerimizle \u00f6ne \u00e7\u0131kar\u0131n.<\/p>","protected":false},"excerpt":{"rendered":"<p>Y\u00fcksek kalitemizi ke\u015ffedin <strong>parf\u00fcm \u015fi\u015fesini yeniden doldur<\/strong>Seyahat i\u00e7in m\u00fckemmel ve \u00f6zel se\u00e7eneklerle toptan ta\u015f\u0131nabilir atomizer arayan markalar i\u00e7in idealdir.<\/p>","protected":false},"featured_media":6520,"comment_status":"closed","ping_status":"closed","template":"","meta":{"_acf_changed":false,"site-sidebar-layout":"default","site-content-layout":"","ast-site-content-layout":"default","site-content-style":"default","site-sidebar-style":"default","ast-global-header-display":"","ast-banner-title-visibility":"","ast-main-header-display":"","ast-hfb-above-header-display":"","ast-hfb-below-header-display":"","ast-hfb-mobile-header-display":"","site-post-title":"","ast-breadcrumbs-content":"","ast-featured-img":"","footer-sml-layout":"","ast-disable-related-posts":"","theme-transparent-header-meta":"default","adv-header-id-meta":"","stick-header-meta":"","header-above-stick-meta":"","header-main-stick-meta":"","header-below-stick-meta":"","astra-migrate-meta-layouts":"set","ast-page-background-enabled":"default","ast-page-background-meta":{"desktop":{"background-color":"var(--ast-global-color-5)","background-image":"","background-repeat":"repeat","background-position":"center center","background-size":"auto","background-attachment":"scroll","background-type":"","background-media":"","overlay-type":"","overlay-color":"","overlay-opacity":"","overlay-gradient":""},"tablet":{"background-color":"","background-image":"","background-repeat":"repeat","background-position":"center center","background-size":"auto","background-attachment":"scroll","background-type":"","background-media":"","overlay-type":"","overlay-color":"","overlay-opacity":"","overlay-gradient":""},"mobile":{"background-color":"","background-image":"","background-repeat":"repeat","background-position":"center center","background-size":"auto","background-attachment":"scroll","background-type":"","background-media":"","overlay-type":"","overlay-color":"","overlay-opacity":"","overlay-gradient":""}},"ast-content-background-meta":{"desktop":{"background-color":"var(--ast-global-color-4)","background-image":"","background-repeat":"repeat","background-position":"center center","background-size":"auto","background-attachment":"scroll","background-type":"","background-media":"","overlay-type":"","overlay-color":"","overlay-opacity":"","overlay-gradient":""},"tablet":{"background-color":"var(--ast-global-color-4)","background-image":"","background-repeat":"repeat","background-position":"center center","background-size":"auto","background-attachment":"scroll","background-type":"","background-media":"","overlay-type":"","overlay-color":"","overlay-opacity":"","overlay-gradient":""},"mobile":{"background-color":"var(--ast-global-color-4)","background-image":"","background-repeat":"repeat","background-position":"center center","background-size":"auto","background-attachment":"scroll","background-type":"","background-media":"","overlay-type":"","overlay-color":"","overlay-opacity":"","overlay-gradient":""}}},"product_brand":[],"product_cat":[72,90,41],"product_tag":[],"class_list":{"0":"post-6517","1":"product","2":"type-product","3":"status-publish","4":"has-post-thumbnail","6":"product_cat-cosmetic-packaging","7":"product_cat-refillable-perfume-bottles","8":"product_cat-perfume-bottles","9":"desktop-align-left","10":"tablet-align-left","11":"mobile-align-left","13":"first","14":"instock","15":"shipping-taxable","16":"product-type-simple"},"acf":[],"jetpack_sharing_enabled":true,"_links":{"self":[{"href":"https:\/\/theperfumebottles.com\/tr\/wp-json\/wp\/v2\/product\/6517","targetHints":{"allow":["GET"]}}],"collection":[{"href":"https:\/\/theperfumebottles.com\/tr\/wp-json\/wp\/v2\/product"}],"about":[{"href":"https:\/\/theperfumebottles.com\/tr\/wp-json\/wp\/v2\/types\/product"}],"replies":[{"embeddable":true,"href":"https:\/\/theperfumebottles.com\/tr\/wp-json\/wp\/v2\/comments?post=6517"}],"wp:featuredmedia":[{"embeddable":true,"href":"https:\/\/theperfumebottles.com\/tr\/wp-json\/wp\/v2\/media\/6520"}],"wp:attachment":[{"href":"https:\/\/theperfumebottles.com\/tr\/wp-json\/wp\/v2\/media?parent=6517"}],"wp:term":[{"taxonomy":"product_brand","embeddable":true,"href":"https:\/\/theperfumebottles.com\/tr\/wp-json\/wp\/v2\/product_brand?post=6517"},{"taxonomy":"product_cat","embeddable":true,"href":"https:\/\/theperfumebottles.com\/tr\/wp-json\/wp\/v2\/product_cat?post=6517"},{"taxonomy":"product_tag","embeddable":true,"href":"https:\/\/theperfumebottles.com\/tr\/wp-json\/wp\/v2\/product_tag?post=6517"}],"curies":[{"name":"wp","href":"https:\/\/api.w.org\/{rel}","templated":true}]}}