{"id":6531,"date":"2025-09-22T17:19:57","date_gmt":"2025-09-22T09:19:57","guid":{"rendered":"https:\/\/theperfumebottles.com\/?post_type=product&#038;p=6531"},"modified":"2025-09-22T17:29:48","modified_gmt":"2025-09-22T09:29:48","slug":"glass-skincare-bottles-packaging-set","status":"publish","type":"product","link":"https:\/\/theperfumebottles.com\/tr\/urun\/glass-skincare-bottles-packaging-set\/","title":{"rendered":"Cam Cilt Bak\u0131m \u015ei\u015feleri ve Kavanozlar\u0131 \u2013 Zarif Ye\u015fil Degrade Cilt Bak\u0131m Ambalaj Seti"},"content":{"rendered":"<p>Birinci s\u0131n\u0131f cilt bak\u0131m \u00fcr\u00fcnlerinizi gizleyen s\u0131k\u0131c\u0131 ambalajlardan b\u0131kt\u0131n\u0131z m\u0131? Kreminizi, losyonunuzu ve u\u00e7ucu ya\u011f\u0131n\u0131z\u0131 s\u0131v\u0131 sanat gibi sergileyen bo\u015f cilt bak\u0131m \u015fi\u015feleri \u00fcretiyoruz. Ye\u015fil degrade kaplamal\u0131 cam cilt bak\u0131m \u015fi\u015feleri UV \u0131\u015f\u0131nlar\u0131n\u0131 engeller; bozulma olmaz, taviz verilmez. Toplu sipari\u015flerde markan\u0131z\u0131n ruhuna uygun \u00f6zel kapaklar sunulur.<\/p>\n<h2>Temel \u00d6zellikler<\/h2>\n<table style=\"border-collapse: collapse;width: 85%;margin-left: auto;margin-right: auto\" border=\"0\" width=\"648\" cellspacing=\"0\" cellpadding=\"0\">\n<tbody>\n<tr style=\"height: 13.50pt\">\n<td style=\"height: 13.50pt;width: 54.00pt\" width=\"72\" height=\"18\">Kapasite(ml)<\/td>\n<td style=\"width: 54.00pt\" width=\"72\">\u015eekil<\/td>\n<td style=\"width: 54.00pt\" width=\"72\">A\u011f\u0131z \u00c7ap\u0131 (mm)<\/td>\n<td style=\"width: 54.00pt\" width=\"72\">\u015ei\u015fe \u00c7ap\u0131 (mm)<\/td>\n<td style=\"width: 54.00pt\" width=\"72\">Kapakl\u0131 Toplam Y\u00fckseklik (mm)<\/td>\n<td style=\"width: 54.00pt\" width=\"72\">Kapakl\u0131 Toplam Y\u00fckseklik (mm)<\/td>\n<td style=\"width: 54.00pt\" width=\"72\">Renk<\/td>\n<td style=\"width: 54.00pt\" width=\"72\">\u00d6zel Se\u00e7enekler<\/td>\n<td style=\"width: 54.00pt\" width=\"72\">Kullan\u0131m<\/td>\n<\/tr>\n<tr style=\"height: 13.50pt\">\n<td style=\"height: 13.50pt\" height=\"18\">125<\/td>\n<td class=\"et2\" rowspan=\"5\">Kule<\/td>\n<td>20<\/td>\n<td>49&#215;49<\/td>\n<td>146<\/td>\n<td>180<\/td>\n<td class=\"et2\" rowspan=\"5\">Ye\u015fil Degrade<\/td>\n<td class=\"et2\" rowspan=\"5\">Y\u00fczey i\u015fleme, renk<\/td>\n<td class=\"et2\" rowspan=\"5\">Losyonlar, kremler, esanslar, vb.<\/td>\n<\/tr>\n<tr style=\"height: 13.50pt\">\n<td style=\"height: 13.50pt\" height=\"18\">105<\/td>\n<td>20<\/td>\n<td>49&#215;49<\/td>\n<td>130<\/td>\n<td>165<\/td>\n<\/tr>\n<tr style=\"height: 13.50pt\">\n<td style=\"height: 13.50pt\" height=\"18\">45<\/td>\n<td>20<\/td>\n<td>45&#215;45<\/td>\n<td>81<\/td>\n<td>115<\/td>\n<\/tr>\n<tr style=\"height: 13.50pt\">\n<td style=\"height: 13.50pt\" height=\"18\">90<\/td>\n<td>50<\/td>\n<td>69&#215;69<\/td>\n<td>70<\/td>\n<td>85<\/td>\n<\/tr>\n<tr style=\"height: 13.50pt\">\n<td style=\"height: 13.50pt\" height=\"18\">55<\/td>\n<td>50<\/td>\n<td>65&#215;65<\/td>\n<td>52<\/td>\n<td>65<\/td>\n<\/tr>\n<\/tbody>\n<\/table>\n<h2>Ba\u015far\u0131 Hikayesi: Orta \u00f6l\u00e7ekli bir i\u015fletme nas\u0131l geli\u015fme sa\u011flad\u0131?<\/h2>\n<p>Orta \u00f6l\u00e7ekli bir i\u015fletme, cam cilt bak\u0131m \u015fi\u015felerimizi kullanarak bir &#034;ye\u015fil rit\u00fcel&#034; seti olu\u015fturdu: krem \u200b\u200bi\u00e7in 15 ml kare \u015fi\u015fe ve losyon i\u00e7in 55 ml d\u00fcz \u015fi\u015fe. Sonu\u00e7? Instagram&#039;da ye\u015fil degradeli \u015fi\u015feleri g\u00f6ren m\u00fc\u015fterilerin &#039;si t\u00fcm seriyi sat\u0131n ald\u0131. B\u00f6lge? &#034;Do\u011fan\u0131n bir hediyesi gibiydi,&#034; diye d\u00fc\u015f\u00fcnd\u00fc.<\/p>\n<h2>\u00d6zelle\u015ftirme K\u0131lavuzunuz<\/h2>\n<ol>\n<li><strong>Renkli ma\u00e7:<\/strong>Markan\u0131z\u0131n kul\u00fcbesi i\u00e7in ye\u015fil tonlamalar\u0131 kullan\u0131n. \u00d6rnek: &#034;Forest Mist&#034; serisiyle Deep Chaiti.<\/li>\n<li><strong>Pompa entegrasyonu:<\/strong>Pompal\u0131 da\u011f\u0131t\u0131c\u0131y\u0131 do\u011frudan \u015fi\u015felere ekleyin - kesinlikle losyon i\u00e7in. Perakende sat\u0131c\u0131lar bunu h\u0131zl\u0131 bir \u015fekilde satar.<\/li>\n<\/ol>","protected":false},"excerpt":{"rendered":"<p>Birinci s\u0131n\u0131f ye\u015fil degrade cam cilt bak\u0131m \u015fi\u015feleri ve kavanozlar\u0131. Pompal\u0131 da\u011f\u0131t\u0131c\u0131larla \u00f6zel UV korumal\u0131, s\u0131zd\u0131rmaz ambalaj. L\u00fcks kozmetik markalar\u0131 i\u00e7in toplu sat\u0131\u015f.<\/p>","protected":false},"featured_media":6532,"comment_status":"closed","ping_status":"closed","template":"","meta":{"_acf_changed":false,"site-sidebar-layout":"default","site-content-layout":"","ast-site-content-layout":"default","site-content-style":"default","site-sidebar-style":"default","ast-global-header-display":"","ast-banner-title-visibility":"","ast-main-header-display":"","ast-hfb-above-header-display":"","ast-hfb-below-header-display":"","ast-hfb-mobile-header-display":"","site-post-title":"","ast-breadcrumbs-content":"","ast-featured-img":"","footer-sml-layout":"","ast-disable-related-posts":"","theme-transparent-header-meta":"default","adv-header-id-meta":"","stick-header-meta":"","header-above-stick-meta":"","header-main-stick-meta":"","header-below-stick-meta":"","astra-migrate-meta-layouts":"set","ast-page-background-enabled":"default","ast-page-background-meta":{"desktop":{"background-color":"var(--ast-global-color-5)","background-image":"","background-repeat":"repeat","background-position":"center center","background-size":"auto","background-attachment":"scroll","background-type":"","background-media":"","overlay-type":"","overlay-color":"","overlay-opacity":"","overlay-gradient":""},"tablet":{"background-color":"","background-image":"","background-repeat":"repeat","background-position":"center center","background-size":"auto","background-attachment":"scroll","background-type":"","background-media":"","overlay-type":"","overlay-color":"","overlay-opacity":"","overlay-gradient":""},"mobile":{"background-color":"","background-image":"","background-repeat":"repeat","background-position":"center center","background-size":"auto","background-attachment":"scroll","background-type":"","background-media":"","overlay-type":"","overlay-color":"","overlay-opacity":"","overlay-gradient":""}},"ast-content-background-meta":{"desktop":{"background-color":"var(--ast-global-color-4)","background-image":"","background-repeat":"repeat","background-position":"center center","background-size":"auto","background-attachment":"scroll","background-type":"","background-media":"","overlay-type":"","overlay-color":"","overlay-opacity":"","overlay-gradient":""},"tablet":{"background-color":"var(--ast-global-color-4)","background-image":"","background-repeat":"repeat","background-position":"center center","background-size":"auto","background-attachment":"scroll","background-type":"","background-media":"","overlay-type":"","overlay-color":"","overlay-opacity":"","overlay-gradient":""},"mobile":{"background-color":"var(--ast-global-color-4)","background-image":"","background-repeat":"repeat","background-position":"center center","background-size":"auto","background-attachment":"scroll","background-type":"","background-media":"","overlay-type":"","overlay-color":"","overlay-opacity":"","overlay-gradient":""}}},"product_brand":[],"product_cat":[236,72,37,62],"product_tag":[],"class_list":{"0":"post-6531","1":"product","2":"type-product","3":"status-publish","4":"has-post-thumbnail","6":"product_cat-cosmetic-container-set","7":"product_cat-cosmetic-packaging","8":"product_cat-uncategorized","9":"product_cat-cosmetic-containers","10":"desktop-align-left","11":"tablet-align-left","12":"mobile-align-left","14":"first","15":"instock","16":"shipping-taxable","17":"product-type-simple"},"acf":[],"jetpack_sharing_enabled":true,"_links":{"self":[{"href":"https:\/\/theperfumebottles.com\/tr\/wp-json\/wp\/v2\/product\/6531","targetHints":{"allow":["GET"]}}],"collection":[{"href":"https:\/\/theperfumebottles.com\/tr\/wp-json\/wp\/v2\/product"}],"about":[{"href":"https:\/\/theperfumebottles.com\/tr\/wp-json\/wp\/v2\/types\/product"}],"replies":[{"embeddable":true,"href":"https:\/\/theperfumebottles.com\/tr\/wp-json\/wp\/v2\/comments?post=6531"}],"wp:featuredmedia":[{"embeddable":true,"href":"https:\/\/theperfumebottles.com\/tr\/wp-json\/wp\/v2\/media\/6532"}],"wp:attachment":[{"href":"https:\/\/theperfumebottles.com\/tr\/wp-json\/wp\/v2\/media?parent=6531"}],"wp:term":[{"taxonomy":"product_brand","embeddable":true,"href":"https:\/\/theperfumebottles.com\/tr\/wp-json\/wp\/v2\/product_brand?post=6531"},{"taxonomy":"product_cat","embeddable":true,"href":"https:\/\/theperfumebottles.com\/tr\/wp-json\/wp\/v2\/product_cat?post=6531"},{"taxonomy":"product_tag","embeddable":true,"href":"https:\/\/theperfumebottles.com\/tr\/wp-json\/wp\/v2\/product_tag?post=6531"}],"curies":[{"name":"wp","href":"https:\/\/api.w.org\/{rel}","templated":true}]}}